{"id":195,"date":"2017-11-23T21:44:47","date_gmt":"2017-11-23T20:44:47","guid":{"rendered":"https:\/\/www.pedagogie.ac-nice.fr\/mi-ami\/?page_id=195"},"modified":"2018-02-13T13:55:49","modified_gmt":"2018-02-13T12:55:49","slug":"devenez-membre-vip","status":"publish","type":"page","link":"https:\/\/www.pedagogie.ac-nice.fr\/mi-ami\/devenez-membre-vip\/","title":{"rendered":"Devenez membre VIP"},"content":{"rendered":"<p>Vous souhaitez avoir des informations suppl\u00e9mentaires ?<\/p>\n<p>Ou tout simplement adh\u00e9rer au dispositif VIP ?<\/p>\n<p>Prenez une minute pour remplir ce questionnaire. Nous vous recontacterons tr\u00e8s rapidement.<\/p>\n<p>[contact-form-7 id=\u00a0\u00bb185&Prime; title=\u00a0\u00bbFormulaire1&Prime;]<\/p>\n<p>Merci et \u00e0 tr\u00e8s bient\u00f4t.<\/p>\n","protected":false},"excerpt":{"rendered":"<p class=\"excerpt\">Vous souhaitez avoir des informations suppl\u00e9mentaires ? Ou tout simplement adh\u00e9rer au dispositif VIP ? Prenez une minute pour remplir ce questionnaire. Nous vous recontacterons tr\u00e8s rapidement. [contact-form-7 id=\u00a0\u00bb185&Prime; title=\u00a0\u00bbFormulaire1&Prime;] Merci et \u00e0 tr\u00e8s bient\u00f4t. <a href=\"https:\/\/www.pedagogie.ac-nice.fr\/mi-ami\/devenez-membre-vip\/\">Read more &rarr;<\/a><\/p>\n","protected":false},"author":107,"featured_media":0,"parent":0,"menu_order":0,"comment_status":"closed","ping_status":"closed","template":"","meta":{"ngg_post_thumbnail":0,"footnotes":""},"class_list":["post-195","page","type-page","status-publish","hentry","xfolkentry"],"rttpg_featured_image_url":null,"rttpg_author":{"display_name":"mi-ami","author_link":"https:\/\/www.pedagogie.ac-nice.fr\/mi-ami\/author\/mi-ami\/"},"rttpg_comment":0,"rttpg_category":null,"rttpg_excerpt":"Vous souhaitez avoir des informations suppl\u00e9mentaires ? Ou tout simplement adh\u00e9rer au dispositif VIP ? Prenez une minute pour remplir ce questionnaire. Nous vous recontacterons tr\u00e8s rapidement. [contact-form-7 id=\u00a0\u00bb185&Prime; title=\u00a0\u00bbFormulaire1&Prime;] Merci et \u00e0 tr\u00e8s bient\u00f4t. Read more &rarr;","post_mailing_queue_ids":[],"_links":{"self":[{"href":"https:\/\/www.pedagogie.ac-nice.fr\/mi-ami\/wp-json\/wp\/v2\/pages\/195","targetHints":{"allow":["GET"]}}],"collection":[{"href":"https:\/\/www.pedagogie.ac-nice.fr\/mi-ami\/wp-json\/wp\/v2\/pages"}],"about":[{"href":"https:\/\/www.pedagogie.ac-nice.fr\/mi-ami\/wp-json\/wp\/v2\/types\/page"}],"author":[{"embeddable":true,"href":"https:\/\/www.pedagogie.ac-nice.fr\/mi-ami\/wp-json\/wp\/v2\/users\/107"}],"replies":[{"embeddable":true,"href":"https:\/\/www.pedagogie.ac-nice.fr\/mi-ami\/wp-json\/wp\/v2\/comments?post=195"}],"version-history":[{"count":7,"href":"https:\/\/www.pedagogie.ac-nice.fr\/mi-ami\/wp-json\/wp\/v2\/pages\/195\/revisions"}],"predecessor-version":[{"id":411,"href":"https:\/\/www.pedagogie.ac-nice.fr\/mi-ami\/wp-json\/wp\/v2\/pages\/195\/revisions\/411"}],"wp:attachment":[{"href":"https:\/\/www.pedagogie.ac-nice.fr\/mi-ami\/wp-json\/wp\/v2\/media?parent=195"}],"curies":[{"name":"wp","href":"https:\/\/api.w.org\/{rel}","templated":true}]}}