{"id":375,"date":"2018-02-06T14:41:17","date_gmt":"2018-02-06T13:41:17","guid":{"rendered":"https:\/\/www.pedagogie.ac-nice.fr\/mi-ami\/?page_id=375"},"modified":"2018-02-19T15:43:33","modified_gmt":"2018-02-19T14:43:33","slug":"charte-dengagement-au-dispositif-vip","status":"publish","type":"page","link":"https:\/\/www.pedagogie.ac-nice.fr\/mi-ami\/charte-dengagement-au-dispositif-vip\/","title":{"rendered":"Charte d&rsquo;engagement au dispositif VIP"},"content":{"rendered":"<p>Adh\u00e9rer au dispositif VIP implique de :<\/p>\n<ul>\n<li>signer la charte (de l&rsquo;entreprise, du lyc\u00e9e professionnel, du futur jeune professionnel)<\/li>\n<li>mettre en place place une \u00e9valuation pour la d\u00e9livrance du label VIP<\/li>\n<li>contribuer \u00e0 la rem\u00e9diation en cas d&rsquo;insuffisances constat\u00e9es (voir d\u00e9tails dans le tableau des exigences professionnelles)<\/li>\n<li>&#8230;<\/li>\n<\/ul>\n<p>&nbsp;<\/p>\n<p><strong>Les d\u00e9tails de la charte<\/strong><\/p>\n<style>\n       .errordiv { padding:10px; margin:10px; border: 1px solid #555555;color: #000000;background-color: #f8f8f8; width:500px; }#advanced_iframe {visibility:visible;opacity:1;vertical-align:top;}.ai-info-bottom-iframe { position: fixed; z-index: 10000; bottom:0; left: 0; margin: 0px; text-align: center; width: 100%; background-color: #ff9999; padding-left: 5px;padding-bottom: 5px; border-top: 1px solid #aaa } a.ai-bold {font-weight: bold;}#ai-layer-div-advanced_iframe p {height:100%;margin:0;padding:0}<\/style><script type=\"text\/javascript\">var ai_iframe_width_advanced_iframe = 0;var ai_iframe_height_advanced_iframe = 0;var aiOnloadScrollTop=\"true\";var aiShowDebug=false;\n\t\tif (typeof aiReadyCallbacks === 'undefined') {\n\t\t\tvar aiReadyCallbacks = [];\n\t\t} else if (!(aiReadyCallbacks instanceof Array)) {\n\t\t\tvar aiReadyCallbacks = [];\n\t\t}    function aiShowIframeId(id_iframe) { jQuery(\"#\"+id_iframe).css(\"visibility\", \"visible\");    }    function aiResizeIframeHeight(height) { aiResizeIframeHeight(height,advanced_iframe); }    function aiResizeIframeHeightId(height,width,id) {aiResizeIframeHeightById(id,height);}<\/script><iframe id=\"advanced_iframe\"  name=\"advanced_iframe\"  src=\"\/\/docs.google.com\/gview?url=https:\/\/www.pedagogie.ac-nice.fr\/mi-ami\/wp-content\/uploads\/sites\/11\/2018\/02\/charteEcole-Entreprise4.pdf&#038;embedded=true\"  width=\"100%\"  height=\"600\"  frameborder=\"0\"  border=\"0\"  allowtransparency=\"true\"  loading=\"lazy\"  style=\";border-width: 0px;;border: none;;width:100%;;height:600px;\" ><\/iframe><script type=\"text\/javascript\">var ifrm_advanced_iframe = document.getElementById(\"advanced_iframe\");var hiddenTabsDoneadvanced_iframe = false;\nfunction resizeCallbackadvanced_iframe() {}<\/script><script type=\"text\/javascript\"><\/script><p style=\"display:block !important; visibility:visible !important;margin: -18px 14px 0 0;padding-left: 3px;padding-top:3px;background: white; overflow: hidden; position: relative; line-height:15px;width: fit-content;\"><small style=\"display:block !important;visibility:visible !important\">powered by Advanced iFrame<\/small><\/p>\n<p>&nbsp;<\/p>\n","protected":false},"excerpt":{"rendered":"<p class=\"excerpt\">Adh\u00e9rer au dispositif VIP implique de : signer la charte (de l&rsquo;entreprise, du lyc\u00e9e professionnel, du futur jeune professionnel) mettre en place place une \u00e9valuation pour la d\u00e9livrance du label VIP contribuer \u00e0 la rem\u00e9diation en cas d&rsquo;insuffisances constat\u00e9es (voir d\u00e9tails dans le tableau des exigences professionnelles) &#8230; &nbsp; Les d\u00e9tails de la charte &nbsp; <a href=\"https:\/\/www.pedagogie.ac-nice.fr\/mi-ami\/charte-dengagement-au-dispositif-vip\/\">Read more &rarr;<\/a><\/p>\n","protected":false},"author":107,"featured_media":0,"parent":0,"menu_order":0,"comment_status":"closed","ping_status":"closed","template":"","meta":{"ngg_post_thumbnail":0,"footnotes":""},"class_list":["post-375","page","type-page","status-publish","hentry","xfolkentry"],"rttpg_featured_image_url":null,"rttpg_author":{"display_name":"mi-ami","author_link":"https:\/\/www.pedagogie.ac-nice.fr\/mi-ami\/author\/mi-ami\/"},"rttpg_comment":0,"rttpg_category":null,"rttpg_excerpt":"Adh\u00e9rer au dispositif VIP implique de : signer la charte (de l&rsquo;entreprise, du lyc\u00e9e professionnel, du futur jeune professionnel) mettre en place place une \u00e9valuation pour la d\u00e9livrance du label VIP contribuer \u00e0 la rem\u00e9diation en cas d&rsquo;insuffisances constat\u00e9es (voir d\u00e9tails dans le tableau des exigences professionnelles) &#8230; &nbsp; Les d\u00e9tails de la charte &nbsp;\u2026","post_mailing_queue_ids":[],"_links":{"self":[{"href":"https:\/\/www.pedagogie.ac-nice.fr\/mi-ami\/wp-json\/wp\/v2\/pages\/375","targetHints":{"allow":["GET"]}}],"collection":[{"href":"https:\/\/www.pedagogie.ac-nice.fr\/mi-ami\/wp-json\/wp\/v2\/pages"}],"about":[{"href":"https:\/\/www.pedagogie.ac-nice.fr\/mi-ami\/wp-json\/wp\/v2\/types\/page"}],"author":[{"embeddable":true,"href":"https:\/\/www.pedagogie.ac-nice.fr\/mi-ami\/wp-json\/wp\/v2\/users\/107"}],"replies":[{"embeddable":true,"href":"https:\/\/www.pedagogie.ac-nice.fr\/mi-ami\/wp-json\/wp\/v2\/comments?post=375"}],"version-history":[{"count":7,"href":"https:\/\/www.pedagogie.ac-nice.fr\/mi-ami\/wp-json\/wp\/v2\/pages\/375\/revisions"}],"predecessor-version":[{"id":378,"href":"https:\/\/www.pedagogie.ac-nice.fr\/mi-ami\/wp-json\/wp\/v2\/pages\/375\/revisions\/378"}],"wp:attachment":[{"href":"https:\/\/www.pedagogie.ac-nice.fr\/mi-ami\/wp-json\/wp\/v2\/media?parent=375"}],"curies":[{"name":"wp","href":"https:\/\/api.w.org\/{rel}","templated":true}]}}