{"id":390,"date":"2018-02-13T09:04:42","date_gmt":"2018-02-13T08:04:42","guid":{"rendered":"https:\/\/www.pedagogie.ac-nice.fr\/mi-ami\/?page_id=390"},"modified":"2018-11-19T18:46:16","modified_gmt":"2018-11-19T17:46:16","slug":"vip-vers-linsertion-professionnelle","status":"publish","type":"page","link":"https:\/\/www.pedagogie.ac-nice.fr\/mi-ami\/vip-vers-linsertion-professionnelle\/","title":{"rendered":"VIP : Vers l\u2019Insertion Professionnelle"},"content":{"rendered":"<p>Le dispositif VIP (<strong>V<\/strong>ers l\u2019<strong>I<\/strong>nsertion <strong>P<\/strong>rofessionnelle) vise \u00e0 placer l\u2019ensemble des acteurs de la formation (\u00e9l\u00e8ves, enseignants et tuteurs) dans une dynamique de professionnalisation pour une meilleure ad\u00e9quation entre la formation des jeunes, leur employabilit\u00e9 et les besoins des entreprises.<\/p>\n<p>Il a pour objectif de :<\/p>\n<ul>\n<li>contribuer \u00e0 la transformation des \u00e9l\u00e8ves en de futurs jeunes professionnels<\/li>\n<li>transformer le regard et les pratiques des enseignants sur leurs \u00e9l\u00e8ves.<\/li>\n<\/ul>\n<p>&nbsp;<\/p>\n<p>De plus, ce dispositif valide le parcours des jeunes dipl\u00f4m\u00e9s (bac professionnel) en termes de savoirs (connaissance et culture professionnelle, culture g\u00e9n\u00e9rale, anglais), de savoir-faire et de savoir- \u00eatre afin qu\u2019ils soient la hauteur des attentes de l\u2019entreprise (voir d\u00e9tails dans le <a href=\"https:\/\/www.pedagogie.ac-nice.fr\/mi-ami\/devenez-membre-vip\/tableau-des-exigences-professionnelles\/\">tableau des exigences professionnelles<\/a>).<\/p>\n<p>Cette validation prend la forme d\u2019un triple \u00e9valuation (\u00e9l\u00e8ve, enseignants, tuteurs) sur 3 ans (2nde, 1\u00e8re et terminale) baptis\u00e9e SESAME (<strong>S<\/strong>uivi d\u2019<strong>E<\/strong>mployabilit\u00e9 de <strong>S<\/strong>ensibilisation et d\u2019<strong>A<\/strong>daptation au <strong>M<\/strong>onde de l\u2019<strong>E<\/strong>ntreprise).<\/p>\n<p>&nbsp;<\/p>\n<p><strong>Pr\u00e9sentation VIP<\/strong><\/p>\n<style>\n       .errordiv { padding:10px; margin:10px; border: 1px solid #555555;color: #000000;background-color: #f8f8f8; width:500px; }#advanced_iframe {visibility:visible;opacity:1;vertical-align:top;}.ai-info-bottom-iframe { position: fixed; z-index: 10000; bottom:0; left: 0; margin: 0px; text-align: center; width: 100%; background-color: #ff9999; padding-left: 5px;padding-bottom: 5px; border-top: 1px solid #aaa } a.ai-bold {font-weight: bold;}#ai-layer-div-advanced_iframe p {height:100%;margin:0;padding:0}<\/style><script type=\"text\/javascript\">var ai_iframe_width_advanced_iframe = 0;var ai_iframe_height_advanced_iframe = 0;var aiOnloadScrollTop=\"true\";var aiShowDebug=false;\n\t\tif (typeof aiReadyCallbacks === 'undefined') {\n\t\t\tvar aiReadyCallbacks = [];\n\t\t} else if (!(aiReadyCallbacks instanceof Array)) {\n\t\t\tvar aiReadyCallbacks = [];\n\t\t}    function aiShowIframeId(id_iframe) { jQuery(\"#\"+id_iframe).css(\"visibility\", \"visible\");    }    function aiResizeIframeHeight(height) { aiResizeIframeHeight(height,advanced_iframe); }    function aiResizeIframeHeightId(height,width,id) {aiResizeIframeHeightById(id,height);}<\/script><iframe id=\"advanced_iframe\"  name=\"advanced_iframe\"  src=\"https:\/\/www.pedagogie.ac-nice.fr\/mi-ami\/wp-content\/uploads\/sites\/11\/2018\/02\/VIPLabelzique.mp4\"  width=\"720\"  height=\"540\"  frameborder=\"0\"  border=\"0\"  allowtransparency=\"true\"  loading=\"lazy\"  style=\";border-width: 0px;;border: none;;width:720px;;height:540px;\" ><\/iframe><script type=\"text\/javascript\">var ifrm_advanced_iframe = document.getElementById(\"advanced_iframe\");var hiddenTabsDoneadvanced_iframe = false;\nfunction resizeCallbackadvanced_iframe() {}<\/script><script type=\"text\/javascript\"><\/script><p style=\"display:block !important; visibility:visible !important;margin: -18px 14px 0 0;padding-left: 3px;padding-top:3px;background: white; overflow: hidden; position: relative; line-height:15px;width: fit-content;\"><small style=\"display:block !important;visibility:visible !important\">powered by Advanced iFrame<\/small><\/p>\n<p>&nbsp;<\/p>\n<p><strong>\u00c9valuation VIP-SESAME<\/strong><\/p>\n<style>\n       .errordiv { padding:10px; margin:10px; border: 1px solid #555555;color: #000000;background-color: #f8f8f8; width:500px; }#advanced_iframe_2 {visibility:visible;opacity:1;vertical-align:top;}.ai-info-bottom-iframe { position: fixed; z-index: 10000; bottom:0; left: 0; margin: 0px; text-align: center; width: 100%; background-color: #ff9999; padding-left: 5px;padding-bottom: 5px; border-top: 1px solid #aaa } a.ai-bold {font-weight: bold;}#ai-layer-div-advanced_iframe_2 p {height:100%;margin:0;padding:0}<\/style><script type=\"text\/javascript\">var ai_iframe_width_advanced_iframe_2 = 0;var ai_iframe_height_advanced_iframe_2 = 0;var aiOnloadScrollTop=\"true\";var aiShowDebug=false;\n\t\tif (typeof aiReadyCallbacks === 'undefined') {\n\t\t\tvar aiReadyCallbacks = [];\n\t\t} else if (!(aiReadyCallbacks instanceof Array)) {\n\t\t\tvar aiReadyCallbacks = [];\n\t\t}    function aiShowIframeId(id_iframe) { jQuery(\"#\"+id_iframe).css(\"visibility\", \"visible\");    }    function aiResizeIframeHeight(height) { aiResizeIframeHeight(height,advanced_iframe_2); }    function aiResizeIframeHeightId(height,width,id) {aiResizeIframeHeightById(id,height);}<\/script><iframe id=\"advanced_iframe_2\"  name=\"advanced_iframe_2\"  src=\"https:\/\/acamedia.ac-nice.fr\/player\/embed_player.php?vid=2479&#038;width=600&#038;height=500&#038;autoplay=no\"  width=\"100%\"  height=\"600\"  frameborder=\"0\"  border=\"0\"  allowtransparency=\"true\"  loading=\"lazy\"  style=\";border-width: 0px;;border: none;;width:100%;;height:600px;\" ><\/iframe><script type=\"text\/javascript\">var ifrm_advanced_iframe_2 = document.getElementById(\"advanced_iframe_2\");var hiddenTabsDoneadvanced_iframe_2 = false;\nfunction resizeCallbackadvanced_iframe_2() {}<\/script><script type=\"text\/javascript\"><\/script><p style=\"display:block !important; visibility:visible !important;margin: -18px 14px 0 0;padding-left: 3px;padding-top:3px;background: white; overflow: hidden; position: relative; line-height:15px;width: fit-content;\"><small style=\"display:block !important;visibility:visible !important\">powered by Advanced iFrame<\/small><\/p>\n<p>&nbsp;<\/p>\n","protected":false},"excerpt":{"rendered":"<p class=\"excerpt\">Le dispositif VIP (Vers l\u2019Insertion Professionnelle) vise \u00e0 placer l\u2019ensemble des acteurs de la formation (\u00e9l\u00e8ves, enseignants et tuteurs) dans une dynamique de professionnalisation pour une meilleure ad\u00e9quation entre la formation des jeunes, leur employabilit\u00e9 et les besoins des entreprises. Il a pour objectif de : contribuer \u00e0 la transformation des \u00e9l\u00e8ves en de futurs jeunes professionnels transformer le regard&hellip; <a href=\"https:\/\/www.pedagogie.ac-nice.fr\/mi-ami\/vip-vers-linsertion-professionnelle\/\">Read more &rarr;<\/a><\/p>\n","protected":false},"author":107,"featured_media":0,"parent":0,"menu_order":0,"comment_status":"closed","ping_status":"closed","template":"","meta":{"ngg_post_thumbnail":0,"footnotes":""},"class_list":["post-390","page","type-page","status-publish","hentry","xfolkentry"],"rttpg_featured_image_url":null,"rttpg_author":{"display_name":"mi-ami","author_link":"https:\/\/www.pedagogie.ac-nice.fr\/mi-ami\/author\/mi-ami\/"},"rttpg_comment":0,"rttpg_category":null,"rttpg_excerpt":"Le dispositif VIP (Vers l\u2019Insertion Professionnelle) vise \u00e0 placer l\u2019ensemble des acteurs de la formation (\u00e9l\u00e8ves, enseignants et tuteurs) dans une dynamique de professionnalisation pour une meilleure ad\u00e9quation entre la formation des jeunes, leur employabilit\u00e9 et les besoins des entreprises. Il a pour objectif de : contribuer \u00e0 la transformation des \u00e9l\u00e8ves en de futurs\u2026","post_mailing_queue_ids":[],"_links":{"self":[{"href":"https:\/\/www.pedagogie.ac-nice.fr\/mi-ami\/wp-json\/wp\/v2\/pages\/390","targetHints":{"allow":["GET"]}}],"collection":[{"href":"https:\/\/www.pedagogie.ac-nice.fr\/mi-ami\/wp-json\/wp\/v2\/pages"}],"about":[{"href":"https:\/\/www.pedagogie.ac-nice.fr\/mi-ami\/wp-json\/wp\/v2\/types\/page"}],"author":[{"embeddable":true,"href":"https:\/\/www.pedagogie.ac-nice.fr\/mi-ami\/wp-json\/wp\/v2\/users\/107"}],"replies":[{"embeddable":true,"href":"https:\/\/www.pedagogie.ac-nice.fr\/mi-ami\/wp-json\/wp\/v2\/comments?post=390"}],"version-history":[{"count":16,"href":"https:\/\/www.pedagogie.ac-nice.fr\/mi-ami\/wp-json\/wp\/v2\/pages\/390\/revisions"}],"predecessor-version":[{"id":521,"href":"https:\/\/www.pedagogie.ac-nice.fr\/mi-ami\/wp-json\/wp\/v2\/pages\/390\/revisions\/521"}],"wp:attachment":[{"href":"https:\/\/www.pedagogie.ac-nice.fr\/mi-ami\/wp-json\/wp\/v2\/media?parent=390"}],"curies":[{"name":"wp","href":"https:\/\/api.w.org\/{rel}","templated":true}]}}