{"id":447,"date":"2018-02-28T18:13:42","date_gmt":"2018-02-28T17:13:42","guid":{"rendered":"https:\/\/www.pedagogie.ac-nice.fr\/mi-ami\/?page_id=447"},"modified":"2018-02-28T20:40:22","modified_gmt":"2018-02-28T19:40:22","slug":"clip","status":"publish","type":"page","link":"https:\/\/www.pedagogie.ac-nice.fr\/mi-ami\/clip\/","title":{"rendered":"CLIP"},"content":{"rendered":"<p>Le CLIP (Comit\u00e9 local pour l&rsquo;insertion professionnelle) regroupe au niveau d&rsquo;un Lyc\u00e9e professionnel, le chef d&rsquo;\u00e9tablissement, un ou plusieurs chefs d&rsquo;entreprise, le directeur d\u00e9l\u00e9gu\u00e9 aux formations professionnelles, un ou plusieurs inspecteurs de l&rsquo;\u00e9ducation nationale&#8230;<\/p>\n<p>Deux axes de travail forts pour les CLIP : l&rsquo;offre de formation et l&rsquo;adaptation partielle  des dipl\u00f4mes nationaux aux besoins de l&rsquo;\u00e9conomie locale.<\/p>\n<p>&#8230;<\/p>\n","protected":false},"excerpt":{"rendered":"<p class=\"excerpt\">Le CLIP (Comit\u00e9 local pour l&rsquo;insertion professionnelle) regroupe au niveau d&rsquo;un Lyc\u00e9e professionnel, le chef d&rsquo;\u00e9tablissement, un ou plusieurs chefs d&rsquo;entreprise, le directeur d\u00e9l\u00e9gu\u00e9 aux formations professionnelles, un ou plusieurs inspecteurs de l&rsquo;\u00e9ducation nationale&#8230; Deux axes de travail forts pour les CLIP : l&rsquo;offre de formation et l&rsquo;adaptation partielle des dipl\u00f4mes nationaux aux besoins de l&rsquo;\u00e9conomie locale. &#8230; <a href=\"https:\/\/www.pedagogie.ac-nice.fr\/mi-ami\/clip\/\">Read more &rarr;<\/a><\/p>\n","protected":false},"author":107,"featured_media":0,"parent":0,"menu_order":0,"comment_status":"closed","ping_status":"closed","template":"","meta":{"ngg_post_thumbnail":0,"footnotes":""},"class_list":["post-447","page","type-page","status-publish","hentry","xfolkentry"],"rttpg_featured_image_url":null,"rttpg_author":{"display_name":"mi-ami","author_link":"https:\/\/www.pedagogie.ac-nice.fr\/mi-ami\/author\/mi-ami\/"},"rttpg_comment":0,"rttpg_category":null,"rttpg_excerpt":"Le CLIP (Comit\u00e9 local pour l&rsquo;insertion professionnelle) regroupe au niveau d&rsquo;un Lyc\u00e9e professionnel, le chef d&rsquo;\u00e9tablissement, un ou plusieurs chefs d&rsquo;entreprise, le directeur d\u00e9l\u00e9gu\u00e9 aux formations professionnelles, un ou plusieurs inspecteurs de l&rsquo;\u00e9ducation nationale&#8230; Deux axes de travail forts pour les CLIP : l&rsquo;offre de formation et l&rsquo;adaptation partielle des dipl\u00f4mes nationaux aux besoins de\u2026","post_mailing_queue_ids":[],"_links":{"self":[{"href":"https:\/\/www.pedagogie.ac-nice.fr\/mi-ami\/wp-json\/wp\/v2\/pages\/447","targetHints":{"allow":["GET"]}}],"collection":[{"href":"https:\/\/www.pedagogie.ac-nice.fr\/mi-ami\/wp-json\/wp\/v2\/pages"}],"about":[{"href":"https:\/\/www.pedagogie.ac-nice.fr\/mi-ami\/wp-json\/wp\/v2\/types\/page"}],"author":[{"embeddable":true,"href":"https:\/\/www.pedagogie.ac-nice.fr\/mi-ami\/wp-json\/wp\/v2\/users\/107"}],"replies":[{"embeddable":true,"href":"https:\/\/www.pedagogie.ac-nice.fr\/mi-ami\/wp-json\/wp\/v2\/comments?post=447"}],"version-history":[{"count":3,"href":"https:\/\/www.pedagogie.ac-nice.fr\/mi-ami\/wp-json\/wp\/v2\/pages\/447\/revisions"}],"predecessor-version":[{"id":455,"href":"https:\/\/www.pedagogie.ac-nice.fr\/mi-ami\/wp-json\/wp\/v2\/pages\/447\/revisions\/455"}],"wp:attachment":[{"href":"https:\/\/www.pedagogie.ac-nice.fr\/mi-ami\/wp-json\/wp\/v2\/media?parent=447"}],"curies":[{"name":"wp","href":"https:\/\/api.w.org\/{rel}","templated":true}]}}