{"id":2298,"date":"2020-07-29T02:11:56","date_gmt":"2020-07-29T00:11:56","guid":{"rendered":"https:\/\/www.pedagogie.ac-nice.fr\/physique\/?page_id=2298"},"modified":"2020-07-29T02:12:34","modified_gmt":"2020-07-29T00:12:34","slug":"es-terminale","status":"publish","type":"page","link":"https:\/\/www.pedagogie.ac-nice.fr\/physique\/ressources-pedagogiques\/par-niveau\/lycee-general\/es-terminale\/","title":{"rendered":"ES terminale"},"content":{"rendered":"<p>[et_pb_section fb_built=\u00a0\u00bb1&Prime; _builder_version=\u00a0\u00bb4.5.1&Prime; _module_preset=\u00a0\u00bbdefault\u00a0\u00bb custom_margin=\u00a0\u00bb-120px||||false|false\u00a0\u00bb][et_pb_row _builder_version=\u00a0\u00bb4.5.1&Prime; _module_preset=\u00a0\u00bbdefault\u00a0\u00bb width=\u00a0\u00bb100%\u00a0\u00bb][et_pb_column type=\u00a0\u00bb4_4&Prime; _builder_version=\u00a0\u00bb4.5.1&Prime; _module_preset=\u00a0\u00bbdefault\u00a0\u00bb][et_pb_text _builder_version=\u00a0\u00bb4.5.1&Prime; _module_preset=\u00a0\u00bbdefault\u00a0\u00bb]<\/p>\n<h2 style=\"padding-left: 40px; text-align: left;\"><a href=\"https:\/\/www.pedagogie.ac-nice.fr\/physique\/ressources-pedagogiques\/\"><span style=\"color: #1b86b5;\"><b>Ressources p\u00e9dagogiques <\/b><\/span><\/a><a href=\"https:\/\/www.pedagogie.ac-nice.fr\/physique\/ressources-pedagogiques\/par-niveau\/\"><span style=\"color: #1b86b5;\"><b>\/ Par niveau <\/b><\/span><\/a><a href=\"https:\/\/www.pedagogie.ac-nice.fr\/physique\/ressources-pedagogiques\/par-niveau\/lycee-general\"><span style=\"color: #1b86b5;\"><b>\/ Lyc\u00e9e g\u00e9n\u00e9ral<\/b><\/span><\/a><a href=\"https:\/\/www.pedagogie.ac-nice.fr\/physique\/ressources-pedagogiques\/par-niveau\/lycee-general\/es-terminale\/\"><span style=\"color: #1b86b5;\"><b>\/ ES terminale<\/b><\/span><\/a><\/h2>\n<p>[\/et_pb_text][et_pb_blog include_categories=\u00a0\u00bb39&Prime; show_thumbnail=\u00a0\u00bboff\u00a0\u00bb show_content=\u00a0\u00bbon\u00a0\u00bb _builder_version=\u00a0\u00bb4.5.1&Prime; _module_preset=\u00a0\u00bbdefault\u00a0\u00bb custom_margin=\u00a0\u00bb-20px||||false|false\u00a0\u00bb][\/et_pb_blog][\/et_pb_column][\/et_pb_row][\/et_pb_section]<\/p>\n","protected":false},"excerpt":{"rendered":"<p>Ressources p\u00e9dagogiques \/ Par niveau \/ Lyc\u00e9e g\u00e9n\u00e9ral\/ ES terminale<\/p>\n","protected":false},"author":154,"featured_media":0,"parent":2291,"menu_order":0,"comment_status":"closed","ping_status":"closed","template":"","meta":{"_et_pb_use_builder":"on","_et_pb_old_content":"","_et_gb_content_width":"","ngg_post_thumbnail":0,"footnotes":""},"class_list":["post-2298","page","type-page","status-publish","hentry"],"rttpg_featured_image_url":null,"rttpg_author":{"display_name":"jcamponovo","author_link":"https:\/\/www.pedagogie.ac-nice.fr\/physique\/author\/jcamponovo\/"},"rttpg_comment":0,"rttpg_category":null,"rttpg_excerpt":"Ressources p\u00e9dagogiques \/ Par niveau \/ Lyc\u00e9e g\u00e9n\u00e9ral\/ ES terminale","post_mailing_queue_ids":[],"_links":{"self":[{"href":"https:\/\/www.pedagogie.ac-nice.fr\/physique\/wp-json\/wp\/v2\/pages\/2298","targetHints":{"allow":["GET"]}}],"collection":[{"href":"https:\/\/www.pedagogie.ac-nice.fr\/physique\/wp-json\/wp\/v2\/pages"}],"about":[{"href":"https:\/\/www.pedagogie.ac-nice.fr\/physique\/wp-json\/wp\/v2\/types\/page"}],"author":[{"embeddable":true,"href":"https:\/\/www.pedagogie.ac-nice.fr\/physique\/wp-json\/wp\/v2\/users\/154"}],"replies":[{"embeddable":true,"href":"https:\/\/www.pedagogie.ac-nice.fr\/physique\/wp-json\/wp\/v2\/comments?post=2298"}],"version-history":[{"count":3,"href":"https:\/\/www.pedagogie.ac-nice.fr\/physique\/wp-json\/wp\/v2\/pages\/2298\/revisions"}],"predecessor-version":[{"id":2302,"href":"https:\/\/www.pedagogie.ac-nice.fr\/physique\/wp-json\/wp\/v2\/pages\/2298\/revisions\/2302"}],"up":[{"embeddable":true,"href":"https:\/\/www.pedagogie.ac-nice.fr\/physique\/wp-json\/wp\/v2\/pages\/2291"}],"wp:attachment":[{"href":"https:\/\/www.pedagogie.ac-nice.fr\/physique\/wp-json\/wp\/v2\/media?parent=2298"}],"curies":[{"name":"wp","href":"https:\/\/api.w.org\/{rel}","templated":true}]}}