{"id":10508,"date":"2025-12-24T10:45:15","date_gmt":"2025-12-24T09:45:15","guid":{"rendered":"https:\/\/www.pedagogie.ac-nice.fr\/plplh\/?page_id=10508"},"modified":"2026-01-09T17:44:13","modified_gmt":"2026-01-09T16:44:13","slug":"3e-pm-emc-programmes-et-textes-officiels","status":"publish","type":"page","link":"https:\/\/www.pedagogie.ac-nice.fr\/plplh\/3e-pm-emc-programmes-et-textes-officiels\/","title":{"rendered":"3e Pr\u00e9pa-M\u00e9tiers &#8211; EMC"},"content":{"rendered":"<h4><span style=\"color: #ff6600;\">1. Organisation et grille horaire<\/span><\/h4>\n<ul>\n<li><a href=\"https:\/\/www.education.gouv.fr\/pid285\/bulletin_officiel.html?cid_bo=144147\" target=\"_blank\" rel=\"noopener\"><strong>Bulletin officiel n\u00b031 du 29 ao\u00fbt 2019<\/strong><\/a> d\u00e9finissant <strong>le cadre national<\/strong> de la classe de 3\u00e8me Pr\u00e9pa-m\u00e9tiers<\/li>\n<li><strong><a href=\"https:\/\/www.pedagogie.ac-nice.fr\/plplh\/wp-content\/uploads\/sites\/18\/2023\/09\/joe_20190418_0092_0020.pdf\">Arr\u00eat\u00e9 du 10 avril 2019<\/a><\/strong> relatif \u00e0 <strong>l&rsquo;organisation des enseignements<\/strong> dans les classes 3\u00e8me Pr\u00e9pa-m\u00e9tiers<\/li>\n<li>Autres textes de r\u00e9f\u00e9rence de la <a href=\"https:\/\/eduscol.education.fr\/cid57362\/la-3eme-prepa-metiers.html\"><strong>3\u00e8me Pr\u00e9pa-m\u00e9tiers <\/strong><\/a>sur le portail Eduscol<\/li>\n<li><a href=\"https:\/\/www.pedagogie.ac-nice.fr\/plplh\/wp-content\/uploads\/sites\/18\/2019\/06\/Vade-mecum_Pre\u0301pa_me\u0301tiers.pdf\"><strong>Vad\u00e9m\u00e9cum<\/strong>&nbsp;<\/a> de la classe de 3\u00e8me Pr\u00e9pa-m\u00e9tiers<\/li>\n<\/ul>\n<h4><span style=\"color: #ff6600;\">2. Programme<\/span><\/h4>\n<p>\u00c0 partir de la rentr\u00e9e 2026.<\/p>\n<ul>\n<li><a href=\"https:\/\/www.pedagogie.ac-nice.fr\/plplh\/wp-content\/uploads\/sites\/18\/2024\/06\/Programmes-EMC-3e.pdf\" target=\"_blank\" rel=\"noopener\"><strong>Programmes d&rsquo;EMC<\/strong><\/a>\n<ul>\n<li>Th\u00e8me : Faire vivre la d\u00e9mocratie<\/li>\n<\/ul>\n<\/li>\n<\/ul>\n<h4><span style=\"color: #ff6600;\"><strong>3. D\u00e9finition de l\u2019\u00e9preuve d\u2019examen<\/strong><\/span><\/h4>\n<ul>\n<li>Page Eduscol consacr\u00e9e au <strong><a href=\"https:\/\/eduscol.education.fr\/713\/modalites-d-attribution-du-diplome-national-du-brevet\" target=\"_blank\" rel=\"noopener\">dipl\u00f4me national du brevet \u00e0 partir de la session 2026<\/a><\/strong><\/li>\n<li><strong><a href=\"https:\/\/www.education.gouv.fr\/bo\/2025\/Hebdo33\" target=\"_blank\" rel=\"noopener\">Bulletin officiel n\u00b0 33 du 4 septembre 2025 <\/a><\/strong>sur les modalit\u00e9s d\u2019attribution du dipl\u00f4me national du brevet \u00e0 compter de la session 2026<\/li>\n<li>M\u00e9mento&nbsp; <a href=\"https:\/\/www.pedagogie.ac-nice.fr\/plplh\/wp-content\/uploads\/sites\/18\/2026\/01\/2025-memento_controle_continu_3e.pdf\" target=\"_blank\" rel=\"noopener\"><strong>\u00ab\u00a0\u00c9valuer les \u00e9l\u00e8ves de 3e dans le cadre des nouvelles modalit\u00e9s d\u2019attribution du dipl\u00f4me national du brevet<\/strong>\u00ab\u00a0<\/a><\/li>\n<\/ul>\n","protected":false},"excerpt":{"rendered":"<p>1. Organisation et grille horaire Bulletin officiel n\u00b031 du 29 ao\u00fbt 2019 d\u00e9finissant le cadre national de la classe de 3\u00e8me Pr\u00e9pa-m\u00e9tiers Arr\u00eat\u00e9 du 10 avril 2019 relatif \u00e0 l&rsquo;organisation des enseignements dans les classes 3\u00e8me Pr\u00e9pa-m\u00e9tiers Autres textes de r\u00e9f\u00e9rence de la 3\u00e8me Pr\u00e9pa-m\u00e9tiers sur le portail Eduscol Vad\u00e9m\u00e9cum&nbsp; de la classe de 3\u00e8me &hellip; <\/p>\n<p><a class=\"more-link btn\" href=\"https:\/\/www.pedagogie.ac-nice.fr\/plplh\/3e-pm-emc-programmes-et-textes-officiels\/\">Lire la suite<\/a><\/p>\n","protected":false},"author":195,"featured_media":0,"parent":0,"menu_order":0,"comment_status":"closed","ping_status":"closed","template":"","meta":{"ngg_post_thumbnail":0,"footnotes":""},"class_list":["post-10508","page","type-page","status-publish","hentry","nodate","item-wrap"],"rttpg_featured_image_url":null,"rttpg_author":{"display_name":"David Lamoureux","author_link":"https:\/\/www.pedagogie.ac-nice.fr\/plplh\/author\/dlamoureux\/"},"rttpg_comment":0,"rttpg_category":null,"rttpg_excerpt":"1. Organisation et grille horaire Bulletin officiel n\u00b031 du 29 ao\u00fbt 2019 d\u00e9finissant le cadre national de la classe de 3\u00e8me Pr\u00e9pa-m\u00e9tiers Arr\u00eat\u00e9 du 10 avril 2019 relatif \u00e0 l&rsquo;organisation des enseignements dans les classes 3\u00e8me Pr\u00e9pa-m\u00e9tiers Autres textes de r\u00e9f\u00e9rence de la 3\u00e8me Pr\u00e9pa-m\u00e9tiers sur le portail Eduscol Vad\u00e9m\u00e9cum&nbsp; de la classe de 3\u00e8me\u2026","post_mailing_queue_ids":[],"_links":{"self":[{"href":"https:\/\/www.pedagogie.ac-nice.fr\/plplh\/wp-json\/wp\/v2\/pages\/10508","targetHints":{"allow":["GET"]}}],"collection":[{"href":"https:\/\/www.pedagogie.ac-nice.fr\/plplh\/wp-json\/wp\/v2\/pages"}],"about":[{"href":"https:\/\/www.pedagogie.ac-nice.fr\/plplh\/wp-json\/wp\/v2\/types\/page"}],"author":[{"embeddable":true,"href":"https:\/\/www.pedagogie.ac-nice.fr\/plplh\/wp-json\/wp\/v2\/users\/195"}],"replies":[{"embeddable":true,"href":"https:\/\/www.pedagogie.ac-nice.fr\/plplh\/wp-json\/wp\/v2\/comments?post=10508"}],"version-history":[{"count":9,"href":"https:\/\/www.pedagogie.ac-nice.fr\/plplh\/wp-json\/wp\/v2\/pages\/10508\/revisions"}],"predecessor-version":[{"id":10752,"href":"https:\/\/www.pedagogie.ac-nice.fr\/plplh\/wp-json\/wp\/v2\/pages\/10508\/revisions\/10752"}],"wp:attachment":[{"href":"https:\/\/www.pedagogie.ac-nice.fr\/plplh\/wp-json\/wp\/v2\/media?parent=10508"}],"curies":[{"name":"wp","href":"https:\/\/api.w.org\/{rel}","templated":true}]}}