{"id":10517,"date":"2025-12-24T11:02:56","date_gmt":"2025-12-24T10:02:56","guid":{"rendered":"https:\/\/www.pedagogie.ac-nice.fr\/plplh\/?page_id=10517"},"modified":"2025-12-31T14:52:31","modified_gmt":"2025-12-31T13:52:31","slug":"cap-fr-programmes-et-textes-officiels","status":"publish","type":"page","link":"https:\/\/www.pedagogie.ac-nice.fr\/plplh\/cap-fr-programmes-et-textes-officiels\/","title":{"rendered":"CAP &#8211; Fran\u00e7ais"},"content":{"rendered":"<h4><span style=\"color: #ff6600;\">1. Grille horaire<\/span><\/h4>\n<ul>\n<li>Consultez la <strong>grilles horaire de r\u00e9f\u00e9rence<\/strong> pour le <strong><a href=\"https:\/\/www.pedagogie.ac-nice.fr\/plplh\/wp-content\/uploads\/sites\/18\/2019\/08\/volume-horaire-de-re\u0301fe\u0301rence-CAP.pdf\"> CAP<\/a><\/strong>.<\/li>\n<\/ul>\n<h4><span style=\"color: #ff6600;\">2. Programme<\/span><\/h4>\n<ul>\n<li>Consultez le programme de <a href=\"https:\/\/www.pedagogie.ac-nice.fr\/plplh\/wp-content\/uploads\/sites\/18\/2019\/04\/fran%C3%A7ais-CAP.pdf\"><strong>Franc\u0327ais <\/strong><\/a>de CAP.<\/li>\n<li>La pr\u00e9sentation acad\u00e9mique des <a href=\"https:\/\/www.pedagogie.ac-nice.fr\/plplh\/wp-content\/uploads\/sites\/18\/2019\/09\/PRESENTATION-FRANC\u0327AIS-2019.pdf\"><strong>programmes de Lettres <\/strong>en <strong>2nde Bac Pro<\/strong> et <strong>CAP<\/strong><\/a><\/li>\n<li>Une r\u00e9flexion acad\u00e9mique sur <strong><a href=\"https:\/\/www.pedagogie.ac-nice.fr\/plplh\/programme-de-francais-reflexions-et-mise-en-oeuvre-en-2de-bac-pro\/presentation-oe-lettres-v-relue\/\" rel=\"attachment wp-att-3469\">la mise en \u0153uvre :&nbsp;<\/a><\/strong>\n<ul>\n<li><a href=\"https:\/\/www.pedagogie.ac-nice.fr\/plplh\/wp-content\/uploads\/sites\/18\/2020\/03\/Pre\u0301sentation-E-Langue.pdf\"><strong>de l\u2019\u00e9tude de la langue<\/strong><\/a> en CAP et en 2de Bac Pro.<\/li>\n<\/ul>\n<\/li>\n<li>Documents de <strong>mise en \u0153uvre en classe <\/strong>:&nbsp;\n<ul>\n<li><a href=\"https:\/\/www.pedagogie.ac-nice.fr\/plplh\/wp-content\/uploads\/sites\/18\/2021\/10\/ra21_lycee_p_cap_fra_carnet-lecteur_exemple-mise-en-oeuvre.pdf\"><strong>Le carnet de lecteur pour accompagner la lecture d&rsquo;une \u0153uvre complexe en CAP.<\/strong><\/a> Exemple de mise en \u0153uvre<\/li>\n<li><strong><a href=\"https:\/\/eduscol.education.fr\/cid144226\/francais-voie-pro.html\">Lire, \u00c9crire, l&rsquo;Oral et l&rsquo;\u00c9tude de la langue<\/a><\/strong><\/li>\n<li><strong><a href=\"https:\/\/www.pedagogie.ac-nice.fr\/plplh\/wp-content\/uploads\/sites\/18\/2021\/08\/lire-une-OI-en-lp.pdf\">Lire une \u0153uvre int\u00e9grale<\/a><\/strong>&nbsp;<\/li>\n<li>CLEMI : <strong><a href=\"https:\/\/www.pedagogie.ac-nice.fr\/plplh\/wp-content\/uploads\/sites\/18\/2023\/08\/Entrees__EMI__dans_les_programmes_du_lycee_professionel.pdf\" target=\"_blank\" rel=\"noopener\">Rep\u00e9rage des connaissances et comp\u00e9tences EMI<\/a><\/strong> dans les nouveaux programmes de lyc\u00e9e professionnel (2019)<\/li>\n<\/ul>\n<\/li>\n<\/ul>\n<ul>\n<li>Page Eduscol consacr\u00e9e au <strong><a href=\"https:\/\/eduscol.education.fr\/cid144226\/francais-voie-pro.html\">Fran\u00e7ais en lyc\u00e9e professionnel<\/a><\/strong><\/li>\n<\/ul>\n<h4><strong><span style=\"color: #ff6600;\">3. D\u00e9finition de l\u2019\u00e9preuve d\u2019examen<\/span><br \/>\n<\/strong><\/h4>\n<ul>\n<li>Consultez l\u2019<a href=\"https:\/\/www.pedagogie.ac-nice.fr\/plplh\/wp-content\/uploads\/sites\/18\/2019\/09\/BO-CAP-e\u0301preuves-FR-HG-EMC.pdf\"><strong>annexe 1 du BO n\u00b035 du 26 septembre 2019 <\/strong><\/a>d\u00e9finissant l\u2019\u00e9preuve de fran\u00e7ais, histoire-g\u00e9ographie-EMC en CAP <strong>(\u00e0 partir de la session 2021<\/strong>).<\/li>\n<li>Consultez les grilles nationales d\u2019\u00e9valuation du CCF en <a href=\"https:\/\/www.pedagogie.ac-nice.fr\/plplh\/wp-content\/uploads\/sites\/18\/2020\/07\/CAP-Grillee\u0301valuation-CCF-Franc\u0327ais.pdf\"><strong>Franc\u0327ais (annexe IA) <\/strong><\/a>parues au <strong><a href=\"https:\/\/www.education.gouv.fr\/bo\/20\/Hebdo26\/MENE2014838N.htm\">BO n\u00b026 du 25 juin 2020<\/a><\/strong>.<\/li>\n<\/ul>\n<p><span style=\"color: #0000ff;\"><strong>\u00c9preuve de fran\u00e7ais en CCF<\/strong><\/span><\/p>\n<ul>\n<li>Une <strong><a href=\"https:\/\/www.pedagogie.ac-nice.fr\/plplh\/wp-content\/uploads\/sites\/18\/2020\/11\/NOTE-DE-CADRAGE-CAP-franc\u0327ais-en-CCF.pdf\">note de cadrage de l\u2019Inspection G\u00e9n\u00e9rale de Lettres<\/a><\/strong><\/li>\n<li>La grille nationale d\u2019\u00e9valuation en <a href=\"https:\/\/www.pedagogie.ac-nice.fr\/plplh\/wp-content\/uploads\/sites\/18\/2020\/07\/CAP-Grillee\u0301valuation-CCF-Franc\u0327ais.pdf\"><strong>franc\u0327ais (annexe IA) <\/strong><\/a><\/li>\n<li>Une infographie de synth\u00e8se sur <a href=\"https:\/\/www.pedagogie.ac-nice.fr\/plplh\/wp-content\/uploads\/sites\/18\/2020\/11\/CCF-CAP-Franc\u0327ais-ELongue.pdf\"><strong>la nouvelle \u00e9preuve d\u2019\u00e9criture longue en CCF<\/strong><\/a><\/li>\n<li>Une infographie de synth\u00e8se sur <strong><a href=\"https:\/\/www.pedagogie.ac-nice.fr\/plplh\/wp-content\/uploads\/sites\/18\/2020\/11\/CCF-CAP-Franc\u0327ais-oral.pdf\">la nouvelle \u00e9preuve orale \u201c<em>Dire, lire, \u00e9crire le m\u00e9tier<\/em>\u201d en CCF<\/a><\/strong><\/li>\n<\/ul>\n<p><span style=\"color: #0000ff;\"><strong>\u00c9preuves orales ponctuelles en fran\u00e7ais (centres de formation, candidats libres)<\/strong><\/span><\/p>\n<ul>\n<li>La grille d\u2019\u00e9valuation de l\u2019\u00e9preuve <strong><a href=\"https:\/\/www.pedagogie.ac-nice.fr\/plplh\/wp-content\/uploads\/sites\/18\/2021\/01\/1A-GRILLE-EVALUATION-ORAL-FR-CAP-PONCTUEL.pdf\">ponctuelle orale en fran\u00e7ais (Annexe IA)<\/a><\/strong><\/li>\n<li>Une infographie sur <a href=\"https:\/\/www.pedagogie.ac-nice.fr\/plplh\/wp-content\/uploads\/sites\/18\/2022\/04\/CAP-e\u0301preuve-orale-ponctuelle-franc\u0327ais.pdf\"><strong>l\u2019\u00e9preuve orale ponctuelle <em>\u201cDire, lire, \u00e9crire le m\u00e9tier\u201d<\/em><\/strong><\/a><\/li>\n<\/ul>\n","protected":false},"excerpt":{"rendered":"<p>1. Grille horaire Consultez la grilles horaire de r\u00e9f\u00e9rence pour le CAP. 2. Programme Consultez le programme de Franc\u0327ais de CAP. La pr\u00e9sentation acad\u00e9mique des programmes de Lettres en 2nde Bac Pro et CAP Une r\u00e9flexion acad\u00e9mique sur la mise en \u0153uvre :&nbsp; de l\u2019\u00e9tude de la langue en CAP et en 2de Bac Pro. &hellip; <\/p>\n<p><a class=\"more-link btn\" href=\"https:\/\/www.pedagogie.ac-nice.fr\/plplh\/cap-fr-programmes-et-textes-officiels\/\">Lire la suite<\/a><\/p>\n","protected":false},"author":195,"featured_media":0,"parent":0,"menu_order":0,"comment_status":"closed","ping_status":"closed","template":"","meta":{"ngg_post_thumbnail":0,"footnotes":""},"class_list":["post-10517","page","type-page","status-publish","hentry","nodate","item-wrap"],"rttpg_featured_image_url":null,"rttpg_author":{"display_name":"David Lamoureux","author_link":"https:\/\/www.pedagogie.ac-nice.fr\/plplh\/author\/dlamoureux\/"},"rttpg_comment":0,"rttpg_category":null,"rttpg_excerpt":"1. Grille horaire Consultez la grilles horaire de r\u00e9f\u00e9rence pour le CAP. 2. Programme Consultez le programme de Franc\u0327ais de CAP. La pr\u00e9sentation acad\u00e9mique des programmes de Lettres en 2nde Bac Pro et CAP Une r\u00e9flexion acad\u00e9mique sur la mise en \u0153uvre :&nbsp; de l\u2019\u00e9tude de la langue en CAP et en 2de Bac Pro.\u2026","post_mailing_queue_ids":[],"_links":{"self":[{"href":"https:\/\/www.pedagogie.ac-nice.fr\/plplh\/wp-json\/wp\/v2\/pages\/10517","targetHints":{"allow":["GET"]}}],"collection":[{"href":"https:\/\/www.pedagogie.ac-nice.fr\/plplh\/wp-json\/wp\/v2\/pages"}],"about":[{"href":"https:\/\/www.pedagogie.ac-nice.fr\/plplh\/wp-json\/wp\/v2\/types\/page"}],"author":[{"embeddable":true,"href":"https:\/\/www.pedagogie.ac-nice.fr\/plplh\/wp-json\/wp\/v2\/users\/195"}],"replies":[{"embeddable":true,"href":"https:\/\/www.pedagogie.ac-nice.fr\/plplh\/wp-json\/wp\/v2\/comments?post=10517"}],"version-history":[{"count":9,"href":"https:\/\/www.pedagogie.ac-nice.fr\/plplh\/wp-json\/wp\/v2\/pages\/10517\/revisions"}],"predecessor-version":[{"id":10713,"href":"https:\/\/www.pedagogie.ac-nice.fr\/plplh\/wp-json\/wp\/v2\/pages\/10517\/revisions\/10713"}],"wp:attachment":[{"href":"https:\/\/www.pedagogie.ac-nice.fr\/plplh\/wp-json\/wp\/v2\/media?parent=10517"}],"curies":[{"name":"wp","href":"https:\/\/api.w.org\/{rel}","templated":true}]}}