{"id":10519,"date":"2025-12-24T11:03:12","date_gmt":"2025-12-24T10:03:12","guid":{"rendered":"https:\/\/www.pedagogie.ac-nice.fr\/plplh\/?page_id=10519"},"modified":"2026-01-23T17:16:29","modified_gmt":"2026-01-23T16:16:29","slug":"cap-hg-programmes-et-textes-officiels","status":"publish","type":"page","link":"https:\/\/www.pedagogie.ac-nice.fr\/plplh\/cap-hg-programmes-et-textes-officiels\/","title":{"rendered":"CAP &#8211; EMC"},"content":{"rendered":"<div class=\"entry-content clearfix\">\n<h4><span style=\"color: #ff6600;\">1. Grilles horaires<\/span><\/h4>\n<ul>\n<li>Consultez les <strong>grilles horaires de r\u00e9f\u00e9rence<\/strong> pour le <strong><a href=\"https:\/\/www.pedagogie.ac-nice.fr\/plplh\/wp-content\/uploads\/sites\/18\/2019\/08\/volume-horaire-de-re\u0301fe\u0301rence-CAP.pdf\"> CAP<\/a><\/strong>.<\/li>\n<\/ul>\n<h4><span style=\"color: #ff6600;\">2. Programme<\/span><\/h4>\n<ul>\n<li>Consultez le programme d\u2019<a href=\"https:\/\/www.pedagogie.ac-nice.fr\/plplh\/wp-content\/uploads\/sites\/18\/2024\/06\/Programmes-EMC-CAP.pdf\" target=\"_blank\" rel=\"noopener\"><strong>EMC en CAP<\/strong><\/a>\n<ul>\n<li>Th\u00e8mes :\n<ul>\n<li>Droits, libert\u00e9s et responsabilit\u00e9<\/li>\n<li>Coh\u00e9sion et diversit\u00e9 dans une soci\u00e9t\u00e9 d\u00e9mocratique<\/li>\n<\/ul>\n<\/li>\n<\/ul>\n<\/li>\n<\/ul>\n<h4><strong><span style=\"color: #ff6600;\">3. D\u00e9finition de l\u2019\u00e9preuve d\u2019examen<\/span><br \/>\n<\/strong><\/h4>\n<ul>\n<li>Consultez l\u2019<a href=\"https:\/\/www.pedagogie.ac-nice.fr\/plplh\/wp-content\/uploads\/sites\/18\/2019\/09\/BO-CAP-e\u0301preuves-FR-HG-EMC.pdf\"><strong>annexe 1 du BO n\u00b035 du 26 septembre 2019 <\/strong><\/a>d\u00e9finissant l\u2019\u00e9preuve de fran\u00e7ais, histoire-g\u00e9ographie-EMC en CAP.<\/li>\n<li>Consultez les grilles nationales d\u2019\u00e9valuation du CCF&nbsp;en <a href=\"https:\/\/www.pedagogie.ac-nice.fr\/plplh\/wp-content\/uploads\/sites\/18\/2020\/07\/CAP-Grillee\u0301valuation-CCF-HistGe\u0301oEMC.pdf\"><strong>Histoire-G\u00e9ographie-EMC (Annexe IB)<\/strong>&nbsp; <\/a>parues au <strong><a href=\"https:\/\/www.education.gouv.fr\/bo\/20\/Hebdo26\/MENE2014838N.htm\">BO n\u00b026 du 25 juin 2020<\/a><\/strong>.<\/li>\n<\/ul>\n<p><strong>\u00c9preuve d\u2019histoire-g\u00e9ographie-EMC en CCF<\/strong><\/p>\n<ul>\n<li>Une <a href=\"https:\/\/www.pedagogie.ac-nice.fr\/plplh\/wp-content\/uploads\/sites\/18\/2026\/01\/Note-IGESR-epreuves-HG-EMC-CAP-CCF-et-ponctuelle.pdf\" target=\"_blank\" rel=\"noopener\"><strong>note de cadrage de l\u2019Inspection G\u00e9n\u00e9rale d\u2019Histoire-G\u00e9ographie <\/strong><\/a>(pages 1 \u00e0 3)<\/li>\n<li>La grille nationale d\u2019\u00e9valuation en <a href=\"https:\/\/www.pedagogie.ac-nice.fr\/plplh\/wp-content\/uploads\/sites\/18\/2020\/07\/CAP-Grillee%CC%81valuation-CCF-HistGe%CC%81oEMC.pdf\"><strong>histoire-g\u00e9ographie-EMC (Annexe IB)<\/strong>&nbsp;<\/a><\/li>\n<li>Une infographie de synth\u00e8se sur<strong><a href=\"https:\/\/www.pedagogie.ac-nice.fr\/plplh\/wp-content\/uploads\/sites\/18\/2020\/12\/EPREUVE-CCF-CAP-HGEMC-1.pdf\"> l&rsquo;\u00e9preuve orale d\u2019histoire-g\u00e9ographie-EMC en CCF<\/a><\/strong><\/li>\n<\/ul>\n<p><strong>\u00c9preuves orales ponctuelles en fran\u00e7ais et d\u2019histoire-g\u00e9ographie-EMC (centres de formation, candidats libres)<\/strong><\/p>\n<ul>\n<li>Une <a href=\"https:\/\/www.pedagogie.ac-nice.fr\/plplh\/wp-content\/uploads\/sites\/18\/2026\/01\/Note-IGESR-epreuves-HG-EMC-CAP-CCF-et-ponctuelle.pdf\" target=\"_blank\" rel=\"noopener\"><strong>note de cadrage de l\u2019Inspection G\u00e9n\u00e9rale d\u2019Histoire-G\u00e9ographie<\/strong><\/a> (page 4 \u00e0 7)\n<ul>\n<li><strong>NB :<\/strong> Le candidat pr\u00e9sente une liste de <strong>six <\/strong>documents (<a href=\"https:\/\/www.legifrance.gouv.fr\/jorf\/id\/JORFTEXT000053331601\" target=\"_blank\" rel=\"noopener\">arr\u00eat\u00e9 du <span id=\"OBJ_PREFIX_DWT826_com_zimbra_date\" class=\"Object\" role=\"link\"><span id=\"OBJ_PREFIX_DWT831_com_zimbra_date\" class=\"Object\" role=\"link\">23 d\u00e9cembre 2025<\/span><\/span><\/a> modifiant l&rsquo;arr\u00eat\u00e9 du <span id=\"OBJ_PREFIX_DWT827_com_zimbra_date\" class=\"Object\" role=\"link\"><span id=\"OBJ_PREFIX_DWT832_com_zimbra_date\" class=\"Object\" role=\"link\">30 ao\u00fbt 2019<\/span><\/span>).<\/li>\n<\/ul>\n<\/li>\n<li>La grille d\u2019\u00e9valuation de l\u2019\u00e9preuve <a href=\"https:\/\/www.pedagogie.ac-nice.fr\/plplh\/wp-content\/uploads\/sites\/18\/2021\/01\/1B-GRILLE-EVALUATION-CAP-ORAL-HG-EMC-PONCTUEL-.pdf\"><strong>ponctuelle orale en histoire-g\u00e9ographie-EMC (Annexe IB)<\/strong><\/a><\/li>\n<li>Une infographie de synth\u00e8se sur <a href=\"https:\/\/www.pedagogie.ac-nice.fr\/plplh\/wp-content\/uploads\/sites\/18\/2026\/01\/EPREUVE-CAP-HISTOIRE-GEOGRAPHIE-EMC-PONCTUEL-ORAL-2026-2.pdf\" target=\"_blank\" rel=\"noopener\"><strong>l\u2019\u00e9preuve orale ponctuelle d\u2019histoire-g\u00e9ographie-EMC<\/strong><\/a><\/li>\n<\/ul>\n<\/div>\n","protected":false},"excerpt":{"rendered":"<p>1. Grilles horaires Consultez les grilles horaires de r\u00e9f\u00e9rence pour le CAP. 2. Programme Consultez le programme d\u2019EMC en CAP Th\u00e8mes : Droits, libert\u00e9s et responsabilit\u00e9 Coh\u00e9sion et diversit\u00e9 dans une soci\u00e9t\u00e9 d\u00e9mocratique 3. D\u00e9finition de l\u2019\u00e9preuve d\u2019examen Consultez l\u2019annexe 1 du BO n\u00b035 du 26 septembre 2019 d\u00e9finissant l\u2019\u00e9preuve de fran\u00e7ais, histoire-g\u00e9ographie-EMC en CAP. &hellip; <\/p>\n<p><a class=\"more-link btn\" href=\"https:\/\/www.pedagogie.ac-nice.fr\/plplh\/cap-hg-programmes-et-textes-officiels\/\">Lire la suite<\/a><\/p>\n","protected":false},"author":195,"featured_media":0,"parent":0,"menu_order":0,"comment_status":"closed","ping_status":"closed","template":"","meta":{"ngg_post_thumbnail":0,"footnotes":""},"class_list":["post-10519","page","type-page","status-publish","hentry","nodate","item-wrap"],"rttpg_featured_image_url":null,"rttpg_author":{"display_name":"David Lamoureux","author_link":"https:\/\/www.pedagogie.ac-nice.fr\/plplh\/author\/dlamoureux\/"},"rttpg_comment":0,"rttpg_category":null,"rttpg_excerpt":"1. Grilles horaires Consultez les grilles horaires de r\u00e9f\u00e9rence pour le CAP. 2. Programme Consultez le programme d\u2019EMC en CAP Th\u00e8mes : Droits, libert\u00e9s et responsabilit\u00e9 Coh\u00e9sion et diversit\u00e9 dans une soci\u00e9t\u00e9 d\u00e9mocratique 3. D\u00e9finition de l\u2019\u00e9preuve d\u2019examen Consultez l\u2019annexe 1 du BO n\u00b035 du 26 septembre 2019 d\u00e9finissant l\u2019\u00e9preuve de fran\u00e7ais, histoire-g\u00e9ographie-EMC en CAP.\u2026","post_mailing_queue_ids":[],"_links":{"self":[{"href":"https:\/\/www.pedagogie.ac-nice.fr\/plplh\/wp-json\/wp\/v2\/pages\/10519","targetHints":{"allow":["GET"]}}],"collection":[{"href":"https:\/\/www.pedagogie.ac-nice.fr\/plplh\/wp-json\/wp\/v2\/pages"}],"about":[{"href":"https:\/\/www.pedagogie.ac-nice.fr\/plplh\/wp-json\/wp\/v2\/types\/page"}],"author":[{"embeddable":true,"href":"https:\/\/www.pedagogie.ac-nice.fr\/plplh\/wp-json\/wp\/v2\/users\/195"}],"replies":[{"embeddable":true,"href":"https:\/\/www.pedagogie.ac-nice.fr\/plplh\/wp-json\/wp\/v2\/comments?post=10519"}],"version-history":[{"count":10,"href":"https:\/\/www.pedagogie.ac-nice.fr\/plplh\/wp-json\/wp\/v2\/pages\/10519\/revisions"}],"predecessor-version":[{"id":10797,"href":"https:\/\/www.pedagogie.ac-nice.fr\/plplh\/wp-json\/wp\/v2\/pages\/10519\/revisions\/10797"}],"wp:attachment":[{"href":"https:\/\/www.pedagogie.ac-nice.fr\/plplh\/wp-json\/wp\/v2\/media?parent=10519"}],"curies":[{"name":"wp","href":"https:\/\/api.w.org\/{rel}","templated":true}]}}