{"id":10545,"date":"2025-12-24T11:33:30","date_gmt":"2025-12-24T10:33:30","guid":{"rendered":"https:\/\/www.pedagogie.ac-nice.fr\/plplh\/?page_id=10545"},"modified":"2026-03-19T18:46:15","modified_gmt":"2026-03-19T17:46:15","slug":"2de-bac-pro-hg-ressources-pedagogiques","status":"publish","type":"page","link":"https:\/\/www.pedagogie.ac-nice.fr\/plplh\/2de-bac-pro-hg-ressources-pedagogiques\/","title":{"rendered":"2de BAC PRO &#8211; Ressources p\u00e9dagogiques"},"content":{"rendered":"<h3><span style=\"color: #ff6600;\">HISTOIRE<\/span><\/h3>\n<p>Pr\u00e9sentation du site <a href=\"http:\/\/edutheque.retronews.fr\/\"><strong>Retronews.fr<\/strong><\/a> sur Eduth\u00e8que. Il propose plus de 400 titres de presse d\u2019information g\u00e9n\u00e9rale, r\u00e9gionale, coloniale et sp\u00e9cialis\u00e9e publi\u00e9s entre 1631 et 1950. Il peut \u00eatre un outil int\u00e9ressant pour renouveler notre approche documentaire en histoire.<\/p>\n<h4><strong><span style=\"color: #0000ff;\">Premier th\u00e8me : L\u2019expansion du monde connu (XVe-XVIIIe si\u00e8cle)<\/span><br \/>\n<\/strong><\/h4>\n<ul>\n<li>Cartes du magazine <em>L\u2019Histoire : <\/em>\n<ul>\n<li><a href=\"https:\/\/www.lhistoire.fr\/portfolio\/carte-le-premier-tour-du-monde-en-1124-jours\"><strong>Le premier tour du monde en 1124 jours<\/strong><\/a> (Magellan) \u2013 2020<\/li>\n<li><a href=\"https:\/\/www.lhistoire.fr\/carte\/les-voyages-de-christophe-colomb-1492-1504\"><strong>Les voyages de Christophe Colomb (1492-1504<\/strong>) <\/a>\u2013 2018<\/li>\n<li><a href=\"https:\/\/www.lhistoire.fr\/carte\/les-%C3%A9tablissements-europ%C3%A9ens-en-afrique-xve-xviie%C2%A0si%C3%A8cle\"><strong>Les \u00e9tablissements europ\u00e9ens en Afrique, XVe-XVIIe si\u00e8cle<\/strong><\/a>. Elle est accompagn\u00e9e d\u2019une chronologie, (2018)<\/li>\n<li><a href=\"https:\/\/www.lhistoire.fr\/carte\/la-guerre-de-sept-ans-premi%C3%A8re-guerre-mondiale%C2%A0\"><strong>La guerre de Sept Ans : premi\u00e8re guerre mondiale ?<\/strong><\/a>&nbsp; (2016)<\/li>\n<\/ul>\n<\/li>\n<li>Dossiers :\n<ul>\n<li>BNF \u2013 Les Essentiels :\n<ul>\n<li><strong><a href=\"https:\/\/essentiels.bnf.fr\/fr\/histoire\/temps-modernes\/f9591d79-5dbc-4a7c-bf81-adb808b32779-vers-nouveaux-horizons-15e-16e-siecles\" target=\"_blank\" rel=\"noopener\">\u00ab&nbsp;Vers de nouveaux horizons (15<sup>e<\/sup> \u2013 16<sup>e<\/sup> si\u00e8cles)&nbsp;\u00bb <\/a><\/strong><\/li>\n<li><strong><a href=\"https:\/\/essentiels.bnf.fr\/fr\/histoire\/temps-modernes\/a5d9a442-f6c1-458b-9070-e8006a596c27-europe-hors-europe-17e-18e-siecles\" target=\"_blank\" rel=\"noopener\">\u00ab&nbsp;L\u2019Europe hors de l\u2019Europe (17<sup>e<\/sup>-18<sup>e<\/sup> si\u00e8cles)&nbsp;\u00bb<\/a><\/strong><\/li>\n<\/ul>\n<\/li>\n<li>Dossiers :\n<ul>\n<li><a href=\"https:\/\/gallica.bnf.fr\/conseils\/content\/gallica-vous-conseille\" target=\"_blank\" rel=\"noopener\"><strong>Gallica vous conseille<\/strong><\/a> : des dossiers th\u00e9matiques sur \u00ab&nbsp;L\u2019abolition de l\u2019esclavage (1794)&nbsp;\u00bb,&nbsp; \u00ab&nbsp;D\u00e9claration des droits de la femme et de la citoyenne&nbsp;\u00bb, \u00ab&nbsp;Le serment du Jeu de paume &nbsp;\u00bb et bien d\u2019autres encore\u2026<\/li>\n<\/ul>\n<\/li>\n<\/ul>\n<\/li>\n<li>\u00c9missions\n<ul>\n<li>Faire l\u2019histoire \u2013 Arte : <strong><a href=\"https:\/\/www.arte.tv\/fr\/videos\/098870-010-A\/faire-l-histoire\/\" target=\"_blank\" rel=\"noopener\">\u00ab&nbsp;<span class=\"css-10vvqx1\">Les toiles indiennes : naissance de la consommation au si\u00e8cle des Lumi\u00e8res&nbsp;\u00bb<\/span><\/a><\/strong> (2021)<\/li>\n<li>\u00ab&nbsp;Quand l\u2019histoire fait dates \u2013 Arte : <strong><a href=\"https:\/\/www.youtube.com\/watch?v=2H1iVeO8sBA\">\u00ab&nbsp;1492 : Un nouveau monde&nbsp;\u00bb&nbsp;<\/a><\/strong> (2018)<\/li>\n<\/ul>\n<\/li>\n<li>Peintures :\n<ul>\n<li>Fran\u00e7ois Boucher, <strong><a href=\"https:\/\/www.histoire-image.org\/fr\/etudes\/dejeuner\"><em>le D\u00e9jeuner<\/em><\/a><\/strong>, de 1739 sur le site l\u2019Histoire par l\u2019Image. Ressource pr\u00e9sent\u00e9e en formation de bassins, publi\u00e9e en avril 2018.<\/li>\n<li><a href=\"https:\/\/www.chateaunantes.fr\/thematiques\/les-portraits-des-deurbroucq\/\"><strong>Portraits des Deurbroucq<\/strong>, <\/a>l\u2019armateur Dominique et sa femme Marguerite (1753)<\/li>\n<\/ul>\n<\/li>\n<li>Sites :\n<ul>\n<li><strong><a href=\"https:\/\/museedunouveaumonde.larochelle.fr\/\">Mus\u00e9e du Nouveau Monde<\/a><\/strong> de La Rochelle<\/li>\n<li><strong><a href=\"https:\/\/musee.lorient.bzh\/\">Mus\u00e9e de la Compagnie des Indes <\/a><\/strong>de Lorient<\/li>\n<li>Petite Galerie du Louvre : <strong><a href=\"https:\/\/petitegalerie.louvre.fr\/\">\u00ab&nbsp;Venus d\u2019ailleurs. Mat\u00e9riaux et objets voyageurs&nbsp;\u00bb<\/a><\/strong> (2021)<\/li>\n<\/ul>\n<\/li>\n<li>Vid\u00e9os :\n<ul>\n<li>AFP : \u00ab&nbsp;<strong><a href=\"https:\/\/www.youtube.com\/watch?v=0ZXKNarvnkA\">Le tour du monde de Magellan&nbsp;\u00bb<\/a><\/strong> (2019)<\/li>\n<li>BNF : \u00ab&nbsp;<strong><a href=\"https:\/\/vimeo.com\/330493765\">Le globe de Martin B\u00e9haim de 1492 en animation \u00ab&nbsp;<\/a> <\/strong>(2019)<\/li>\n<\/ul>\n<\/li>\n<\/ul>\n<h4><span style=\"color: #0000ff;\"><strong>Second th\u00e8me : L\u2019Am\u00e9rique et l\u2019Europe en r\u00e9volution (des ann\u00e9es 1760 \u00e0 1804)<\/strong><\/span><\/h4>\n<p><span style=\"color: #ff0000;\"><strong>La R\u00e9volution am\u00e9ricaine<\/strong><\/span><\/p>\n<ul>\n<li>Cartes du magazine <em>L\u2019Histoire : <\/em>\n<ul>\n<li><strong><a href=\"https:\/\/www.lhistoire.fr\/carte\/guerre-dind%C3%A9pendance-des-%C3%A9tats-unis\" target=\"_blank\" rel=\"noopener\">Guerre d\u2019ind\u00e9pendance des \u00c9tats-Unis<\/a><\/strong> (2018)<\/li>\n<\/ul>\n<\/li>\n<li>L\u2019\u00e9mission d\u2019ARTE&nbsp; <a href=\"https:\/\/www.arte.tv\/fr\/videos\/086127-005-A\/quand-l-histoire-fait-dates\/\"><strong>\u00ab&nbsp;Quand l\u2019histoire faite dates : 4 juillet 1776, la D\u00e9claration d\u2019ind\u00e9pendance am\u00e9ricaine&nbsp;\u00bb <\/strong><\/a>(2020)<\/li>\n<li>La vid\u00e9o Playbac : <strong>\u00ab&nbsp;<\/strong><a href=\"https:\/\/monquotidienvideo.playbacpresse.fr\/article\/avant-les-americains-avaient-un-roi-que-sest-il-passe-ensuite\"><strong>Avant, les Am\u00e9ricains avaient un roi. Que s\u2019est-il pass\u00e9 ensuite ?<\/strong>&nbsp;\u00bb <\/a>(2021)<\/li>\n<\/ul>\n<p><span style=\"color: #ff0000;\"><strong>La R\u00e9volution fran\u00e7aise<\/strong><\/span><\/p>\n<ul>\n<li>Dossiers :\n<ul>\n<li><a href=\"https:\/\/gallica.bnf.fr\/conseils\/content\/gallica-vous-conseille\" target=\"_blank\" rel=\"noopener\"><strong>Gallica vous conseille<\/strong><\/a> : des dossiers th\u00e9matiques sur la \u00ab&nbsp;D\u00e9claration des droits de l\u2019homme et du citoyen&nbsp;\u00bb,&nbsp; \u00ab&nbsp;D\u00e9claration des droits de la femme et de la citoyenne&nbsp;\u00bb, \u00ab&nbsp;Le serment du Jeu de paume \u00ab&nbsp;, \u00ab&nbsp;La R\u00e9volution fran\u00e7aise (1789-1799)&nbsp;\u00bb et bien d\u2019autres encore\u2026<\/li>\n<li>L\u2019Histoire par l\u2019image :\n<ul>\n<li><strong><a href=\"https:\/\/histoire-image.org\/etudes\/denonciation-societe-ordres\" target=\"_blank\" rel=\"noopener\">\u00ab&nbsp;D\u00e9nonciation de la soci\u00e9t\u00e9 d\u2019ordre&nbsp;\u00bb<\/a><\/strong> (2023)<\/li>\n<li><strong><a href=\"https:\/\/histoire-image.org\/etudes\/prise-bastille-14-juillet-1789\" target=\"_blank\" rel=\"noopener\">\u00ab&nbsp;La prise de la Bastille et arrestation du gouverneur M. de Launay, le 14 juillet 1789&nbsp;\u00bb. <\/a><\/strong>&nbsp;Vid\u00e9o et analyse (2020)<\/li>\n<li><a href=\"https:\/\/histoire-image.org\/fr\/etudes\/serment-jeu-paume-20-juin-1789\"><strong>\u00ab&nbsp;Le Serment du Jeu de Paume, 20 juin 1789&nbsp;\u00bb<\/strong><\/a> de J. David<strong>. <\/strong>Vid\u00e9o et analyse (2020)<\/li>\n<\/ul>\n<\/li>\n<\/ul>\n<\/li>\n<li>\u00c9missions :\n<ul>\n<li>Quand l\u2019histoire faite dates \u2013 Arte : <strong><a href=\"https:\/\/www.arte.tv\/fr\/videos\/069117-007-A\/quand-l-histoire-fait-dates\/\">\u00ab&nbsp;20 juin 1789, le serment du Jeu de paume&nbsp;\u00bb<\/a><\/strong> (2018)<\/li>\n<\/ul>\n<\/li>\n<li>Expositions en ligne\n<ul>\n<li>BNF : <a href=\"http:\/\/expositions.bnf.fr\/lumieres\/index.htm\"><strong>\u00ab&nbsp;Philosophes des Lumi\u00e8res&nbsp;\u00bb.<\/strong><\/a><\/li>\n<li><strong><a href=\"https:\/\/www.chateauversailles.fr\/decouvrir\/domaine\/salle-jeu-paume\">La Salle du Jeu de Paume<\/a><\/strong> sur le site du Ch\u00e2teau de Versailles.<\/li>\n<\/ul>\n<\/li>\n<li>Vid\u00e9os :\n<ul>\n<li>Arte Junior : <strong><a href=\"https:\/\/www.arte.tv\/fr\/videos\/084103-000-A\/pourquoi-y-a-t-il-eu-une-revolution-en-france\/\">\u00ab&nbsp;Pourquoi y a-t-il eu la r\u00e9volution fran\u00e7aise ?&nbsp;\u00bb<\/a><\/strong> (2018)<\/li>\n<\/ul>\n<\/li>\n<\/ul>\n<p><strong><span style=\"color: #ff0000;\">La R\u00e9volution de Saint-Domingue<\/span><br \/>\n<\/strong><\/p>\n<ul>\n<li>L\u2019analyse d\u2019une <strong><a href=\"https:\/\/www.musee-armee.fr\/collections\/ressources\/heroines-et-heros-histoire\/toussaint-louverture.html\">eau-forte repr\u00e9sentant Toussaint Louverture <\/a><\/strong>par le mus\u00e9e de l\u2019Arm\u00e9e des Invalides.<\/li>\n<li>La carte du magazine <em>L\u2019Histoire<\/em> sur la <a href=\"https:\/\/www.lhistoire.fr\/carte\/la-r%C3%A9volte-de-ha%C3%AFti-1791-1804\"><strong>r\u00e9volte \u00e0 Ha\u00efti (1791-1804<\/strong><\/a><strong>)<\/strong>. Elle est accompagn\u00e9e d\u2019une chronologie, publi\u00e9e le 25 mars 2019.<\/li>\n<li>La pr\u00e9sentation de la ressource Canop\u00e9 : \u00ab&nbsp;<strong><a href=\"https:\/\/www.reseau-canope.fr\/notice\/toussaint-louverture-et-labolition-de-lesclavage.html\">Toussaint Louverture et l\u2019abolition de l\u2019esclavage&nbsp;\u00bb<\/a><\/strong>.<\/li>\n<li>Sites :\n<ul>\n<li><strong><a href=\"https:\/\/memoire-esclavage.org\/\">Fondation pour la m\u00e9moire de l\u2019esclavage<\/a><\/strong><\/li>\n<li><strong><a href=\"http:\/\/memorial.nantes.fr\/\">M\u00e9morial de l\u2019abolition de l\u2019esclavage <\/a><\/strong>de Nantes.<\/li>\n<\/ul>\n<\/li>\n<li>Vid\u00e9os :&nbsp;\n<ul>\n<li>Histoire par l\u2019image\n<ul>\n<li>\u00ab&nbsp;<a href=\"https:\/\/histoire-image.org\/etudes\/iie-republique-abolit-esclavage\" target=\"_blank\" rel=\"noopener\"><strong>l\u2019abolition de l\u2019esclavage<\/strong><\/a> &nbsp;\u00bb de F-A Biard. Vid\u00e9o et analyse (2020)<\/li>\n<li>dossier th\u00e9matique : <strong><a href=\"https:\/\/histoire-image.org\/theme\/colonisation-colonialisme\" target=\"_blank\" rel=\"noopener\">colonisation et colonialisme<\/a><\/strong><\/li>\n<\/ul>\n<\/li>\n<li>Portail des Outre-mer<strong> : \u00ab&nbsp;<a href=\"https:\/\/la1ere.francetvinfo.fr\/video-les-icones-de-la-liberte-toussaint-louverture-un-general-noir-face-a-l-empereur-1000966.html\">Les ic\u00f4nes de la libert\u00e9 : Toussaint Louverture&nbsp;\u00bb<\/a><\/strong> (2021)<\/li>\n<\/ul>\n<\/li>\n<\/ul>\n<h3><span style=\"color: #ff6600;\">G\u00c9OGRAPHIE<\/span><\/h3>\n<ul>\n<li id=\"parent-fieldname-title\" class=\"documentFirstHeading\">Ressources de <a href=\"http:\/\/geoconfluences.ens-lyon.fr\/programmes\/classes\/ressources-pour-le-lycee-pro\/ressources-programmes-2nde-pro\"><strong>G\u00e9oconfluences<\/strong><\/a> pour le nouveau programme de g\u00e9ographie en Seconde Bac Pro.<\/li>\n<\/ul>\n<h4><span style=\"color: #0000ff;\"><strong>Premier th\u00e8me : Des r\u00e9seaux de production et d\u2019\u00e9changes mondialis\u00e9s<\/strong><\/span><\/h4>\n<ul>\n<li>Cartes :\n<ul>\n<li>carte mondiale anim\u00e9e de L\u2019ESRI :&nbsp;&nbsp;<strong><a href=\"https:\/\/youtu.be\/6dkiqJ_IZGw\" target=\"_blank\" rel=\"noopener\"> D\u00e9ploiement des c\u00e2bles sous-marins d\u00e9di\u00e9s \u00e0 l\u2019Internet entre 1989 et 2023<\/a><\/strong>.<\/li>\n<li>cartographie anim\u00e9e du <em>Monde diplomatique<\/em> : <strong><a href=\"https:\/\/www.monde-diplomatique.fr\/cartes\/cables-sous-marins\" target=\"_blank\" rel=\"noopener\">\u00ab&nbsp;Toile de c\u00e2bles et hubs sensibles&nbsp;\u00bb<\/a><\/strong> (2021)<\/li>\n<\/ul>\n<\/li>\n<li>Podcasts :\n<ul>\n<li>France Culture : <strong><a href=\"https:\/\/www.franceculture.fr\/emissions\/les-objets-0\">\u00ab&nbsp;40 objets de la mondialisation<\/a><\/strong>&nbsp;\u00bb (2021)<\/li>\n<li>France Info : <strong>\u00ab\u00a0<a href=\"https:\/\/www.francetvinfo.fr\/replay-radio\/un-monde-d-avance\/transport-maritime-avec-le-canal-de-panama-frappe-de-secheresse-un-nouveau-point-de-passage-de-commerce-mondial-se-referme_6284793.html#xtor=CS2-765-%5Bautres%5D-\">Transport maritime : avec le canal de Panama frapp\u00e9 de s\u00e9cheresse, un nouveau point de passage de commerce mondial se referme.\u00a0\u00bb<\/a>&nbsp;<\/strong> (2024)<\/li>\n<\/ul>\n<\/li>\n<li>Sites :\n<ul>\n<li><strong><a href=\"https:\/\/www.flight-radar.eu\/fr\/flightradar24-4\/\">Flight Radar 24<\/a><\/strong> (en fran\u00e7ais) offre une vision en temps r\u00e9el des dynamiques de flux dans les airs.<\/li>\n<li><a href=\"https:\/\/geoimage.cnes.fr\/fr\"><strong>G\u00e9oimage du CNES<\/strong><\/a> propose des images satellites et des dossiers d\u2019\u00e9tudes par pays, r\u00e9gions continents ou par th\u00e9matique notamment : \u00ab&nbsp;Mers, oc\u00e9ans, \u00eeles et littoraux&nbsp;\u00bb.<\/li>\n<li><strong><a class=\"external-link-new-window\" title=\"Marine Traffic - Nouvelle fen\u00eatre\" href=\"https:\/\/www.marinetraffic.com\/fr\/ais\/home\/centerx:-157.0\/centery:37.7\/zoom:2\" target=\"_blank\" rel=\"noopener noreferrer\">Marine Traffic<\/a><\/strong> (lien direct en fran\u00e7ais) offre une vision en temps r\u00e9el des dynamiques de flux sur les mers et oc\u00e9ans.<\/li>\n<li><a href=\"https:\/\/www.submarinecablemap.com\/\"><strong>SubMarineCable<\/strong><\/a> offre une vision en temps r\u00e9el des c\u00e2bles sous-marins d\u00e9di\u00e9s \u00e0 l\u2019Internet avec les points de d\u00e9part et d\u2019arriv\u00e9e.<\/li>\n<\/ul>\n<\/li>\n<li>Vid\u00e9os :\n<ul>\n<li>#DATAGUEULE \u2013 France 4\n<ul>\n<li><span class=\"\">n\u00b033 \u2013 France 4 : <\/span><strong><a href=\"https:\/\/www.youtube.com\/watch?v=UBVwequu8xM\">\u00ab&nbsp;Containers : la vie en bo\u00eetes&nbsp;\u00bb<\/a><\/strong> <span class=\"\">(2015)<\/span><\/li>\n<li><span class=\"\">n\u00b087 \u2013 France 4<\/span> : <strong><a href=\"https:\/\/www.youtube.com\/watch?v=M71Onlsd9o8\">\u00ab&nbsp;Tourisme : Tristes tropismes&nbsp;\u00bb<\/a><\/strong> <span class=\"\">(2019)<\/span><\/li>\n<\/ul>\n<\/li>\n<li><em>Le Dessous des Cartes<\/em> \u2013 ARTE\n<ul>\n<li><a href=\"https:\/\/www.youtube.com\/watch?v=kPsYvjwSjz0&amp;vl=fr\"><strong>\u00ab&nbsp;A\u00e9roports : la guerre des Hubs&nbsp;\u00bb <\/strong><\/a>(2019)<\/li>\n<li><strong><a href=\"https:\/\/enseignants.lumni.fr\/videos\/liste?search=dessous%20des%20cartes&amp;fiche-media=00000003269\">\u201cC\u00e2bles sous-marins : la guerre invisible\u201d<\/a><\/strong> (2017)<\/li>\n<li><strong><a href=\"https:\/\/www.youtube.com\/watch?v=rsXAXLxQRYo\">\u00ab&nbsp;Le caf\u00e9 : un si long voyage&nbsp;\u00bb<\/a><\/strong> (2020)<\/li>\n<li><strong><a href=\"https:\/\/enseignants.lumni.fr\/fiche-media\/00000004203\">\u201cCommerce : la conqu\u00eate des Oc\u00e9ans\u201d<\/a><\/strong> (2019)<\/li>\n<li><strong><a href=\"https:\/\/www.arte.tv\/fr\/videos\/114573-010-A\/le-dessous-des-cartes\/\" target=\"_blank\" rel=\"noopener\">\u00ab&nbsp;Commerce mondial : crises et fragmentations&nbsp;\u00bb <\/a><\/strong>(2023)<\/li>\n<li><span class=\"css-10vvqx1\"><strong><a href=\"https:\/\/www.arte.tv\/fr\/videos\/114573-016-A\/le-dessous-des-cartes\/\" target=\"_blank\" rel=\"noopener\">\u00ab&nbsp;Malaisie : l\u2019enjeu de Malacca<\/a><\/strong>&nbsp;\u00bb (2024)<\/span><\/li>\n<li><strong><a href=\"https:\/\/www.arte.tv\/fr\/videos\/083964-028-A\/le-dessous-des-cartes-voiture-une-industrie-mondialisee\/\">\u201cUn produit mondialis\u00e9 : l\u2019automobile\u201d <\/a><\/strong>(2019)&nbsp; et sa <a href=\"https:\/\/eduscol.education.fr\/histoire-geographie\/actualites\/actualites\/article\/lautomobile-produit-mondialise.html\"><strong>fiche de pr\u00e9sentation Eduscol<\/strong>.<\/a>&nbsp; Vid\u00e9o disponible en permanence via la plateforme Lumni.<\/li>\n<li><span class=\"css-10vvqx1\"><strong><a href=\"https:\/\/www.arte.tv\/fr\/videos\/103960-020-A\/le-dessous-des-cartes\/\" target=\"_blank\" rel=\"noopener\">\u00ab&nbsp;Soft power : la guerre des universit\u00e9s&nbsp;\u00bb<\/a><\/strong> (2022)<\/span><\/li>\n<\/ul>\n<\/li>\n<li><em>Le Dessous des Cartes<\/em> &#8211; Essentiel &#8211; ARTE\n<ul>\n<li><strong><a href=\"https:\/\/www.arte.tv\/fr\/videos\/126925-035-A\/le-dessous-des-cartes-l-essentiel\/\" target=\"_blank\" rel=\"noopener\"><span class=\"ds-tkypj8\">\u00ab\u00a0D\u00e9troit d\u2019Ormuz : quel blocage ?<\/span><\/a><\/strong>\u00a0\u00bb (2026)<\/li>\n<li><span class=\"ds-tkypj8\"><strong><a href=\"https:\/\/www.arte.tv\/fr\/videos\/126925-042-A\/le-dessous-des-cartes-l-essentiel\/\" target=\"_blank\" rel=\"noopener\">\u00ab\u00a0Guerre au Moyen-Orient : les cartes du trafic a\u00e9rien\u00a0\u00bb<\/a><\/strong> (2026)<\/span><\/li>\n<li><a href=\"https:\/\/www.arte.tv\/fr\/videos\/126925-041-A\/le-dessous-des-cartes-l-essentiel\/\" target=\"_blank\" rel=\"noopener\"><span class=\"ds-tkypj8\"><strong>\u00ab\u00a0Routes maritimes : quel bouleversement ?<\/strong><\/span><strong>\u00a0\u00bb <\/strong><\/a>(2026)<\/li>\n<\/ul>\n<\/li>\n<li>G\u00e9opoliticus \u2013 Lumni : <strong><a href=\"https:\/\/www.lumni.fr\/video\/geopolitique-des-cables-sous-marins\" target=\"_blank\" rel=\"noopener\">\u00ab&nbsp;G\u00e9opolitique des c\u00e2bles sous-marins&nbsp;\u00bb<\/a><\/strong> (2023)<\/li>\n<li>\u201c<strong><a href=\"https:\/\/www.youtube.com\/watch?v=x3Ekxwy2cP4&amp;list=PLi982YOM4wytrf7WAp1cOlhsoL_lMrXZu&amp;index=9\">Product<\/a><\/strong>\u201d d\u2019ARTE : 10 petits films documentaires d\u2019une dur\u00e9e de 4\u2019 qui r\u00e9v\u00e8lent le fonctionnement de la mondialisation \u00e0 travers le parcours des produits d\u2019usage courant.\n<pre>les baskets recycl\u00e9es, le bonbon, les circuits imprim\u00e9s, la crevette,les extensions de cheveux,\r\nle lin, la p\u00e2te \u00e0 tartiner, le papier, la rose, et le titane.<\/pre>\n<\/li>\n<\/ul>\n<\/li>\n<\/ul>\n<h4><span style=\"color: #0000ff;\">Seconde th\u00e8me : Une circulation croissante et diverses des personnes \u00e0 l\u2019\u00e9chelle mondiale<\/span><\/h4>\n<ul>\n<li>Cartes :\n<ul>\n<li><strong><a href=\"https:\/\/le-cartographe.net\/publications\/379-un-monde-de-migrants\" target=\"_blank\" rel=\"noopener\">&nbsp;<\/a><\/strong>Le-cartographe.net : <strong><a href=\"https:\/\/le-cartographe.net\/publications\/379-un-monde-de-migrants\" target=\"_blank\" rel=\"noopener\">\u00ab&nbsp;Un monde de migrants (2019)&nbsp;\u00bb<\/a><\/strong>. Cartes r\u00e9alis\u00e9es pour la <em>Documentation Photographique<\/em><\/li>\n<li>Le Monde : <a href=\"https:\/\/www.lemonde.fr\/societe\/article\/2024\/10\/23\/traversees-de-la-manche-de-migrants-enquete-sur-la-pertinence-des-moyens-des-secours-mis-en-uvre_6358679_3224.html?lmd_medium=al&amp;lmd_campaign=envoye-par-appli&amp;lmd_creation=ios&amp;lmd_source=mail\"><strong>carte anim\u00e9e de localisation des naufrages de migrants dans la Manche,<\/strong>&nbsp; comptabilisant le nombre de victimes<\/a>.<\/li>\n<\/ul>\n<\/li>\n<li>Le documentaire d\u2019animation d\u2019Arte TV <a href=\"https:\/\/www.arte.tv\/fr\/videos\/101454-000-A\/des-nouvelles-de-yonas\/\"><strong>Des nouvelles de Yonas<\/strong> qui<\/a> met en r\u00e9cit les discussions de Yonas, r\u00e9fugi\u00e9 \u00e9rythr\u00e9en, et J\u00e9r\u00f4me Tubiana, journaliste (9 minutes).<\/li>\n<li>Les migrations dans le monde en 2017 : des <a href=\"https:\/\/www.ined.fr\/fr\/tout-savoir-population\/graphiques-cartes\/migrations-monde\/\"><strong>cartes interactives<\/strong><\/a> et un <strong><a href=\"https:\/\/www.ined.fr\/fr\/tout-savoir-population\/memos-demo\/focus\/les-migrations-dans-le-monde\/\">focus <\/a><\/strong>de L\u2019Institut National d\u2019\u00c9tudes D\u00e9mographiques (INED).<\/li>\n<li>Expositions en ligne :\n<ul>\n<li><strong>\u00ab&nbsp;Migrations en images&nbsp;\u00bb<\/strong>, un ensemble de cartes, photographies, dessins et croquis comment\u00e9s et issus de recherches des membres du laboratoire Migrinter du CNRS.\n<ul>\n<li><a href=\"https:\/\/migrinter.hypotheses.org\/3219\" target=\"_blank\" rel=\"noopener\"><strong>16 panneaux de 2019<\/strong><\/a><\/li>\n<li><strong><a href=\"https:\/\/migrinter.hypotheses.org\/3699\" target=\"_blank\" rel=\"noopener\">11 nouveaux panneaux de 2021<\/a><\/strong><\/li>\n<\/ul>\n<\/li>\n<li><strong><a href=\"https:\/\/www.calameo.com\/read\/00252483901a3b00063db?page=1\" target=\"_blank\" rel=\"noopener\">\u00ab&nbsp;Tous migrants !&nbsp;\u00bb<\/a><\/strong> de l\u2019association Cartooning for peace (2017)<\/li>\n<\/ul>\n<\/li>\n<li>Sites :\n<ul>\n<li><a href=\"https:\/\/geoimage.cnes.fr\/fr\"><strong>G\u00e9oimage du CNES<\/strong><\/a> propose des images satellites et des dossiers d\u2019\u00e9tudes par pays, r\u00e9gions continents ou par th\u00e9matique notamment : \u00ab&nbsp;Tourismes et loisirs&nbsp;\u00bb.<\/li>\n<li>Pr\u00e9sentation de M\u00e9decins sans Fronti\u00e8res de <a href=\"https:\/\/www.msf.fr\/video\/des-nouvelles-de-yonas-en-immersion-dans-la-vie-d-un-refugie-qui-fuit-la-libye?utm_source=MSF&amp;utm_medium=emailing_newsletter&amp;utm_campaign=ponctuelle_fevrier2021\"><strong>la situation des migrants qui transitent par la Libye <\/strong><\/a>y compris Yonas, r\u00e9fugi\u00e9 \u00e9rythr\u00e9en.<\/li>\n<li>pages de l\u2019ONU consacr\u00e9es aux<strong><a href=\"https:\/\/www.un.org\/fr\/global-issues\/migration\"> migrations internationales <\/a><\/strong>et aux <strong><a href=\"https:\/\/www.un.org\/fr\/global-issues\/refugees\" target=\"_blank\" rel=\"noopener\">r\u00e9fugi\u00e9s<\/a><\/strong><\/li>\n<li><a href=\"https:\/\/www.pedagogie.ac-nice.fr\/plplh\/ressources-geographie-1-temoignages-de-migrants\/\"><strong>T\u00e9moignages de migrants sur le site : je suis migrant !<\/strong> <\/a>de l\u2019Organisation Internationale pour les Migrations (OIM-ONU)<\/li>\n<\/ul>\n<\/li>\n<li>Vid\u00e9os :\n<ul>\n<li><em>Le Dessous des Cartes<\/em> \u2013 Arte :\n<ul>\n<li><span class=\"css-10vvqx1\"><strong><a href=\"https:\/\/www.arte.tv\/fr\/videos\/118263-001-A\/le-dessous-des-cartes\/\" target=\"_blank\" rel=\"noopener\">\u00ab&nbsp;D\u00e9troit de Gibraltar : entre Europe et Afrique&nbsp;\u00bb<\/a><\/strong> (2024)<\/span><\/li>\n<li><strong><a href=\"https:\/\/www.youtube.com\/watch?v=bIjT4y2IZXA\">\u00ab&nbsp;Flux migratoires, une longue histoire&nbsp;\u00bb<\/a><\/strong>&nbsp; (2020)<\/li>\n<li>\u00ab&nbsp;<span class=\"css-u2343w\"><strong><a href=\"https:\/\/www.arte.tv\/fr\/videos\/098814-015-A\/le-dessous-des-cartes\/\">Tourisme : o\u00f9 voyagerons-nous dans le monde d\u2019apr\u00e8s ?&nbsp;\u00bb<\/a><\/strong> (2020)<\/span><\/li>\n<\/ul>\n<\/li>\n<li>Les Experts du Dessous des cartes : \u00ab&nbsp;<strong><a href=\"https:\/\/www.youtube.com\/watch?v=qQwwhVSySGQ\">Catherine Wihtol de Wenden \u2013 Les migrations au XXIe si\u00e8cle<\/a><\/strong>&nbsp;\u00bb (2019)<\/li>\n<li>G\u00e9opoliticus \u2013 Lumni :\n<ul>\n<li>\u00ab&nbsp;<a href=\"https:\/\/www.lumni.fr\/video\/qui-sont-les-refugies-climatiques-2#containerType=serie&amp;containerSlug=geopoliticus\"><strong>Migrations : vers plus de r\u00e9fugi\u00e9s climatiques ?&nbsp;\u00bb <\/strong><\/a>(2020)<\/li>\n<li><strong><a href=\"https:\/\/www.lumni.fr\/video\/flux-migratoires-focus-sur-la-mediterranee\" target=\"_blank\" rel=\"noopener\">\u00ab&nbsp;Flux migratoires : focus sur la M\u00e9diterran\u00e9e<\/a><\/strong> (2019)<\/li>\n<\/ul>\n<\/li>\n<li>L\u2019OIM et son action : <strong><a href=\"https:\/\/www.youtube.com\/watch?v=0eT2Sp9XNUw\">\u00ab&nbsp;Mettre \u00e0 profit le potentiel de la mobilit\u00e9 humaine<\/a>\u00ab&nbsp;<\/strong> (2021)<\/li>\n<li>Playbac : <strong><a href=\"https:\/\/monquotidienvideo.playbacpresse.fr\/article\/migrants-et-refugies-quelles-differences-2\">\u00ab&nbsp;Migrants et r\u00e9fugi\u00e9s : quelles diff\u00e9rences ?&nbsp;\u00bb<\/a><\/strong> (mars 2021)<\/li>\n<\/ul>\n<\/li>\n<\/ul>\n","protected":false},"excerpt":{"rendered":"<p>HISTOIRE Pr\u00e9sentation du site Retronews.fr sur Eduth\u00e8que. Il propose plus de 400 titres de presse d\u2019information g\u00e9n\u00e9rale, r\u00e9gionale, coloniale et sp\u00e9cialis\u00e9e publi\u00e9s entre 1631 et 1950. Il peut \u00eatre un outil int\u00e9ressant pour renouveler notre approche documentaire en histoire. Premier th\u00e8me : L\u2019expansion du monde connu (XVe-XVIIIe si\u00e8cle) Cartes du magazine L\u2019Histoire : Le premier &hellip; <\/p>\n<p><a class=\"more-link btn\" href=\"https:\/\/www.pedagogie.ac-nice.fr\/plplh\/2de-bac-pro-hg-ressources-pedagogiques\/\">Lire la suite<\/a><\/p>\n","protected":false},"author":195,"featured_media":0,"parent":0,"menu_order":0,"comment_status":"closed","ping_status":"closed","template":"","meta":{"ngg_post_thumbnail":0,"footnotes":""},"class_list":["post-10545","page","type-page","status-publish","hentry","nodate","item-wrap"],"rttpg_featured_image_url":null,"rttpg_author":{"display_name":"David Lamoureux","author_link":"https:\/\/www.pedagogie.ac-nice.fr\/plplh\/author\/dlamoureux\/"},"rttpg_comment":0,"rttpg_category":null,"rttpg_excerpt":"HISTOIRE Pr\u00e9sentation du site Retronews.fr sur Eduth\u00e8que. Il propose plus de 400 titres de presse d\u2019information g\u00e9n\u00e9rale, r\u00e9gionale, coloniale et sp\u00e9cialis\u00e9e publi\u00e9s entre 1631 et 1950. Il peut \u00eatre un outil int\u00e9ressant pour renouveler notre approche documentaire en histoire. Premier th\u00e8me : L\u2019expansion du monde connu (XVe-XVIIIe si\u00e8cle) Cartes du magazine L\u2019Histoire : Le premier\u2026","post_mailing_queue_ids":[],"_links":{"self":[{"href":"https:\/\/www.pedagogie.ac-nice.fr\/plplh\/wp-json\/wp\/v2\/pages\/10545","targetHints":{"allow":["GET"]}}],"collection":[{"href":"https:\/\/www.pedagogie.ac-nice.fr\/plplh\/wp-json\/wp\/v2\/pages"}],"about":[{"href":"https:\/\/www.pedagogie.ac-nice.fr\/plplh\/wp-json\/wp\/v2\/types\/page"}],"author":[{"embeddable":true,"href":"https:\/\/www.pedagogie.ac-nice.fr\/plplh\/wp-json\/wp\/v2\/users\/195"}],"replies":[{"embeddable":true,"href":"https:\/\/www.pedagogie.ac-nice.fr\/plplh\/wp-json\/wp\/v2\/comments?post=10545"}],"version-history":[{"count":5,"href":"https:\/\/www.pedagogie.ac-nice.fr\/plplh\/wp-json\/wp\/v2\/pages\/10545\/revisions"}],"predecessor-version":[{"id":10947,"href":"https:\/\/www.pedagogie.ac-nice.fr\/plplh\/wp-json\/wp\/v2\/pages\/10545\/revisions\/10947"}],"wp:attachment":[{"href":"https:\/\/www.pedagogie.ac-nice.fr\/plplh\/wp-json\/wp\/v2\/media?parent=10545"}],"curies":[{"name":"wp","href":"https:\/\/api.w.org\/{rel}","templated":true}]}}