{"id":10554,"date":"2025-12-24T11:52:18","date_gmt":"2025-12-24T10:52:18","guid":{"rendered":"https:\/\/www.pedagogie.ac-nice.fr\/plplh\/?page_id=10554"},"modified":"2025-12-24T17:21:40","modified_gmt":"2025-12-24T16:21:40","slug":"1ere-bac-pro-emc-ressources-pedagogiques","status":"publish","type":"page","link":"https:\/\/www.pedagogie.ac-nice.fr\/plplh\/1ere-bac-pro-emc-ressources-pedagogiques\/","title":{"rendered":"1\u00e8re BAC PRO \u2013 Ressources p\u00e9dagogiques"},"content":{"rendered":"<h3><span style=\"color: #ff6600;\">EMC<\/span><\/h3>\n<ul>\n<li>Des <a href=\"https:\/\/eduscol.education.fr\/histoire-geographie\/enseigner\/ressources-et-usages-numeriques\/ressources-numeriques\/ressources-pour-lemc.html\"><strong>ressources num\u00e9riques mobilisables pour l\u2019Enseignement Moral et Civique<\/strong><\/a> sur Eduscol.<\/li>\n<li>Ensemble de ressources de Canop\u00e9 <a href=\"https:\/\/www.reseau-canope.fr\/les-valeurs-de-la-republique\/les-valeurs-et-notions.html\"><strong>autour des valeurs de la R\u00e9publique<\/strong><\/a> par un double \u00e9clairage : philosophique et historique.<\/li>\n<li><a href=\"https:\/\/www.pedagogie.ac-nice.fr\/plplh\/wp-content\/uploads\/sites\/18\/2020\/10\/Ress_emc_glossaire_464025.pdf\"><strong>Glossaire Eduscol <\/strong><\/a>de 2015.<\/li>\n<\/ul>\n<div class=\"page\" title=\"Page 1\">\n<div class=\"layoutArea\">\n<div class=\"column\">\n<h4><span style=\"color: #0000ff;\">Premier the\u0300me : E\u0301gaux et fraternels<\/span><\/h4>\n<\/div>\n<p><strong><span style=\"color: #ff0000;\">L\u2019\u00e9galit\u00e9 filles-gar\u00e7ons<\/span><\/strong><\/p>\n<ul>\n<li>Cartes interactives\n<ul>\n<li>Le Monde : <strong><a href=\"https:\/\/www.lemonde.fr\/les-decodeurs\/article\/2024\/04\/21\/pays-par-pays-quand-les-femmes-ont-elles-obtenu-le-droit-de-vote_6229014_4355770.html?lmd_medium=al&amp;lmd_campaign=envoye-par-appli&amp;lmd_creation=ios&amp;lmd_source=mail\" target=\"_blank\" rel=\"noopener\">Quand les femmes ont-elles obtenu le droit de vote, pays par pays ?<\/a><\/strong> (2024)<\/li>\n<\/ul>\n<\/li>\n<li>Lettre Edunum Histoire-G\u00e9ographie n\u00b049 : <strong><a href=\"https:\/\/www.pedagogie.ac-nice.fr\/plplh\/wp-content\/uploads\/sites\/18\/2022\/02\/edunum_hg_avril2021-1.pdf\">\u00ab&nbsp;Sensibiliser et mobiliser les e\u0301le\u0300ves aux droits des femmes et a\u0300 l\u2019e\u0301galite\u0301&nbsp;\u00bb<\/a><\/strong> (avril 2021). De nombreux exemples de pratiques p\u00e9dagogiques num\u00e9riques.<\/li>\n<li>Ensemble de ressources de Canop\u00e9 <strong><a href=\"https:\/\/www.reseau-canope.fr\/outils-egalite-filles-garcons.html\">autour de l\u2019\u00e9galit\u00e9 filles-gar\u00e7ons<\/a><\/strong>.<\/li>\n<li>Gamification :\n<ul>\n<li>Escape Game num\u00e9rique \u00ab&nbsp;<strong><a href=\"https:\/\/www.centre-hubertine-auclert.fr\/outil\/panique-a-sexisme-city-un-escape-game-numerique-sur-les-droits-des-femmes\">Panic \u00e0 Sexisme City<\/a><\/strong>&nbsp;\u00bb pour la d\u00e9fense des droits des femmes.<\/li>\n<li>Serious Game \u00ab&nbsp;<a href=\"http:\/\/fille-garcon.charente-maritime.fr\/le-jeu\"><strong>\u00c0 la poursuite de l\u2019\u00e9galit\u00e9<\/strong>\u00ab&nbsp;<\/a> du conseil d\u00e9partemental de Charente-Maritime.<\/li>\n<\/ul>\n<\/li>\n<li>Sites Internet :\n<ul>\n<li><strong><a href=\"https:\/\/egapro.travail.gouv.fr\/\" target=\"_blank\" rel=\"noopener\">Egapro : index de l\u2019\u00e9galit\u00e9 professionnelle et repr\u00e9sentation \u00e9quilibr\u00e9e femmes-hommes<\/a><\/strong> (minist\u00e8re du travail)<\/li>\n<li><strong><a href=\"https:\/\/femmesetcinema.com\/ressources-pedagogiques\" target=\"_blank\" rel=\"noopener\">Femmes et cin\u00e9ma<\/a><\/strong> : ressources p\u00e9dagogiques th\u00e9matiques<\/li>\n<li><strong><a href=\"http:\/\/www.genrimages.org\/plateforme\/?q=genrimages\/accueil\">Genrimages du Centre audiovisuel Simone de Beauvoir<\/a><\/strong> pour travailler&nbsp; la question des repr\u00e9sentations et des st\u00e9r\u00e9otypes sexu\u00e9s dans l\u2019image.<\/li>\n<li><a href=\"https:\/\/inegalites.fr\/\" target=\"_blank\" rel=\"noopener\"><strong>L\u2019Observatoire des in\u00e9galit\u00e9s<\/strong><\/a><\/li>\n<li><strong><a href=\"https:\/\/www.antidiscriminations.fr\/\" target=\"_blank\" rel=\"noopener\">Plateforme&nbsp; Antidiscriminations.fr<\/a><\/strong><\/li>\n<\/ul>\n<\/li>\n<li>Vid\u00e9os :\n<ul>\n<li><span class=\"yt-core-attributed-string yt-core-attributed-string--white-space-pre-wrap\" role=\"text\">Agence nationale pour l\u2019am\u00e9lioration des conditions de travail<\/span>&nbsp; : <strong><a href=\"https:\/\/www.youtube.com\/watch?v=bQXGyQpduDQ\" target=\"_blank\" rel=\"noopener\">\u00ab&nbsp;Comprendre l'(in)\u00e9galit\u00e9 professionnelle entre les hommes et les femmes&nbsp;\u00bb<\/a><\/strong> (2018)<\/li>\n<li>Conseil d\u00e9partemental de la R\u00e9union :<strong><a href=\"https:\/\/youtu.be\/oNSi7dvUMyU\">\u00ab&nbsp;C Kw\u00e9 ? La parit\u00e9 hommes\/femmes&nbsp;\u00bb<\/a><\/strong> (2015)<\/li>\n<li>Datagueule<span class=\"\">#71 \u2013 France TV : <strong><a href=\"https:\/\/www.youtube.com\/watch?v=eAQAN2assMw\" target=\"_blank\" rel=\"noopener\">\u00ab&nbsp;In\u00e9galit\u00e9 des sexes : Libert\u00e9, \u00c9galit\u00e9, Adelphit\u00e9&nbsp;\u00bb<\/a><\/strong> (2017)<br \/>\n<\/span><\/li>\n<li>Le Monde :\n<ul>\n<li><strong><a href=\"https:\/\/www.dailymotion.com\/video\/x8u247y\" target=\"_blank\" rel=\"noopener\">\u00ab&nbsp;Quel est le r\u00e9el \u00e9cart de salaire entre les femmes et les hommes ?&nbsp;\u00bb<\/a><\/strong> (2024)<\/li>\n<\/ul>\n<\/li>\n<li>Playbac :\n<ul>\n<li><strong><a href=\"https:\/\/monquotidienvideo.playbacpresse.fr\/article\/linegalite-ente-les-sexes-cest-quoi\">\u00ab&nbsp;<\/a><a href=\"https:\/\/monquotidienvideo.playbacpresse.fr\/article\/linegalite-ente-les-sexes-cest-quoi\">L\u2019in\u00e9galit\u00e9 entre les sexes, c\u2019est quoi ?<\/a>\u00ab&nbsp;<\/strong> (2021)<\/li>\n<li>&nbsp;<strong><a href=\"https:\/\/monquotidienvideo.playbacpresse.fr\/article\/y-a-t-il-des-metiers-dhommes-et-des-metiers-de-femme\">\u00ab&nbsp;Y a-t-il des m\u00e9tiers d\u2019hommes et des m\u00e9tiers de femmes ?<\/a><\/strong>&nbsp;\u00bb (2021)<\/li>\n<\/ul>\n<\/li>\n<\/ul>\n<\/li>\n<\/ul>\n<p><span style=\"color: #ff0000;\"><strong>La fraternit\u00e9<\/strong><\/span><\/p>\n<ul>\n<li><a href=\"https:\/\/www.cohesion-territoires.gouv.fr\/portraits-de-france\"><strong>Portraits de France : <\/strong><\/a>recueil de portraits de 318 personnalit\u00e9s, de tous horizon qui ont contribu\u00e9 \u00e0 l\u2019Histoire de France de la R\u00e9volution fran\u00e7aise \u00e0 nos jours.<\/li>\n<li>Vid\u00e9os :&nbsp;\n<ul>\n<li>1 jour, 1 question :\n<ul>\n<li><a href=\"https:\/\/www.youtube.com\/watch?v=p39Ujb2fz9s\"><strong>C\u2019est quoi la fraternit\u00e9 ?<\/strong><\/a><\/li>\n<li><a href=\"https:\/\/www.youtube.com\/watch?v=pLDZ7dD2sLc\"><strong>C\u2019est quoi vivre ensemble ?<\/strong><\/a><\/li>\n<\/ul>\n<\/li>\n<li>Conseil d\u00e9partemental de la R\u00e9union : <strong><a href=\"https:\/\/youtu.be\/AXvthwXmbWA\">\u00ab&nbsp;C Kw\u00e9 ? Le savoir vivre ensemble&nbsp;\u00bb <\/a><\/strong>(2015).<\/li>\n<li>France Cutlure :\n<ul>\n<li><a href=\"https:\/\/youtu.be\/9J-H2c6-LpI?si=EEXKdFDct-u7KnVq\" target=\"_blank\" rel=\"noopener\"><strong>La fraternit\u00e9 c\u2019est quoi ?<\/strong><\/a> (2020)<\/li>\n<\/ul>\n<\/li>\n<\/ul>\n<\/li>\n<\/ul>\n<div class=\"column\">\n<h4><span style=\"color: #0000ff;\">Second the\u0300me : Pre\u0301server la paix et prote\u0301ger des valeurs communes : de\u0301fense et se\u0301curite\u0301 en France et en Europe<\/span><\/h4>\n<ul>\n<li>Le livret <strong><a href=\"https:\/\/www.pedagogie.ac-nice.fr\/plplh\/wp-content\/uploads\/sites\/18\/2018\/12\/enseigner-la-d%C3%A9fense.pdf\">Enseigner la d\u00e9fense<\/a><\/strong> coordonn\u00e9 par l\u2019inspecteur g\u00e9n\u00e9ral Tristan Lecoq (2018).<\/li>\n<li>Sites :\n<ul>\n<li><strong><a href=\"https:\/\/onu.delegfrance.org\/le-maintien-de-la-paix\" target=\"_blank\" rel=\"noopener\">Le maintien de la paix<\/a><\/strong> : repr\u00e9sentation permanente de la France aux Nations-Unies<\/li>\n<\/ul>\n<\/li>\n<li>Vid\u00e9os\n<ul>\n<li>Conseil d\u00e9partemental de la R\u00e9union : \u00ab&nbsp;<strong><a href=\"https:\/\/youtu.be\/BvXvugbCsBM\">C Kw\u00e9 ? Le r\u00f4le de l\u2019arm\u00e9e<\/a><\/strong>&nbsp;\u00bb (2015).<\/li>\n<\/ul>\n<\/li>\n<\/ul>\n<\/div>\n<\/div>\n<\/div>\n","protected":false},"excerpt":{"rendered":"<p>EMC Des ressources num\u00e9riques mobilisables pour l\u2019Enseignement Moral et Civique sur Eduscol. Ensemble de ressources de Canop\u00e9 autour des valeurs de la R\u00e9publique par un double \u00e9clairage : philosophique et historique. Glossaire Eduscol de 2015. Premier the\u0300me : E\u0301gaux et fraternels L\u2019\u00e9galit\u00e9 filles-gar\u00e7ons Cartes interactives Le Monde : Quand les femmes ont-elles obtenu le droit &hellip; <\/p>\n<p><a class=\"more-link btn\" href=\"https:\/\/www.pedagogie.ac-nice.fr\/plplh\/1ere-bac-pro-emc-ressources-pedagogiques\/\">Lire la suite<\/a><\/p>\n","protected":false},"author":195,"featured_media":0,"parent":0,"menu_order":0,"comment_status":"closed","ping_status":"closed","template":"","meta":{"ngg_post_thumbnail":0,"footnotes":""},"class_list":["post-10554","page","type-page","status-publish","hentry","nodate","item-wrap"],"rttpg_featured_image_url":null,"rttpg_author":{"display_name":"David Lamoureux","author_link":"https:\/\/www.pedagogie.ac-nice.fr\/plplh\/author\/dlamoureux\/"},"rttpg_comment":0,"rttpg_category":null,"rttpg_excerpt":"EMC Des ressources num\u00e9riques mobilisables pour l\u2019Enseignement Moral et Civique sur Eduscol. Ensemble de ressources de Canop\u00e9 autour des valeurs de la R\u00e9publique par un double \u00e9clairage : philosophique et historique. Glossaire Eduscol de 2015. Premier the\u0300me : E\u0301gaux et fraternels L\u2019\u00e9galit\u00e9 filles-gar\u00e7ons Cartes interactives Le Monde : Quand les femmes ont-elles obtenu le droit\u2026","post_mailing_queue_ids":[],"_links":{"self":[{"href":"https:\/\/www.pedagogie.ac-nice.fr\/plplh\/wp-json\/wp\/v2\/pages\/10554","targetHints":{"allow":["GET"]}}],"collection":[{"href":"https:\/\/www.pedagogie.ac-nice.fr\/plplh\/wp-json\/wp\/v2\/pages"}],"about":[{"href":"https:\/\/www.pedagogie.ac-nice.fr\/plplh\/wp-json\/wp\/v2\/types\/page"}],"author":[{"embeddable":true,"href":"https:\/\/www.pedagogie.ac-nice.fr\/plplh\/wp-json\/wp\/v2\/users\/195"}],"replies":[{"embeddable":true,"href":"https:\/\/www.pedagogie.ac-nice.fr\/plplh\/wp-json\/wp\/v2\/comments?post=10554"}],"version-history":[{"count":3,"href":"https:\/\/www.pedagogie.ac-nice.fr\/plplh\/wp-json\/wp\/v2\/pages\/10554\/revisions"}],"predecessor-version":[{"id":10642,"href":"https:\/\/www.pedagogie.ac-nice.fr\/plplh\/wp-json\/wp\/v2\/pages\/10554\/revisions\/10642"}],"wp:attachment":[{"href":"https:\/\/www.pedagogie.ac-nice.fr\/plplh\/wp-json\/wp\/v2\/media?parent=10554"}],"curies":[{"name":"wp","href":"https:\/\/api.w.org\/{rel}","templated":true}]}}