{"id":10559,"date":"2025-12-24T11:53:18","date_gmt":"2025-12-24T10:53:18","guid":{"rendered":"https:\/\/www.pedagogie.ac-nice.fr\/plplh\/?page_id=10559"},"modified":"2026-01-15T09:45:26","modified_gmt":"2026-01-15T08:45:26","slug":"tle-bac-pro-emc-ressources-pedagogiques","status":"publish","type":"page","link":"https:\/\/www.pedagogie.ac-nice.fr\/plplh\/tle-bac-pro-emc-ressources-pedagogiques\/","title":{"rendered":"Tle BAC PRO \u2013 EMC \u2013 Ressources p\u00e9dagogiques"},"content":{"rendered":"<h3><span style=\"color: #ff6600;\">EMC<\/span><\/h3>\n<div class=\"page\" title=\"Page 1\">\n<div class=\"layoutArea\">\n<div class=\"column\">\n<ul>\n<li>Des <a href=\"https:\/\/eduscol.education.fr\/histoire-geographie\/enseigner\/ressources-et-usages-numeriques\/ressources-numeriques\/ressources-pour-lemc.html\"><strong>ressources num\u00e9riques mobilisables pour l\u2019Enseignement Moral et Civique<\/strong><\/a> sur Eduscol<\/li>\n<li>Ensemble de ressources de Canop\u00e9 <a href=\"https:\/\/www.reseau-canope.fr\/les-valeurs-de-la-republique\/les-valeurs-et-notions.html\"><strong>autour des valeurs de la R\u00e9publique<\/strong><\/a> par un double \u00e9clairage : philosophique et historique<\/li>\n<li><a href=\"https:\/\/www.pedagogie.ac-nice.fr\/plplh\/wp-content\/uploads\/sites\/18\/2020\/10\/Ress_emc_glossaire_464025.pdf\"><strong>Glossaire Eduscol <\/strong><\/a>de 2015<\/li>\n<\/ul>\n<h4><span style=\"color: #ff6600;\">The\u0300me annuel : S\u2019engager et de\u0301battre en de\u0301mocratie autour des de\u0301fis de socie\u0301te\u0301<\/span><\/h4>\n<p><span style=\"color: #0000ff;\"><strong>Les changements environnementaux<\/strong><\/span><\/p>\n<p>Vid\u00e9o de l&rsquo;Ademe : <a href=\"https:\/\/www.notre-environnement.gouv.fr\/donnees-et-ressources\/ressources\/videos\/article\/comprendre-le-changement-climatique\"><strong>\u00ab\u00a0Comprendre le changement climatique\u00a0\u00bb<\/strong><\/a><\/p>\n<p><span style=\"color: #0000ff;\"><strong>Le de\u0301veloppement des biotechnologies<\/strong><\/span><\/p>\n<ul>\n<li>\u00c9missions\n<ul>\n<li>28 minutes d&rsquo;ARTE\n<ul>\n<li><strong><a href=\"https:\/\/www.youtube.com\/watch?v=uot1er_yEfk\">\u00ab\u00a0Faut-il changer la loi sur la fin de vie ?\u00a0\u00bb<\/a><\/strong> (2021)<\/li>\n<li><a href=\"https:\/\/www.youtube.com\/watch?v=8AkEwmz_ssA\"><strong>\u00ab\u00a0Euthanasie : faut-il la l\u00e9galiser ?\u00a0\u00bb <\/strong><\/a>(2021)<\/li>\n<\/ul>\n<\/li>\n<\/ul>\n<\/li>\n<li>Vid\u00e9os\n<ul>\n<li><em>Le Monde<\/em>\n<ul>\n<li><strong><a href=\"https:\/\/www.dailymotion.com\/video\/x8u86r0\" target=\"_blank\" rel=\"noopener\">\u00ab\u00a0Fin de vie : que dit la loi actuelle ?\u00a0\u00bb<\/a><\/strong> (2023)<\/li>\n<li><strong><a href=\"https:\/\/www.dailymotion.com\/video\/x8puy83\" target=\"_blank\" rel=\"noopener\">\u00ab\u00a0Pourquoi une nouvelle loi sur la fin de vie ? Trois minutes pour comprendre.\u00a0\u00bb<\/a><\/strong> (2023)<\/li>\n<li>\n<p id=\"media-title\" class=\"Typography__h5___3Y-Y6 NewVideoInfoTitle__videoTitle___3kiXi\"><strong><a href=\"https:\/\/www.lemonde.fr\/comprendre-en-3-minutes\/video\/2024\/03\/12\/que-sont-les-nouveaux-ogm-comprendre-en-trois-minutes_6221509_6176282.html\" target=\"_blank\" rel=\"noopener\">\u00ab\u00a0Que sont les \u00ab nouveaux OGM \u00bb ? Comprendre en trois minutes\u00a0\u00bb<\/a><\/strong> (2024)<\/p>\n<\/li>\n<\/ul>\n<\/li>\n<\/ul>\n<\/li>\n<\/ul>\n<p><span style=\"color: #0000ff;\"><strong>La re\u0301volution nume\u0301rique<\/strong><\/span><\/p>\n<ul>\n<li>Documentaires\n<ul>\n<li>ARTE : <strong><a href=\"https:\/\/www.youtube.com\/watch?v=OtVsLJDQTns\">\u00ab\u00a0Stories of Conflict &#8211; La guerre sur la toile\u00a0\u00bb<\/a><\/strong> (2020)<\/li>\n<li>28 minutes d&rsquo;ARTE : <strong><a href=\"https:\/\/www.arte.tv\/fr\/videos\/111272-002-A\/cyberattaque-faut-il-avoir-peur-pour-nos-donnees-personnelles\/\"><span class=\" css-15vdndy\">\u00ab\u00a0Cyberattaque : faut-il avoir peur pour nos donn\u00e9es personnelles ?\u00a0\u00bb <\/span><\/a><\/strong>(2022)<\/li>\n<\/ul>\n<\/li>\n<li>Ressources p\u00e9dagogiques\n<ul>\n<li><a href=\"https:\/\/www.defenseurdesdroits.fr\/fr\/guides\/kit-pedagogique-du-citoyen-numerique\"><strong>Kit p\u00e9dagogique du citoyen num\u00e9rique<\/strong><\/a> du d\u00e9fenseur des droits de la R\u00e9publique fran\u00e7aise<\/li>\n<li><a href=\"https:\/\/www.hadopi.fr\/ressources\/modules-pedagogiques-enseignant\"><strong>Ressources p\u00e9dagogiques <\/strong><\/a>pour la communaut\u00e9 \u00e9ducative d&rsquo;Hadopi<\/li>\n<\/ul>\n<\/li>\n<li>Sites Internet\n<ul>\n<li><a href=\"https:\/\/www.clemi.fr\" target=\"_blank\" rel=\"noopener\"><strong>CLEMI<\/strong><\/a><\/li>\n<li><a href=\"https:\/\/www.cnil.fr\" target=\"_blank\" rel=\"noopener\"><strong>CNIL (commission Nationale de l&rsquo;Informatique et des Libert\u00e9s)<\/strong><\/a><\/li>\n<li><a href=\"https:\/\/eduscol.education.fr\/3289\/l-education-la-citoyennete-numerique\"><strong>Page Eduscol<\/strong><\/a> consacr\u00e9e \u00e0 la citoyennet\u00e9 num\u00e9rique<\/li>\n<\/ul>\n<\/li>\n<\/ul>\n<ul>\n<li>Vid\u00e9os\n<ul>\n<li>France TV : <a href=\"https:\/\/www.youtube.com\/watch?v=G1_ryVCLWoc\"><strong>\u00ab\u00a0R\u00e9seaux sociaux : flux \u00e0 lier\u00a0\u00bb<\/strong><\/a><span class=\"style-scope yt-formatted-string\" dir=\"auto\">, <\/span><span class=\"\">#<\/span>DataGueule <span class=\"\">95<\/span> (2020)&nbsp;<\/li>\n<li>Le Dessous des Cartes :\n<ul>\n<li><strong><a href=\"https:\/\/www.youtube.com\/watch?v=z9v5THqnKCg\">\u00ab\u00a05G : une guerre froide sino-am\u00e9ricaine\u00a0\u00bb<\/a><\/strong> (2020)<\/li>\n<li>\u00ab\u00a0<strong><a href=\"https:\/\/www.youtube.com\/watch?v=H6vnLv4FtkM\">Le cyber, nouvel espace g\u00e9opolitique\u00a0\u00bb<\/a><\/strong> (2018)<\/li>\n<li><strong><a href=\"https:\/\/www.youtube.com\/watch?v=hWeksJQQRyU\">\u00ab\u00a0G\u00e9opolitique des r\u00e9seaux sociaux\u00a0\u00bb<\/a><\/strong> (2021)<\/li>\n<\/ul>\n<\/li>\n<\/ul>\n<\/li>\n<\/ul>\n<\/div>\n<\/div>\n<\/div>\n","protected":false},"excerpt":{"rendered":"<p>EMC Des ressources num\u00e9riques mobilisables pour l\u2019Enseignement Moral et Civique sur Eduscol Ensemble de ressources de Canop\u00e9 autour des valeurs de la R\u00e9publique par un double \u00e9clairage : philosophique et historique Glossaire Eduscol de 2015 The\u0300me annuel : S\u2019engager et de\u0301battre en de\u0301mocratie autour des de\u0301fis de socie\u0301te\u0301 Les changements environnementaux Vid\u00e9o de l&rsquo;Ademe : &hellip; <\/p>\n<p><a class=\"more-link btn\" href=\"https:\/\/www.pedagogie.ac-nice.fr\/plplh\/tle-bac-pro-emc-ressources-pedagogiques\/\">Lire la suite<\/a><\/p>\n","protected":false},"author":195,"featured_media":0,"parent":0,"menu_order":0,"comment_status":"closed","ping_status":"closed","template":"","meta":{"ngg_post_thumbnail":0,"footnotes":""},"class_list":["post-10559","page","type-page","status-publish","hentry","nodate","item-wrap"],"rttpg_featured_image_url":null,"rttpg_author":{"display_name":"David Lamoureux","author_link":"https:\/\/www.pedagogie.ac-nice.fr\/plplh\/author\/dlamoureux\/"},"rttpg_comment":0,"rttpg_category":null,"rttpg_excerpt":"EMC Des ressources num\u00e9riques mobilisables pour l\u2019Enseignement Moral et Civique sur Eduscol Ensemble de ressources de Canop\u00e9 autour des valeurs de la R\u00e9publique par un double \u00e9clairage : philosophique et historique Glossaire Eduscol de 2015 The\u0300me annuel : S\u2019engager et de\u0301battre en de\u0301mocratie autour des de\u0301fis de socie\u0301te\u0301 Les changements environnementaux Vid\u00e9o de l&rsquo;Ademe :\u2026","post_mailing_queue_ids":[],"_links":{"self":[{"href":"https:\/\/www.pedagogie.ac-nice.fr\/plplh\/wp-json\/wp\/v2\/pages\/10559","targetHints":{"allow":["GET"]}}],"collection":[{"href":"https:\/\/www.pedagogie.ac-nice.fr\/plplh\/wp-json\/wp\/v2\/pages"}],"about":[{"href":"https:\/\/www.pedagogie.ac-nice.fr\/plplh\/wp-json\/wp\/v2\/types\/page"}],"author":[{"embeddable":true,"href":"https:\/\/www.pedagogie.ac-nice.fr\/plplh\/wp-json\/wp\/v2\/users\/195"}],"replies":[{"embeddable":true,"href":"https:\/\/www.pedagogie.ac-nice.fr\/plplh\/wp-json\/wp\/v2\/comments?post=10559"}],"version-history":[{"count":3,"href":"https:\/\/www.pedagogie.ac-nice.fr\/plplh\/wp-json\/wp\/v2\/pages\/10559\/revisions"}],"predecessor-version":[{"id":10773,"href":"https:\/\/www.pedagogie.ac-nice.fr\/plplh\/wp-json\/wp\/v2\/pages\/10559\/revisions\/10773"}],"wp:attachment":[{"href":"https:\/\/www.pedagogie.ac-nice.fr\/plplh\/wp-json\/wp\/v2\/media?parent=10559"}],"curies":[{"name":"wp","href":"https:\/\/api.w.org\/{rel}","templated":true}]}}