{"id":10577,"date":"2025-12-24T15:27:59","date_gmt":"2025-12-24T14:27:59","guid":{"rendered":"https:\/\/www.pedagogie.ac-nice.fr\/plplh\/?page_id=10577"},"modified":"2025-12-24T18:04:01","modified_gmt":"2025-12-24T17:04:01","slug":"bts-programmes-et-textes-officiels","status":"publish","type":"page","link":"https:\/\/www.pedagogie.ac-nice.fr\/plplh\/bts-programmes-et-textes-officiels\/","title":{"rendered":"Culture G\u00e9n\u00e9rale et Expression"},"content":{"rendered":"<h4><span style=\"color: #ff6600;\">1. Programme<\/span><\/h4>\n<p>Retrouvez des proposition de probl\u00e9matiques, des indications bibliographiques, d\u2019\u0153uvres filmiques ou musicales pour le th\u00e8me pr\u00e9vu.<\/p>\n<h4><span style=\"color: #ff0000;\"><strong>Session 2026<\/strong><\/span><\/h4>\n<ul>\n<li><strong><a href=\"https:\/\/www.education.gouv.fr\/bo\/2025\/Hebdo24\/MENS2508196N\" target=\"_blank\" rel=\"noopener\">BO n\u00b017 du 24 avril 2025 <\/a><\/strong>concernant le th\u00e8me retenu pour l\u2019enseignement de culture g\u00e9n\u00e9rale et expression en deuxi\u00e8me ann\u00e9e de BTS &#8211; Session 2025. Vous y retrouvez \u00e9galement des propositions de ressources.\n<ul>\n<li>Th\u00e8me : <em>Les animaux et nous : imaginer, conna\u00eetre, comprendre l\u2019animal<\/em><\/li>\n<\/ul>\n<\/li>\n<\/ul>\n<h4><span style=\"color: #ff6600;\"><strong>2. D\u00e9finition de l&rsquo;\u00e9preuve d&rsquo;examen<\/strong><\/span><\/h4>\n<ul>\n<li><strong><a href=\"https:\/\/www.pedagogie.ac-nice.fr\/plplh\/wp-content\/uploads\/sites\/18\/2023\/09\/joe_20230802_0177_0016.pdf\" target=\"_blank\" rel=\"noopener\">Arr\u00eat\u00e9 du 13 juillet 2023<\/a><\/strong> relatif :\n<ul>\n<li>aux objectifs et contenus de l&rsquo;enseignement de culture g\u00e9n\u00e9rale et expression<\/li>\n<li>aux comp\u00e9tences travaill\u00e9es<\/li>\n<li>\u00e0 la d\u00e9finition de l&rsquo;\u00e9preuve de culture g\u00e9n\u00e9rale et expression du brevet de technicien sup\u00e9rieur<\/li>\n<\/ul>\n<\/li>\n<\/ul>\n<p>Afin de pr\u00e9parer au mieux les \u00e9tudiants passant les \u00e9preuves de CGE <strong>en juin 2025<\/strong>, vous trouverez trois documents nationaux relatifs \u00e0 l\u2019accompagnement de la nouvelle \u00e9preuve de CGE :<\/p>\n<ul type=\"disc\">\n<li>une <strong><a href=\"https:\/\/www.pedagogie.ac-nice.fr\/plplh\/wp-content\/uploads\/sites\/18\/2023\/10\/BTS_CGE_FAQ24_FIN.pdf\" target=\"_blank\" rel=\"noopener\">FAQ : BTS \u2013 Culture G\u00e9n\u00e9rale et Expression<\/a><\/strong> ;<\/li>\n<li>un <strong><a href=\"https:\/\/www.pedagogie.ac-nice.fr\/plplh\/wp-content\/uploads\/sites\/18\/2023\/10\/Sujet-0-CGE-sur-programme_ATable_FIN.pdf\" target=\"_blank\" rel=\"noopener\">second sujet 0<\/a><\/strong> \u2013 sur le th\u00e8me en vigueur pour 24-25 ;<\/li>\n<li>un <strong><a href=\"https:\/\/www.pedagogie.ac-nice.fr\/plplh\/wp-content\/uploads\/sites\/18\/2023\/10\/Outil_Evaluation_CGE_FIN.pdf\" target=\"_blank\" rel=\"noopener\">outil d\u2019aide \u00e0 l\u2019\u00e9valuation<\/a><\/strong> qui propose des points de rep\u00e8re pr\u00e9sentant les diff\u00e9rents niveaux selon les comp\u00e9tences envisag\u00e9es. (ce document sera ins\u00e9r\u00e9 dans les corrig\u00e9s nationaux).<\/li>\n<\/ul>\n<ul>\n<li><strong><a href=\"https:\/\/www.pedagogie.ac-nice.fr\/plplh\/evolution-des-modalites-dexamen-pour-lepreuve-de-cge-en-bts-session-2025\/\" target=\"_blank\" rel=\"noopener\">Article du site disciplinaire qui pr\u00e9sente les \u00e9volutions de l&rsquo;\u00e9preuve<\/a><\/strong> <strong>\u00e0 partir de la session 2025<\/strong>.<\/li>\n<li><strong><a href=\"https:\/\/www.pedagogie.ac-nice.fr\/plplh\/wp-content\/uploads\/sites\/18\/2023\/10\/Lepreuve-de-Culture-generale-BTS-2025-def.pdf\" target=\"_blank\" rel=\"noopener\">Pr\u00e9sentation acad\u00e9mique des \u00e9volutions de l&rsquo;\u00e9preuve <\/a>\u00e0 partir de la session 2025.<\/strong><\/li>\n<\/ul>\n<h4><span style=\"color: #ff6600;\"><strong>3. Modalit\u00e9s des \u00e9preuves de contr\u00f4le<\/strong><\/span><\/h4>\n<ul>\n<li>BO n\u00b040 du 23 octobre 2025 qui pr\u00e9cise <strong><a href=\"https:\/\/www.education.gouv.fr\/bo\/2025\/Hebdo40\/MENS2525318N\" target=\"_blank\" rel=\"noopener\">les modalit\u00e9s pour les \u00e9preuves de contr\u00f4le du BTS<\/a><\/strong> \u00e0 partir de la <strong>session d&rsquo;examen 2026<\/strong>.\n<ul>\n<li><a href=\"https:\/\/www.pedagogie.ac-nice.fr\/plplh\/wp-content\/uploads\/sites\/18\/2025\/10\/ensecsup318_annexe-1.pdf\" target=\"_blank\" rel=\"noopener\"><strong>Grille nationale d\u2019\u00e9valuation de l&rsquo;\u00e9preuve de contr\u00f4le de culture g\u00e9n\u00e9rale et expression ou fran\u00e7ais <\/strong><\/a>(Annexe 1)<\/li>\n<\/ul>\n<\/li>\n<\/ul>\n","protected":false},"excerpt":{"rendered":"<p>1. Programme Retrouvez des proposition de probl\u00e9matiques, des indications bibliographiques, d\u2019\u0153uvres filmiques ou musicales pour le th\u00e8me pr\u00e9vu. Session 2026 BO n\u00b017 du 24 avril 2025 concernant le th\u00e8me retenu pour l\u2019enseignement de culture g\u00e9n\u00e9rale et expression en deuxi\u00e8me ann\u00e9e de BTS &#8211; Session 2025. Vous y retrouvez \u00e9galement des propositions de ressources. Th\u00e8me : &hellip; <\/p>\n<p><a class=\"more-link btn\" href=\"https:\/\/www.pedagogie.ac-nice.fr\/plplh\/bts-programmes-et-textes-officiels\/\">Lire la suite<\/a><\/p>\n","protected":false},"author":195,"featured_media":0,"parent":0,"menu_order":0,"comment_status":"closed","ping_status":"closed","template":"","meta":{"ngg_post_thumbnail":0,"footnotes":""},"class_list":["post-10577","page","type-page","status-publish","hentry","nodate","item-wrap"],"rttpg_featured_image_url":null,"rttpg_author":{"display_name":"David Lamoureux","author_link":"https:\/\/www.pedagogie.ac-nice.fr\/plplh\/author\/dlamoureux\/"},"rttpg_comment":0,"rttpg_category":null,"rttpg_excerpt":"1. Programme Retrouvez des proposition de probl\u00e9matiques, des indications bibliographiques, d\u2019\u0153uvres filmiques ou musicales pour le th\u00e8me pr\u00e9vu. Session 2026 BO n\u00b017 du 24 avril 2025 concernant le th\u00e8me retenu pour l\u2019enseignement de culture g\u00e9n\u00e9rale et expression en deuxi\u00e8me ann\u00e9e de BTS &#8211; Session 2025. Vous y retrouvez \u00e9galement des propositions de ressources. Th\u00e8me :\u2026","post_mailing_queue_ids":[],"_links":{"self":[{"href":"https:\/\/www.pedagogie.ac-nice.fr\/plplh\/wp-json\/wp\/v2\/pages\/10577","targetHints":{"allow":["GET"]}}],"collection":[{"href":"https:\/\/www.pedagogie.ac-nice.fr\/plplh\/wp-json\/wp\/v2\/pages"}],"about":[{"href":"https:\/\/www.pedagogie.ac-nice.fr\/plplh\/wp-json\/wp\/v2\/types\/page"}],"author":[{"embeddable":true,"href":"https:\/\/www.pedagogie.ac-nice.fr\/plplh\/wp-json\/wp\/v2\/users\/195"}],"replies":[{"embeddable":true,"href":"https:\/\/www.pedagogie.ac-nice.fr\/plplh\/wp-json\/wp\/v2\/comments?post=10577"}],"version-history":[{"count":5,"href":"https:\/\/www.pedagogie.ac-nice.fr\/plplh\/wp-json\/wp\/v2\/pages\/10577\/revisions"}],"predecessor-version":[{"id":10666,"href":"https:\/\/www.pedagogie.ac-nice.fr\/plplh\/wp-json\/wp\/v2\/pages\/10577\/revisions\/10666"}],"wp:attachment":[{"href":"https:\/\/www.pedagogie.ac-nice.fr\/plplh\/wp-json\/wp\/v2\/media?parent=10577"}],"curies":[{"name":"wp","href":"https:\/\/api.w.org\/{rel}","templated":true}]}}