{"id":10674,"date":"2025-12-31T11:11:44","date_gmt":"2025-12-31T10:11:44","guid":{"rendered":"https:\/\/www.pedagogie.ac-nice.fr\/plplh\/?page_id=10674"},"modified":"2026-01-23T18:26:21","modified_gmt":"2026-01-23T17:26:21","slug":"projets-et-concours-en-francais","status":"publish","type":"page","link":"https:\/\/www.pedagogie.ac-nice.fr\/plplh\/projets-et-concours-en-francais\/","title":{"rendered":"Projets et concours en Fran\u00e7ais"},"content":{"rendered":"<h3><span style=\"color: #ff6600;\"><strong>Prix et Concours<\/strong><\/span><\/h3>\n<ul>\n<li><strong><a href=\"https:\/\/www.pjef.net\/\" target=\"_blank\" rel=\"noopener\">Prix des Jeunes \u00c9crivain-e-s (nouvelle)<\/a><\/strong><\/li>\n<li><strong><a href=\"https:\/\/prixdulivredegeographie.blogspot.com\/\" target=\"_blank\" rel=\"noopener\">Prix du Livre de G\u00e9ographie des lyc\u00e9ens et \u00c9tudiants<\/a><\/strong><\/li>\n<li><a href=\"https:\/\/prixlitteraire-regionsud.fr\/le-prix-litteraire\/\" target=\"_blank\" rel=\"noopener\"><strong>Prix Litt\u00e9raire de la r\u00e9gion SUD-PACA<\/strong><\/a><\/li>\n<li><strong><a href=\"https:\/\/www.poesie-en-liberte.fr\/\" target=\"_blank\" rel=\"noopener\">Prix Po\u00e9sie en libert\u00e9<\/a><\/strong><\/li>\n<li><a href=\"https:\/\/www.education.gouv.fr\/concours-de-la-bd-scolaire-4991\" target=\"_blank\" rel=\"noopener\"><strong>Concours de la BD scolaire<\/strong><\/a><\/li>\n<li><a href=\"https:\/\/eduscol.education.fr\/3430\/concours-de-lecture-si-lisait-voix-haute-la-grande-librairie\" target=\"_blank\" rel=\"noopener\"><strong>Concours de la lecture : \u00ab&nbsp;Si <\/strong><\/a><a href=\"https:\/\/eduscol.education.fr\/1686\/concours-de-lecture-si-lisait-voix-haute-la-grande-librairie\"><strong>on lisait\u2026 \u00e0 voix haute&nbsp;\u00bb<\/strong><\/a> de l\u2019\u00e9mission <em>La Grande Librairie<\/em> (France 5).<\/li>\n<\/ul>\n<ul>\n<li><strong><a href=\"https:\/\/eduscol.education.fr\/3451\/dis-moi-dix-mots-concours-des-dix-mots\" target=\"_blank\" rel=\"noopener\">Concours litt\u00e9raire des \u00ab&nbsp;Dix mots&nbsp;\u00bb<\/a><\/strong> du Minist\u00e8re de l\u2019\u00c9ducation nationale.<\/li>\n<li><a href=\"https:\/\/www.memorial-caen.fr\/les-evenements\/concours-de-plaidoiries\/\" target=\"_blank\" rel=\"noopener\"><strong>Concours de plaidoiries des lyc\u00e9ens<\/strong><\/a> du M\u00e9morial de Caen-Normandie. Candidature individuelle ou par \u00e9quipe de deux \u00e9l\u00e8ves de lyc\u00e9e g\u00e9n\u00e9ral, technologique ou professionnel.<\/li>\n<li><strong><a href=\"https:\/\/www.printempsdespoetes.com\/operation-coudrier\" target=\"_blank\" rel=\"noopener\">Op\u00e9ration Coudrier \u2013 Printemps de po\u00e8tes<\/a><\/strong><\/li>\n<\/ul>\n<div class=\"entry-content clearfix\">\n<h3><span style=\"color: #ff6600;\"><strong>Projets men\u00e9s avec vos classes<\/strong><\/span><\/h3>\n<ul>\n<li>La <strong><a href=\"https:\/\/www.youtube.com\/watch?v=XZlOLxujYOE&amp;t=202s\" target=\"_blank\" rel=\"noopener\">prestation sc\u00e9nique<\/a><\/strong> de la classe de Premi\u00e8re Bac Pro M\u00e9tiers de la S\u00e9curit\u00e9 du <strong>LP des Palmiers \u00e0 Nice<\/strong>. R\u00e9alis\u00e9e dans le cadre du <strong><a href=\"https:\/\/prixlitteraire-regionsud.fr\/\" target=\"_blank\" rel=\"noopener\">Prix litt\u00e9raire 2023 des lyc\u00e9es et apprentis de la r\u00e9gion Sud-PACA, <\/a><\/strong>les \u00e9l\u00e8ves ont \u00e9t\u00e9 accompagn\u00e9s par Christophe Canneti&nbsp; (professeur de Lettres-Histoire) et Brigitte Simonetti (professeur documentaliste).<\/li>\n<li>La <strong><a href=\"https:\/\/www.pedagogie.ac-nice.fr\/plplh\/wp-content\/uploads\/sites\/18\/2023\/09\/CR-Prix-Goncourt-2022-C.Bureaud.pdf\" target=\"_blank\" rel=\"noopener\">pr\u00e9sentation de la participation Goncourt des lyc\u00e9ens 2022<\/a><\/strong> de la classe de Premi\u00e8re Bac pro Maintenance des Syst\u00e8mes de Production Connect\u00e9s\/ Carrosserie du <strong>LP Cisson de Toulon, <\/strong>accompagn\u00e9e par Claire Bureau (Lettres-Histoire) et Johanna Kirschbaum (professeure documentaliste). Suivez leur parcours sur l\u2019ann\u00e9e, et plus particuli\u00e8rement celui de Kalista Nivoix-Duvignac qui a port\u00e9 la voix des lyc\u00e9ens de la R\u00e9gion Sud jusqu\u2019aux d\u00e9lib\u00e9rations nationales \u00e0 Paris.<\/li>\n<li>Le <strong><a href=\"https:\/\/www.pedagogie.ac-nice.fr\/plplh\/wp-content\/uploads\/sites\/18\/2023\/09\/CR-Prix-Goncourt-V.Dussart-Vollet.pdf\" target=\"_blank\" rel=\"noopener\">compte-rendu de la participation au Goncourt des lyc\u00e9ens 2021<\/a><\/strong> de Vanessa Dussart-Vollet avec sa classe de Premi\u00e8re Bac pro Commerce Vente du <strong>LP Paul Val\u00e9ry de Menton. <\/strong>Outre l\u2019analyse globale du projet, les t\u00e9moignages des \u00e9l\u00e8ves, la mise en relation de certains ouvrages avec les objets d\u2019\u00e9tudes de fran\u00e7ais, et les liens possibles avec co-intervention ouvrent des perspectives de mise en \u0153uvre dans nos classes.<\/li>\n<li>Un <a href=\"https:\/\/www.thinglink.com\/scene\/1176923677292232706\"><strong>atelier artistique de marionnettes<\/strong><\/a> par la classe de Seconde Bac Pro M\u00e9tiers de la Mode de Christophe Canneti en collaboration avec Brigitte Simonetti (professeur documentaliste), <strong>LP les Palmiers \u00e0 Nice<\/strong>. Ce projet s\u2019inscrivait dans le cadre du Prix litt\u00e9raire des apprentis et lyc\u00e9ens 2019 et a \u00e9t\u00e9 men\u00e9 en partenariat avec la compagnie Arketal de Cannes.<\/li>\n<li>L\u2019aventure de la <a href=\"https:\/\/webmedias.ac-nice.fr\/lesescoffiers\/2018\/09\/20\/les-1ga-jury-du-prix-goncourt-2018\/\"><strong>participation au Goncourt des lyc\u00e9ens 2018<\/strong><\/a> de la classe de Premi\u00e8re Bac Pro Gestion-Administration de Laure Benoit en collaboration avec Marion Watki (professeur documentaliste), <strong>LP Escoffier \u00e0 Cagnes\/mer<\/strong>. Plusieurs articles \u00e0 consulter sur le <a href=\"https:\/\/webmedias.ac-nice.fr\/lesescoffiers\/category\/culture\/livres\/\">WebJournal des \u00e9l\u00e8ves du lyc\u00e9e<\/a>.<\/li>\n<li>La <a href=\"https:\/\/brigittesimonetti.wordpress.com\/2016\/12\/03\/des-book-trailers-pour-la-selection-goncourt-2016\/\"><strong>r\u00e9alisation de Book-Trailers<\/strong><\/a>&nbsp; par la classe de Seconde Bac Pro MRCU de Christophe Canneti en collaboration avec Brigitte Simonetti (professeur documentaliste), <strong>LP les Palmiers \u00e0 Nice<\/strong>. Ce projet s\u2019inscrivait dans le cadre du <strong>Goncourt des lyc\u00e9ens 2016<\/strong>.<\/li>\n<li>Le <strong>Goncourt des lyc\u00e9ens 2014<\/strong> avec une classe de Terminale Bac Pro de Sylvie Fr\u00e8re, <strong>LP Golf H\u00f4tel \u00e0 Hy\u00e8res<\/strong>. <a href=\"https:\/\/www.pedagogie.ac-nice.fr\/plplh\/wp-content\/uploads\/sites\/18\/2015\/05\/goncourt-des-lyc\u00e9ens-Sylvie-Fr\u00e8re-1.pdf\">T\u00e9moignage de notre coll\u00e8gue Sylvie Fr\u00e8re.<\/a><\/li>\n<li>Le <a href=\"http:\/\/prixlitt.blogspot.fr\/\"><strong>blog <\/strong><\/a>autour du Prix litt\u00e9raire des lyc\u00e9ens et apprentis 2011-2012,&nbsp; par les \u00e9l\u00e8ves de Seconde et de Premi\u00e8re Bac Pro de Pascale Baud et Mme Couture, <strong>Lyc\u00e9e de la Montagne \u00e0 Valdeblore<\/strong>.<\/li>\n<\/ul>\n<\/div>\n","protected":false},"excerpt":{"rendered":"<p>Prix et Concours Prix des Jeunes \u00c9crivain-e-s (nouvelle) Prix du Livre de G\u00e9ographie des lyc\u00e9ens et \u00c9tudiants Prix Litt\u00e9raire de la r\u00e9gion SUD-PACA Prix Po\u00e9sie en libert\u00e9 Concours de la BD scolaire Concours de la lecture : \u00ab&nbsp;Si on lisait\u2026 \u00e0 voix haute&nbsp;\u00bb de l\u2019\u00e9mission La Grande Librairie (France 5). Concours litt\u00e9raire des \u00ab&nbsp;Dix mots&nbsp;\u00bb &hellip; <\/p>\n<p><a class=\"more-link btn\" href=\"https:\/\/www.pedagogie.ac-nice.fr\/plplh\/projets-et-concours-en-francais\/\">Lire la suite<\/a><\/p>\n","protected":false},"author":195,"featured_media":0,"parent":0,"menu_order":0,"comment_status":"closed","ping_status":"closed","template":"","meta":{"ngg_post_thumbnail":0,"footnotes":""},"class_list":["post-10674","page","type-page","status-publish","hentry","nodate","item-wrap"],"rttpg_featured_image_url":null,"rttpg_author":{"display_name":"David Lamoureux","author_link":"https:\/\/www.pedagogie.ac-nice.fr\/plplh\/author\/dlamoureux\/"},"rttpg_comment":0,"rttpg_category":null,"rttpg_excerpt":"Prix et Concours Prix des Jeunes \u00c9crivain-e-s (nouvelle) Prix du Livre de G\u00e9ographie des lyc\u00e9ens et \u00c9tudiants Prix Litt\u00e9raire de la r\u00e9gion SUD-PACA Prix Po\u00e9sie en libert\u00e9 Concours de la BD scolaire Concours de la lecture : \u00ab&nbsp;Si on lisait\u2026 \u00e0 voix haute&nbsp;\u00bb de l\u2019\u00e9mission La Grande Librairie (France 5). Concours litt\u00e9raire des \u00ab&nbsp;Dix mots&nbsp;\u00bb\u2026","post_mailing_queue_ids":[],"_links":{"self":[{"href":"https:\/\/www.pedagogie.ac-nice.fr\/plplh\/wp-json\/wp\/v2\/pages\/10674","targetHints":{"allow":["GET"]}}],"collection":[{"href":"https:\/\/www.pedagogie.ac-nice.fr\/plplh\/wp-json\/wp\/v2\/pages"}],"about":[{"href":"https:\/\/www.pedagogie.ac-nice.fr\/plplh\/wp-json\/wp\/v2\/types\/page"}],"author":[{"embeddable":true,"href":"https:\/\/www.pedagogie.ac-nice.fr\/plplh\/wp-json\/wp\/v2\/users\/195"}],"replies":[{"embeddable":true,"href":"https:\/\/www.pedagogie.ac-nice.fr\/plplh\/wp-json\/wp\/v2\/comments?post=10674"}],"version-history":[{"count":5,"href":"https:\/\/www.pedagogie.ac-nice.fr\/plplh\/wp-json\/wp\/v2\/pages\/10674\/revisions"}],"predecessor-version":[{"id":10821,"href":"https:\/\/www.pedagogie.ac-nice.fr\/plplh\/wp-json\/wp\/v2\/pages\/10674\/revisions\/10821"}],"wp:attachment":[{"href":"https:\/\/www.pedagogie.ac-nice.fr\/plplh\/wp-json\/wp\/v2\/media?parent=10674"}],"curies":[{"name":"wp","href":"https:\/\/api.w.org\/{rel}","templated":true}]}}