{"id":10676,"date":"2025-12-31T11:12:17","date_gmt":"2025-12-31T10:12:17","guid":{"rendered":"https:\/\/www.pedagogie.ac-nice.fr\/plplh\/?page_id=10676"},"modified":"2026-01-23T18:29:39","modified_gmt":"2026-01-23T17:29:39","slug":"projets-et-concours-en-histoire-geographie","status":"publish","type":"page","link":"https:\/\/www.pedagogie.ac-nice.fr\/plplh\/projets-et-concours-en-histoire-geographie\/","title":{"rendered":"Projets et concours en Histoire-G\u00e9ographie"},"content":{"rendered":"<h3 class=\"post-title entry-title\"><span style=\"color: #ff6600;\">Prix et Concours<\/span><\/h3>\n<ul>\n<li><a href=\"https:\/\/eduscol.education.fr\/3541\/presentation-du-concours-national-de-la-resistance-et-de-la-deportation\" target=\"_blank\" rel=\"noopener\"><strong>Concours national de la R\u00e9sistance et de la D\u00e9portation<\/strong><\/a><\/li>\n<li><a href=\"https:\/\/www.laflammedelegalite.org\/index.php\"><strong>Concours la Flamme de l\u2019\u00e9galit\u00e9<\/strong><\/a> qui vise \u00e0 r\u00e9aliser un projet sur l\u2019histoire de la traite, de l\u2019esclavage et de leurs abolitions.<\/li>\n<li><strong><a href=\"https:\/\/eduscol.education.fr\/3436\/concours-bulles-de-memoire\" target=\"_blank\" rel=\"noopener\">Concours Bulles de m\u00e9moire <\/a><\/strong>qui est un concours de bande dessin\u00e9e portant sur des th\u00e8mes li\u00e9s \u00e0 l\u2019histoire et la m\u00e9moire des conflits contemporains.<\/li>\n<\/ul>\n<p>&nbsp;<\/p>\n<ul>\n<li><a href=\"http:\/\/www.prixcorrin-fsju.org\/\"><strong>Prix Annie et Charles Corrin<\/strong>&nbsp; <\/a>qui r\u00e9compense un travail p\u00e9dagogique sur la Shoah.<\/li>\n<li><strong><a href=\"https:\/\/prix.memorializieu.eu\/\" target=\"_blank\" rel=\"noopener\">Prix Maison d\u2019Izieu<\/a><\/strong><\/li>\n<li><strong><a href=\"https:\/\/www.pedagogie.ac-nice.fr\/plplh\/concours-appreno\u2026risque-2023-2024\/\" target=\"_blank\" rel=\"noopener\">Concours acad\u00e9mique \u00ab&nbsp;Apprenons le risque&nbsp;\u00bb<\/a><\/strong>. Pr\u00e9sentation et documents d\u2019inscription.<\/li>\n<\/ul>\n<h3><span style=\"color: #ff6600;\"><strong>Projets men\u00e9s avec vos classes<\/strong><\/span><\/h3>\n<ul>\n<li><strong><a href=\"https:\/\/www.ac-nice.fr\/concours-national-de-la-resistance-et-de-la-deportation\" target=\"_blank\" rel=\"noopener\">La r\u00e9alisation d\u2019un monument m\u00e9moriel<\/a><\/strong> :&nbsp;<strong>\u00ab&nbsp;Le M\u00e9morial des R\u00e9sistances \u00e0 la D\u00e9portation&nbsp;\u00bb<\/strong>&nbsp; &nbsp;\u2013 dans le cadre du Concours national de la R\u00e9sistance et de la D\u00e9portation 2025 \u2013 par des \u00e9l\u00e8ves&nbsp; 1PTP, IPB, et AFB de du LP Golf H\u00f4tel \u00e0 Hy\u00e8res, accompagn\u00e9s les professeurs&nbsp; M. Cabaton, Combe, Dutr\u00e9vis, El Mouatassim, Mani\u00e9ro et Mar\u00e9caux.&nbsp;<\/li>\n<li><strong><a href=\"https:\/\/www.varmatin.com\/histoire\/pour-que-les-eleves-sapproprient-lhistoire-le-debarquement-sexpose-au-lycee-leon-blum-a-draguignan-919793\" target=\"_blank\" rel=\"noopener\">L\u2019exposition sur le d\u00e9barquement de Provence<\/a><\/strong>, r\u00e9alis\u00e9e en 2024 par les \u00e9l\u00e8ves de 1er Bac Pro H\u00f4tellerie, Terminale CAP Cuisine et PSR du LP <strong>L\u00e9on Blum de Draguignan<\/strong>, avec l\u2019aide de leur professeur M. Fran\u00e7ois Auclair et Mme Mireur (professeur documentaliste).<\/li>\n<li>Le <strong><a href=\"https:\/\/youtu.be\/hcLXO17kiK4\" target=\"_blank\" rel=\"noopener\">reportage t\u00e9l\u00e9vis\u00e9<\/a><\/strong> r\u00e9alis\u00e9 par les \u00e9l\u00e8ves de Premi\u00e8re bac pro M\u00e9canique nautique du LP de <strong>La Coudouli\u00e8re de Six-Fours-les-Plages<\/strong>, avec l\u2019aide leur professeur M. Emmanuel Lantes. Ce projet pour la protection de la <strong>posidonie en M\u00e9diterran\u00e9e<\/strong> a re\u00e7u le premier prix du \u00ab&nbsp;Meilleur message environnemental&nbsp;\u00bb 2023 du dispositif Calypso de la r\u00e9gion Sud-PACA<strong>.<\/strong><\/li>\n<li>Le <a href=\"https:\/\/view.genial.ly\/6247e4c80ad28700120fea78\/presentation-concours-apprenons-le-risque\"><strong>Genial.ly sur \u00ab&nbsp;Les inondations du Gapeau \u00e0 Hy\u00e8res&nbsp;\u00bb <\/strong><\/a>cr\u00e9\u00e9 par les \u00e9l\u00e8ves de TPCVA du LP <strong>Golf H\u00f4tel \u00e0 Hy\u00e8res<\/strong>, conduits par leur professeur M. Fran\u00e7ois Cabaton.&nbsp; Cette production a remport\u00e9 le deuxi\u00e8me prix du <em>Concours \u00ab&nbsp;Apprenons le risque&nbsp;\u00bb<\/em> 2022.<\/li>\n<\/ul>\n","protected":false},"excerpt":{"rendered":"<p>Prix et Concours Concours national de la R\u00e9sistance et de la D\u00e9portation Concours la Flamme de l\u2019\u00e9galit\u00e9 qui vise \u00e0 r\u00e9aliser un projet sur l\u2019histoire de la traite, de l\u2019esclavage et de leurs abolitions. Concours Bulles de m\u00e9moire qui est un concours de bande dessin\u00e9e portant sur des th\u00e8mes li\u00e9s \u00e0 l\u2019histoire et la m\u00e9moire &hellip; <\/p>\n<p><a class=\"more-link btn\" href=\"https:\/\/www.pedagogie.ac-nice.fr\/plplh\/projets-et-concours-en-histoire-geographie\/\">Lire la suite<\/a><\/p>\n","protected":false},"author":195,"featured_media":0,"parent":0,"menu_order":0,"comment_status":"closed","ping_status":"closed","template":"","meta":{"ngg_post_thumbnail":0,"footnotes":""},"class_list":["post-10676","page","type-page","status-publish","hentry","nodate","item-wrap"],"rttpg_featured_image_url":null,"rttpg_author":{"display_name":"David Lamoureux","author_link":"https:\/\/www.pedagogie.ac-nice.fr\/plplh\/author\/dlamoureux\/"},"rttpg_comment":0,"rttpg_category":null,"rttpg_excerpt":"Prix et Concours Concours national de la R\u00e9sistance et de la D\u00e9portation Concours la Flamme de l\u2019\u00e9galit\u00e9 qui vise \u00e0 r\u00e9aliser un projet sur l\u2019histoire de la traite, de l\u2019esclavage et de leurs abolitions. Concours Bulles de m\u00e9moire qui est un concours de bande dessin\u00e9e portant sur des th\u00e8mes li\u00e9s \u00e0 l\u2019histoire et la m\u00e9moire\u2026","post_mailing_queue_ids":[],"_links":{"self":[{"href":"https:\/\/www.pedagogie.ac-nice.fr\/plplh\/wp-json\/wp\/v2\/pages\/10676","targetHints":{"allow":["GET"]}}],"collection":[{"href":"https:\/\/www.pedagogie.ac-nice.fr\/plplh\/wp-json\/wp\/v2\/pages"}],"about":[{"href":"https:\/\/www.pedagogie.ac-nice.fr\/plplh\/wp-json\/wp\/v2\/types\/page"}],"author":[{"embeddable":true,"href":"https:\/\/www.pedagogie.ac-nice.fr\/plplh\/wp-json\/wp\/v2\/users\/195"}],"replies":[{"embeddable":true,"href":"https:\/\/www.pedagogie.ac-nice.fr\/plplh\/wp-json\/wp\/v2\/comments?post=10676"}],"version-history":[{"count":4,"href":"https:\/\/www.pedagogie.ac-nice.fr\/plplh\/wp-json\/wp\/v2\/pages\/10676\/revisions"}],"predecessor-version":[{"id":10822,"href":"https:\/\/www.pedagogie.ac-nice.fr\/plplh\/wp-json\/wp\/v2\/pages\/10676\/revisions\/10822"}],"wp:attachment":[{"href":"https:\/\/www.pedagogie.ac-nice.fr\/plplh\/wp-json\/wp\/v2\/media?parent=10676"}],"curies":[{"name":"wp","href":"https:\/\/api.w.org\/{rel}","templated":true}]}}