{"id":10678,"date":"2025-12-31T11:13:20","date_gmt":"2025-12-31T10:13:20","guid":{"rendered":"https:\/\/www.pedagogie.ac-nice.fr\/plplh\/?page_id=10678"},"modified":"2026-01-23T18:46:16","modified_gmt":"2026-01-23T17:46:16","slug":"projets-et-concours-en-emc","status":"publish","type":"page","link":"https:\/\/www.pedagogie.ac-nice.fr\/plplh\/projets-et-concours-en-emc\/","title":{"rendered":"Projets et concours en EMC"},"content":{"rendered":"<h3><span style=\"color: #ff6600;\"><strong>Prix et Concours<\/strong><\/span><\/h3>\n<ul>\n<li>Pages Eduscol :\n<ul>\n<li><strong><a href=\"https:\/\/eduscol.education.fr\/2403\/education-aux-droits-humains\" target=\"_blank\" rel=\"noopener\">\u00c9ducation aux droits humains<\/a><\/strong><\/li>\n<li><strong><a href=\"https:\/\/eduscol.education.fr\/1543\/transmettre-et-faire-respecter-les-principes-et-valeurs-de-la-republique?menu_id=1888\" target=\"_blank\" rel=\"noopener\">Transmettre et faire respecter les principes et valeurs de la R\u00e9publique<\/a><\/strong><\/li>\n<\/ul>\n<\/li>\n<\/ul>\n<p>&nbsp;<\/p>\n<ul>\n<li><strong><a href=\"https:\/\/www.interieur.gouv.fr\/actualites\/grands-dossiers\/laicite-prix-pour-promouvoir-principe-republicain\/prix-de-laicite-de\" target=\"_blank\" rel=\"noopener\">Prix de la la\u00efcit\u00e9 de la R\u00e9publique fran\u00e7aise<\/a><\/strong><\/li>\n<li><a href=\"https:\/\/www.ac-nice.fr\/prix-de-la-laicite-123398\" target=\"_blank\" rel=\"noopener\"><strong>Prix acad\u00e9mique \u00ab&nbsp;Tous unis dans la la\u00efcit\u00e9&nbsp;\u00bb<\/strong><\/a><\/li>\n<li><strong><a href=\"https:\/\/www.education.gouv.fr\/prix-non-au-harcelement-12137\" target=\"_blank\" rel=\"noopener\">Prix \u00ab&nbsp;Non au harc\u00e8lement&nbsp;\u00bb<\/a><\/strong><\/li>\n<li><a href=\"https:\/\/www.dilcrah.gouv.fr\/prix-ilan-halimi\" target=\"_blank\" rel=\"noopener\"><strong>Prix<\/strong> <strong>Ilan Halimi<\/strong><\/a> cr\u00e9e par la DILCRAH dans le cadre du Plan national de lutte contre le racisme et l\u2019antis\u00e9mitisme<\/li>\n<li><strong><a href=\"https:\/\/www.inegalites.fr\/prix-jeunesse-egalite\/\" target=\"_blank\" rel=\"noopener\">Prix Jeunesse pour l\u2019\u00e9galit\u00e9<\/a><\/strong><\/li>\n<li><strong><a href=\"https:\/\/eduscol.education.fr\/3520\/le-prix-liberte\" target=\"_blank\" rel=\"noopener\">Prix Libert\u00e9<\/a><\/strong> qui invite \u00e0 d\u00e9signer chaque ann\u00e9e une personne ou une organisation engag\u00e9e dans un combat exemplaire en faveur de la libert\u00e9<strong>.&nbsp;<\/strong><\/li>\n<li><strong><a href=\"https:\/\/eduscol.education.fr\/3295\/concours-decouvrons-notre-constitution\" target=\"_blank\" rel=\"noopener\">Concours \u00ab&nbsp;D\u00e9couvrons nos institutions&nbsp;\u00bb<\/a><\/strong> du Conseil constitutionnel qui a pour but de est de sensibiliser les&nbsp; \u00e9l\u00e8ves \u00e0 la Constitution, en particulier sur les droits et libert\u00e9s qu\u2019elle garantit et aux grands principes de la R\u00e9publique.<\/li>\n<li><a href=\"https:\/\/www.clemi.fr\/fr\/zero-cliche.html\"><strong>Concours \u00ab&nbsp;Z\u00e9ro Clich\u00e9 pour l\u2019\u00e9galit\u00e9 filles-gar\u00e7ons&nbsp;\u00bb<\/strong><\/a> du CLEMI.<\/li>\n<\/ul>\n<h3><span style=\"color: #ff6600;\"><strong>Projets men\u00e9s avec vos classes<\/strong><\/span><\/h3>\n<ul>\n<li>La <a href=\"https:\/\/www.youtube.com\/watch?v=m_jLZ3lOvYs\"><strong>chanson \u201cM\u00eame combat\u201d <\/strong><\/a>et son clip r\u00e9alis\u00e9s par les \u00e9l\u00e8ves des classes de 1 MELEC, 1 MEI, 2 BAT, BTS1 ERA du <strong>LP Chiris de Grasse<\/strong>, accompagn\u00e9s par nos coll\u00e8gues de Mme Drevon-Bottero, MM. Gourmen et Lamotte. Ce projet a re\u00e7u le <em>prix acad\u00e9mique \u00ab&nbsp;Tous unis dans la la\u00efcit\u00e9&nbsp;\u00bb 2022<\/em>, le <em>prix Ferdinand Buisson<\/em>&nbsp; et le <em>prix de la La\u00efcit\u00e9 de la R\u00e9publique fran\u00e7aise 2022<\/em>.&nbsp;<\/li>\n<li>La <strong><a href=\"https:\/\/www.dailymotion.com\/video\/x77xnci\">chanson \u00ab&nbsp;C\u2019est \u00e7a la France&nbsp;\u00bb<\/a><\/strong> et son clip r\u00e9alis\u00e9s par les \u00e9l\u00e8ves de Maintenance nautique et de 1\u00e8re Gestion-Administration du <strong>LP Jacques Dolle d\u2019Antibes<\/strong>. Ce projet a re\u00e7u <em>le prix sp\u00e9cial du jury acad\u00e9mique \u00ab&nbsp;Tous unis dans la la\u00efcit\u00e9&nbsp;\u00bb 2019<\/em>.<\/li>\n<li>La <strong><a href=\"https:\/\/www.dailymotion.com\/video\/x6kodev\">chanson \u00abTodos differentes but all together\u00bb<\/a><\/strong> et son clip r\u00e9alis\u00e9s par les \u00e9l\u00e8ves de 2de Bac pro Maintenance nautique du <strong>LP Jacques Dolle d\u2019Antibes<\/strong>. Ce projet a re\u00e7u <em>le prix acad\u00e9mique \u00ab&nbsp;Tous unis dans la la\u00efcit\u00e9&nbsp;\u00bb 2018<\/em>.<\/li>\n<\/ul>\n","protected":false},"excerpt":{"rendered":"<p>Prix et Concours Pages Eduscol : \u00c9ducation aux droits humains Transmettre et faire respecter les principes et valeurs de la R\u00e9publique &nbsp; Prix de la la\u00efcit\u00e9 de la R\u00e9publique fran\u00e7aise Prix acad\u00e9mique \u00ab&nbsp;Tous unis dans la la\u00efcit\u00e9&nbsp;\u00bb Prix \u00ab&nbsp;Non au harc\u00e8lement&nbsp;\u00bb Prix Ilan Halimi cr\u00e9e par la DILCRAH dans le cadre du Plan national de &hellip; <\/p>\n<p><a class=\"more-link btn\" href=\"https:\/\/www.pedagogie.ac-nice.fr\/plplh\/projets-et-concours-en-emc\/\">Lire la suite<\/a><\/p>\n","protected":false},"author":195,"featured_media":0,"parent":0,"menu_order":0,"comment_status":"closed","ping_status":"closed","template":"","meta":{"ngg_post_thumbnail":0,"footnotes":""},"class_list":["post-10678","page","type-page","status-publish","hentry","nodate","item-wrap"],"rttpg_featured_image_url":null,"rttpg_author":{"display_name":"David Lamoureux","author_link":"https:\/\/www.pedagogie.ac-nice.fr\/plplh\/author\/dlamoureux\/"},"rttpg_comment":0,"rttpg_category":null,"rttpg_excerpt":"Prix et Concours Pages Eduscol : \u00c9ducation aux droits humains Transmettre et faire respecter les principes et valeurs de la R\u00e9publique &nbsp; Prix de la la\u00efcit\u00e9 de la R\u00e9publique fran\u00e7aise Prix acad\u00e9mique \u00ab&nbsp;Tous unis dans la la\u00efcit\u00e9&nbsp;\u00bb Prix \u00ab&nbsp;Non au harc\u00e8lement&nbsp;\u00bb Prix Ilan Halimi cr\u00e9e par la DILCRAH dans le cadre du Plan national de\u2026","post_mailing_queue_ids":[],"_links":{"self":[{"href":"https:\/\/www.pedagogie.ac-nice.fr\/plplh\/wp-json\/wp\/v2\/pages\/10678","targetHints":{"allow":["GET"]}}],"collection":[{"href":"https:\/\/www.pedagogie.ac-nice.fr\/plplh\/wp-json\/wp\/v2\/pages"}],"about":[{"href":"https:\/\/www.pedagogie.ac-nice.fr\/plplh\/wp-json\/wp\/v2\/types\/page"}],"author":[{"embeddable":true,"href":"https:\/\/www.pedagogie.ac-nice.fr\/plplh\/wp-json\/wp\/v2\/users\/195"}],"replies":[{"embeddable":true,"href":"https:\/\/www.pedagogie.ac-nice.fr\/plplh\/wp-json\/wp\/v2\/comments?post=10678"}],"version-history":[{"count":8,"href":"https:\/\/www.pedagogie.ac-nice.fr\/plplh\/wp-json\/wp\/v2\/pages\/10678\/revisions"}],"predecessor-version":[{"id":10826,"href":"https:\/\/www.pedagogie.ac-nice.fr\/plplh\/wp-json\/wp\/v2\/pages\/10678\/revisions\/10826"}],"wp:attachment":[{"href":"https:\/\/www.pedagogie.ac-nice.fr\/plplh\/wp-json\/wp\/v2\/media?parent=10678"}],"curies":[{"name":"wp","href":"https:\/\/api.w.org\/{rel}","templated":true}]}}