{"id":10697,"date":"2025-12-31T11:49:15","date_gmt":"2025-12-31T10:49:15","guid":{"rendered":"https:\/\/www.pedagogie.ac-nice.fr\/plplh\/?page_id=10697"},"modified":"2025-12-31T14:39:10","modified_gmt":"2025-12-31T13:39:10","slug":"veille-scientifique-en-emc","status":"publish","type":"page","link":"https:\/\/www.pedagogie.ac-nice.fr\/plplh\/veille-scientifique-en-emc\/","title":{"rendered":"Veille scientifique en EMC"},"content":{"rendered":"<h4 id=\"articleTitre\"><span style=\"color: #ff6600;\"><strong>Lire<\/strong><\/span><\/h4>\n<ul>\n<li>Dossier de veille de l&rsquo;IF\u00c9 : <a href=\"https:\/\/www.pedagogie.ac-nice.fr\/plplh\/wp-content\/uploads\/sites\/18\/2021\/04\/Dossier-IFE\u0301-125-juin-2018.pdf\"><strong>\u00ab\u00a0Regards sur la citoyennet\u00e9 \u00e0 l&rsquo;\u00e9cole\u00a0\u00bb<\/strong><\/a> de Claire Ravez, n\u00b0125, juin 2018 .<\/li>\n<li>Agence nationale de la s\u00e9curit\u00e9 des syst\u00e8mes d&rsquo;information (ANSSI) : <a href=\"https:\/\/cyber.gouv.fr\/publications\/cyberdico-quest-ce-que-cest\" target=\"_blank\" rel=\"noopener\"><strong>Le CyberDico<\/strong><\/a> liste, par ordre alphab\u00e9tique, des mots, expressions et sigles du domaine de la cybers\u00e9curit\u00e9.&nbsp; Il pr\u00e9sente leur traduction ainsi que leur d\u00e9finition en fran\u00e7ais et en anglais.<\/li>\n<li>Revue <em>Les Cahiers p\u00e9dagogiques :<\/em>\n<ul>\n<li>n\u00b0596 : <strong><a href=\"https:\/\/librairie.cahiers-pedagogiques.com\/revue\/1025-citoyennetes.html\" target=\"_blank\" rel=\"noopener\">\u00ab\u00a0Citoyennet\u00e9(s)\u00a0\u00bb<\/a><\/strong> (novembre-d\u00e9cembre 2024)<\/li>\n<li>n\u00b0595 : <strong><a href=\"https:\/\/librairie.cahiers-pedagogiques.com\/revue\/1016-racismes-et-ecole.html\" target=\"_blank\" rel=\"noopener\">\u00ab\u00a0Racismes et \u00e9cole\u00a0\u00bb<\/a><\/strong> (septembre-octobre 2024)<\/li>\n<\/ul>\n<\/li>\n<\/ul>\n","protected":false},"excerpt":{"rendered":"<p>Lire Dossier de veille de l&rsquo;IF\u00c9 : \u00ab\u00a0Regards sur la citoyennet\u00e9 \u00e0 l&rsquo;\u00e9cole\u00a0\u00bb de Claire Ravez, n\u00b0125, juin 2018 . Agence nationale de la s\u00e9curit\u00e9 des syst\u00e8mes d&rsquo;information (ANSSI) : Le CyberDico liste, par ordre alphab\u00e9tique, des mots, expressions et sigles du domaine de la cybers\u00e9curit\u00e9.&nbsp; Il pr\u00e9sente leur traduction ainsi que leur d\u00e9finition en &hellip; <\/p>\n<p><a class=\"more-link btn\" href=\"https:\/\/www.pedagogie.ac-nice.fr\/plplh\/veille-scientifique-en-emc\/\">Lire la suite<\/a><\/p>\n","protected":false},"author":195,"featured_media":0,"parent":0,"menu_order":0,"comment_status":"closed","ping_status":"closed","template":"","meta":{"ngg_post_thumbnail":0,"footnotes":""},"class_list":["post-10697","page","type-page","status-publish","hentry","nodate","item-wrap"],"rttpg_featured_image_url":null,"rttpg_author":{"display_name":"David Lamoureux","author_link":"https:\/\/www.pedagogie.ac-nice.fr\/plplh\/author\/dlamoureux\/"},"rttpg_comment":0,"rttpg_category":null,"rttpg_excerpt":"Lire Dossier de veille de l&rsquo;IF\u00c9 : \u00ab\u00a0Regards sur la citoyennet\u00e9 \u00e0 l&rsquo;\u00e9cole\u00a0\u00bb de Claire Ravez, n\u00b0125, juin 2018 . Agence nationale de la s\u00e9curit\u00e9 des syst\u00e8mes d&rsquo;information (ANSSI) : Le CyberDico liste, par ordre alphab\u00e9tique, des mots, expressions et sigles du domaine de la cybers\u00e9curit\u00e9.&nbsp; Il pr\u00e9sente leur traduction ainsi que leur d\u00e9finition en\u2026","post_mailing_queue_ids":[],"_links":{"self":[{"href":"https:\/\/www.pedagogie.ac-nice.fr\/plplh\/wp-json\/wp\/v2\/pages\/10697","targetHints":{"allow":["GET"]}}],"collection":[{"href":"https:\/\/www.pedagogie.ac-nice.fr\/plplh\/wp-json\/wp\/v2\/pages"}],"about":[{"href":"https:\/\/www.pedagogie.ac-nice.fr\/plplh\/wp-json\/wp\/v2\/types\/page"}],"author":[{"embeddable":true,"href":"https:\/\/www.pedagogie.ac-nice.fr\/plplh\/wp-json\/wp\/v2\/users\/195"}],"replies":[{"embeddable":true,"href":"https:\/\/www.pedagogie.ac-nice.fr\/plplh\/wp-json\/wp\/v2\/comments?post=10697"}],"version-history":[{"count":3,"href":"https:\/\/www.pedagogie.ac-nice.fr\/plplh\/wp-json\/wp\/v2\/pages\/10697\/revisions"}],"predecessor-version":[{"id":10703,"href":"https:\/\/www.pedagogie.ac-nice.fr\/plplh\/wp-json\/wp\/v2\/pages\/10697\/revisions\/10703"}],"wp:attachment":[{"href":"https:\/\/www.pedagogie.ac-nice.fr\/plplh\/wp-json\/wp\/v2\/media?parent=10697"}],"curies":[{"name":"wp","href":"https:\/\/api.w.org\/{rel}","templated":true}]}}