{"id":2570,"date":"2019-06-07T16:38:51","date_gmt":"2019-06-07T14:38:51","guid":{"rendered":"https:\/\/www.pedagogie.ac-nice.fr\/plplh\/?page_id=2570"},"modified":"2025-11-05T18:46:20","modified_gmt":"2025-11-05T17:46:20","slug":"nouveaux-programmes-rentree-2019","status":"publish","type":"page","link":"https:\/\/www.pedagogie.ac-nice.fr\/plplh\/enseigner\/nouveaux-programmes-rentree-2019\/","title":{"rendered":"PROGRAMMES"},"content":{"rendered":"<ul>\n<li><span style=\"font-size: 18pt;\"><a href=\"https:\/\/www.pedagogie.ac-nice.fr\/plplh\/3e-pep\/\" target=\"_blank\" rel=\"noopener\"><strong>3\u00e8me Pr\u00e9pa-m\u00e9tiers<\/strong><\/a><\/span><\/li>\n<li><strong><span style=\"font-size: 18pt;\"><a href=\"https:\/\/www.pedagogie.ac-nice.fr\/plplh\/cap\/\" target=\"_blank\" rel=\"noopener\">&nbsp;CAP<\/a><\/span><\/strong><\/li>\n<li><strong><span style=\"font-size: 18pt;\"><a href=\"https:\/\/www.pedagogie.ac-nice.fr\/plplh\/seconde-baccalaureat-professionnel\/\" target=\"_blank\" rel=\"noopener\">2de Bac Pro<\/a><\/span><\/strong><\/li>\n<li><strong><span style=\"font-size: 18pt;\"><a href=\"https:\/\/www.pedagogie.ac-nice.fr\/plplh\/enseigner\/nouveaux-programmes-rentree-2019\/1re-bac-pro-rentree-2020\/\" target=\"_blank\" rel=\"noopener\">1re Bac Pro<\/a><\/span><\/strong><\/li>\n<li><strong><span style=\"font-size: 18pt;\"><a href=\"https:\/\/www.pedagogie.ac-nice.fr\/plplh\/enseigner\/nouveaux-programmes-rentree-2019\/tle-bac-rentree-2021\/\" target=\"_blank\" rel=\"noopener\">Tle Bac Pro<\/a><\/span><\/strong><\/li>\n<li><strong><span style=\"font-size: 18pt;\"><a href=\"https:\/\/www.pedagogie.ac-nice.fr\/plplh\/brevet-professionnel\/\" target=\"_blank\" rel=\"noopener\">Brevet Professionnel<\/a><\/span><\/strong><\/li>\n<li><strong><span style=\"font-size: 18pt;\"><a href=\"https:\/\/www.pedagogie.ac-nice.fr\/plplh\/bts\/\" target=\"_blank\" rel=\"noopener\">Brevet de Technicien Sup\u00e9rieur<\/a><\/span><\/strong><\/li>\n<\/ul>\n","protected":false},"excerpt":{"rendered":"<p>3\u00e8me Pr\u00e9pa-m\u00e9tiers &nbsp;CAP 2de Bac Pro 1re Bac Pro Tle Bac Pro Brevet Professionnel Brevet de Technicien Sup\u00e9rieur<\/p>\n","protected":false},"author":195,"featured_media":0,"parent":1755,"menu_order":0,"comment_status":"closed","ping_status":"closed","template":"","meta":{"ngg_post_thumbnail":0,"footnotes":""},"class_list":["post-2570","page","type-page","status-publish","hentry","nodate","item-wrap"],"rttpg_featured_image_url":null,"rttpg_author":{"display_name":"David Lamoureux","author_link":"https:\/\/www.pedagogie.ac-nice.fr\/plplh\/author\/dlamoureux\/"},"rttpg_comment":0,"rttpg_category":null,"rttpg_excerpt":"3\u00e8me Pr\u00e9pa-m\u00e9tiers &nbsp;CAP 2de Bac Pro 1re Bac Pro Tle Bac Pro Brevet Professionnel Brevet de Technicien Sup\u00e9rieur","post_mailing_queue_ids":[],"_links":{"self":[{"href":"https:\/\/www.pedagogie.ac-nice.fr\/plplh\/wp-json\/wp\/v2\/pages\/2570","targetHints":{"allow":["GET"]}}],"collection":[{"href":"https:\/\/www.pedagogie.ac-nice.fr\/plplh\/wp-json\/wp\/v2\/pages"}],"about":[{"href":"https:\/\/www.pedagogie.ac-nice.fr\/plplh\/wp-json\/wp\/v2\/types\/page"}],"author":[{"embeddable":true,"href":"https:\/\/www.pedagogie.ac-nice.fr\/plplh\/wp-json\/wp\/v2\/users\/195"}],"replies":[{"embeddable":true,"href":"https:\/\/www.pedagogie.ac-nice.fr\/plplh\/wp-json\/wp\/v2\/comments?post=2570"}],"version-history":[{"count":31,"href":"https:\/\/www.pedagogie.ac-nice.fr\/plplh\/wp-json\/wp\/v2\/pages\/2570\/revisions"}],"predecessor-version":[{"id":10408,"href":"https:\/\/www.pedagogie.ac-nice.fr\/plplh\/wp-json\/wp\/v2\/pages\/2570\/revisions\/10408"}],"up":[{"embeddable":true,"href":"https:\/\/www.pedagogie.ac-nice.fr\/plplh\/wp-json\/wp\/v2\/pages\/1755"}],"wp:attachment":[{"href":"https:\/\/www.pedagogie.ac-nice.fr\/plplh\/wp-json\/wp\/v2\/media?parent=2570"}],"curies":[{"name":"wp","href":"https:\/\/api.w.org\/{rel}","templated":true}]}}