{"id":2585,"date":"2019-06-07T16:56:43","date_gmt":"2019-06-07T14:56:43","guid":{"rendered":"https:\/\/www.pedagogie.ac-nice.fr\/plplh\/?page_id=2585"},"modified":"2025-10-11T16:56:37","modified_gmt":"2025-10-11T14:56:37","slug":"cap","status":"publish","type":"page","link":"https:\/\/www.pedagogie.ac-nice.fr\/plplh\/enseigner\/cap\/","title":{"rendered":"CAP"},"content":{"rendered":"<h3><span style=\"color: #000000;\">Certificat d&rsquo;Aptitude Professionnelle<\/span><\/h3>\n<h3><span style=\"color: #3366ff;\"><strong>Fran\u00e7ais<\/strong><\/span><\/h3>\n<p><span style=\"color: #ff6600;\"><strong>Session 2025<\/strong><\/span><\/p>\n<ul>\n<li>Le <strong><a href=\"https:\/\/www.pedagogie.ac-nice.fr\/plplh\/wp-content\/uploads\/sites\/18\/2025\/10\/CAP-FR-Antilles-Guyane-Polynesie-sujet.pdf\" target=\"_blank\" rel=\"noopener\">sujet de fran\u00e7ais<\/a> aux Antilles-Guyane <\/strong>et <a href=\"https:\/\/www.pedagogie.ac-nice.fr\/plplh\/wp-content\/uploads\/sites\/18\/2025\/10\/CAP-FR-Antilles-Guyane-Polynesie-corrige.pdf\" target=\"_blank\" rel=\"noopener\">son corrig\u00e9<\/a>, septembre 2025.<\/li>\n<\/ul>\n<pre>Texte : L\u00e6titia Colombani, <em>La Tresse<\/em>, 2017.\r\nDocument iconographique : 1\u00e8re de couverture du livre Images de l\u2019exil, 2021.<\/pre>\n<ul>\n<li>Le <strong><a href=\"https:\/\/www.pedagogie.ac-nice.fr\/plplh\/wp-content\/uploads\/sites\/18\/2025\/10\/CAP-FR-Metropole-sujet-0925.pdf\" target=\"_blank\" rel=\"noopener\">sujet de fran\u00e7ais<\/a> en m\u00e9tropole<\/strong> et <a href=\"https:\/\/www.pedagogie.ac-nice.fr\/plplh\/wp-content\/uploads\/sites\/18\/2025\/10\/CAP-FR-Metropole-corrige-0925.pdf\" target=\"_blank\" rel=\"noopener\">son corrig\u00e9<\/a>, septembre 2024.<\/li>\n<\/ul>\n<pre>Texte : George Perec, <em>W ou le souvenir d\u2019enfance<\/em>, 1975.\r\nDocument iconographique : Les m\u00e9daill\u00e9s d\u2019or sur le podium de l\u2019\u00e9preuve de saut en hauteur au\r\nJeux olympiques de Tokyo en 2021.<\/pre>\n<ul>\n<li>Le <strong><a href=\"https:\/\/www.pedagogie.ac-nice.fr\/plplh\/wp-content\/uploads\/sites\/18\/2025\/06\/25-CAP-FR-ME1_v1-0.pdf\" target=\"_blank\" rel=\"noopener\">sujet de fran\u00e7ais<\/a> en m\u00e9tropole<\/strong> et <a href=\"https:\/\/www.pedagogie.ac-nice.fr\/plplh\/wp-content\/uploads\/sites\/18\/2025\/06\/25-CAP-FR-ME1C_v1-0.pdf\" target=\"_blank\" rel=\"noopener\">son corrig\u00e9<\/a>, juin 2025.<\/li>\n<\/ul>\n<pre>Texte : Colette, <em>Claudine \u00e0 l\u2019\u00e9cole<\/em>, 1900.\r\nTexte : Delphine De Vigan, <em>No et Moi<\/em>, 2007.<\/pre>\n<p><span style=\"color: #ff6600;\"><strong>Session 2024<\/strong><\/span><\/p>\n<ul>\n<li>Le <strong><a href=\"https:\/\/www.pedagogie.ac-nice.fr\/plplh\/wp-content\/uploads\/sites\/18\/2024\/10\/CAP-0924-AP-SUJET.pdf\" target=\"_blank\" rel=\"noopener\">sujet de fran\u00e7ais<\/a> aux Antilles-Guyane <\/strong>et <a href=\"https:\/\/www.pedagogie.ac-nice.fr\/plplh\/wp-content\/uploads\/sites\/18\/2024\/10\/CAP-0924-AP-Corrige.pdf\" target=\"_blank\" rel=\"noopener\">son corrig\u00e9<\/a>, septembre 2024.<\/li>\n<\/ul>\n<pre>Texte : Albert Camus, Le Premier homme, 1994.\r\nDocument iconographique : Belle-\u00cele en Mer, 1930 \u2013 1960, \u00ab L\u00e9vitation \u00bb, Pierre Jamet, 1937.<\/pre>\n<ul>\n<li>Le <strong><a href=\"https:\/\/www.pedagogie.ac-nice.fr\/plplh\/wp-content\/uploads\/sites\/18\/2024\/10\/CAP-0924-METRO-SUJET.pdf\" target=\"_blank\" rel=\"noopener\">sujet de fran\u00e7ais<\/a> en m\u00e9tropole<\/strong> et <a href=\"https:\/\/www.pedagogie.ac-nice.fr\/plplh\/wp-content\/uploads\/sites\/18\/2024\/10\/CAP-0924-METRO-Corrige.pdf\" target=\"_blank\" rel=\"noopener\">son corrig\u00e9<\/a>, septembre 2024.<\/li>\n<\/ul>\n<pre>Texte : Isabelle Carr\u00e9, <em>Les R\u00eaveurs<\/em>, 2018.\r\nDocument iconographique : Affiche du film <em>Eddie The Eagle<\/em>.<\/pre>\n<ul>\n<li>Le <strong><a href=\"https:\/\/www.pedagogie.ac-nice.fr\/plplh\/wp-content\/uploads\/sites\/18\/2024\/10\/CAP-FR-0624-antilles-guyane-sujet.pdf\" target=\"_blank\" rel=\"noopener\">sujet de fran\u00e7ais<\/a> aux Antilles-Guyane <\/strong>et <a href=\"https:\/\/www.pedagogie.ac-nice.fr\/plplh\/wp-content\/uploads\/sites\/18\/2024\/10\/CAP-FR-0624-antilles-guyane-corrige.pdf\" target=\"_blank\" rel=\"noopener\">son corrig\u00e9<\/a>, juin 2024.<\/li>\n<\/ul>\n<pre>Texte 1 : Aya Cissoko, Marie Desplechin, <em>Danb\u00e9<\/em>, 2012. \r\nTexte 2 : Jean-Philippe Blondel, <em>Au rebond<\/em>, 2008.<\/pre>\n<ul>\n<li>Le <strong><a href=\"https:\/\/www.pedagogie.ac-nice.fr\/plplh\/wp-content\/uploads\/sites\/18\/2024\/06\/METRO-CAP-FR-juin-2024.pdf\" target=\"_blank\" rel=\"noopener\">sujet de fran\u00e7ais<\/a> en m\u00e9tropole<\/strong> et <a href=\"https:\/\/www.pedagogie.ac-nice.fr\/plplh\/wp-content\/uploads\/sites\/18\/2024\/06\/METRO-CAP-FR-Corr-juin-24.pdf\" target=\"_blank\" rel=\"noopener\">son corrig\u00e9<\/a>, juin 2024.<\/li>\n<\/ul>\n<pre>Texte : David Foenkinos, <em>Num\u00e9ro deux<\/em>, 2022.\r\nDocument iconographique : Jean Dujardin remporte en 2012 l\u2019Oscar du meilleur acteur.<\/pre>\n<p><span style=\"color: #ff6600;\"><strong>Session 2023<\/strong><\/span><\/p>\n<ul>\n<li>Le <a href=\"https:\/\/www.pedagogie.ac-nice.fr\/plplh\/wp-content\/uploads\/sites\/18\/2023\/11\/SUJET-CAP-septembre-metropole.pdf\" target=\"_blank\" rel=\"noopener\"><strong>sujet de fran\u00e7ais <\/strong><\/a><strong>en m\u00e9tropole <\/strong>et son <a href=\"https:\/\/www.pedagogie.ac-nice.fr\/plplh\/wp-content\/uploads\/sites\/18\/2023\/11\/CORRIGE-CAP-septembre-metropole.pdf\" target=\"_blank\" rel=\"noopener\">corrig\u00e9<\/a>, septembre 2023.<\/li>\n<\/ul>\n<pre>Texte : Jean Giono,<i> L\u2019homme qui plantait des arbres<\/i>, (1953).\r\nDocument iconographique : Affiche de sensibilisation du WWF pour la COP21.<\/pre>\n<ul>\n<li>Le <a href=\"https:\/\/www.pedagogie.ac-nice.fr\/plplh\/wp-content\/uploads\/sites\/18\/2023\/06\/SUJET-CAP-FR-AG-20203.pdf\" target=\"_blank\" rel=\"noopener\"><strong>sujet de fran\u00e7ais <\/strong><\/a><strong>aux Antilles-Guyane <\/strong>et son <a href=\"https:\/\/www.pedagogie.ac-nice.fr\/plplh\/wp-content\/uploads\/sites\/18\/2023\/06\/CAP-FR-CORRIGE-Antilles-Guyane.pdf\" target=\"_blank\" rel=\"noopener\">corrig\u00e9<\/a>, juin 2023.<\/li>\n<\/ul>\n<pre>Texte n\u00b01 : Nathalie Sarraute,<em> Enfance<\/em>, 1983.\r\nDocument iconographique : Robert Doisneau, <em>Les Lilas de M\u00e9nilmontant<\/em>, Paris, 1956.<\/pre>\n<ul>\n<li>Le <a href=\"https:\/\/www.pedagogie.ac-nice.fr\/plplh\/wp-content\/uploads\/sites\/18\/2023\/06\/CAP-SUJET-FR-metropole-2023.pdf\" target=\"_blank\" rel=\"noopener\"><strong>sujet de fran\u00e7ais <\/strong><\/a><strong>en m\u00e9tropole <\/strong>et son <a href=\"https:\/\/www.pedagogie.ac-nice.fr\/plplh\/wp-content\/uploads\/sites\/18\/2023\/06\/CORRIGE-metropole-2023.pdf\" target=\"_blank\" rel=\"noopener\">corrig\u00e9<\/a>, juin 2023.<\/li>\n<\/ul>\n<pre>Document iconographique : <em>Marilyn in her dressing room<\/em>,1954.\r\nTexte : Philippe Delerm, <em>La sieste assassin\u00e9e<\/em>, 2001.<\/pre>\n<p><span style=\"color: #ff6600;\"><strong>Session 2022<\/strong><\/span><\/p>\n<ul>\n<li>Le sujet de CAP de Fran\u00e7ais <a href=\"https:\/\/www.pedagogie.ac-nice.fr\/plplh\/wp-content\/uploads\/sites\/18\/2022\/10\/Sujet-CAP-franc\u0327ais-Antilles-Guyane-sept22.pdf\"><strong>aux Antilles <\/strong><\/a>et son <a href=\"https:\/\/www.pedagogie.ac-nice.fr\/plplh\/wp-content\/uploads\/sites\/18\/2022\/10\/Corrige\u0301-Sujet-CAP-franc\u0327ais-Antilles-Guyane-sept22.pdf\">corrig\u00e9<\/a>, septembre 2022.<\/li>\n<\/ul>\n<pre>Texte n\u00b01 : Delphine de Vigan, <em>Les loyaut\u00e9s<\/em>, 2018.\r\nTexte n\u00b02 : Dessin de Plantu, 2018.<\/pre>\n<ul>\n<li>Le sujet de CAP de Fran\u00e7ais<a href=\"https:\/\/www.pedagogie.ac-nice.fr\/plplh\/wp-content\/uploads\/sites\/18\/2022\/10\/Sujet-CAP-franc\u0327ais-me\u0301tropole-sept.22.pdf\"><strong> en m\u00e9tropole <\/strong><\/a>et son <a href=\"https:\/\/www.pedagogie.ac-nice.fr\/plplh\/wp-content\/uploads\/sites\/18\/2022\/10\/Sujet-CAP-franc\u0327ais-me\u0301tropole-sept.22.pdf\">corrig\u00e9<\/a>, septembre 2022.<\/li>\n<\/ul>\n<pre>Texte n\u00b01 : Joseph Ponthus, \u00c0 la ligne, <em>Feuillets d\u2019usine<\/em>, 2019.\r\nDocument iconographique : Deux photogrammes des<em> Temps modernes<\/em>, de Charlie Chaplin, 1936.<\/pre>\n<ul>\n<li>Le sujet de CAP de Fran\u00e7ais <a href=\"https:\/\/www.pedagogie.ac-nice.fr\/plplh\/wp-content\/uploads\/sites\/18\/2022\/06\/CAP-Franc\u0327ais-SUJET-Antilles-Guyane.pdf\"><strong>aux Antilles <\/strong><\/a>et son <a href=\"https:\/\/www.pedagogie.ac-nice.fr\/plplh\/wp-content\/uploads\/sites\/18\/2022\/06\/CAP-Franc\u0327ais-CORRIGE-Antilles-Guyane.pdf\">corrig\u00e9<\/a>, juin 2022.<\/li>\n<\/ul>\n<pre>Texte n\u00b01 : Victor Hugo, <em>Les Mis\u00e9rables<\/em>, version 2016.\r\nTexte n\u00b02 : Affiche de la Fondation Abb\u00e9 Pierre, 2017.<\/pre>\n<ul>\n<li>Le sujet de CAP de Fran\u00e7ais<a href=\"https:\/\/www.pedagogie.ac-nice.fr\/plplh\/wp-content\/uploads\/sites\/18\/2022\/06\/Sjuet-CAP-franc\u0327ais-me\u0301tropole.pdf\"><strong> en m\u00e9tropole <\/strong><\/a>et son <a href=\"https:\/\/www.pedagogie.ac-nice.fr\/plplh\/wp-content\/uploads\/sites\/18\/2022\/06\/CAP-Franc\u0327ais-CORRIGE-me\u0301tropole.pdf\">corrig\u00e9<\/a>, juin 2022.<\/li>\n<\/ul>\n<pre>Texte : Colette, <em>Comment j\u2019ai d\u00e9couvert l\u2019Am\u00e9rique<\/em>, conf\u00e9rence 1940.\r\nDocument iconographique : Norman Parkinson, <em>New-York, New-York<\/em>, vers 1960.<\/pre>\n<p><span style=\"color: #ff6600;\"><strong>Session 2021<\/strong><\/span><\/p>\n<ul>\n<li>Le <a href=\"https:\/\/www.pedagogie.ac-nice.fr\/plplh\/wp-content\/uploads\/sites\/18\/2021\/06\/CAP-FR-Antilles-Guyanne-2021.pdf\">sujet de CAP de Fran\u00e7ais <strong>aux Antilles<\/strong><\/a> et son <a href=\"https:\/\/www.pedagogie.ac-nice.fr\/plplh\/wp-content\/uploads\/sites\/18\/2021\/06\/CAP-FR-CORRIGE\u0301-Antilles-Guyane-2021.pdf\">corrig\u00e9<\/a>, juin 2021.<\/li>\n<\/ul>\n<pre>Texte : Marcel Pagnol, <em>La Gloire de mon p\u00e8re<\/em>, 1957.\r\nDocument iconographique : Bansky, <em>Street art<\/em>, 2013.<\/pre>\n<ul>\n<li>Le <a href=\"https:\/\/www.pedagogie.ac-nice.fr\/plplh\/wp-content\/uploads\/sites\/18\/2021\/06\/CAP-FR-2021.pdf\">sujet de CAP de Fran\u00e7ais <strong>en m\u00e9tropole<\/strong><\/a> et son <a href=\"https:\/\/www.pedagogie.ac-nice.fr\/plplh\/wp-content\/uploads\/sites\/18\/2021\/06\/CAP-FR-CORRIGE\u0301-2021-Me\u0301tropole.pdf\">corrig\u00e9<\/a>,&nbsp; juin 2021.<\/li>\n<\/ul>\n<pre>Texte n\u00b01 : Fr\u00e9d\u00e9ric Beigbeder, <em>Un roman fran\u00e7ais<\/em>, 2009.\r\nTexte n\u00b02 : Romain Gary, <em>La promesse de l'aube<\/em>, 1960.<\/pre>\n<p><strong><span style=\"color: #ff6600;\">Session 2020<\/span><\/strong><\/p>\n<ul>\n<li>Le <a href=\"https:\/\/www.pedagogie.ac-nice.fr\/plplh\/wp-content\/uploads\/sites\/18\/2020\/09\/sujetCAPmetropole_2020.pdf\">sujet de CAP de fran\u00e7ais <strong>en m\u00e9tropole<\/strong><\/a> (Gilles Marchand, <em>Un funambule sur le sable<\/em>, extrait) et son <a href=\"https:\/\/www.pedagogie.ac-nice.fr\/plplh\/wp-content\/uploads\/sites\/18\/2020\/09\/corrige_CAPmetropole_2020.pdf\">corrig\u00e9<\/a>, septembre 2020.<\/li>\n<\/ul>\n<p><span style=\"color: #ff6600;\"><strong>Session 2019<\/strong><\/span><\/p>\n<ul>\n<li>Le <a href=\"https:\/\/www.pedagogie.ac-nice.fr\/plplh\/wp-content\/uploads\/sites\/18\/2019\/12\/Sujet-Antilles-CAP-session-2019.pdf\">sujet de CAP de fran\u00e7ais<strong> aux Antilles<\/strong><\/a>&nbsp; (Timoth\u00e9e De Fombelle, <em>Vango<\/em>, extrait) et son<a href=\"https:\/\/www.pedagogie.ac-nice.fr\/plplh\/wp-content\/uploads\/sites\/18\/2019\/12\/Corrige\u0301-Antilles-CAP-session-2019.pdf\"> corrige\u0301<\/a>, juin 2019.<\/li>\n<li>Le <a href=\"https:\/\/www.pedagogie.ac-nice.fr\/plplh\/wp-content\/uploads\/sites\/18\/2019\/05\/Sujet-me\u0301tropole-CAP-session-2019.pdf\">sujet de CAP de fran\u00e7ais <strong>en m\u00e9tropole<\/strong><\/a>&nbsp; (Ga\u00ebl Faye, <em>Petit Pays<\/em>, extrait) et son <a href=\"https:\/\/www.pedagogie.ac-nice.fr\/plplh\/wp-content\/uploads\/sites\/18\/2019\/12\/Corrige\u0301-me\u0301tropole-CAP-session-2019.pdf\">corrige\u0301, <\/a>juin 2019<a href=\"https:\/\/www.pedagogie.ac-nice.fr\/plplh\/wp-content\/uploads\/sites\/18\/2019\/12\/Corrige\u0301-me\u0301tropole-CAP-session-2019.pdf\">.<\/a><\/li>\n<\/ul>\n<p><strong><span style=\"color: #ff6600;\">Session 2018<\/span><\/strong><\/p>\n<ul>\n<li>Le&nbsp;<a href=\"https:\/\/www.pedagogie.ac-nice.fr\/plplh\/wp-content\/uploads\/sites\/18\/2018\/09\/SUJET-2.pdf\">sujet de CAP de\u00a0\u00bb secours\u00a0\u00bb <strong>aux Antilles<\/strong><\/a> (Le\u00efla Slimani, <em>Chanson douce,&nbsp;extrait<\/em>) et son <a href=\"https:\/\/www.pedagogie.ac-nice.fr\/plplh\/wp-content\/uploads\/sites\/18\/2018\/09\/CORRIG\u00ea-2.pdf\">corrig\u00e9<\/a>, septembre 2018.<\/li>\n<li>Le&nbsp;<a href=\"https:\/\/www.pedagogie.ac-nice.fr\/plplh\/wp-content\/uploads\/sites\/18\/2018\/09\/SUJET-1.pdf\">sujet de CAP de fran\u00e7ais <strong>aux Antilles <\/strong><\/a>(Marie Bastide &amp; Calogero, <em>Le Soldat<\/em>) et son <a href=\"https:\/\/www.pedagogie.ac-nice.fr\/plplh\/wp-content\/uploads\/sites\/18\/2018\/09\/CORRIG\u00ea-1.pdf\">corrig\u00e9<\/a>, septembre 2018.<\/li>\n<li>Le&nbsp;<a href=\"https:\/\/www.pedagogie.ac-nice.fr\/plplh\/wp-content\/uploads\/sites\/18\/2018\/09\/SUJET.pdf\">sujet de CAP de fran\u00e7ais <strong>en m\u00e9tropole<\/strong><\/a> (Maylis de K\u00e9rangal, <em>R\u00e9parer les vivants,&nbsp;extrait<\/em>) et <a href=\"https:\/\/www.pedagogie.ac-nice.fr\/plplh\/wp-content\/uploads\/sites\/18\/2018\/09\/CORRIG\u00ea.pdf\">son corrig\u00e9<\/a>, septembre 2018.<\/li>\n<li>Le <a href=\"https:\/\/www.pedagogie.ac-nice.fr\/plplh\/wp-content\/uploads\/sites\/18\/2018\/06\/SUJET_2018.pdf\">sujet de CAP de fran\u00e7ais <strong>en m\u00e9tropole<\/strong><\/a> (Romain Gary, <em>J\u2019ai soif d\u2019innocence et autres nouvelles<\/em>) et son <a href=\"https:\/\/www.pedagogie.ac-nice.fr\/plplh\/wp-content\/uploads\/sites\/18\/2018\/09\/CORRIG\u00c9_2018.pdf\">corrig\u00e9, <\/a>juin 2018.<\/li>\n<\/ul>\n<p><strong><span style=\"color: #ff6600;\">Session 2017<\/span><\/strong><\/p>\n<ul>\n<li>Le <a href=\"https:\/\/www.pedagogie.ac-nice.fr\/plplh\/wp-content\/uploads\/sites\/18\/2017\/06\/CAP-sujet-Fran\u00e7ais-outre-mer-1.pdf\">s<\/a><a href=\"https:\/\/www.pedagogie.ac-nice.fr\/plplh\/wp-content\/uploads\/sites\/18\/2017\/06\/CAP-sujet-Fran\u00e7ais-outre-mer-1.pdf\">ujet de CAP de Fran\u00e7ais<\/a><strong><a href=\"https:\/\/www.pedagogie.ac-nice.fr\/plplh\/wp-content\/uploads\/sites\/18\/2017\/06\/CAP-sujet-Fran\u00e7ais-outre-mer-1.pdf\"> pour l\u2019outre-mer <\/a>(<\/strong>\u00c9ric-Emmanuel Schmitt, <em>Odette Toulemonde et autres histoires<\/em>) et son <a href=\"https:\/\/www.pedagogie.ac-nice.fr\/plplh\/wp-content\/uploads\/sites\/18\/2017\/09\/corrig\u00e9-CAP-Fran\u00e7ais-outre-mer-1.pdf\">corrig\u00e9<\/a><strong><a href=\"https:\/\/www.pedagogie.ac-nice.fr\/plplh\/wp-content\/uploads\/sites\/18\/2017\/09\/corrig\u00e9-CAP-Fran\u00e7ais-outre-mer-1.pdf\">, <\/a><\/strong><a href=\"https:\/\/www.pedagogie.ac-nice.fr\/plplh\/wp-content\/uploads\/sites\/18\/2017\/09\/corrig\u00e9-CAP-Fran\u00e7ais-outre-mer-1.pdf\">j<\/a>uin 2017.<\/li>\n<li>Le <a href=\"https:\/\/www.pedagogie.ac-nice.fr\/plplh\/wp-content\/uploads\/sites\/18\/2017\/06\/sujet-de-CAP-fran\u00e7ais-1.pdf\">s<\/a><a href=\"https:\/\/www.pedagogie.ac-nice.fr\/plplh\/wp-content\/uploads\/sites\/18\/2017\/06\/sujet-de-CAP-fran\u00e7ais-1.pdf\">ujet de CAP fran\u00e7ais <\/a><strong><a href=\"https:\/\/www.pedagogie.ac-nice.fr\/plplh\/wp-content\/uploads\/sites\/18\/2017\/06\/sujet-de-CAP-fran\u00e7ais-1.pdf\">en m\u00e9tropole<\/a> (<\/strong>Andr\u00e9e Chedid, <em>Le message<\/em>) et son <a href=\"https:\/\/www.pedagogie.ac-nice.fr\/plplh\/wp-content\/uploads\/sites\/18\/2017\/09\/corrig\u00e9-CAP-fran\u00e7ais-1.pdf\">corrig\u00e9, <\/a>juin 2017.<\/li>\n<\/ul>\n<p><strong><span style=\"color: #ff6600;\">Session 2016<\/span><\/strong><\/p>\n<ul>\n<li>Le <a href=\"https:\/\/www.pedagogie.ac-nice.fr\/plplh\/wp-content\/uploads\/sites\/18\/2016\/06\/Sujet-cap-fcs-1.pdf\">sujet de CAP de fran\u00e7ais <\/a><strong><a href=\"https:\/\/www.pedagogie.ac-nice.fr\/plplh\/wp-content\/uploads\/sites\/18\/2016\/06\/Sujet-cap-fcs-1.pdf\">en m\u00e9tropole <\/a><\/strong>(Patrick Modiano, <em>Dans le caf\u00e9 de la jeunesse perdue<\/em>), juin 2016.<\/li>\n<\/ul>\n<p><strong><span style=\"color: #ff6600;\">Session 2015<\/span><\/strong><\/p>\n<ul>\n<li>Le<a href=\"https:\/\/www.pedagogie.ac-nice.fr\/plplh\/wp-content\/uploads\/sites\/18\/2015\/10\/Sujet-cap-fran\u00e7ais-1.pdf\"> sujet de CAP de fran\u00e7ais<\/a><strong><a href=\"https:\/\/www.pedagogie.ac-nice.fr\/plplh\/wp-content\/uploads\/sites\/18\/2015\/10\/Sujet-cap-fran\u00e7ais-1.pdf\"> en m\u00e9tropole<\/a><\/strong> (Ryszard Kapuscinski, <em>\u00c9b\u00e8ne Aventures africaines<\/em><strong>) <\/strong>et son <a href=\"https:\/\/www.pedagogie.ac-nice.fr\/plplh\/wp-content\/uploads\/sites\/18\/2015\/10\/Corrig\u00e9-cap-fran\u00e7ais-1.pdf\">CORRIG\u00c9,<\/a>&nbsp; septembre 2015.<\/li>\n<li>Le <a href=\"https:\/\/www.pedagogie.ac-nice.fr\/plplh\/wp-content\/uploads\/sites\/18\/2019\/12\/sujet_cap_francais_2015.pdf\">sujet de CAP de fran\u00e7ais <strong>en m\u00e9tropole<\/strong>&nbsp; <\/a>(\u00c9mile Zola, Au Bonheur des Dames) et son <a href=\"https:\/\/www.pedagogie.ac-nice.fr\/plplh\/wp-content\/uploads\/sites\/18\/2015\/07\/CAP-Fr-Corrige-3-1.pdf\">corrig\u00e9<\/a>, juin 2015.<\/li>\n<\/ul>\n","protected":false},"excerpt":{"rendered":"<p>Certificat d&rsquo;Aptitude Professionnelle Fran\u00e7ais Session 2025 Le sujet de fran\u00e7ais aux Antilles-Guyane et son corrig\u00e9, septembre 2025. Texte : L\u00e6titia Colombani, La Tresse, 2017. Document iconographique : 1\u00e8re de couverture du livre Images de l\u2019exil, 2021. Le sujet de fran\u00e7ais en m\u00e9tropole et son corrig\u00e9, septembre 2024. Texte : George Perec, W ou le souvenir &hellip; <\/p>\n<p><a class=\"more-link btn\" href=\"https:\/\/www.pedagogie.ac-nice.fr\/plplh\/enseigner\/cap\/\">Lire la suite<\/a><\/p>\n","protected":false},"author":195,"featured_media":0,"parent":1755,"menu_order":0,"comment_status":"closed","ping_status":"closed","template":"","meta":{"ngg_post_thumbnail":0,"footnotes":""},"class_list":["post-2585","page","type-page","status-publish","hentry","nodate","item-wrap"],"rttpg_featured_image_url":null,"rttpg_author":{"display_name":"David Lamoureux","author_link":"https:\/\/www.pedagogie.ac-nice.fr\/plplh\/author\/dlamoureux\/"},"rttpg_comment":0,"rttpg_category":null,"rttpg_excerpt":"Certificat d&rsquo;Aptitude Professionnelle Fran\u00e7ais Session 2025 Le sujet de fran\u00e7ais aux Antilles-Guyane et son corrig\u00e9, septembre 2025. Texte : L\u00e6titia Colombani, La Tresse, 2017. Document iconographique : 1\u00e8re de couverture du livre Images de l\u2019exil, 2021. Le sujet de fran\u00e7ais en m\u00e9tropole et son corrig\u00e9, septembre 2024. Texte : George Perec, W ou le souvenir\u2026","post_mailing_queue_ids":[],"_links":{"self":[{"href":"https:\/\/www.pedagogie.ac-nice.fr\/plplh\/wp-json\/wp\/v2\/pages\/2585","targetHints":{"allow":["GET"]}}],"collection":[{"href":"https:\/\/www.pedagogie.ac-nice.fr\/plplh\/wp-json\/wp\/v2\/pages"}],"about":[{"href":"https:\/\/www.pedagogie.ac-nice.fr\/plplh\/wp-json\/wp\/v2\/types\/page"}],"author":[{"embeddable":true,"href":"https:\/\/www.pedagogie.ac-nice.fr\/plplh\/wp-json\/wp\/v2\/users\/195"}],"replies":[{"embeddable":true,"href":"https:\/\/www.pedagogie.ac-nice.fr\/plplh\/wp-json\/wp\/v2\/comments?post=2585"}],"version-history":[{"count":62,"href":"https:\/\/www.pedagogie.ac-nice.fr\/plplh\/wp-json\/wp\/v2\/pages\/2585\/revisions"}],"predecessor-version":[{"id":10271,"href":"https:\/\/www.pedagogie.ac-nice.fr\/plplh\/wp-json\/wp\/v2\/pages\/2585\/revisions\/10271"}],"up":[{"embeddable":true,"href":"https:\/\/www.pedagogie.ac-nice.fr\/plplh\/wp-json\/wp\/v2\/pages\/1755"}],"wp:attachment":[{"href":"https:\/\/www.pedagogie.ac-nice.fr\/plplh\/wp-json\/wp\/v2\/media?parent=2585"}],"curies":[{"name":"wp","href":"https:\/\/api.w.org\/{rel}","templated":true}]}}