{"id":2589,"date":"2019-06-07T16:57:52","date_gmt":"2019-06-07T14:57:52","guid":{"rendered":"https:\/\/www.pedagogie.ac-nice.fr\/plplh\/?page_id=2589"},"modified":"2023-05-13T16:51:48","modified_gmt":"2023-05-13T14:51:48","slug":"bep","status":"publish","type":"page","link":"https:\/\/www.pedagogie.ac-nice.fr\/plplh\/enseigner\/bep\/","title":{"rendered":"BEP"},"content":{"rendered":"<h3><span style=\"color: #3366ff;\"><strong><span style=\"color: #000000;\">Brevet d&rsquo;\u00c9tudes Professionnelles<\/span><br \/>\n<\/strong><\/span><\/h3>\n<h3><span style=\"color: #3366ff;\"><strong>Fran\u00e7ais<\/strong><\/span><\/h3>\n<p><span style=\"color: #ff6600;\"><strong>Session 2020<\/strong><\/span><\/p>\n<ul>\n<li><strong>L\u2019<\/strong><strong>Homme face aux avanc\u00e9es scientifiques et techniques : <\/strong><a href=\"https:\/\/www.pedagogie.ac-nice.fr\/plplh\/wp-content\/uploads\/sites\/18\/2020\/09\/BEP-ANTILLES-FRANCAIS-SEPT-2020-Sujet.pdf\">sujet de fran\u00e7ais <\/a><strong>hors m\u00e9tropole<\/strong> et son <a href=\"https:\/\/www.pedagogie.ac-nice.fr\/plplh\/wp-content\/uploads\/sites\/18\/2020\/09\/BEP-ANTILLES-FRANCAIS-SEPT-2020-Corrige\u0301.pdf\">corrige\u0301<\/a>, septembre 2020.<\/li>\n<li><strong>Les philosophes des Lumi\u00e8res et le combat contre l&rsquo;injustice<\/strong> : <a href=\"https:\/\/www.pedagogie.ac-nice.fr\/plplh\/wp-content\/uploads\/sites\/18\/2020\/09\/BEP-METROPOLE-FRANCAIS-SEPT-2020-Sujet.pdf\">sujet de fran\u00e7ais <\/a>de <strong>m\u00e9tropole<\/strong> et son <a href=\"https:\/\/www.pedagogie.ac-nice.fr\/plplh\/wp-content\/uploads\/sites\/18\/2020\/09\/BEP-METROPOLE-FRANCAIS-SEPT-2020-Corrige\u0301.pdf\">corrige\u0301<\/a>, septembre 2020.<\/li>\n<\/ul>\n<p><span style=\"color: #ff6600;\"><strong>Session 2019<\/strong><\/span><\/p>\n<ul>\n<li><strong>Du c\u00f4t\u00e9 de l\u2019Imaginaire :<\/strong> <a href=\"https:\/\/www.pedagogie.ac-nice.fr\/plplh\/wp-content\/uploads\/sites\/18\/2019\/05\/Sujet-BEP-Franc\u0327ais-2019.pdf\">sujet de fran\u00e7ais <\/a>de <strong>m\u00e9tropole <\/strong>et son <a href=\"https:\/\/www.pedagogie.ac-nice.fr\/plplh\/wp-content\/uploads\/sites\/18\/2019\/06\/Corrige\u0301-Sujet-BEP-Franc\u0327ais-2019.pdf\">corrig\u00e9<\/a><a href=\"https:\/\/www.pedagogie.ac-nice.fr\/plplh\/wp-content\/uploads\/sites\/18\/2019\/05\/Sujet-BEP-Franc\u0327ais-2019.pdf\">,<\/a> juin 2019.<\/li>\n<\/ul>\n<p><span style=\"color: #ff6600;\"><strong>Session 2018<\/strong><\/span><\/p>\n<ul>\n<li><strong>L\u2019<\/strong><strong>Homme face aux avanc\u00e9es scientifiques et techniques : <\/strong>sujet de <a href=\"https:\/\/www.pedagogie.ac-nice.fr\/plplh\/wp-content\/uploads\/sites\/18\/2018\/09\/SUJET-BEP-FRANCAIS-Hors-M\u00e9tropole-.pdf\">fran\u00e7ais <\/a><strong>hors m\u00e9tropole<\/strong>&nbsp;et son <a href=\"https:\/\/www.pedagogie.ac-nice.fr\/plplh\/wp-content\/uploads\/sites\/18\/2018\/09\/Corrig\u00e9-SUJET-BEP-FRANCAIS-Hors-M\u00e9tropole-Juin-2018.pdf\">corrig\u00e9,<\/a> juin 2018.<\/li>\n<li><strong>Du c\u00f4t\u00e9 de l\u2019Imaginaire<\/strong> <strong>:<\/strong> <a href=\"https:\/\/www.pedagogie.ac-nice.fr\/plplh\/wp-content\/uploads\/sites\/18\/2018\/06\/SUJET-de-FRAN\u00c7AIS.pdf\">sujet de fran\u00e7ais <\/a>de <strong>m\u00e9tropole<\/strong> et son <a href=\"https:\/\/www.pedagogie.ac-nice.fr\/plplh\/wp-content\/uploads\/sites\/18\/2018\/09\/Corrig\u00e9-FRANCAIS-.pdf\">corrig\u00e9<\/a>,&nbsp; juin 2018.<\/li>\n<li><strong>L\u2019<\/strong><strong>Homme face aux avanc\u00e9es scientifiques et techniques : <\/strong><a href=\"https:\/\/www.pedagogie.ac-nice.fr\/plplh\/wp-content\/uploads\/sites\/18\/2018\/05\/Pondi_BEP_Francais2018-1.pdf\">sujet de fran\u00e7ais<\/a> \u00e0 <strong>Pondich\u00e9ry<\/strong>, mai 2018.<\/li>\n<\/ul>\n<p><span style=\"color: #ff6600;\"><strong>Session 2017<\/strong><\/span><\/p>\n<ul>\n<li><strong>Du c\u00f4t\u00e9 de l\u2019Imaginaire : <\/strong><a href=\"https:\/\/www.pedagogie.ac-nice.fr\/plplh\/wp-content\/uploads\/sites\/18\/2017\/06\/BEP-hors-m\u00e9tropole-fran\u00e7ais-1.pdf\">sujet de fran\u00e7ais <\/a><strong>hors m\u00e9tropole<\/strong><strong>, <\/strong>2017.<\/li>\n<li><strong>Les philosophes des Lumi\u00e8res et le combat contre l&rsquo;injustice : <\/strong><a href=\"https:\/\/www.pedagogie.ac-nice.fr\/plplh\/wp-content\/uploads\/sites\/18\/2017\/06\/fran\u00e7ais-Sujet-1704-1.pdf\"> sujet de fran\u00e7ais <\/a>de <strong>m\u00e9tropole<\/strong> et son <a href=\"https:\/\/www.pedagogie.ac-nice.fr\/plplh\/wp-content\/uploads\/sites\/18\/2017\/09\/BEPfran\u00e7ais-1704-corrig\u00e9-1.pdf\">corrig\u00e9,<\/a> juin 2017.<\/li>\n<\/ul>\n<p><span style=\"color: #ff6600;\"><strong>Session 2016<\/strong><\/span><\/p>\n<ul>\n<li><strong>Du c\u00f4t\u00e9 de l\u2019Imaginaire<\/strong> <strong>:<\/strong> <a href=\"https:\/\/www.pedagogie.ac-nice.fr\/plplh\/wp-content\/uploads\/sites\/18\/2016\/06\/BEP-Fran\u00e7ais-Sujet-1.pdf\">sujet de fran\u00e7ais <\/a>de <strong>m\u00e9tropole<\/strong> et son <a href=\"http:\/\/www.ac-nice.fr\/plplh\/se-former\/page-d-exemple\/sujets-dexamens\/2016_bep_fr_juin2016_corrige\/\" rel=\"attachment wp-att-1878\">corrig\u00e9<\/a>, juin 2016.<\/li>\n<li><strong>Les philosophes des Lumi\u00e8res et le combat contre l&rsquo;injustice : <\/strong><a href=\"https:\/\/www.pedagogie.ac-nice.fr\/plplh\/wp-content\/uploads\/sites\/18\/2016\/04\/Fran\u00e7ais-BEP-pondich\u00e9ry-2016-1.pdf\">sujet de fran\u00e7ais<\/a> \u00e0 <strong>Pondich\u00e9ry<\/strong>, mai 2016.<\/li>\n<\/ul>\n<p><span style=\"color: #ff6600;\"><strong>Session 2015<\/strong><\/span><\/p>\n<ul>\n<li><strong>Les philosophes des Lumi\u00e8res et le combat contre l&rsquo;injustice :<\/strong> <a href=\"https:\/\/www.pedagogie.ac-nice.fr\/plplh\/wp-content\/uploads\/sites\/18\/2015\/10\/Sujet-bep-fran\u00e7ais-1-1.pdf\">sujet de fran\u00e7ais <\/a>de <strong>m\u00e9tropole<\/strong> et son <a href=\"https:\/\/www.pedagogie.ac-nice.fr\/plplh\/wp-content\/uploads\/sites\/18\/2015\/10\/Corrig\u00e9-bep-fran\u00e7ais-1.pdf\">corrig\u00e9<\/a>, septembre 2015.<\/li>\n<li><strong>Les philosophes des Lumi\u00e8res et le combat contre l&rsquo;injustice :<\/strong> <a href=\"http:\/\/www.ac-nice.fr\/plplh\/sujets-de-bep-et-cap-session-2015-nouveau\/bep-francais-sujet-2015\/\" rel=\"attachment wp-att-503\">sujet de fran\u00e7ais <\/a>de <strong>m\u00e9tropole<\/strong> et son <a href=\"https:\/\/www.pedagogie.ac-nice.fr\/plplh\/wp-content\/uploads\/sites\/18\/2015\/07\/BEP-Fr-Corrige-1.pdf\">corrig\u00e9, <\/a>juin 2015<a href=\"https:\/\/www.pedagogie.ac-nice.fr\/plplh\/wp-content\/uploads\/sites\/18\/2015\/07\/BEP-Fr-Corrige-1.pdf\">.<\/a><\/li>\n<li><strong>Du c\u00f4t\u00e9 de l\u2019Imaginaire<\/strong> <strong>: <\/strong><a href=\"https:\/\/www.pedagogie.ac-nice.fr\/plplh\/wp-content\/uploads\/sites\/18\/2015\/05\/BEP_Francais-pondich\u00e9ry2015-1.pdf\">sujet de fran\u00e7ais<\/a> \u00e0 <strong>Pondich\u00e9ry<\/strong>, mai 2015.<\/li>\n<\/ul>\n<p><span style=\"color: #ff6600;\"><strong>Session 2014<\/strong><\/span><\/p>\n<ul>\n<li><strong>L\u2019<\/strong><strong>Homme face aux avanc\u00e9es scientifiques et techniques : <\/strong><a href=\"https:\/\/www.pedagogie.ac-nice.fr\/plplh\/wp-content\/uploads\/sites\/18\/2014\/06\/2014_bep_fr_juin_2014-1.pdf\">sujet de fran\u00e7ais <\/a>de<strong> m\u00e9tropole<\/strong><strong><a href=\"https:\/\/www.pedagogie.ac-nice.fr\/plplh\/wp-content\/uploads\/sites\/18\/2014\/06\/2014_bep_fr_juin_2014-1.pdf\">,<\/a><\/strong> juin 2014.<\/li>\n<li><strong>L\u2019<\/strong><strong>Homme face aux avanc\u00e9es scientifiques et techniques : <\/strong><a href=\"https:\/\/www.pedagogie.ac-nice.fr\/plplh\/wp-content\/uploads\/sites\/18\/2014\/05\/2014_bep_fr_pondichery_mai_2014-1.pdf\">sujets de fran\u00e7ais<\/a> \u00e0 <strong>Pondich\u00e9ry<\/strong>, mai 2014.<\/li>\n<\/ul>\n<p><span style=\"color: #ff6600;\"><strong>Session 2013<\/strong><\/span><\/p>\n<ul>\n<li><strong>Du c\u00f4t\u00e9 de l\u2019Imaginaire<\/strong> <strong>: <\/strong><a href=\"http:\/\/www.ac-nice.fr\/plplh\/sujets\/certifintermediaire\/fr_juin_2013_metropole-sujet.pdf\">sujet de fran\u00e7ais <\/a>de <strong>m\u00e9tropole<\/strong><a href=\"http:\/\/www.ac-nice.fr\/plplh\/sujets\/certifintermediaire\/fr_juin_2013_metropole-sujet.pdf\">,<\/a> juin 2013.<\/li>\n<\/ul>\n<p><span style=\"color: #ff6600;\"><strong>Session 2012<\/strong><\/span><\/p>\n<ul>\n<li><strong><a href=\"http:\/\/www.ac-nice.fr\/plplh\/sujets\/certifintermediaire\/fra-dom-sept-2012.pdf\">Sujet ultramarin septembre 2012<\/a> (du cot\u00e9 de l\u2019imaginaire)<a href=\"http:\/\/www.ac-nice.fr\/plplh\/sujets\/certifintermediaire\/fra-dom-sept-2012.pdf\">.<\/a><\/strong><\/li>\n<li><strong><a href=\"http:\/\/www.ac-nice.fr\/plplh\/sujets\/certifintermediaire\/francais-sept-2012.pdf\">Sujet septembre 2012<\/a> + <a href=\"http:\/\/www.ac-nice.fr\/plplh\/sujets\/certifintermediaire\/francais-sept-2012-corrige.pdf\">corrig\u00e9<\/a> (objet : avanc\u00e9es scientifiques).<\/strong><\/li>\n<li><strong>&nbsp;<a href=\"http:\/\/www.ac-nice.fr\/plplh\/sujets\/certifintermediaire\/juin2012-fr-dom.pdf\">Sujet juin 2012 \u2013 DOM<\/a> + <a href=\"http:\/\/www.ac-nice.fr\/plplh\/sujets\/certifintermediaire\/juin2012-fr-dom-corrige.pdf\">corrig\u00e9<\/a> (objet : Lumi\u00e8res contre injustice).<\/strong><\/li>\n<li><strong>&nbsp;<a href=\"http:\/\/www.ac-nice.fr\/plplh\/sujets\/certifintermediaire\/juin2012-fr.pdf\">Sujet juin 2012 \u2013 m\u00e9tropole<\/a> + <a href=\"http:\/\/www.ac-nice.fr\/plplh\/sujets\/certifintermediaire\/BEP_FRA_renove_juin_2012_metropole-corrige.pdf\">corrig\u00e9<\/a> (objet : avanc\u00e9es scientifiques).<\/strong><\/li>\n<\/ul>\n<p><span style=\"color: #ff6600;\"><strong>Session 2011<\/strong><\/span><\/p>\n<ul>\n<li><strong>&nbsp;<a href=\"http:\/\/www.ac-nice.fr\/plplh\/sujets\/certifintermediaire\/sujet2011-fr-nllecaledonie.pdf\">Sujet 2011 \u2013 Nouvelle Cal\u00e9donie<\/a> + <a href=\"http:\/\/www.ac-nice.fr\/plplh\/sujets\/certifintermediaire\/sujet2011-fr-nllecaledonie-corrige.pdf\">corrig\u00e9<\/a>. (objet : Lumi\u00e8res contre injustice).<\/strong><\/li>\n<li><strong>&nbsp;<a href=\"http:\/\/www.ac-nice.fr\/plplh\/sujets\/certifintermediaire\/sept2011-dom-fr.pdf\">Sujet septembre 2011 \u2013 DOM<\/a> + <a href=\"http:\/\/www.ac-nice.fr\/plplh\/sujets\/certifintermediaire\/sept2011-dom-fr-corrige.pdf\">corrig\u00e9<\/a> (objet : du cot\u00e9 de l\u2019imaginaire).<\/strong><\/li>\n<li><strong><a href=\"http:\/\/www.ac-nice.fr\/plplh\/sujets\/certifintermediaire\/sept2011-fr.pdf\">Sujet septembre 2011 \u2013 m\u00e9tropole&nbsp;<\/a>+ <a href=\"http:\/\/www.ac-nice.fr\/plplh\/sujets\/certifintermediaire\/sept2011-fr-corrige.pdf\">corrig\u00e9<\/a> (objet : du cot\u00e9 de l\u2019imaginaire).<\/strong><\/li>\n<li><strong><a href=\"http:\/\/www.ac-nice.fr\/plplh\/sujets\/certifintermediaire\/juin2011-dom-tom-fr.pdf\">Sujet juin 2011 \u2013 DOM<\/a> + <a href=\"http:\/\/www.ac-nice.fr\/plplh\/sujets\/certifintermediaire\/juin2011-dom-tom-fr-corrige.pdf\">corrig\u00e9<\/a> (objet : avanc\u00e9es scientifiques).<\/strong><\/li>\n<li><strong><a href=\"http:\/\/www.ac-nice.fr\/plplh\/sujets\/certifintermediaire\/juin2011-fr.pdf\">Sujet juin 2011 \u2013 m\u00e9tropole<\/a> + <a href=\"http:\/\/www.ac-nice.fr\/plplh\/sujets\/certifintermediaire\/juin2011-fr-corrige.pdf\">corrig\u00e9<\/a> (objet : Lumi\u00e8res contre injustice).<\/strong><\/li>\n<li><strong><a href=\"http:\/\/www.ac-nice.fr\/plplh\/sujets\/certifintermediaire\/fr-charte-annales-0.pdf\">Charte et annales z\u00e9ro.<\/a><\/strong><\/li>\n<\/ul>\n<h3><span style=\"color: #3366ff;\"><strong>Histoire-G\u00e9ographie\/EMC<\/strong><\/span><\/h3>\n<p><strong><span style=\"color: #ff6600;\">Session 2020<\/span><\/strong><\/p>\n<ul>\n<li>Le <a href=\"https:\/\/www.pedagogie.ac-nice.fr\/plplh\/wp-content\/uploads\/sites\/18\/2020\/09\/SUJET-BEP-HGEMC-2020-PRINCIPAL-METRO.pdf\"><strong>sujet d&rsquo;histoire-g\u00e9ographie-EMC <\/strong><\/a>de <strong>m\u00e9tropole<\/strong> et son <strong><a href=\"https:\/\/www.pedagogie.ac-nice.fr\/plplh\/wp-content\/uploads\/sites\/18\/2020\/09\/CORRIGE-BEP-HGEMC-2020-PRINCIPAL-METRO.pdf\">corrig\u00e9<\/a><\/strong>, septembre 2020.<\/li>\n<\/ul>\n<pre><span style=\"font-family: helvetica, arial, sans-serif;\">- Sujet d'\u00e9tude : Les dynamiques des pe\u0301riphe\u0301ries.<\/span>\r\n<span style=\"font-family: helvetica, arial, sans-serif;\">- Situation au choix : Louise Weiss et le vote des femmes dans l\u2019entre-deux-guerres OU Simone Veil et le d\u00e9bat sur l\u2019IVG.<\/span>\r\n<span style=\"font-family: helvetica, arial, sans-serif;\">- EMC : Les enjeux moraux et civiques de la socie\u0301te\u0301 de l\u2019information.<\/span><\/pre>\n<p><span style=\"color: #ff6600;\"><strong>Session 2019<\/strong><\/span><\/p>\n<ul>\n<li>Le <strong><a href=\"https:\/\/www.pedagogie.ac-nice.fr\/plplh\/wp-content\/uploads\/sites\/18\/2019\/06\/SUJET-BEP-HGEMC-2019-METRO.pdf\">sujet d\u2019histoire-g\u00e9ographie-EMC <\/a><\/strong>de <strong>m\u00e9tropole <\/strong>et son <a href=\"https:\/\/www.pedagogie.ac-nice.fr\/plplh\/wp-content\/uploads\/sites\/18\/2019\/06\/CORRIGE-BEP-HGEMC-2019-METRO.pdf\"><strong>corrig\u00e9<\/strong><\/a>, juin 2019.<\/li>\n<\/ul>\n<pre><span style=\"font-family: georgia, palatino, serif;\"><span style=\"font-family: helvetica, arial, sans-serif;\">- Sujet d'\u00e9tude : De l\u2019\u00c9tat fran\u00e7ais \u00e0 la IV\u00e8me R\u00e9publique (1940-1946).\r\n- Situation au choix : Le cin\u00e9ma en Asie OU G\u00e9ographie des go\u00fbts alimentaires.\r\n- EMC : Exercer sa citoyennet\u00e9 dans la R\u00e9publique fran\u00e7aise et dans l\u2019Union europ\u00e9enne.<\/span> <\/span><\/pre>\n<p><span style=\"color: #ff6600; font-size: 12pt;\"><strong>Session 2018<\/strong><\/span><\/p>\n<ul>\n<li>Le&nbsp;<a href=\"https:\/\/www.pedagogie.ac-nice.fr\/plplh\/wp-content\/uploads\/sites\/18\/2018\/09\/BEP-HGEMC-2018-SUJET-PRINCIPAL-GGMPS.pdf\"><strong>sujet d&rsquo;histoire-g\u00e9ographie-EMC <\/strong><\/a><strong>hors m\u00e9tropole<\/strong> et son <a href=\"https:\/\/www.pedagogie.ac-nice.fr\/plplh\/wp-content\/uploads\/sites\/18\/2018\/09\/BEP-HGEMC-2018-CORRIGE-PRINCIPAL-GGMPS.pdf\"><strong>corrig\u00e9<\/strong>,<\/a> juin 2018.<\/li>\n<\/ul>\n<pre><span style=\"font-family: helvetica, arial, sans-serif;\">- Sujet d'\u00e9tude : P\u00f4les et aires de puissance.\r\n- Situation au choix : Louise Weiss et le vote des femmes dans  l\u2019entre-deux-guerres OU Simone Veil et le d\u00e9bat sur l\u2019IVG. \r\n<\/span><span style=\"font-family: georgia, palatino, serif;\"><span style=\"font-family: helvetica, arial, sans-serif;\">- EMC : Exercer sa citoyennet\u00e9 dans la R\u00e9publique fran\u00e7aise et dans l\u2019Union europ\u00e9enne.<\/span> <\/span><\/pre>\n<ul>\n<li>Le <a href=\"https:\/\/www.pedagogie.ac-nice.fr\/plplh\/wp-content\/uploads\/sites\/18\/2018\/06\/SUJET-DHISTOIRE-G\u00c9OGRAPHIE-EMC.pdf\"><strong>sujet d&rsquo;histoire-g\u00e9ographie-EMC<\/strong><\/a> de <strong>m\u00e9tropole<\/strong> et son <strong><a href=\"https:\/\/www.pedagogie.ac-nice.fr\/plplh\/wp-content\/uploads\/sites\/18\/2018\/09\/BEP-HG-CORRIGE-PRINCIPAL-METRO.pdf\">corrig\u00e9<\/a>,<\/strong> juin 2018.<\/li>\n<\/ul>\n<pre><span style=\"font-family: georgia, palatino, serif;\">-<span style=\"font-family: helvetica, arial, sans-serif;\"> Sujet d'\u00e9tude : \u00catre ouvrier en France (1850-1975).<\/span><\/span><span style=\"font-family: helvetica, arial, sans-serif;\">\r\n- Situation au choix : La Chine littorale OU La Californie.\r\n- EMC : Exercer sa citoyennet\u00e9 dans la R\u00e9publique fran\u00e7aise et dans l\u2019Union europ\u00e9enne.<\/span><\/pre>\n<ul>\n<li>Le <a href=\"https:\/\/www.pedagogie.ac-nice.fr\/plplh\/wp-content\/uploads\/sites\/18\/2018\/05\/PONDI-BEP-Hist-G\u00e9o_EMC2018-1.pdf\">s<strong>ujet d&rsquo;histoire-g\u00e9ographie-EM<\/strong>C<\/a> \u00e0 <strong>Pondich\u00e9ry<\/strong>, mai 2018.<\/li>\n<\/ul>\n<pre><span style=\"font-family: georgia, palatino, serif;\">-<span style=\"font-family: helvetica, arial, sans-serif;\"> Sujet d'\u00e9tude : P\u00f4les et aires de puissance.\r\n- Situation au choix : Louise Weiss et le vote des femmes dans l\u2019entre-deux-guerres OU Simone Veil et le d\u00e9bat sur l\u2019IVG. \r\n- EMC : Exercer sa citoyennet\u00e9 dans la R\u00e9publique fran\u00e7aise et dans l\u2019Union europ\u00e9enne.<\/span> <\/span><\/pre>\n<p><span style=\"color: #ff6600;\"><strong>Session 2017<\/strong><\/span><\/p>\n<ul>\n<li><a href=\"https:\/\/www.pedagogie.ac-nice.fr\/plplh\/wp-content\/uploads\/sites\/18\/2017\/06\/SUJET-BEP-HGEMC-2017-PRINCIPAL-METROPOLE-1.pdf\">Le<strong> sujet d\u2019Histoire-G\u00e9ographie\u2013EMC<\/strong> de<\/a> <strong>m\u00e9tropole<\/strong> et son <strong><a href=\"https:\/\/www.pedagogie.ac-nice.fr\/plplh\/wp-content\/uploads\/sites\/18\/2017\/09\/CORRIGE-BEP-HGEMC-2017-PRINCIPAL-METROPOLE-copie-1.pdf\">corrig\u00e9<\/a><\/strong>, juin 2017.<\/li>\n<\/ul>\n<pre><span style=\"font-family: helvetica, arial, sans-serif;\">- Sujet d'\u00e9tude : Acteurs, flux, r\u00e9seaux de la mondialisation.\r\n- Situation au choix : La rafle du Vel d\u2019Hiv. OU Jean Moulin et l\u2019unification de la R\u00e9sistance. \r\n- EMC : Les enjeux moraux et civiques de la soci\u00e9t\u00e9 de l\u2019information<\/span><\/pre>\n<ul>\n<li>Le<strong> <a href=\"https:\/\/www.pedagogie.ac-nice.fr\/plplh\/wp-content\/uploads\/sites\/18\/2017\/05\/Pondi_BEP_2017-1.pdf\">sujet d&rsquo;histoire-g\u00e9ographie-EMC <\/a><\/strong>\u00e0 <strong>Pondich\u00e9ry<\/strong>, mai 2017.<\/li>\n<\/ul>\n<pre><span style=\"font-family: helvetica, arial, sans-serif;\">- Sujet d'\u00e9tude : Histoire De l\u2019\u00c9tat fran\u00e7ais \u00e0 la IV\u00e8me R\u00e9publique (1940-1946).\r\n- Situation au choix : Un pays \u00e9mergent : Le Br\u00e9sil OU Un PMA : Madagascar. \r\n- EMC : S\u2019engager : la notion de militantisme ; les grandes formes d\u2019engagement politique, syndical, associatif.<\/span><\/pre>\n<p><span style=\"color: #ff6600;\"><strong>Session 2016<\/strong><\/span><\/p>\n<ul>\n<li>Le sujet de <strong><a href=\"https:\/\/www.pedagogie.ac-nice.fr\/plplh\/wp-content\/uploads\/sites\/18\/2016\/06\/BEP-H-G-Sujet1-1.pdf\">BEP Histoire, G\u00e9ographique, EMC, session 2016.<\/a><\/strong><\/li>\n<li>Le <strong><a href=\"https:\/\/www.pedagogie.ac-nice.fr\/plplh\/wp-content\/uploads\/sites\/18\/2016\/04\/Hist-G\u00e9o_EMC-BEP-pondich\u00e9ry-2016-1.pdf\">sujet de BEP d\u2019Histoire-G\u00e9ographie-EMC<\/a><\/strong> de la session 2016 \u00e0 Pondich\u00e9ry.<\/li>\n<\/ul>\n<p><span style=\"color: #ff6600;\"><strong>Session 2015<\/strong><\/span><\/p>\n<ul>\n<li><strong>Session de septembre 2015:<\/strong> <a href=\"https:\/\/www.pedagogie.ac-nice.fr\/plplh\/wp-content\/uploads\/sites\/18\/2015\/10\/SUJET-BEP-HGEC-REMPLACEMENT-METROPOLE-2015-1.pdf\">SUJET D\u2019HISTOIRE-G\u00c9OGRAPHIE EN BEP<\/a> et son <a href=\"https:\/\/www.pedagogie.ac-nice.fr\/plplh\/wp-content\/uploads\/sites\/18\/2015\/10\/CORRIGE-BEP-HGEC-REMPLACEMENT-METROPOLE-2015-1.pdf\">CORRIGE<\/a><\/li>\n<li><strong><a href=\"http:\/\/www.ac-nice.fr\/plplh\/sujets-de-bep-et-cap-session-2015-nouveau\/bep-hist-geo-sujet-2015\/\" rel=\"attachment wp-att-504\">BEP Histoire-Geographie \u00c9ducation Civique 2015<\/a><\/strong>, CORRIG\u00c9: <a href=\"https:\/\/www.pedagogie.ac-nice.fr\/plplh\/wp-content\/uploads\/sites\/18\/2015\/07\/BEP-HGEC-Corrige-1.pdf\">(BEP Hist-G\u00e9o, \u00c9d. civique, Corrig\u00e9)<\/a><\/li>\n<li><a href=\"https:\/\/www.pedagogie.ac-nice.fr\/plplh\/wp-content\/uploads\/sites\/18\/2015\/05\/BEP_HistoireGeographie_EdCiv-pondich\u00e9ry2015-1.pdf\">BEP Histoire-Geographie-Education Civique Pondich\u00e9ry 2015<\/a><\/li>\n<\/ul>\n<p><span style=\"color: #ff6600;\"><strong>Session 2014<\/strong><\/span><\/p>\n<ul>\n<li><strong><a href=\"https:\/\/www.pedagogie.ac-nice.fr\/plplh\/wp-content\/uploads\/sites\/18\/2014\/06\/2014_bep_hgec_juin_2014-1.pdf\">&nbsp;Sujet de BEP \u2013 Session 2014<\/a><\/strong><\/li>\n<li><strong><a href=\"https:\/\/www.pedagogie.ac-nice.fr\/plplh\/wp-content\/uploads\/sites\/18\/2014\/05\/2014_bep_hgec_pondichery_mai_2014-1.pdf\">Sujets de BEP \u2013 Pondich\u00e9ry \u2013 session 2014&nbsp;<\/a><\/strong><\/li>\n<\/ul>\n<p><span style=\"color: #ff6600;\"><strong>Session 2013<\/strong><\/span><\/p>\n<ul>\n<li><strong>&nbsp;<a href=\"http:\/\/www.ac-nice.fr\/plplh\/sujets\/certifintermediaire\/HG_metropole_juin_2013_sujet.pdf\">Sujet m\u00e9tropole juin 2013.<\/a><\/strong><\/li>\n<\/ul>\n<p><span style=\"color: #ff6600;\"><strong>Session 2012<\/strong><\/span><\/p>\n<ul>\n<li><strong>&nbsp;<a href=\"http:\/\/www.ac-nice.fr\/plplh\/sujets\/bep\/hg\/sujet_nlle-caledonie_2012.pdf\">Sujet Nouvelle Cal\u00e9donie d\u00e9cembre 2012.<\/a><\/strong><\/li>\n<li><strong>&nbsp;<a href=\"http:\/\/www.ac-nice.fr\/plplh\/sujets\/certifintermediaire\/sept2012-hgec-dom.pdf\">Sujet septembre 2012 \u2013 DOM<\/a> + <a href=\"http:\/\/www.ac-nice.fr\/plplh\/sujets\/certifintermediaire\/sept2012-hgec-dom-corrige.pdf\">corrig\u00e9<\/a>.<\/strong><\/li>\n<li><strong>&nbsp;<a href=\"http:\/\/www.ac-nice.fr\/plplh\/sujets\/certifintermediaire\/hgec-sept-2012.pdf\">Sujet septembre 2012 \u2013 m\u00e9tropole.<\/a><\/strong><\/li>\n<li><strong>&nbsp;<a href=\"http:\/\/www.ac-nice.fr\/plplh\/sujets\/certifintermediaire\/juin2012-hg.pdf\">Sujet juin 2012 \u2013 m\u00e9tropole.<\/a><\/strong><\/li>\n<li><strong>&nbsp;<a href=\"http:\/\/www.ac-nice.fr\/plplh\/sujets\/certifintermediaire\/HG-2012-DOM.pdf\">Sujet juin 2012 \u2013 DOM<\/a>.<\/strong><\/li>\n<\/ul>\n<p><span style=\"color: #ff6600;\"><strong>Session 2011<\/strong><\/span><\/p>\n<ul>\n<li><strong>&nbsp;<a href=\"http:\/\/www.ac-nice.fr\/plplh\/sujets\/certifintermediaire\/sept2011-hg.pdf\">Sujet septembre 2011 m\u00e9tropole<\/a>.<\/strong><\/li>\n<li><strong>&nbsp;<a href=\"http:\/\/www.ac-nice.fr\/plplh\/sujets\/certifintermediaire\/sept2011-dom-tom-hg.pdf\">Sujet septembre 2011 DOM.<\/a><\/strong><\/li>\n<li><strong>&nbsp;<a href=\"http:\/\/www.ac-nice.fr\/plplh\/sujets\/certifintermediaire\/juin-dom-hg.pdf\">Sujet juin 2011 DOM<\/a>.<\/strong><\/li>\n<li><strong>&nbsp;<a href=\"http:\/\/www.ac-nice.fr\/plplh\/sujets\/bep\/hg\/hg-renov-2011.pdf\">Sujet juin 2011 \u2013 m\u00e9tropole<\/a> + <a href=\"http:\/\/www.ac-nice.fr\/plplh\/sujets\/bep\/hg\/sujet-2011-corrige.pdf\">corrig\u00e9.<\/a><\/strong><\/li>\n<li><strong>&nbsp;Sujets 0 : <a href=\"http:\/\/www.ac-nice.fr\/plplh\/sujets\/certifintermediaire\/hgec-sujet-a.pdf\">sujet A<\/a> et <a href=\"http:\/\/www.ac-nice.fr\/plplh\/sujets\/certifintermediaire\/hgec-sujet-b.pdf\">sujet B.<\/a><\/strong><\/li>\n<\/ul>\n","protected":false},"excerpt":{"rendered":"<p>Brevet d&rsquo;\u00c9tudes Professionnelles Fran\u00e7ais Session 2020 L\u2019Homme face aux avanc\u00e9es scientifiques et techniques : sujet de fran\u00e7ais hors m\u00e9tropole et son corrige\u0301, septembre 2020. Les philosophes des Lumi\u00e8res et le combat contre l&rsquo;injustice : sujet de fran\u00e7ais de m\u00e9tropole et son corrige\u0301, septembre 2020. Session 2019 Du c\u00f4t\u00e9 de l\u2019Imaginaire : sujet de fran\u00e7ais de &hellip; <\/p>\n<p><a class=\"more-link btn\" href=\"https:\/\/www.pedagogie.ac-nice.fr\/plplh\/enseigner\/bep\/\">Lire la suite<\/a><\/p>\n","protected":false},"author":195,"featured_media":0,"parent":1755,"menu_order":0,"comment_status":"closed","ping_status":"closed","template":"","meta":{"ngg_post_thumbnail":0,"footnotes":""},"class_list":["post-2589","page","type-page","status-publish","hentry","nodate","item-wrap"],"rttpg_featured_image_url":null,"rttpg_author":{"display_name":"David Lamoureux","author_link":"https:\/\/www.pedagogie.ac-nice.fr\/plplh\/author\/dlamoureux\/"},"rttpg_comment":0,"rttpg_category":null,"rttpg_excerpt":"Brevet d&rsquo;\u00c9tudes Professionnelles Fran\u00e7ais Session 2020 L\u2019Homme face aux avanc\u00e9es scientifiques et techniques : sujet de fran\u00e7ais hors m\u00e9tropole et son corrige\u0301, septembre 2020. Les philosophes des Lumi\u00e8res et le combat contre l&rsquo;injustice : sujet de fran\u00e7ais de m\u00e9tropole et son corrige\u0301, septembre 2020. Session 2019 Du c\u00f4t\u00e9 de l\u2019Imaginaire : sujet de fran\u00e7ais de\u2026","post_mailing_queue_ids":[],"_links":{"self":[{"href":"https:\/\/www.pedagogie.ac-nice.fr\/plplh\/wp-json\/wp\/v2\/pages\/2589","targetHints":{"allow":["GET"]}}],"collection":[{"href":"https:\/\/www.pedagogie.ac-nice.fr\/plplh\/wp-json\/wp\/v2\/pages"}],"about":[{"href":"https:\/\/www.pedagogie.ac-nice.fr\/plplh\/wp-json\/wp\/v2\/types\/page"}],"author":[{"embeddable":true,"href":"https:\/\/www.pedagogie.ac-nice.fr\/plplh\/wp-json\/wp\/v2\/users\/195"}],"replies":[{"embeddable":true,"href":"https:\/\/www.pedagogie.ac-nice.fr\/plplh\/wp-json\/wp\/v2\/comments?post=2589"}],"version-history":[{"count":29,"href":"https:\/\/www.pedagogie.ac-nice.fr\/plplh\/wp-json\/wp\/v2\/pages\/2589\/revisions"}],"predecessor-version":[{"id":7609,"href":"https:\/\/www.pedagogie.ac-nice.fr\/plplh\/wp-json\/wp\/v2\/pages\/2589\/revisions\/7609"}],"up":[{"embeddable":true,"href":"https:\/\/www.pedagogie.ac-nice.fr\/plplh\/wp-json\/wp\/v2\/pages\/1755"}],"wp:attachment":[{"href":"https:\/\/www.pedagogie.ac-nice.fr\/plplh\/wp-json\/wp\/v2\/media?parent=2589"}],"curies":[{"name":"wp","href":"https:\/\/api.w.org\/{rel}","templated":true}]}}