{"id":2595,"date":"2019-06-07T16:59:10","date_gmt":"2019-06-07T14:59:10","guid":{"rendered":"https:\/\/www.pedagogie.ac-nice.fr\/plplh\/?page_id=2595"},"modified":"2026-01-23T17:36:36","modified_gmt":"2026-01-23T16:36:36","slug":"dnb","status":"publish","type":"page","link":"https:\/\/www.pedagogie.ac-nice.fr\/plplh\/dnb\/","title":{"rendered":"DNB &#8211; Sujets d&rsquo;Histoire-G\u00e9ographie-EMC"},"content":{"rendered":"<h3><span style=\"color: #0000ff;\"><strong>Histoire-G\u00e9ographie-EMC<\/strong><\/span><\/h3>\n<p><span style=\"color: #ff6600;\"><strong>Session 2025<\/strong><\/span><\/p>\n<ul>\n<li>Le <a href=\"https:\/\/www.pedagogie.ac-nice.fr\/plplh\/wp-content\/uploads\/sites\/18\/2025\/10\/25PROHGEMCME3_v1-0.pdf\" target=\"_blank\" rel=\"noopener\">sujet du DNB<\/a> en<strong> m\u00e9tropole<\/strong> et son <a href=\"https:\/\/www.pedagogie.ac-nice.fr\/plplh\/wp-content\/uploads\/sites\/18\/2025\/10\/HIST-GEO-25PROHGEMCME3C_v1-0.pdf\" target=\"_blank\" rel=\"noopener\">corrig\u00e9<\/a>, septembre 2025.<\/li>\n<\/ul>\n<div class=\"page\" title=\"Page 2\">\n<div class=\"section\">\n<div class=\"layoutArea\">\n<div class=\"column\">\n<pre><span style=\"font-family: arial, helvetica, sans-serif;\">- HISTOIRE : L\u2019Europe, un the\u0301a\u0302tre majeur des guerres totales (1914-1945)\r\n- G\u00c9OGRAPHIE : Pourquoi et comment ame\u0301nager le territoire ?\r\n- EMC : La lutte contre les violences sexistes, sexuelles et conjugales<\/span><\/pre>\n<\/div>\n<\/div>\n<\/div>\n<\/div>\n<ul>\n<li>Le <a href=\"https:\/\/www.pedagogie.ac-nice.fr\/plplh\/wp-content\/uploads\/sites\/18\/2025\/06\/DNB-25PROHGEMC-Sujet.pdf\" target=\"_blank\" rel=\"noopener\">sujet du DNB<\/a> en<strong> m\u00e9tropole<\/strong> et son <a href=\"https:\/\/www.pedagogie.ac-nice.fr\/plplh\/wp-content\/uploads\/sites\/18\/2025\/06\/DNB-25PROHGEMC-Corrige.pdf\" target=\"_blank\" rel=\"noopener\">corrig\u00e9<\/a>, juin 2025.<\/li>\n<\/ul>\n<div class=\"page\" title=\"Page 2\">\n<div class=\"section\">\n<div class=\"layoutArea\">\n<div class=\"column\">\n<pre><span style=\"font-family: arial, helvetica, sans-serif;\">- G\u00c9OGRAPHIE : La France et l'Union europ\u00e9enne\r\n- HISTOIRE : L\u2019Europe, un the\u0301a\u0302tre majeur des guerres totales (1914-1945)\r\n- EMC : Les jeunes sapeurs-pompiers<\/span><\/pre>\n<\/div>\n<\/div>\n<\/div>\n<\/div>\n<p><span style=\"color: #ff6600;\"><strong>Session 2024<\/strong><\/span><\/p>\n<ul>\n<li>Le <a href=\"https:\/\/www.pedagogie.ac-nice.fr\/plplh\/wp-content\/uploads\/sites\/18\/2024\/07\/DNB-24PROHGEMCME1-SUJET.pdf\" target=\"_blank\" rel=\"noopener\">sujet du DNB<\/a> en<strong> m\u00e9tropole<\/strong> et son <a href=\"https:\/\/www.pedagogie.ac-nice.fr\/plplh\/wp-content\/uploads\/sites\/18\/2024\/07\/DNB-24PROHGEMCME1-CORRIG\u0090.pdf\" target=\"_blank\" rel=\"noopener\">corrig\u00e9<\/a>, juin 2024.<\/li>\n<\/ul>\n<div class=\"page\" title=\"Page 2\">\n<div class=\"section\">\n<div class=\"layoutArea\">\n<div class=\"column\">\n<pre><span style=\"font-family: arial, helvetica, sans-serif;\">- HISTOIRE : L\u2019Europe, un the\u0301a\u0302tre majeur des guerres totales (1914-1945)\r\n- G\u00c9OGRAPHIE : Dynamiques territoriales de la France contemporaine\r\n- EMC : La ma\u00eetrise des outils num\u00e9riques par les seniors<\/span><\/pre>\n<p><span style=\"color: #ff6600;\"><strong>Session 2023<\/strong><\/span><\/p>\n<ul>\n<li>Le <a href=\"https:\/\/www.pedagogie.ac-nice.fr\/plplh\/wp-content\/uploads\/sites\/18\/2023\/08\/23PROHGEMCAG1.pdf\" target=\"_blank\" rel=\"noopener\">sujet du DNB<\/a> aux <strong>Antilles et en Guyane<\/strong>, juin 2023.<\/li>\n<\/ul>\n<pre><span style=\"font-family: arial, helvetica, sans-serif;\">- G\u00c9OGRAPHIE : La France et l'Union europ\u00e9enne<\/span>\r\n<span style=\"font-family: arial, helvetica, sans-serif;\">- HISTOIRE : Franc\u0327aises et Franc\u0327ais dans une Re\u0301publique repense\u0301e<\/span>\r\n<span style=\"font-family: arial, helvetica, sans-serif;\">- EMC : S'engager en cas de situation de crise<\/span><\/pre>\n<ul>\n<li>Le <a href=\"https:\/\/www.pedagogie.ac-nice.fr\/plplh\/wp-content\/uploads\/sites\/18\/2023\/06\/23PROHGEMCME1.pdf\" target=\"_blank\" rel=\"noopener\">sujet du DNB<\/a> en<strong> m\u00e9tropole<\/strong> et son <a href=\"https:\/\/www.pedagogie.ac-nice.fr\/plplh\/wp-content\/uploads\/sites\/18\/2023\/06\/DNB-PRO-HGEMC-ME-CORRIGE-2023.pdf\" target=\"_blank\" rel=\"noopener\">corrig\u00e9<\/a>, juin 2023.<\/li>\n<\/ul>\n<div class=\"page\" title=\"Page 2\">\n<div class=\"section\">\n<div class=\"layoutArea\">\n<div class=\"column\">\n<pre><span style=\"font-family: arial, helvetica, sans-serif;\">- G\u00c9OGRAPHIE : La France et l\u2019Union europ\u00e9enne\r\n- HISTOIRE : L\u2019Europe, un the\u0301a\u0302tre majeur des guerres totales (1914-1945)\r\n- EMC : 8 mars : journ\u00e9e international des droits des femmes<\/span><\/pre>\n<p><span style=\"color: #ff6600;\"><strong>Session 2022<\/strong><\/span><\/p>\n<ul>\n<li>Le <a href=\"https:\/\/www.pedagogie.ac-nice.fr\/plplh\/wp-content\/uploads\/sites\/18\/2022\/10\/Sujet-DNB-PRO-HGEMC-sept22.pdf\">sujet du DNB<\/a> en <strong>m\u00e9tropole <\/strong>et <a href=\"https:\/\/www.pedagogie.ac-nice.fr\/plplh\/wp-content\/uploads\/sites\/18\/2022\/10\/Corrige\u0301-Sujet-DNB-PRO-HGEMC-Sept22.pdf\">son corrig\u00e9<\/a>, septembre 2022.<\/li>\n<\/ul>\n<pre><span style=\"font-family: arial, helvetica, sans-serif;\">- G\u00c9OGRAPHIE : Pourquoi et comment ame\u0301nager le territoire ?\r\n- HISTOIRE : Le monde depuis 1945\r\n- EMC : Le conseil municipal des jeunes (CMJ) de Nanterre<\/span><\/pre>\n<ul>\n<li>Le <a href=\"https:\/\/www.pedagogie.ac-nice.fr\/plplh\/wp-content\/uploads\/sites\/18\/2022\/07\/DNB-SUJET-HG-EMC.pdf\">sujet du DNB<\/a> en <strong>m\u00e9tropole <\/strong>et <a href=\"https:\/\/www.pedagogie.ac-nice.fr\/plplh\/wp-content\/uploads\/sites\/18\/2022\/07\/DNB-CORRIGE\u0301-HG-EMC.pdf\">son corrig\u00e9<\/a>, juin 2022.<\/li>\n<\/ul>\n<pre><span style=\"font-family: helvetica, arial, sans-serif;\">- HISTOIRE : Le monde depuis 1945<\/span>\r\n<span style=\"font-family: helvetica, arial, sans-serif;\">- G\u00c9OGRAPHIE : Pourquoi et comment ame\u0301nager le territoire ?<\/span>\r\n<span style=\"font-family: helvetica, arial, sans-serif;\">- EMC : Les militaires fran\u00e7ais dans les OPEX<\/span><\/pre>\n<p><span style=\"color: #ff6600;\"><strong>Session 2021<\/strong><\/span><\/p>\n<ul>\n<li>Le <a href=\"https:\/\/www.pedagogie.ac-nice.fr\/plplh\/wp-content\/uploads\/sites\/18\/2026\/01\/DNB-HISTOIRE-GEOGRAPHIE-2021-Sujet.pdf\" target=\"_blank\" rel=\"noopener\">sujet du DNB<\/a> en <strong>m\u00e9tropole <\/strong>et <a href=\"https:\/\/www.pedagogie.ac-nice.fr\/plplh\/wp-content\/uploads\/sites\/18\/2026\/01\/DNB-HISTOIRE-GEOGRAPHIE-2021-Correction.pdf\" target=\"_blank\" rel=\"noopener\">son corrig\u00e9<\/a>, juin 2021.<\/li>\n<\/ul>\n<div class=\"page\" title=\"Page 2\">\n<div class=\"section\">\n<div class=\"layoutArea\">\n<div class=\"column\">\n<pre><span style=\"font-family: helvetica, arial, sans-serif;\">- G\u00c9OGRAPHIE : Dynamiques territoriales de la France contemporaine\r\n- HISTOIRE : L\u2019Europe, un the\u0301a\u0302tre majeur des guerres totales (1914-1945)\r\n- EMC : L'\u00e9galit\u00e9 des droits hommes-femmes<\/span><\/pre>\n<p><strong><span style=\"color: #ff6600;\">Session 2020<\/span><\/strong><\/p>\n<ul>\n<li>Le <a href=\"https:\/\/www.pedagogie.ac-nice.fr\/plplh\/wp-content\/uploads\/sites\/18\/2021\/01\/20prohgemcag1.pdf\">sujet du DNB<\/a> aux&nbsp;<strong> Antilles-Guyane <\/strong>et <a href=\"https:\/\/www.pedagogie.ac-nice.fr\/plplh\/wp-content\/uploads\/sites\/18\/2026\/01\/DNB-Sujet-de-lepreuve-dHistoire-Geographie-EMC-2020-Antilles-Guyane-Corrige.pdf\" target=\"_blank\" rel=\"noopener\">son corrig\u00e9<\/a><strong>, <\/strong>septembre 2020.<\/li>\n<\/ul>\n<div class=\"page\" title=\"Page 2\">\n<div class=\"section\">\n<div class=\"layoutArea\">\n<div class=\"column\">\n<pre><span style=\"font-family: helvetica, arial, sans-serif;\">- G\u00c9OGRAPHIE : La France et l\u2019Europe dans le monde<\/span>\r\n<span style=\"font-family: helvetica, arial, sans-serif;\">- HISTOIRE : L\u2019Europe, un the\u0301a\u0302tre majeur des guerres totales (1914-1945)\r\n- EMC : Le vote et l\u2019engagement citoyen\r\n<\/span><\/pre>\n<ul>\n<li>Le <a href=\"https:\/\/www.pedagogie.ac-nice.fr\/plplh\/wp-content\/uploads\/sites\/18\/2020\/09\/20PROHGEMCME1.pdf\">sujet du DNB<\/a> en <strong>m\u00e9tropole<\/strong> et son<a href=\"https:\/\/www.pedagogie.ac-nice.fr\/plplh\/wp-content\/uploads\/sites\/18\/2020\/09\/20PROHGEMCME1C.pdf\"> corrig\u00e9<\/a>, septembre 2020.<\/li>\n<\/ul>\n<div class=\"page\" title=\"Page 2\">\n<div class=\"section\">\n<div class=\"layoutArea\">\n<div class=\"column\">\n<pre><span style=\"font-family: helvetica, arial, sans-serif;\">- HISTOIRE : L\u2019Europe, un the\u0301a\u0302tre majeur des guerres totales (1914-1945)<\/span>\r\n<span style=\"font-family: helvetica, arial, sans-serif;\">- G\u00c9OGRAPHIE : Pourquoi et comment ame\u0301nager le territoire ?<\/span>\r\n<span style=\"font-family: helvetica, arial, sans-serif;\">- EMC : L'Homophobie dans les stades<\/span><\/pre>\n<p><span style=\"color: #ff6600;\"><strong>Session 2019<\/strong><\/span><\/p>\n<ul>\n<li>Le <a href=\"https:\/\/www.pedagogie.ac-nice.fr\/plplh\/wp-content\/uploads\/sites\/18\/2019\/09\/DNB-HG-septembre2019.pdf\">sujet du DNB<\/a> en <strong>m\u00e9tropole <\/strong>et son <a href=\"https:\/\/www.pedagogie.ac-nice.fr\/plplh\/wp-content\/uploads\/sites\/18\/2019\/09\/DNB-HG-septembre2019-Corrige\u0301.pdf\">corrige\u0301<\/a><strong>,&nbsp;<\/strong> septembre 2019.<\/li>\n<\/ul>\n<pre><span style=\"font-family: helvetica, arial, sans-serif;\">- G\u00c9OGRAPHIE : Dynamiques territoriales de la France contemporaine\r\n- HISTOIRE : Fran\u00e7aises et Fran\u00e7ais dans une R\u00e9publique repens\u00e9e\r\n- EMC : La la\u00efcit\u00e9<\/span><\/pre>\n<ul>\n<li>Le <a href=\"https:\/\/www.pedagogie.ac-nice.fr\/plplh\/wp-content\/uploads\/sites\/18\/2019\/09\/19prohgemcag1.pdf\">sujet du DNB <\/a>aux <strong>Antilles et en Guyane<\/strong>, juin 2019.<\/li>\n<\/ul>\n<pre><span style=\"font-family: helvetica, arial, sans-serif;\">- G\u00c9OGRAPHIE : Dynamiques territoriales de la France contemporaine\r\n- HISTOIRE : Le monde depuis 1945\r\n- EMC : Situation pratique : l'acquisition de la nationalit\u00e9 fran\u00e7aise<\/span><\/pre>\n<ul>\n<li>Le <a href=\"https:\/\/www.pedagogie.ac-nice.fr\/plplh\/wp-content\/uploads\/sites\/18\/2019\/07\/histoire-ge\u0301ographie-EMC.pdf\">sujet du DNB<\/a> en <strong>m\u00e9tropole <\/strong>et son <a href=\"https:\/\/www.pedagogie.ac-nice.fr\/plplh\/wp-content\/uploads\/sites\/18\/2019\/07\/corrige\u0301-hg-dnb-2019.pdf\">corrig\u00e9<\/a><strong>,&nbsp;<\/strong> juin 2019.<\/li>\n<\/ul>\n<pre><span style=\"font-family: helvetica, arial, sans-serif;\">- HISTOIRE : La Deuxi\u00e8me Guerre mondiale, une guerre d\u2019an\u00e9antissement\r\n- G\u00c9OGRAPHIE : Les espaces de faible densit\u00e9 et leurs atouts\r\n- EMC : L\u2019engagement - S'engager en service civique<\/span><\/pre>\n<p><span style=\"color: #ff6600;\"><strong>Session 2018<\/strong><\/span><\/p>\n<ul>\n<li>Le <a href=\"https:\/\/www.pedagogie.ac-nice.fr\/plplh\/wp-content\/uploads\/sites\/18\/2018\/09\/18PROHGEMCAG3-SUJET-3.pdf\">sujet du DNB<\/a> aux <strong>Antilles et en Guyane<\/strong> et son <a href=\"https:\/\/www.pedagogie.ac-nice.fr\/plplh\/wp-content\/uploads\/sites\/18\/2018\/09\/18PROHGEMCAG3C-Sujet-3_Corrig\u00e9_VF.pdf\">corrig\u00e9, <\/a>septembre 2018.<\/li>\n<\/ul>\n<pre><span style=\"font-family: helvetica, arial, sans-serif;\">- HISTOIRE : Civils et militaires dans la Premi\u00e8re Guerre mondiale\r\n- G\u00c9OGRAPHIE : La France et l\u2019Europe dans le monde\r\n-EMC - Situation pratique : L\u2019engagement - agir individuellement et collectivement<\/span><\/pre>\n<ul>\n<li>Le <a href=\"https:\/\/www.pedagogie.ac-nice.fr\/plplh\/wp-content\/uploads\/sites\/18\/2018\/09\/18PROHGEMCME3.pdf\">sujet du DNB<\/a> en <strong>m\u00e9tropole<\/strong> et son&nbsp;<a href=\"https:\/\/www.pedagogie.ac-nice.fr\/plplh\/wp-content\/uploads\/sites\/18\/2018\/09\/18PROHGEMCME3C.pdf\">corrig\u00e9<\/a>, septembre 2018.<\/li>\n<\/ul>\n<pre><span style=\"font-family: helvetica, arial, sans-serif;\"><span style=\"font-size: 10pt;\">- HISTOIRE : La Deuxi\u00e8me Guerre mondiale, une guerre d\u2019an\u00e9antissement<\/span>\r\n<span style=\"font-size: 10pt;\">- G\u00c9OGRAPHIE :&nbsp; Dynamiques territoriales de la France contemporaine<\/span>\r\n<span style=\"font-size: 10pt;\">- EMC - Situation pratique : \u00c9galit\u00e9 en droit pour tous<\/span><\/span><\/pre>\n<ul>\n<li>Le <a href=\"https:\/\/www.pedagogie.ac-nice.fr\/plplh\/wp-content\/uploads\/sites\/18\/2018\/06\/18PROHGEMCME1.pdf\">sujet du DNB<\/a> en <strong>m\u00e9tropole <\/strong>et son <a href=\"https:\/\/www.pedagogie.ac-nice.fr\/plplh\/wp-content\/uploads\/sites\/18\/2018\/09\/18PROHGEMCME1C.pdf\">corrig\u00e9, <\/a>juin 2018.<\/li>\n<\/ul>\n<pre><span style=\"font-family: helvetica, arial, sans-serif;\">- G\u00c9OGRAPHIE : Les espaces de faible densit\u00e9 et leurs atouts\r\n- HISTOIRE : Civils et militaires dans la Premi\u00e8re Guerre mondiale\r\n- EMC - Situation pratique : Comprendre l\u2019importance du vote dans une d\u00e9mocratie<\/span><\/pre>\n<\/div>\n<\/div>\n<\/div>\n<\/div>\n<\/div>\n<\/div>\n<\/div>\n<\/div>\n<\/div>\n<\/div>\n<\/div>\n<\/div>\n<\/div>\n<\/div>\n<\/div>\n<\/div>\n<\/div>\n<\/div>\n<\/div>\n<\/div>\n","protected":false},"excerpt":{"rendered":"<p>Histoire-G\u00e9ographie-EMC Session 2025 Le sujet du DNB en m\u00e9tropole et son corrig\u00e9, septembre 2025. &#8211; HISTOIRE : L\u2019Europe, un the\u0301a\u0302tre majeur des guerres totales (1914-1945) &#8211; G\u00c9OGRAPHIE : Pourquoi et comment ame\u0301nager le territoire ? &#8211; EMC : La lutte contre les violences sexistes, sexuelles et conjugales Le sujet du DNB en m\u00e9tropole et son &hellip; <\/p>\n<p><a class=\"more-link btn\" href=\"https:\/\/www.pedagogie.ac-nice.fr\/plplh\/dnb\/\">Lire la suite<\/a><\/p>\n","protected":false},"author":195,"featured_media":0,"parent":0,"menu_order":0,"comment_status":"closed","ping_status":"closed","template":"","meta":{"ngg_post_thumbnail":0,"footnotes":""},"class_list":["post-2595","page","type-page","status-publish","hentry","nodate","item-wrap"],"rttpg_featured_image_url":null,"rttpg_author":{"display_name":"David Lamoureux","author_link":"https:\/\/www.pedagogie.ac-nice.fr\/plplh\/author\/dlamoureux\/"},"rttpg_comment":0,"rttpg_category":null,"rttpg_excerpt":"Histoire-G\u00e9ographie-EMC Session 2025 Le sujet du DNB en m\u00e9tropole et son corrig\u00e9, septembre 2025. - HISTOIRE : L\u2019Europe, un the\u0301a\u0302tre majeur des guerres totales (1914-1945) - G\u00c9OGRAPHIE : Pourquoi et comment ame\u0301nager le territoire ? - EMC : La lutte contre les violences sexistes, sexuelles et conjugales Le sujet du DNB en m\u00e9tropole et son\u2026","post_mailing_queue_ids":[],"_links":{"self":[{"href":"https:\/\/www.pedagogie.ac-nice.fr\/plplh\/wp-json\/wp\/v2\/pages\/2595","targetHints":{"allow":["GET"]}}],"collection":[{"href":"https:\/\/www.pedagogie.ac-nice.fr\/plplh\/wp-json\/wp\/v2\/pages"}],"about":[{"href":"https:\/\/www.pedagogie.ac-nice.fr\/plplh\/wp-json\/wp\/v2\/types\/page"}],"author":[{"embeddable":true,"href":"https:\/\/www.pedagogie.ac-nice.fr\/plplh\/wp-json\/wp\/v2\/users\/195"}],"replies":[{"embeddable":true,"href":"https:\/\/www.pedagogie.ac-nice.fr\/plplh\/wp-json\/wp\/v2\/comments?post=2595"}],"version-history":[{"count":90,"href":"https:\/\/www.pedagogie.ac-nice.fr\/plplh\/wp-json\/wp\/v2\/pages\/2595\/revisions"}],"predecessor-version":[{"id":10806,"href":"https:\/\/www.pedagogie.ac-nice.fr\/plplh\/wp-json\/wp\/v2\/pages\/2595\/revisions\/10806"}],"wp:attachment":[{"href":"https:\/\/www.pedagogie.ac-nice.fr\/plplh\/wp-json\/wp\/v2\/media?parent=2595"}],"curies":[{"name":"wp","href":"https:\/\/api.w.org\/{rel}","templated":true}]}}