{"id":2607,"date":"2019-06-07T17:05:01","date_gmt":"2019-06-07T15:05:01","guid":{"rendered":"https:\/\/www.pedagogie.ac-nice.fr\/plplh\/?page_id=2607"},"modified":"2021-03-29T18:36:23","modified_gmt":"2021-03-29T16:36:23","slug":"mgistere","status":"publish","type":"page","link":"https:\/\/www.pedagogie.ac-nice.fr\/plplh\/se-former\/mgistere\/","title":{"rendered":"M@GIST\u00c8RE"},"content":{"rendered":"<p><img loading=\"lazy\" decoding=\"async\" class=\" wp-image-2696 aligncenter\" src=\"https:\/\/www.pedagogie.ac-nice.fr\/plplh\/wp-content\/uploads\/sites\/18\/2019\/06\/Magiste\u0300re-300x146.jpg\" alt=\"\" width=\"555\" height=\"270\" srcset=\"https:\/\/www.pedagogie.ac-nice.fr\/plplh\/wp-content\/uploads\/sites\/18\/2019\/06\/Magiste\u0300re-300x146.jpg 300w, https:\/\/www.pedagogie.ac-nice.fr\/plplh\/wp-content\/uploads\/sites\/18\/2019\/06\/Magiste\u0300re-768x375.jpg 768w, https:\/\/www.pedagogie.ac-nice.fr\/plplh\/wp-content\/uploads\/sites\/18\/2019\/06\/Magiste\u0300re-1024x500.jpg 1024w, https:\/\/www.pedagogie.ac-nice.fr\/plplh\/wp-content\/uploads\/sites\/18\/2019\/06\/Magiste\u0300re.jpg 1435w\" sizes=\"auto, (max-width: 555px) 100vw, 555px\" \/><\/p>\n<p>&nbsp;<\/p>\n<p>D\u00e9couvrez l&rsquo;ensemble des modules de formation M@gist\u00e8re en cliquant sur <a href=\"https:\/\/magistere.education.fr\/local\/magistere_offers\/index.php?v=formation\">ce lien.<\/a><br \/>\nRetrouvez notamment les propositions suivantes :<\/p>\n<ul>\n<li>Transformer la voie professionnelle<\/li>\n<li>Faire vivre les valeurs de la R\u00e9publique<\/li>\n<\/ul>\n<p>Pour vous inscrire, connectez-vous avec vos identifiants acad\u00e9miques (adresse acad\u00e9mique et mot de passe)&nbsp; via le <a href=\"https:\/\/esterel.ac-nice.fr\/\">portail acad\u00e9mique Est\u00e9rel<\/a>.<\/p>\n","protected":false},"excerpt":{"rendered":"<p>&nbsp; D\u00e9couvrez l&rsquo;ensemble des modules de formation M@gist\u00e8re en cliquant sur ce lien. Retrouvez notamment les propositions suivantes : Transformer la voie professionnelle Faire vivre les valeurs de la R\u00e9publique Pour vous inscrire, connectez-vous avec vos identifiants acad\u00e9miques (adresse acad\u00e9mique et mot de passe)&nbsp; via le portail acad\u00e9mique Est\u00e9rel.<\/p>\n","protected":false},"author":195,"featured_media":0,"parent":1761,"menu_order":0,"comment_status":"closed","ping_status":"closed","template":"","meta":{"ngg_post_thumbnail":0,"footnotes":""},"class_list":["post-2607","page","type-page","status-publish","hentry","nodate","item-wrap"],"rttpg_featured_image_url":null,"rttpg_author":{"display_name":"David Lamoureux","author_link":"https:\/\/www.pedagogie.ac-nice.fr\/plplh\/author\/dlamoureux\/"},"rttpg_comment":0,"rttpg_category":null,"rttpg_excerpt":"&nbsp; D\u00e9couvrez l&rsquo;ensemble des modules de formation M@gist\u00e8re en cliquant sur ce lien. Retrouvez notamment les propositions suivantes : Transformer la voie professionnelle Faire vivre les valeurs de la R\u00e9publique Pour vous inscrire, connectez-vous avec vos identifiants acad\u00e9miques (adresse acad\u00e9mique et mot de passe)&nbsp; via le portail acad\u00e9mique Est\u00e9rel.","post_mailing_queue_ids":[],"_links":{"self":[{"href":"https:\/\/www.pedagogie.ac-nice.fr\/plplh\/wp-json\/wp\/v2\/pages\/2607","targetHints":{"allow":["GET"]}}],"collection":[{"href":"https:\/\/www.pedagogie.ac-nice.fr\/plplh\/wp-json\/wp\/v2\/pages"}],"about":[{"href":"https:\/\/www.pedagogie.ac-nice.fr\/plplh\/wp-json\/wp\/v2\/types\/page"}],"author":[{"embeddable":true,"href":"https:\/\/www.pedagogie.ac-nice.fr\/plplh\/wp-json\/wp\/v2\/users\/195"}],"replies":[{"embeddable":true,"href":"https:\/\/www.pedagogie.ac-nice.fr\/plplh\/wp-json\/wp\/v2\/comments?post=2607"}],"version-history":[{"count":10,"href":"https:\/\/www.pedagogie.ac-nice.fr\/plplh\/wp-json\/wp\/v2\/pages\/2607\/revisions"}],"predecessor-version":[{"id":5289,"href":"https:\/\/www.pedagogie.ac-nice.fr\/plplh\/wp-json\/wp\/v2\/pages\/2607\/revisions\/5289"}],"up":[{"embeddable":true,"href":"https:\/\/www.pedagogie.ac-nice.fr\/plplh\/wp-json\/wp\/v2\/pages\/1761"}],"wp:attachment":[{"href":"https:\/\/www.pedagogie.ac-nice.fr\/plplh\/wp-json\/wp\/v2\/media?parent=2607"}],"curies":[{"name":"wp","href":"https:\/\/api.w.org\/{rel}","templated":true}]}}