{"id":2625,"date":"2019-06-07T17:21:17","date_gmt":"2019-06-07T15:21:17","guid":{"rendered":"https:\/\/www.pedagogie.ac-nice.fr\/plplh\/?page_id=2625"},"modified":"2026-03-02T08:17:06","modified_gmt":"2026-03-02T07:17:06","slug":"les-vademecums","status":"publish","type":"page","link":"https:\/\/www.pedagogie.ac-nice.fr\/plplh\/sinformer\/les-vademecums\/","title":{"rendered":"Vad\u00e9m\u00e9cums"},"content":{"rendered":"<h4><img loading=\"lazy\" decoding=\"async\" class=\" wp-image-7547 alignright\" src=\"https:\/\/www.pedagogie.ac-nice.fr\/plplh\/wp-content\/uploads\/sites\/18\/2023\/03\/Vademecum-300x146.jpg\" alt=\"\" width=\"320\" height=\"156\" srcset=\"https:\/\/www.pedagogie.ac-nice.fr\/plplh\/wp-content\/uploads\/sites\/18\/2023\/03\/Vademecum-300x146.jpg 300w, https:\/\/www.pedagogie.ac-nice.fr\/plplh\/wp-content\/uploads\/sites\/18\/2023\/03\/Vademecum.jpg 525w\" sizes=\"auto, (max-width: 320px) 100vw, 320px\" \/><span class=\"\" style=\"color: #ff6600;\">Mesures de la transformation de la voie professionnelle<\/span><\/h4>\n<ul>\n<li><strong><a href=\"https:\/\/www.pedagogie.ac-nice.fr\/plplh\/wp-content\/uploads\/sites\/18\/2020\/04\/Vademecum_accompagnement-orientation_LyceePro_1192315.pdf\">Accompagnement \u00e0 l&rsquo;orientation en voie professionnelle<\/a><\/strong><\/li>\n<li><strong><a href=\"https:\/\/www.pedagogie.ac-nice.fr\/plplh\/wp-content\/uploads\/sites\/18\/2019\/06\/Vade-mecum_CAP_123_ans.pdf\">Adapter les parcours de formation des \u00e9l\u00e8ves en CAP en 1, 2 ou 3 ans<\/a><\/strong><\/li>\n<li><strong><a href=\"https:\/\/www.pedagogie.ac-nice.fr\/plplh\/wp-content\/uploads\/sites\/18\/2019\/02\/Vade-mecum-consolidation-et-AP1.pdf\">Consolidation des acquis et accompagnement personnalis\u00e9<\/a><\/strong><\/li>\n<li><a href=\"https:\/\/www.pedagogie.ac-nice.fr\/plplh\/wp-content\/uploads\/sites\/18\/2019\/06\/Vade-mecum_Pr\u00e9pa_m\u00e9tiers.pdf\"><strong>Classe de 3e Pr\u00e9pa-m\u00e9tiers<\/strong><\/a><\/li>\n<li><strong><a href=\"https:\/\/www.pedagogie.ac-nice.fr\/plplh\/wp-content\/uploads\/sites\/18\/2019\/02\/Vade-mecum-co-intervention.pdf\">Mettre en \u0153uvre la co-intervention<\/a><\/strong><\/li>\n<li><strong><a href=\"https:\/\/www.pedagogie.ac-nice.fr\/plplh\/wp-content\/uploads\/sites\/18\/2019\/06\/Vade-mecum_Mobilit\u00e9s_internationales_et_europ\u00e9ennes.pdf\">Mobilit\u00e9s internationales et europ\u00e9ennes<\/a><\/strong><\/li>\n<li><a href=\"https:\/\/www.pedagogie.ac-nice.fr\/plplh\/wp-content\/uploads\/sites\/18\/2019\/06\/Vade-mecum_Module_insertion_professionnelle.pdf\"><strong>Module de pr\u00e9paration \u00e0 l&rsquo;insertion professionnelle<\/strong><\/a><\/li>\n<li><strong><a href=\"https:\/\/www.pedagogie.ac-nice.fr\/plplh\/wp-content\/uploads\/sites\/18\/2019\/06\/Vade-mecum_Poursuite_e\u0301tudes.pdf\">Pr\u00e9paration \u00e0 la poursuite d&rsquo;\u00e9tudes<\/a><\/strong><\/li>\n<li><strong><a href=\"https:\/\/www.pedagogie.ac-nice.fr\/plplh\/wp-content\/uploads\/sites\/18\/2019\/02\/Vade-mecum-r\u00e9alisation-chef-doeuvre.pdf\">R\u00e9alisation du chef-d\u2019\u0153uvre<\/a><\/strong><\/li>\n<li><a href=\"https:\/\/www.pedagogie.ac-nice.fr\/plplh\/wp-content\/uploads\/sites\/18\/2019\/06\/Vade-mecum_Renforcer_les_usages_du_nume\u0301rique.pdf\"><strong>Renforcer les usages du num\u00e9riques<\/strong><\/a><\/li>\n<\/ul>\n<h4><span class=\"\"><span style=\"color: #ff6600;\">Familles de m\u00e9tiers<\/span> <\/span><\/h4>\n<ul>\n<li><a href=\"https:\/\/www.pedagogie.ac-nice.fr\/plplh\/wp-content\/uploads\/sites\/18\/2021\/04\/vademecum-fm-agencement-menuiserie-ameublement.pdf\"><strong>Famille de me\u0301tiers de l\u2019<span style=\"color: #ff6600;\">agencement, de la menuiserie et de l\u2019ameublement<\/span><\/strong><\/a><\/li>\n<li><a href=\"https:\/\/www.pedagogie.ac-nice.fr\/plplh\/wp-content\/uploads\/sites\/18\/2020\/06\/Vademecum-seconde-famille-metiers-Alimentation.pdf\"><strong>Famille des m\u00e9tiers de l<span style=\"color: #ff6600;\">&lsquo;alimentation<\/span><\/strong><\/a><\/li>\n<li><a href=\"https:\/\/www.pedagogie.ac-nice.fr\/plplh\/wp-content\/uploads\/sites\/18\/2020\/06\/Vademecum-seconde-famille-metiers-aeronautique-.pdf\"><strong>Famille des m\u00e9tiers de l&rsquo;<span style=\"color: #ff6600;\">a\u00e9ronautique<\/span><\/strong><\/a><\/li>\n<li><strong><a href=\"https:\/\/www.pedagogie.ac-nice.fr\/plplh\/wp-content\/uploads\/sites\/18\/2020\/06\/Vademecum-seconde-famille-metiers-beaute-bien-etre.pdf\">Famille des m\u00e9tiers de la <span style=\"color: #ff6600;\">beaut\u00e9 et du bien-\u00eatre<\/span><\/a><br \/>\n<\/strong><\/li>\n<li><strong><a href=\"https:\/\/www.pedagogie.ac-nice.fr\/plplh\/wp-content\/uploads\/sites\/18\/2019\/06\/Famille-des-m\u00e9tiers-de-la-construction-durable-du-b\u00e2timent-et-des-TP.pdf\">Famille des m\u00e9tiers de la<\/a><\/strong><span style=\"color: #3366ff;\"><a style=\"color: #3366ff;\" href=\"https:\/\/www.pedagogie.ac-nice.fr\/plplh\/wp-content\/uploads\/sites\/18\/2020\/12\/Famille_des_metiers_de_la_construction_durable_du_batiment_et_des_TP_1081417-1.pdf\"><strong> <span style=\"color: #ff6600;\">construction durable, du b\u00e2timent et des TP<\/span><\/strong><\/a><\/span><\/li>\n<li><a href=\"https:\/\/www.pedagogie.ac-nice.fr\/plplh\/wp-content\/uploads\/sites\/18\/2020\/12\/Vademecum-2020-Famille-de-me\u0301tiers-des-e\u0301tudes-et-de-la-mode\u0301lisation-nume\u0301rique-du-ba\u0302timent.pdf\"><strong>Famille des m\u00e9tiers des <span style=\"color: #ff6600;\">\u00e9tudes et de la mod\u00e9lisation num\u00e9rique du b\u00e2timent<\/span><\/strong><\/a><\/li>\n<li><a href=\"https:\/\/www.pedagogie.ac-nice.fr\/plplh\/wp-content\/uploads\/sites\/18\/2020\/12\/Vademecum-2019-Famille-des-me\u0301tiers-de-la-gestion-administrative-du-transport-et-de-la-logistique.pdf\"><strong>Famille des m\u00e9tiers de la<\/strong><span style=\"color: #3366ff;\"><strong> <span style=\"color: #ff6600;\">gestion administrative, du transport et de la logistique<\/span><\/strong><\/span><\/a><\/li>\n<li><strong><a href=\"https:\/\/www.pedagogie.ac-nice.fr\/plplh\/wp-content\/uploads\/sites\/18\/2020\/06\/Vademecum-seconde-famille-metiers-hotellerie-restauration.pdf\">Famille des m\u00e9tiers de l&rsquo;<span style=\"color: #ff6600;\">h\u00f4tellerie restauration<\/span><\/a><\/strong><\/li>\n<li><a href=\"https:\/\/www.pedagogie.ac-nice.fr\/plplh\/wp-content\/uploads\/sites\/18\/2020\/06\/Vademecum-seconde-famille-metiers-industries-graphiques.pdf\"><strong>Famille des m\u00e9tiers des <span style=\"color: #ff6600;\">industries graphiques et de la communication<\/span><\/strong><\/a><\/li>\n<li><strong><a href=\"https:\/\/www.pedagogie.ac-nice.fr\/plplh\/wp-content\/uploads\/sites\/18\/2021\/04\/vademecum-fm-mmv-1.pdf\">Famille des me\u0301tiers de la <span style=\"color: #ff6600;\">maintenance des mate\u0301riels et des ve\u0301hicules<\/span><\/a><\/strong><\/li>\n<li><a href=\"https:\/\/www.pedagogie.ac-nice.fr\/plplh\/wp-content\/uploads\/sites\/18\/2021\/04\/vademecum-2de-famille-des-metiers-du-pilotage-et-de-la-maintenance-avril21.pdf\"><strong>Famille des me\u0301tiers du <span style=\"color: #ff6600;\">pilotage et de la maintenance des installations automatise\u0301es<\/span><\/strong><\/a><\/li>\n<li><strong><a href=\"https:\/\/www.pedagogie.ac-nice.fr\/plplh\/wp-content\/uploads\/sites\/18\/2021\/04\/17_03_2021_vademecum-fdm-remi.pdf\">Famille de me\u0301tiers de la <span style=\"color: #ff6600;\">re\u0301alisation d\u2019ensembles me\u0301caniques et industriels<\/span><\/a><\/strong><\/li>\n<li><strong><a href=\"https:\/\/www.pedagogie.ac-nice.fr\/plplh\/wp-content\/uploads\/sites\/18\/2019\/06\/Famille-des-m\u00e9tiers-de-la-relation-client.pdf\">F<\/a><a href=\"https:\/\/www.pedagogie.ac-nice.fr\/plplh\/wp-content\/uploads\/sites\/18\/2019\/06\/Famille-des-m\u00e9tiers-de-la-relation-client.pdf\">ami<\/a><a href=\"https:\/\/www.pedagogie.ac-nice.fr\/plplh\/wp-content\/uploads\/sites\/18\/2019\/06\/Famille-des-m\u00e9tiers-de-la-relation-client.pdf\">lle des m\u00e9tiers de la<\/a><span style=\"color: #3366ff;\"><a style=\"color: #3366ff;\" href=\"https:\/\/www.pedagogie.ac-nice.fr\/plplh\/wp-content\/uploads\/sites\/18\/2020\/12\/Vademecum-2019-Famille-des-me\u0301tiers-de-la-relation-client.pdf\"><span style=\"color: #ff6600;\"> relation client<\/span><\/a><\/span><\/strong><\/li>\n<li><a href=\"https:\/\/www.pedagogie.ac-nice.fr\/plplh\/wp-content\/uploads\/sites\/18\/2021\/04\/24_03_2021_vademecum-fm-tne.pdf\"><strong>Famille des me\u0301tiers des <span style=\"color: #ff6600;\">transitions nume\u0301rique et e\u0301nerge\u0301tique<\/span><\/strong><\/a><\/li>\n<\/ul>\n<div class=\"page\" title=\"Page 1\">\n<div class=\"section\">&nbsp;<\/div>\n<\/div>\n<h4><span style=\"color: #ff6600;\">Valeurs de la R\u00e9publique<br \/>\n<\/span><\/h4>\n<ul>\n<li><a href=\"https:\/\/www.pedagogie.ac-nice.fr\/plplh\/wp-content\/uploads\/sites\/18\/2026\/03\/Vademecum-Agir-contre-le-racisme-lantisemitisme-et-les-discriminations-liees-a-lorigine-2026.pdf\" target=\"_blank\" rel=\"noopener\"><strong>Agir contre le racisme et l\u2019antis\u00e9mitisme <\/strong><\/a>(2026)<\/li>\n<li><strong><a href=\"https:\/\/www.pedagogie.ac-nice.fr\/plplh\/wp-content\/uploads\/sites\/18\/2025\/09\/vdm_eduquer_citoyennete_2024.pdf\" target=\"_blank\" rel=\"noopener\">\u00c9duquer \u00e0 la citoyennet\u00e9 au cycle 4<\/a><\/strong> (2024)<\/li>\n<li><a href=\"https:\/\/www.pedagogie.ac-nice.fr\/plplh\/wp-content\/uploads\/sites\/18\/2024\/03\/2024_vademecum-laicite.pdf\" target=\"_blank\" rel=\"noopener\"><strong>La la\u00efcit\u00e9 \u00e0 l&rsquo;\u00e9cole <\/strong><\/a>(mars 2024)<\/li>\n<li><strong><a href=\"https:\/\/www.pedagogie.ac-nice.fr\/plplh\/wp-content\/uploads\/sites\/18\/2020\/10\/Vademecum_campagne-prevention-homophobie-transphobie_1067053.pdf\">La pr\u00e9vention de l\u2019homophobie et de la transphobie dans les coll\u00e8ges et les lyc\u00e9es<\/a><\/strong> (2019)<\/li>\n<\/ul>\n<h4><span style=\"color: #ff6600;\"><strong>Autres<\/strong><\/span><\/h4>\n<ul>\n<li><strong><a href=\"https:\/\/www.pedagogie.ac-nice.fr\/plplh\/wp-content\/uploads\/sites\/18\/2022\/02\/vademecum_webradio.pdf\">Cr\u00e9er une webradio scolaire<\/a> <\/strong>(janvier 2022)<\/li>\n<li><strong><a href=\"https:\/\/www.pedagogie.ac-nice.fr\/plplh\/wp-content\/uploads\/sites\/18\/2021\/02\/Vademecum_EDD-sl.pdf\">L&rsquo;\u00c9ducation au D\u00e9veloppement Durable<\/a><\/strong> (f\u00e9vrier 2021)<\/li>\n<li><a href=\"https:\/\/www.pedagogie.ac-nice.fr\/plplh\/wp-content\/uploads\/sites\/18\/2022\/02\/vademecum_emi_2022.pdf\"><strong>L&rsquo;\u00c9ducation aux M\u00e9dias et \u00e0 l&rsquo;Information<\/strong><\/a> (janvier 2022)<\/li>\n<li><a href=\"https:\/\/www.pedagogie.ac-nice.fr\/plplh\/wp-content\/uploads\/sites\/18\/2024\/07\/vademecum_edition_2024-Ecole-inclusive.pdf\" target=\"_blank\" rel=\"noopener\"><strong>Scolariser les \u00e9l\u00e8ves \u00e0 besoins \u00e9ducatifs particuliers <\/strong><\/a>(juin 2024)<\/li>\n<\/ul>\n<p>&nbsp;<\/p>\n","protected":false},"excerpt":{"rendered":"<p>Mesures de la transformation de la voie professionnelle Accompagnement \u00e0 l&rsquo;orientation en voie professionnelle Adapter les parcours de formation des \u00e9l\u00e8ves en CAP en 1, 2 ou 3 ans Consolidation des acquis et accompagnement personnalis\u00e9 Classe de 3e Pr\u00e9pa-m\u00e9tiers Mettre en \u0153uvre la co-intervention Mobilit\u00e9s internationales et europ\u00e9ennes Module de pr\u00e9paration \u00e0 l&rsquo;insertion professionnelle Pr\u00e9paration &hellip; <\/p>\n<p><a class=\"more-link btn\" href=\"https:\/\/www.pedagogie.ac-nice.fr\/plplh\/sinformer\/les-vademecums\/\">Lire la suite<\/a><\/p>\n","protected":false},"author":195,"featured_media":0,"parent":1758,"menu_order":0,"comment_status":"closed","ping_status":"closed","template":"","meta":{"ngg_post_thumbnail":0,"footnotes":""},"class_list":["post-2625","page","type-page","status-publish","hentry","nodate","item-wrap"],"rttpg_featured_image_url":null,"rttpg_author":{"display_name":"David Lamoureux","author_link":"https:\/\/www.pedagogie.ac-nice.fr\/plplh\/author\/dlamoureux\/"},"rttpg_comment":0,"rttpg_category":null,"rttpg_excerpt":"Mesures de la transformation de la voie professionnelle Accompagnement \u00e0 l&rsquo;orientation en voie professionnelle Adapter les parcours de formation des \u00e9l\u00e8ves en CAP en 1, 2 ou 3 ans Consolidation des acquis et accompagnement personnalis\u00e9 Classe de 3e Pr\u00e9pa-m\u00e9tiers Mettre en \u0153uvre la co-intervention Mobilit\u00e9s internationales et europ\u00e9ennes Module de pr\u00e9paration \u00e0 l&rsquo;insertion professionnelle Pr\u00e9paration\u2026","post_mailing_queue_ids":[],"_links":{"self":[{"href":"https:\/\/www.pedagogie.ac-nice.fr\/plplh\/wp-json\/wp\/v2\/pages\/2625","targetHints":{"allow":["GET"]}}],"collection":[{"href":"https:\/\/www.pedagogie.ac-nice.fr\/plplh\/wp-json\/wp\/v2\/pages"}],"about":[{"href":"https:\/\/www.pedagogie.ac-nice.fr\/plplh\/wp-json\/wp\/v2\/types\/page"}],"author":[{"embeddable":true,"href":"https:\/\/www.pedagogie.ac-nice.fr\/plplh\/wp-json\/wp\/v2\/users\/195"}],"replies":[{"embeddable":true,"href":"https:\/\/www.pedagogie.ac-nice.fr\/plplh\/wp-json\/wp\/v2\/comments?post=2625"}],"version-history":[{"count":54,"href":"https:\/\/www.pedagogie.ac-nice.fr\/plplh\/wp-json\/wp\/v2\/pages\/2625\/revisions"}],"predecessor-version":[{"id":10885,"href":"https:\/\/www.pedagogie.ac-nice.fr\/plplh\/wp-json\/wp\/v2\/pages\/2625\/revisions\/10885"}],"up":[{"embeddable":true,"href":"https:\/\/www.pedagogie.ac-nice.fr\/plplh\/wp-json\/wp\/v2\/pages\/1758"}],"wp:attachment":[{"href":"https:\/\/www.pedagogie.ac-nice.fr\/plplh\/wp-json\/wp\/v2\/media?parent=2625"}],"curies":[{"name":"wp","href":"https:\/\/api.w.org\/{rel}","templated":true}]}}