{"id":272,"date":"2015-03-21T15:33:41","date_gmt":"2015-03-21T14:33:41","guid":{"rendered":"http:\/\/www.ac-nice.fr\/plplh\/?page_id=272"},"modified":"2024-11-14T11:45:57","modified_gmt":"2024-11-14T10:45:57","slug":"offre-de-formation","status":"publish","type":"page","link":"https:\/\/www.pedagogie.ac-nice.fr\/plplh\/offre-de-formation\/","title":{"rendered":"EAFC"},"content":{"rendered":"<h3 style=\"text-align: center;\"><strong><span style=\"color: #000000;\">\u00c9cole Acad\u00e9mique de la Formation Continue<\/span><\/strong><\/h3>\n<h4><span style=\"color: #ff6600;\"><strong>L&rsquo;offre disciplinaire<\/strong><\/span><\/h4>\n<ul>\n<li><a href=\"https:\/\/www.ac-nice.fr\/cycle-enseignement-second-degre-lettres-histoire-lp-122857\" target=\"_blank\" rel=\"noopener\">Lien vers <strong>les formations disciplinaires Lettres-Histoire-G\u00e9ographie.<\/strong><\/a><\/li>\n<\/ul>\n<h4><span style=\"color: #ff6600;\">Tutoriel pour vous inscrire<\/span><\/h4>\n<ul>\n<li><a href=\"https:\/\/www.pedagogie.ac-nice.fr\/plplh\/formation-inscrivez-vous-au-paf\/\" target=\"_blank\" rel=\"noopener\">Consultez cet article<\/a>.<\/li>\n<\/ul>\n<p>&nbsp;<\/p>\n<p>&nbsp;<\/p>\n","protected":false},"excerpt":{"rendered":"<p>\u00c9cole Acad\u00e9mique de la Formation Continue L&rsquo;offre disciplinaire Lien vers les formations disciplinaires Lettres-Histoire-G\u00e9ographie. Tutoriel pour vous inscrire Consultez cet article. &nbsp; &nbsp;<\/p>\n","protected":false},"author":125,"featured_media":0,"parent":0,"menu_order":1,"comment_status":"closed","ping_status":"closed","template":"","meta":{"ngg_post_thumbnail":0,"footnotes":""},"class_list":["post-272","page","type-page","status-publish","hentry","nodate","item-wrap"],"rttpg_featured_image_url":null,"rttpg_author":{"display_name":"St\u00e9phane Cipriani","author_link":"https:\/\/www.pedagogie.ac-nice.fr\/plplh\/author\/fferrare\/"},"rttpg_comment":0,"rttpg_category":null,"rttpg_excerpt":"\u00c9cole Acad\u00e9mique de la Formation Continue L&rsquo;offre disciplinaire Lien vers les formations disciplinaires Lettres-Histoire-G\u00e9ographie. Tutoriel pour vous inscrire Consultez cet article. &nbsp; &nbsp;","post_mailing_queue_ids":[],"_links":{"self":[{"href":"https:\/\/www.pedagogie.ac-nice.fr\/plplh\/wp-json\/wp\/v2\/pages\/272","targetHints":{"allow":["GET"]}}],"collection":[{"href":"https:\/\/www.pedagogie.ac-nice.fr\/plplh\/wp-json\/wp\/v2\/pages"}],"about":[{"href":"https:\/\/www.pedagogie.ac-nice.fr\/plplh\/wp-json\/wp\/v2\/types\/page"}],"author":[{"embeddable":true,"href":"https:\/\/www.pedagogie.ac-nice.fr\/plplh\/wp-json\/wp\/v2\/users\/125"}],"replies":[{"embeddable":true,"href":"https:\/\/www.pedagogie.ac-nice.fr\/plplh\/wp-json\/wp\/v2\/comments?post=272"}],"version-history":[{"count":35,"href":"https:\/\/www.pedagogie.ac-nice.fr\/plplh\/wp-json\/wp\/v2\/pages\/272\/revisions"}],"predecessor-version":[{"id":9327,"href":"https:\/\/www.pedagogie.ac-nice.fr\/plplh\/wp-json\/wp\/v2\/pages\/272\/revisions\/9327"}],"wp:attachment":[{"href":"https:\/\/www.pedagogie.ac-nice.fr\/plplh\/wp-json\/wp\/v2\/media?parent=272"}],"curies":[{"name":"wp","href":"https:\/\/api.w.org\/{rel}","templated":true}]}}