{"id":2739,"date":"2019-06-10T18:10:20","date_gmt":"2019-06-10T16:10:20","guid":{"rendered":"https:\/\/www.pedagogie.ac-nice.fr\/plplh\/?page_id=2739"},"modified":"2020-08-22T16:26:35","modified_gmt":"2020-08-22T14:26:35","slug":"ressources-histoire","status":"publish","type":"page","link":"https:\/\/www.pedagogie.ac-nice.fr\/plplh\/ressources-histoire\/","title":{"rendered":"Ressources &#8211; Histoire"},"content":{"rendered":"<ul>\n<li>Pr\u00e9sentation du site <a href=\"http:\/\/edutheque.retronews.fr\/\"><strong>Retronews.fr<\/strong><\/a> sur Eduth\u00e8que. Il propose plus de 400 titres de presse d\u2019information g\u00e9n\u00e9rale, r\u00e9gionale, coloniale et sp\u00e9cialis\u00e9e publi\u00e9s entre 1631 et 1950. Il peut \u00eatre un outil int\u00e9ressant pour renouveler notre approche documentaire en histoire.<\/li>\n<\/ul>\n<h3><span style=\"color: #3366ff;\">2nde BAC<\/span><\/h3>\n<p>Vous trouverez deux pr\u00e9sentations des r\u00e9flexions et des mises en \u0153uvre du programme d&rsquo;<strong>histoire-g\u00e9ographie<\/strong>. Elles vous permettront d&rsquo;appr\u00e9hender la logique de la proposition de progression annuelle en <strong>2nde Bac Pro<\/strong> et d&rsquo;entrer dans les th\u00e8mes d&rsquo;histoire et de g\u00e9ographie. Elles ont \u00e9t\u00e9 expos\u00e9es en formation initiale aux professeurs stagiaires \u00e0 l&rsquo;INSPE de Nice, en septembre 2019.<\/p>\n<ul>\n<li>\u00a0Une r\u00e9flexion sur <a href=\"https:\/\/www.pedagogie.ac-nice.fr\/plplh\/wp-content\/uploads\/sites\/18\/2019\/10\/HISTOIRE-logique-progression.pdf\">la mise en \u0153uvre annuelle du programme d&rsquo;histoire-g\u00e9ographie<\/a><\/li>\n<\/ul>\n<h4><strong><span style=\"color: #ff9900;\">Premier th\u00e8me : L&rsquo;expansion du monde connu (XVe-XVIIIe si\u00e8cle)<\/span><br \/>\n<\/strong><\/h4>\n<ul>\n<li>Une r\u00e9flexion sur <a href=\"https:\/\/www.pedagogie.ac-nice.fr\/plplh\/wp-content\/uploads\/sites\/18\/2019\/10\/HISTOIRE-mise-en-oeuvre-th1.pdf\">la mise en \u0153uvre du th\u00e8me d&rsquo;\u00e9tude \u00ab\u00a0l&rsquo;expansion du monde connu\u00a0\u00bb.<\/a><\/li>\n<\/ul>\n<ul>\n<li>Ressources &#8211; Histoire #3 : La carte du magazine <em>L&rsquo;Histoire<\/em> sur L<strong>es voyages de Christophe Colomb (1492-1504<\/strong>), publi\u00e9e le 30 avril 2018.<\/li>\n<li>Ressources &#8211; Histoire #5 : La carte du magazine <em>L&rsquo;Histoire<\/em> sur <a href=\"https:\/\/www.lhistoire.fr\/carte\/les-%C3%A9tablissements-europ%C3%A9ens-en-afrique-xve-xviie%C2%A0si%C3%A8cle\"><strong>Les \u00e9tablissements europ\u00e9ens en Afrique, XVe-XVIIe si\u00e8cle<\/strong><\/a>. Elle est accompagn\u00e9e d&rsquo;une chronologie, publi\u00e9e le 5 f\u00e9vrier 2018.<\/li>\n<li>Ressources &#8211; Histoire #4 : Le tableau de Fran\u00e7ois Boucher, <strong><a href=\"https:\/\/www.histoire-image.org\/fr\/etudes\/dejeuner\"><em>le D\u00e9jeuner<\/em><\/a><\/strong>, de 1739 sur le site l&rsquo;Histoire par l&rsquo;Image. Ressource pr\u00e9sent\u00e9e en formation de bassins, publi\u00e9e en avril 2018.<\/li>\n<li>\n<p class=\"title title1\">Ressources &#8211; Histoire #6 : La carte du magazine <em>L&rsquo;Histoire<\/em> sur <a href=\"https:\/\/www.lhistoire.fr\/carte\/la-guerre-de-sept-ans-premi%C3%A8re-guerre-mondiale%C2%A0\"><strong>La guerre de Sept Ans : premi\u00e8re guerre mondiale ?<\/strong><\/a> , publi\u00e9e le 4 novembre 2016.<\/p>\n<\/li>\n<\/ul>\n<p>&nbsp;<\/p>\n<h4><strong><span style=\"color: #ff9900;\">Seconde th\u00e8me : L&rsquo;Am\u00e9rique et l&rsquo;Europe en r\u00e9volution (des ann\u00e9es 1760 \u00e0 1804)<\/span><\/strong><\/h4>\n<ul>\n<li>Une r\u00e9flexion sur la <a href=\"https:\/\/www.pedagogie.ac-nice.fr\/plplh\/wp-content\/uploads\/sites\/18\/2020\/03\/pre\u0301sentation-th2-2dBAC-re\u0301volutions.pdf\">mise en \u0153uvre du th\u00e8me \u00ab\u00a0L&rsquo;Am\u00e9rique et l&rsquo;Europe en r\u00e9volution\u00a0\u00bb .<\/a><\/li>\n<li><a href=\"https:\/\/www.pedagogie.ac-nice.fr\/plplh\/nouveaux-program\u2026ste-de-reflexion\/\">Ressources &#8211; Histoire #1<\/a> : Une vid\u00e9o sur <strong>l&rsquo;abolition de l&rsquo;esclavage<\/strong> via le site Eduth\u00e8que.<\/li>\n<li>Ressources &#8211; Histoire #2 : La carte du magazine <em>L&rsquo;Histoire<\/em> sur la <a href=\"https:\/\/www.lhistoire.fr\/carte\/la-r%C3%A9volte-de-ha%C3%AFti-1791-1804\"><strong>r\u00e9volte \u00e0 Ha\u00efti (1791-1804<\/strong><\/a><strong>)<\/strong>. Elle est accompagn\u00e9e d&rsquo;une chronologie, publi\u00e9e le 25 mars 2019.<\/li>\n<li>Exposition virtuelle de la BNF sur les <a href=\"http:\/\/expositions.bnf.fr\/lumieres\/index.htm\"><strong>Philosophes des Lumi\u00e8res.<\/strong><\/a><\/li>\n<\/ul>\n","protected":false},"excerpt":{"rendered":"<p>Pr\u00e9sentation du site Retronews.fr sur Eduth\u00e8que. Il propose plus de 400 titres de presse d\u2019information g\u00e9n\u00e9rale, r\u00e9gionale, coloniale et sp\u00e9cialis\u00e9e publi\u00e9s entre 1631 et 1950. Il peut \u00eatre un outil int\u00e9ressant pour renouveler notre approche documentaire en histoire. 2nde BAC Vous trouverez deux pr\u00e9sentations des r\u00e9flexions et des mises en \u0153uvre du programme d&rsquo;histoire-g\u00e9ographie. Elles &hellip; <\/p>\n<p><a class=\"more-link btn\" href=\"https:\/\/www.pedagogie.ac-nice.fr\/plplh\/ressources-histoire\/\">Lire la suite<\/a><\/p>\n","protected":false},"author":195,"featured_media":0,"parent":0,"menu_order":0,"comment_status":"closed","ping_status":"closed","template":"","meta":{"ngg_post_thumbnail":0,"footnotes":""},"class_list":["post-2739","page","type-page","status-publish","hentry","nodate","item-wrap"],"rttpg_featured_image_url":null,"rttpg_author":{"display_name":"David Lamoureux","author_link":"https:\/\/www.pedagogie.ac-nice.fr\/plplh\/author\/dlamoureux\/"},"rttpg_comment":0,"rttpg_category":null,"rttpg_excerpt":"Pr\u00e9sentation du site Retronews.fr sur Eduth\u00e8que. Il propose plus de 400 titres de presse d\u2019information g\u00e9n\u00e9rale, r\u00e9gionale, coloniale et sp\u00e9cialis\u00e9e publi\u00e9s entre 1631 et 1950. Il peut \u00eatre un outil int\u00e9ressant pour renouveler notre approche documentaire en histoire. 2nde BAC Vous trouverez deux pr\u00e9sentations des r\u00e9flexions et des mises en \u0153uvre du programme d&rsquo;histoire-g\u00e9ographie. Elles\u2026","post_mailing_queue_ids":[],"_links":{"self":[{"href":"https:\/\/www.pedagogie.ac-nice.fr\/plplh\/wp-json\/wp\/v2\/pages\/2739","targetHints":{"allow":["GET"]}}],"collection":[{"href":"https:\/\/www.pedagogie.ac-nice.fr\/plplh\/wp-json\/wp\/v2\/pages"}],"about":[{"href":"https:\/\/www.pedagogie.ac-nice.fr\/plplh\/wp-json\/wp\/v2\/types\/page"}],"author":[{"embeddable":true,"href":"https:\/\/www.pedagogie.ac-nice.fr\/plplh\/wp-json\/wp\/v2\/users\/195"}],"replies":[{"embeddable":true,"href":"https:\/\/www.pedagogie.ac-nice.fr\/plplh\/wp-json\/wp\/v2\/comments?post=2739"}],"version-history":[{"count":15,"href":"https:\/\/www.pedagogie.ac-nice.fr\/plplh\/wp-json\/wp\/v2\/pages\/2739\/revisions"}],"predecessor-version":[{"id":4271,"href":"https:\/\/www.pedagogie.ac-nice.fr\/plplh\/wp-json\/wp\/v2\/pages\/2739\/revisions\/4271"}],"wp:attachment":[{"href":"https:\/\/www.pedagogie.ac-nice.fr\/plplh\/wp-json\/wp\/v2\/media?parent=2739"}],"curies":[{"name":"wp","href":"https:\/\/api.w.org\/{rel}","templated":true}]}}