{"id":291,"date":"2015-03-22T08:42:52","date_gmt":"2015-03-22T07:42:52","guid":{"rendered":"http:\/\/www.ac-nice.fr\/plplh\/?page_id=291"},"modified":"2023-09-02T18:08:17","modified_gmt":"2023-09-02T16:08:17","slug":"mentions-legales","status":"publish","type":"page","link":"https:\/\/www.pedagogie.ac-nice.fr\/plplh\/mentions-legales\/","title":{"rendered":"Mentions l\u00e9gales"},"content":{"rendered":"<p><span style=\"color: #3366ff;\"><strong>1. Raison sociale et h\u00e9bergeur<\/strong><\/span><\/p>\n<p><span style=\"color: #3366ff;\">H\u00e9bergeur<\/span> : Rectorat de l&rsquo;Acad\u00e9mie de Nice \u2013 D\u00e9partement de l\u2019informatique administrative et de gestion, 53 Av. Cap de Croix, 06181 Nice C\u00e9dex 2. T\u00e9l : 04 93 53 71 81.<br \/>\n<span style=\"color: #3366ff;\">Directeur de la publication<\/span> : Natacha Chicot, Rectrice de l&rsquo;Acad\u00e9mie de Nice, Chanceli\u00e8re des Universit\u00e9s.<br \/>\n<span style=\"color: #3366ff;\">Responsable de r\u00e9daction<\/span> : St\u00e9phane Cipriani et Christ\u00e8le Henriot, IEN Lettres-Histoire-G\u00e9ographie.<br \/>\n<span style=\"color: #3366ff;\">Webmestre<\/span> : David Lamoureux, Correspondant num\u00e9rique.<\/p>\n<p><strong><span style=\"color: #3366ff;\">2. Cookies<\/span><\/strong><\/p>\n<p style=\"text-align: justify;\">Lors de la consultation de notre site pedagogie.ac-nice.fr\/plplh, des cookies sont d\u00e9pos\u00e9s sur votre ordinateur, votre mobile ou votre tablette.Les seuls cookies utilis\u00e9s par le site ac-nice.fr sont ceux destin\u00e9s \u00e0 la mesure d&rsquo;audience et ne collectent pas de donn\u00e9es personnelles.<br \/>\nLes outils de mesures d&rsquo;audience sont d\u00e9ploy\u00e9s afin d&rsquo;obtenir des informations sur la&nbsp;navigation des visiteurs. Ils permettent&nbsp;notamment de comprendre comment les utilisateurs arrivent sur un site et de reconstituer leur parcours.<br \/>\nLes donn\u00e9es g\u00e9n\u00e9r\u00e9es par les cookies sont transmises et stock\u00e9es par les prestataires de mesure d&rsquo;audience (Xiti et Google). Les donn\u00e9es g\u00e9n\u00e9r\u00e9es par Google sont h\u00e9berg\u00e9es sur des serveurs situ\u00e9s aux \u00c9tats-Unis. Google utilisera cette information dans le but d&rsquo;\u00e9valuer votre utilisation du site mais ne recoupera pas votre adresse IP avec toute autre donn\u00e9e d\u00e9tenue par Google. Les prestataires de mesure d&rsquo;audience sont susceptibles de communiquer ces donn\u00e9es \u00e0 des tiers en cas d&rsquo;obligation l\u00e9gale ou lorsque ces tiers traitent ces donn\u00e9es pour leur compte.<\/p>\n<p style=\"text-align: justify;\"><strong><span style=\"color: #3366ff;\">D\u00e9finition d&rsquo;un cookie<\/span><\/strong><\/p>\n<p style=\"text-align: justify;\">Un cookie est un fichier texte d\u00e9pos\u00e9 sur votre ordinateur lors de la visite d&rsquo;un site ou de la consultation d&rsquo;une publicit\u00e9. Il a pour but de collecter des informations relatives \u00e0 votre navigation et de vous adresser des services adapt\u00e9s \u00e0 votre terminal (ordinateur, mobile ou tablette). Les cookies sont g\u00e9r\u00e9s par votre navigateur internet.<br \/>\nNous veillons dans la mesure du possible \u00e0 ce que les prestataires de mesures d&rsquo;audience respectent strictement la loi informatique et libert\u00e9s du 6 janvier 1978 modifi\u00e9e et s&rsquo;engagent \u00e0 mettre en \u0153uvre des mesures appropri\u00e9es de s\u00e9curisation et de protection de la confidentialit\u00e9 des donn\u00e9es.<\/p>\n<p><strong><span style=\"color: #3366ff;\">Param\u00e9trer votre navigateur internet<\/span><\/strong><\/p>\n<p style=\"text-align: justify;\">Vous pouvez \u00e0 tout moment choisir de d\u00e9sactiver ces cookies. Votre navigateur peut \u00e9galement \u00eatre param\u00e9tr\u00e9 pour vous signaler les cookies qui sont d\u00e9pos\u00e9s dans votre ordinateur et vous demander de les accepter ou pas. Vous pouvez accepter ou refuser les cookies au cas par cas ou bien les refuser syst\u00e9matiquement. Afin de g\u00e9rer les cookies au plus pr\u00e8s de vos attentes nous vous invitons \u00e0 param\u00e9trer votre navigateur en tenant compte de la finalit\u00e9 des cookies.<\/p>\n<p><span style=\"color: #3366ff;\"><strong>Informations compl\u00e9mentaires sur les cookies<\/strong><\/span><\/p>\n<p><a class=\"chevron\" title=\"nouvelle fen\u00eatre\" href=\"http:\/\/www.cnil.fr\/vos-droits\/vos-traces\/les-cookies\/\" target=\"_blank\" rel=\"noopener\">Pour plus d&rsquo;information sur les cookies<\/a>&nbsp;<\/p>\n<p><strong><span style=\"color: #3366ff;\">3. Protection des donn\u00e9es personnelles<\/span><\/strong><\/p>\n<p>Conform\u00e9ment aux articles 34 et suivants de la loi \u201cinformatique et libert\u00e9s\u201d du 6 janvier 1978, vous disposez d\u2019un droit d\u2019acc\u00e8s, de modification, de rectification et de suppression des donn\u00e9es qui vous concernent. Pour exercer ce droit, faites parvenir un message \u00e9lectronique \u00e0 l\u2019adresse suivante :<\/p>\n<p>Rectorat de l&rsquo;acad\u00e9mie de Nice<br \/>\n\u00c0 l&rsquo;attention du d\u00e9l\u00e9gu\u00e9 \u00e0 la protection des donn\u00e9es (DPD)<br \/>\n53 avenue Cap de Croix<br \/>\n06181 Nice Cedex 2<\/p>\n<p>Vous disposez \u00e9galement du droit d&rsquo;introduire une r\u00e9clamation aupr\u00e8s de l&rsquo;autorit\u00e9 de contr\u00f4le comp\u00e9tente (<a title=\"Nouvevelle fen\u00eatre vers le site de la CNIL\" href=\"https:\/\/www.cnil.fr\/\" target=\"_blank\" rel=\"noopener\">CNIL<\/a>) si vous consid\u00e9rez que le site pedagogie.ac-nice.fr\/plplh n&rsquo;a pas respect\u00e9 vos droits.<br \/>\nEn savoir plus sur vos droits :&nbsp;&nbsp;<a title=\"Droits de la personne (nouvelle fen\u00eatre vers le site de la CNIL)\" href=\"https:\/\/www.cnil.fr\/fr\/reglement-europeen-protection-donnees\/chapitre3\" target=\"_blank\" rel=\"noopener\">CNIL &#8211; Droits de la personne<\/a><\/p>\n<p style=\"text-align: right;\">Mise \u00e0 jour : d\u00e9cembre 2022<\/p>\n","protected":false},"excerpt":{"rendered":"<p>1. Raison sociale et h\u00e9bergeur H\u00e9bergeur : Rectorat de l&rsquo;Acad\u00e9mie de Nice \u2013 D\u00e9partement de l\u2019informatique administrative et de gestion, 53 Av. Cap de Croix, 06181 Nice C\u00e9dex 2. T\u00e9l : 04 93 53 71 81. Directeur de la publication : Natacha Chicot, Rectrice de l&rsquo;Acad\u00e9mie de Nice, Chanceli\u00e8re des Universit\u00e9s. Responsable de r\u00e9daction : &hellip; <\/p>\n<p><a class=\"more-link btn\" href=\"https:\/\/www.pedagogie.ac-nice.fr\/plplh\/mentions-legales\/\">Lire la suite<\/a><\/p>\n","protected":false},"author":125,"featured_media":0,"parent":0,"menu_order":0,"comment_status":"closed","ping_status":"closed","template":"","meta":{"ngg_post_thumbnail":0,"footnotes":""},"class_list":["post-291","page","type-page","status-publish","hentry","nodate","item-wrap"],"rttpg_featured_image_url":null,"rttpg_author":{"display_name":"St\u00e9phane Cipriani","author_link":"https:\/\/www.pedagogie.ac-nice.fr\/plplh\/author\/fferrare\/"},"rttpg_comment":0,"rttpg_category":null,"rttpg_excerpt":"1. Raison sociale et h\u00e9bergeur H\u00e9bergeur : Rectorat de l&rsquo;Acad\u00e9mie de Nice \u2013 D\u00e9partement de l\u2019informatique administrative et de gestion, 53 Av. Cap de Croix, 06181 Nice C\u00e9dex 2. T\u00e9l : 04 93 53 71 81. Directeur de la publication : Natacha Chicot, Rectrice de l&rsquo;Acad\u00e9mie de Nice, Chanceli\u00e8re des Universit\u00e9s. Responsable de r\u00e9daction :\u2026","post_mailing_queue_ids":[],"_links":{"self":[{"href":"https:\/\/www.pedagogie.ac-nice.fr\/plplh\/wp-json\/wp\/v2\/pages\/291","targetHints":{"allow":["GET"]}}],"collection":[{"href":"https:\/\/www.pedagogie.ac-nice.fr\/plplh\/wp-json\/wp\/v2\/pages"}],"about":[{"href":"https:\/\/www.pedagogie.ac-nice.fr\/plplh\/wp-json\/wp\/v2\/types\/page"}],"author":[{"embeddable":true,"href":"https:\/\/www.pedagogie.ac-nice.fr\/plplh\/wp-json\/wp\/v2\/users\/125"}],"replies":[{"embeddable":true,"href":"https:\/\/www.pedagogie.ac-nice.fr\/plplh\/wp-json\/wp\/v2\/comments?post=291"}],"version-history":[{"count":21,"href":"https:\/\/www.pedagogie.ac-nice.fr\/plplh\/wp-json\/wp\/v2\/pages\/291\/revisions"}],"predecessor-version":[{"id":7908,"href":"https:\/\/www.pedagogie.ac-nice.fr\/plplh\/wp-json\/wp\/v2\/pages\/291\/revisions\/7908"}],"wp:attachment":[{"href":"https:\/\/www.pedagogie.ac-nice.fr\/plplh\/wp-json\/wp\/v2\/media?parent=291"}],"curies":[{"name":"wp","href":"https:\/\/api.w.org\/{rel}","templated":true}]}}