{"id":3278,"date":"2019-09-07T17:50:55","date_gmt":"2019-09-07T15:50:55","guid":{"rendered":"https:\/\/www.pedagogie.ac-nice.fr\/plplh\/?page_id=3278"},"modified":"2025-03-14T09:28:59","modified_gmt":"2025-03-14T08:28:59","slug":"ressources-artistiques-et-culturelles","status":"publish","type":"page","link":"https:\/\/www.pedagogie.ac-nice.fr\/plplh\/ressources-artistiques-et-culturelles\/","title":{"rendered":"Ressources artistiques et culturelles"},"content":{"rendered":"<ul>\n<li>Pages Eduscol\n<ul>\n<li><strong><a href=\"https:\/\/eduscol.education.fr\/3004\/l-application-adage\" target=\"_blank\" rel=\"noopener\">L&rsquo;application ADAGE<\/a><\/strong><\/li>\n<li><strong><a href=\"https:\/\/eduscol.education.fr\/3013\/le-pass-culture-un-dispositif-collectif-pour-les-classes-et-individuel-pour-les-eleves\" target=\"_blank\" rel=\"noopener\">Le Pass Culture<\/a><\/strong><\/li>\n<\/ul>\n<\/li>\n<\/ul>\n<p><span style=\"color: #ff6600;\"><strong>Autour de la chanson<\/strong><\/span><\/p>\n<ul>\n<li>Le <a href=\"http:\/\/www.chansons-education.fr\/\"><strong>portail \u00e9ducatif de la chanson<\/strong><\/a> propose des actualit\u00e9s et des ressources pour utiliser la chanson dans nos enseignements.<\/li>\n<li>Le portail du minist\u00e8re de la culture <a href=\"https:\/\/histoiredesarts.culture.gouv.fr\/\"><strong>\u00ab\u00a0L&rsquo;Histoire des arts \u00e0 port\u00e9e de clics !\u00a0\u00bb<\/strong><\/a> vous permet d&rsquo;acc\u00e9der&nbsp; gratuitement \u00e0 plus de 5 000 ressources \u00e9ducatives notamment dans les domaines de la chanson et de la musique.<\/li>\n<li>Le site <a href=\"http:\/\/education.lehall.com\/on_ne_connait_pas_la_chanson\/site.php\"><strong>\u00ab\u00a0On ne connait pas la chanson\u00a0\u00bb : <\/strong><\/a>anthologie en ligne de 200 chansons fran\u00e7aises de r\u00e9f\u00e9rence, du Moyen \u00c2ge \u00e0 nos jours, des troubadours \u00e0 Diam\u2019s, con\u00e7u comme un r\u00e9pertoire musical \u00e9tudi\u00e9 sous l\u2019angle de l\u2019histoire, de la musique, du fran\u00e7ais\u2026<\/li>\n<li>Le site \u00ab\u00a0<a href=\"https:\/\/eduscol.education.fr\/chansonsquifontlhistoire\/\"><strong>Ces chansons qui font l&rsquo;histoire\u00a0\u00bb<\/strong><\/a> : 191 chroniques de Bertrand Dicale diffus\u00e9es sur FranceInfo et mises \u00e0 disposition des enseignants. Elles expliquent comment les chansons influent sur notre histoire et sont le reflet de notre soci\u00e9t\u00e9.<\/li>\n<\/ul>\n<p>&nbsp;<\/p>\n<p><strong><span style=\"color: #ff6600;\">Autour du cin\u00e9ma<\/span><\/strong><\/p>\n<ul>\n<li>Une pr\u00e9sentation du <a href=\"https:\/\/cinema.lumni.fr\/edutheque\/\"><strong>Cin\u00e9ma.lesite.tv.<\/strong><\/a> qui met \u00e0 disposition des enseignants des coll\u00e8ges et lyc\u00e9es des films du patrimoine cin\u00e9matographique, en streaming et t\u00e9l\u00e9chargement.<\/li>\n<li>Les <a href=\"https:\/\/www.zerodeconduite.net\/ressources\" target=\"_blank\" rel=\"noopener\"><strong>ressources et des dossiers p\u00e9dagogiques&nbsp; du site zerodeconduite.net<\/strong><\/a> pour travailler en classe avec vos \u00e9l\u00e8ves sur les films de l&rsquo;actualit\u00e9 et du patrimoine. Une recherche th\u00e9matique est possible selon les mati\u00e8res ou les niveaux.<\/li>\n<li>Les <a href=\"https:\/\/www.cnc.fr\/cinema\/etudes-et-rapports\/dossiers-pedagogiques?p_p_id=com_liferay_asset_publisher_web_portlet_AssetPublisherPortlet_INSTANCE_iWlY7b8IVlJl&amp;p_p_lifecycle=0&amp;p_p_state=normal&amp;p_p_mode=view&amp;_com_liferay_asset_publisher_web_portlet_AssetPublisherPortlet_INSTANCE_iWlY7b8IVlJl_delta=21&amp;p_r_p_resetCur=false&amp;_com_liferay_asset_publisher_web_portlet_AssetPublisherPortlet_INSTANCE_iWlY7b8IVlJl_cur=2\"><strong>dossiers p\u00e9dagogiques du Centre National du Cin\u00e9ma et de l&rsquo;image anim\u00e9e<\/strong><\/a> des films projet\u00e9s dans le cadre de l&rsquo;op\u00e9ration apprentis et lyc\u00e9ens au cin\u00e9ma.<\/li>\n<li>Le portail du minist\u00e8re de la culture <a href=\"https:\/\/histoiredesarts.culture.gouv.fr\/\"><strong>\u00ab\u00a0L&rsquo;Histoire des arts \u00e0 port\u00e9e de clics !\u00a0\u00bb<\/strong><\/a> vous permet d&rsquo;acc\u00e9der&nbsp; gratuitement \u00e0 plus de 5 000 ressources \u00e9ducatives notamment dans le domaine du cin\u00e9ma.<\/li>\n<\/ul>\n<p>&nbsp;<\/p>\n<p><span style=\"color: #ff6600;\"><strong>Autour de l&rsquo;image<\/strong><\/span><\/p>\n<ul>\n<li><a href=\"https:\/\/madparis.fr\/archives\/fr\/03museepublicite\/expositions\/artdanslapub\/\"><strong>L&rsquo;art dans la publicit\u00e9 <\/strong><\/a>: exposition archiv\u00e9e sur le Mus\u00e9e des Arts D\u00e9coratifs de Paris avec la possibilit\u00e9 d&rsquo;une recherche d&rsquo;affiches par marque ou par \u0153uvre.<\/li>\n<li>La <strong><a href=\"https:\/\/images.bnf.fr\/#\/home\/\">banque d&rsquo;images de la BNF<\/a><\/strong> met plus \u00e0 disposition plus d&rsquo;un million d&rsquo;images du domaine public et d\u2019\u0153uvres r\u00e9centes des plus grands artistes. Vous avez un outil de recherche ou des dossiers th\u00e9matiques.<\/li>\n<li>La <strong><a href=\"http:\/\/hirim.sociodb.io\/accueil\">caricature et la violence de l&rsquo;histoire<\/a><\/strong>, exposition virtuelle de la Contemporaine de l&rsquo;Universit\u00e9 de Nanterre. Des centaines de caricatures \u00e0 t\u00e9l\u00e9charger.<\/li>\n<li>Le portail du minist\u00e8re de la culture <a href=\"https:\/\/histoiredesarts.culture.gouv.fr\/\"><strong>\u00ab\u00a0L&rsquo;Histoire des arts \u00e0 port\u00e9e de clics !\u00a0\u00bb<\/strong><\/a> vous permet d&rsquo;acc\u00e9der&nbsp; gratuitement \u00e0 plus de 5 000 ressources \u00e9ducatives notamment dans les domaines de la bande dessin\u00e9e,&nbsp; de la photographie.<\/li>\n<li>Le site <strong><a href=\"https:\/\/casesdhistoire.com\/\">Cases d&rsquo;histoire<\/a><\/strong> recense les bandes dessin\u00e9es historiques.<\/li>\n<\/ul>\n<p>&nbsp;<\/p>\n<p><span style=\"color: #ff6600;\"><strong>Autour la peinture<\/strong><\/span><\/p>\n<ul>\n<li>Le portail du minist\u00e8re de la culture <a href=\"https:\/\/histoiredesarts.culture.gouv.fr\/\"><strong>\u00ab\u00a0L&rsquo;Histoire des arts \u00e0 port\u00e9e de clics !\u00a0\u00bb<\/strong><\/a> vous permet d&rsquo;acc\u00e9der&nbsp; gratuitement \u00e0 plus de 5 000 ressources \u00e9ducatives notamment dans les domaines des arts plastiques et de la peinture<strong><br \/>\n<\/strong><\/li>\n<li>La courte s\u00e9rie d&rsquo;Arte <strong><a href=\"https:\/\/www.arte.tv\/fr\/videos\/RC-017909\/a-musee-vous-a-musee-moi\/\">\u00ab\u00a0A Mus\u00e9e Vous, A Mus\u00e9e Moi\u00a0\u00bb<\/a><\/strong> qui revisite <span class=\"css-1oeooqk\">avec humour les tableaux les plus c\u00e9l\u00e8bres du monde entier :&nbsp; de \u00ab\u00a0La Joconde\u00a0\u00bb \u00e0 la \u00ab\u00a0Marilyn\u00a0\u00bb d&rsquo;Andy Warhol.<\/span><\/li>\n<li>Le site de la <a href=\"https:\/\/petitegalerie.louvre.fr\/\"><strong>Petite Galerie du Louvre<\/strong><\/a> propose des expositions th\u00e9matiques, des \u0153uvres et ressources p\u00e9dagogiques.<\/li>\n<li>Les courtes vid\u00e9os <strong><a href=\"https:\/\/www.youtube.com\/watch?v=dQnyU2WKVCU&amp;list=PLYWS_wv22gYPcGTGtMTUUSEmMiAhY8DLQ\">\u00ab\u00a0Zoom dans l&rsquo;art\u00a0\u00bb<\/a><\/strong>. D\u00e9couvrez le sens cach\u00e9 d&rsquo;une \u0153uvre c\u00e9l\u00e8bre en 1 minute.<\/li>\n<\/ul>\n<p>&nbsp;<\/p>\n<p><span style=\"color: #ff6600;\"><strong>Exp<\/strong><\/span><span style=\"color: #ff6600;\"><strong>ositions virtuelles<\/strong><\/span><\/p>\n<ul>\n<li>Exposition <a href=\"https:\/\/artsandculture.google.com\/project\/kandinsky\"><strong>Dans l\u2019intimit\u00e9 de Kandinsky<\/strong> du Centre Pompidou<\/a> (Paris).<\/li>\n<li>Exposition <strong><a href=\"https:\/\/www.centrepompidou.fr\/fr\/videos\/video\/matisse-visite-dexposition-le-21-novembre-a-18h\">Matisse du Centre Pompidou<\/a><\/strong> (Paris).<\/li>\n<li>Exposition <strong><a href=\"https:\/\/www.centrepompidou.fr\/fr\/exposition-virtuelle-miro\">Mir\u00f3 du Centre Pompidou<\/a><\/strong> (Paris).&nbsp;<\/li>\n<li>Mini-site consacr\u00e9 \u00e0 <strong><a href=\"https:\/\/www.beauxarts.com\/leonarddevinci\/\">L\u00e9onard de Vinci par Beaux-Arts magazine.<\/a><\/strong><\/li>\n<li>Le portail <a href=\"https:\/\/www.museosphere.paris.fr\/\"><strong>Mus\u00e9osph\u00e8re<\/strong><\/a> permet de visiter cinq salles de chacun des quatorze mus\u00e9es de la ville de Paris dont le mus\u00e9e Carnavalet \u2013 Histoire de Paris, le Mus\u00e9e de la Lib\u00e9ration de Paris \u2013 Mus\u00e9e du g\u00e9n\u00e9ral Leclerc \u2013 Mus\u00e9e Jean Moulin&nbsp; ou le Mus\u00e9e d\u2019Art Moderne.<\/li>\n<li>Des<a href=\"https:\/\/www.culture.gouv.fr\/Thematiques\/Musees\/Les-musees-en-France\/Les-collections-des-musees-de-France\/Decouvrir-les-collections\/Expositions-virtuelles-de-musees-France-et-international\"><strong> visites virtuelles possibles de mus\u00e9es en France et \u00e0 l&rsquo;international<\/strong>&nbsp;<\/a> sur une page du minist\u00e8re de la Culture. Ils sont regroup\u00e9s en plusieurs th\u00e9matiques : Arts asiatiques, Art contemporain, Arts d\u00e9coratifs, Arts graphiques, Arts premiers, C\u00e9ramique, Collections polyvalentes, Ethnologie, Histoire, Histoire naturelle, Litt\u00e9rature, Mode et textile, Musique, Peinture, Photographie, Sciences et techniques, Sculpture.<\/li>\n<\/ul>\n<p><strong><span style=\"color: #ff6600;\">Autour du spectacle vivant<\/span><\/strong><\/p>\n<ul>\n<li><a href=\"https:\/\/fresques.ina.fr\/en-scenes\/accueil\"><strong>En sc\u00e8ne<\/strong><\/a>, des vid\u00e9os et des entretiens de l&rsquo;INA autour du spectacle vivant : th\u00e9\u00e2tre, danse, cirque, arts de la rue, marionnettes, arts du geste et op\u00e9ra.<\/li>\n<li><strong><a href=\"https:\/\/comedie-francaise.bibli.fr\/\">LA GRANGE<\/a><\/strong> est le portail documentaire de la com\u00e9die fran\u00e7aise. Une <a href=\"https:\/\/www.pedagogie.ac-nice.fr\/plplh\/decouvrir-la-gra\u2026omedie-francaise\/\">pr\u00e9sentation d\u00e9taill\u00e9e ici<\/a>.<\/li>\n<li>Le portail du minist\u00e8re de la culture <a href=\"https:\/\/histoiredesarts.culture.gouv.fr\/\"><strong>\u00ab\u00a0L&rsquo;Histoire des arts \u00e0 port\u00e9e de clics !\u00a0\u00bb<\/strong><\/a> vous permet d&rsquo;acc\u00e9der&nbsp; gratuitement \u00e0 plus de 5 000 ressources \u00e9ducatives notamment dans les domaines des arts du cirque, de la danse et du th\u00e9\u00e2tre .<\/li>\n<\/ul>\n<p>&nbsp;<\/p>\n<p><strong><span style=\"color: #ff6600;\">Patrimoine de proximit\u00e9<br \/>\n<\/span><\/strong><\/p>\n<ul>\n<li>Un <strong><a href=\"https:\/\/www.inha.fr\/fr\/ressources\/eac\/cartographie.html\">outil simple de l&rsquo;Institut National d&rsquo;Histoire de l&rsquo;Art (INHA)<\/a><\/strong> pour rechercher un patrimoine \u00e0 proximit\u00e9 de votre \u00e9tablissement.<\/li>\n<li>Le <a href=\"http:\/\/www.savoirs-alpesmaritimes.fr\/\"><strong>Portail des savoirs des Alpes-Maritimes<\/strong><\/a> qui est une banque num\u00e9rique des ressources artistiques, culturelles et patrimoniales des Alpes-Maritimes.<\/li>\n<li>19 vid\u00e9os pour <strong><a href=\"https:\/\/www.youtube.com\/watch?v=vYyfY5oMRYY&amp;list=PLYWS_wv22gYMC2I5jZfnjy01KsjyeosiU&amp;index=1\">visiter des monuments historiques fran\u00e7ais<\/a><\/strong> (ch\u00e2teau de Versailles, l&rsquo;op\u00e9ra comique, l&rsquo;abbaye de Montmajour&#8230;)&nbsp;<\/li>\n<\/ul>\n<p>&nbsp;<\/p>\n<p><span style=\"color: #ff6600;\"><strong>Visites virtuelles de mus\u00e9es<\/strong><\/span><\/p>\n<p>En France<\/p>\n<ul>\n<li>Le <strong><a href=\"http:\/\/www.chateauversailles.fr\/actualites\/vie-domaine\/realite-virtuelle-vivez-versailles\">Ch\u00e2teau de Versailles <\/a><\/strong>et ses<strong><a href=\"http:\/\/collections.chateauversailles.fr\/#1f0bd9c0-b57e-4a7f-96bc-7d70f7287dd5\"> collections en ligne<\/a><\/strong><\/li>\n<li>Le <strong><a href=\"https:\/\/www.louvre.fr\/visites-en-ligne\">Mus\u00e9e du Louvre <\/a><\/strong>et ses <strong><a href=\"https:\/\/www.louvre.fr\/departements\">collections en ligne<\/a><\/strong><\/li>\n<li>Le <a href=\"https:\/\/artsandculture.google.com\/partner\/musee-dorsay-paris?hl=en\"><strong>Mus\u00e9e d&rsquo;Orsay <\/strong><\/a>et ses <a href=\"https:\/\/www.musee-orsay.fr\/fr\/collections\/bienvenue.html\"><strong>collections en ligne<\/strong><\/a><\/li>\n<li>Le <a href=\"https:\/\/my.matterport.com\/show\/?m=NCss1NB7uMo\"><strong>Mus\u00e9e de la Piscine<\/strong><\/a> de Roubaix et ses <strong><a href=\"https:\/\/www.roubaix-lapiscine.com\/category\/collections\/\">collections en ligne <\/a><\/strong>avec un commentaire audio de certaines \u0153uvres<\/li>\n<li>La <a href=\"https:\/\/fondation-monet.com\/visite-virtuelle\/\"><strong>maison de Claude Monet<\/strong><\/a><\/li>\n<li>Le site <strong><a href=\"https:\/\/www.museemusee.com\/\">muse\u00e9muse\u00e9.com<\/a><\/strong> recense pr\u00e8s de 4 000 mus\u00e9es fran\u00e7ais<\/li>\n<\/ul>\n<p>&nbsp;<\/p>\n<p>A l&rsquo;\u00c9tranger<\/p>\n<ul>\n<li>Le <a href=\"https:\/\/britishmuseum.withgoogle.com\/\"><strong>British Museum <\/strong><\/a>de Londres \u00e0 travers le temps et <a href=\"https:\/\/www.britishmuseum.org\/collection\"><strong>l&rsquo;exploration des collections<\/strong><\/a> riches de pr\u00e8s de quatre millions et demi d&rsquo;objets<\/li>\n<li>Le <a href=\"https:\/\/artsandculture.google.com\/streetview\/solomon-r-guggenheim-museum-interior-streetview\/jAHfbv3JGM2KaQ?hl=en&amp;sv_lng=-73.95902634325634&amp;sv_lat=40.78285751667664&amp;sv_h=100.63659236884682&amp;sv_p=0.0000021305855284481368&amp;sv_pid=MfnUmHRyOSzMtY3vtYU05g&amp;sv_z=0.2739310462916814\"><strong>Mus\u00e9e Guggenheim<\/strong><\/a> de New-York<\/li>\n<li>Le <a href=\"https:\/\/artsandculture.google.com\/partner\/moma-the-museum-of-modern-art\"><strong>Museum of Modern Art (MoMA)&nbsp; <\/strong><\/a>de New-York<\/li>\n<li>Le <a href=\"https:\/\/artsandculture.google.com\/streetview\/uffizi-gallery\/\"><strong>Mus\u00e9e des Offices<\/strong><\/a> \u00e0 Florence<\/li>\n<li>La <a href=\"https:\/\/artsandculture.google.com\/partner\/tate-modern\"><strong>Tate modern<\/strong><\/a> de Londres<\/li>\n<li>Le <strong><a href=\"https:\/\/artsandculture.google.com\/partner\/van-gogh-museum?hl=en\">Van Gogh Museum<\/a><\/strong> d&rsquo;Amsterdam<\/li>\n<\/ul>\n","protected":false},"excerpt":{"rendered":"<p>Pages Eduscol L&rsquo;application ADAGE Le Pass Culture Autour de la chanson Le portail \u00e9ducatif de la chanson propose des actualit\u00e9s et des ressources pour utiliser la chanson dans nos enseignements. Le portail du minist\u00e8re de la culture \u00ab\u00a0L&rsquo;Histoire des arts \u00e0 port\u00e9e de clics !\u00a0\u00bb vous permet d&rsquo;acc\u00e9der&nbsp; gratuitement \u00e0 plus de 5 000 ressources &hellip; <\/p>\n<p><a class=\"more-link btn\" href=\"https:\/\/www.pedagogie.ac-nice.fr\/plplh\/ressources-artistiques-et-culturelles\/\">Lire la suite<\/a><\/p>\n","protected":false},"author":195,"featured_media":0,"parent":0,"menu_order":0,"comment_status":"closed","ping_status":"closed","template":"","meta":{"ngg_post_thumbnail":0,"footnotes":""},"class_list":["post-3278","page","type-page","status-publish","hentry","nodate","item-wrap"],"rttpg_featured_image_url":null,"rttpg_author":{"display_name":"David Lamoureux","author_link":"https:\/\/www.pedagogie.ac-nice.fr\/plplh\/author\/dlamoureux\/"},"rttpg_comment":0,"rttpg_category":null,"rttpg_excerpt":"Pages Eduscol L&rsquo;application ADAGE Le Pass Culture Autour de la chanson Le portail \u00e9ducatif de la chanson propose des actualit\u00e9s et des ressources pour utiliser la chanson dans nos enseignements. Le portail du minist\u00e8re de la culture \u00ab\u00a0L&rsquo;Histoire des arts \u00e0 port\u00e9e de clics !\u00a0\u00bb vous permet d&rsquo;acc\u00e9der&nbsp; gratuitement \u00e0 plus de 5 000 ressources\u2026","post_mailing_queue_ids":[],"_links":{"self":[{"href":"https:\/\/www.pedagogie.ac-nice.fr\/plplh\/wp-json\/wp\/v2\/pages\/3278","targetHints":{"allow":["GET"]}}],"collection":[{"href":"https:\/\/www.pedagogie.ac-nice.fr\/plplh\/wp-json\/wp\/v2\/pages"}],"about":[{"href":"https:\/\/www.pedagogie.ac-nice.fr\/plplh\/wp-json\/wp\/v2\/types\/page"}],"author":[{"embeddable":true,"href":"https:\/\/www.pedagogie.ac-nice.fr\/plplh\/wp-json\/wp\/v2\/users\/195"}],"replies":[{"embeddable":true,"href":"https:\/\/www.pedagogie.ac-nice.fr\/plplh\/wp-json\/wp\/v2\/comments?post=3278"}],"version-history":[{"count":38,"href":"https:\/\/www.pedagogie.ac-nice.fr\/plplh\/wp-json\/wp\/v2\/pages\/3278\/revisions"}],"predecessor-version":[{"id":9764,"href":"https:\/\/www.pedagogie.ac-nice.fr\/plplh\/wp-json\/wp\/v2\/pages\/3278\/revisions\/9764"}],"wp:attachment":[{"href":"https:\/\/www.pedagogie.ac-nice.fr\/plplh\/wp-json\/wp\/v2\/media?parent=3278"}],"curies":[{"name":"wp","href":"https:\/\/api.w.org\/{rel}","templated":true}]}}