{"id":3286,"date":"2019-09-07T19:01:00","date_gmt":"2019-09-07T17:01:00","guid":{"rendered":"https:\/\/www.pedagogie.ac-nice.fr\/plplh\/?page_id=3286"},"modified":"2023-09-06T17:24:32","modified_gmt":"2023-09-06T15:24:32","slug":"presentation-tvp","status":"publish","type":"page","link":"https:\/\/www.pedagogie.ac-nice.fr\/plplh\/presentation-tvp\/","title":{"rendered":"Mise en \u0153uvre de la TVP"},"content":{"rendered":"<h3><span style=\"color: #ff6600;\">Pr\u00e9sentation g\u00e9n\u00e9rale<\/span><\/h3>\n<ul>\n<li>Une <a href=\"https:\/\/www.pedagogie.ac-nice.fr\/plplh\/wp-content\/uploads\/sites\/18\/2019\/09\/Pr\u00e9sentationTVP.pdf\"><strong>pr\u00e9sentation compl\u00e8te<\/strong><\/a> de la transformation de la voie professionnelle<\/li>\n<li>La page <strong><a href=\"https:\/\/eduscol.education.fr\/cid133260\/transformer-le-lycee-professionnel.html\">Eduscol<\/a><\/strong> d\u00e9di\u00e9e \u00e0 la transformation de la voie professionnelle<\/li>\n<\/ul>\n<h3><span style=\"color: #ff6600;\">Chef d\u2019\u0153uvre<\/span><\/h3>\n<ul>\n<li>Vad\u00e9m\u00e9cum sur<strong><a href=\"https:\/\/www.pedagogie.ac-nice.fr\/plplh\/wp-content\/uploads\/sites\/18\/2019\/02\/Vade-mecum-r\u00e9alisation-chef-doeuvre.pdf\"> la r\u00e9alisation du chef-d\u2019\u0153uvre<\/a><\/strong><\/li>\n<li>\n<div class=\"page\" title=\"Page 1\">\n<div class=\"layoutArea\">\n<div class=\"column\">\n<p><a href=\"https:\/\/www.education.gouv.fr\/bo\/20\/Hebdo8\/MENE2002480C.htm\"><strong>B<\/strong><strong>O n\u00b08 du 20 f\u00e9vrier 2020 <\/strong><\/a>d\u00e9finissant les modalit\u00e9s d\u2019<strong>\u00e9valuation du chef-d\u2019\u0153uvre<\/strong> pr\u00e9vue<br \/>\n\u00e0 l\u2019examen <strong>du certificat d\u2019aptitude professionnelle<\/strong><\/p>\n<\/div>\n<\/div>\n<\/div>\n<\/li>\n<\/ul>\n<h3><span style=\"color: #ff6600;\">Co-intervention<\/span><\/h3>\n<ul>\n<li>Vad\u00e9m\u00e9cum&nbsp; sur<strong><a href=\"https:\/\/www.pedagogie.ac-nice.fr\/plplh\/wp-content\/uploads\/sites\/18\/2019\/02\/Vade-mecum-co-intervention.pdf\"> la co-intervention<\/a><\/strong><\/li>\n<\/ul>\n<h3><span style=\"color: #ff6600;\">Consolidation des acquis et accompagnement personnalis\u00e9<\/span><\/h3>\n<ul>\n<li>Vous rendre sur la page <strong><a href=\"https:\/\/www.pedagogie.ac-nice.fr\/plplh\/savoirs-fondamentaux\/\" target=\"_blank\" rel=\"noopener\">\u00ab\u00a0SAVOIRS FONDAMENTAUX\u00a0\u00bb<\/a><\/strong><\/li>\n<\/ul>\n","protected":false},"excerpt":{"rendered":"<p>Pr\u00e9sentation g\u00e9n\u00e9rale Une pr\u00e9sentation compl\u00e8te de la transformation de la voie professionnelle La page Eduscol d\u00e9di\u00e9e \u00e0 la transformation de la voie professionnelle Chef d\u2019\u0153uvre Vad\u00e9m\u00e9cum sur la r\u00e9alisation du chef-d\u2019\u0153uvre BO n\u00b08 du 20 f\u00e9vrier 2020 d\u00e9finissant les modalit\u00e9s d\u2019\u00e9valuation du chef-d\u2019\u0153uvre pr\u00e9vue \u00e0 l\u2019examen du certificat d\u2019aptitude professionnelle Co-intervention Vad\u00e9m\u00e9cum&nbsp; sur la co-intervention &hellip; <\/p>\n<p><a class=\"more-link btn\" href=\"https:\/\/www.pedagogie.ac-nice.fr\/plplh\/presentation-tvp\/\">Lire la suite<\/a><\/p>\n","protected":false},"author":195,"featured_media":0,"parent":0,"menu_order":0,"comment_status":"closed","ping_status":"closed","template":"","meta":{"ngg_post_thumbnail":0,"footnotes":""},"class_list":["post-3286","page","type-page","status-publish","hentry","nodate","item-wrap"],"rttpg_featured_image_url":null,"rttpg_author":{"display_name":"David Lamoureux","author_link":"https:\/\/www.pedagogie.ac-nice.fr\/plplh\/author\/dlamoureux\/"},"rttpg_comment":0,"rttpg_category":null,"rttpg_excerpt":"Pr\u00e9sentation g\u00e9n\u00e9rale Une pr\u00e9sentation compl\u00e8te de la transformation de la voie professionnelle La page Eduscol d\u00e9di\u00e9e \u00e0 la transformation de la voie professionnelle Chef d\u2019\u0153uvre Vad\u00e9m\u00e9cum sur la r\u00e9alisation du chef-d\u2019\u0153uvre BO n\u00b08 du 20 f\u00e9vrier 2020 d\u00e9finissant les modalit\u00e9s d\u2019\u00e9valuation du chef-d\u2019\u0153uvre pr\u00e9vue \u00e0 l\u2019examen du certificat d\u2019aptitude professionnelle Co-intervention Vad\u00e9m\u00e9cum&nbsp; sur la co-intervention\u2026","post_mailing_queue_ids":[],"_links":{"self":[{"href":"https:\/\/www.pedagogie.ac-nice.fr\/plplh\/wp-json\/wp\/v2\/pages\/3286","targetHints":{"allow":["GET"]}}],"collection":[{"href":"https:\/\/www.pedagogie.ac-nice.fr\/plplh\/wp-json\/wp\/v2\/pages"}],"about":[{"href":"https:\/\/www.pedagogie.ac-nice.fr\/plplh\/wp-json\/wp\/v2\/types\/page"}],"author":[{"embeddable":true,"href":"https:\/\/www.pedagogie.ac-nice.fr\/plplh\/wp-json\/wp\/v2\/users\/195"}],"replies":[{"embeddable":true,"href":"https:\/\/www.pedagogie.ac-nice.fr\/plplh\/wp-json\/wp\/v2\/comments?post=3286"}],"version-history":[{"count":25,"href":"https:\/\/www.pedagogie.ac-nice.fr\/plplh\/wp-json\/wp\/v2\/pages\/3286\/revisions"}],"predecessor-version":[{"id":7939,"href":"https:\/\/www.pedagogie.ac-nice.fr\/plplh\/wp-json\/wp\/v2\/pages\/3286\/revisions\/7939"}],"wp:attachment":[{"href":"https:\/\/www.pedagogie.ac-nice.fr\/plplh\/wp-json\/wp\/v2\/media?parent=3286"}],"curies":[{"name":"wp","href":"https:\/\/api.w.org\/{rel}","templated":true}]}}