{"id":3580,"date":"2020-02-05T16:51:57","date_gmt":"2020-02-05T15:51:57","guid":{"rendered":"https:\/\/www.pedagogie.ac-nice.fr\/plplh\/?page_id=3580"},"modified":"2022-01-20T15:45:47","modified_gmt":"2022-01-20T14:45:47","slug":"pix","status":"publish","type":"page","link":"https:\/\/www.pedagogie.ac-nice.fr\/plplh\/sinformer\/pix\/","title":{"rendered":"PIX"},"content":{"rendered":"<h3><span style=\"color: #3366ff;\"><img loading=\"lazy\" decoding=\"async\" class=\" wp-image-3588 alignright\" src=\"https:\/\/www.pedagogie.ac-nice.fr\/plplh\/wp-content\/uploads\/sites\/18\/2020\/02\/pix_-logo-300x113.png\" alt=\"\" width=\"332\" height=\"125\" srcset=\"https:\/\/www.pedagogie.ac-nice.fr\/plplh\/wp-content\/uploads\/sites\/18\/2020\/02\/pix_-logo-300x113.png 300w, https:\/\/www.pedagogie.ac-nice.fr\/plplh\/wp-content\/uploads\/sites\/18\/2020\/02\/pix_-logo.png 487w\" sizes=\"auto, (max-width: 332px) 100vw, 332px\" \/><\/span><span style=\"color: #3366ff;\">Pr\u00e9sentation<\/span><\/h3>\n<p>Pix est un service public pour \u00e9valuer, d\u00e9velopper et certifier les comp\u00e9tences num\u00e9riques \u00e0 destination de tous, coll\u00e9giens, lyc\u00e9ens, \u00e9tudiants, professionnels et plus g\u00e9n\u00e9ralement \u00e0 tous les citoyens.<\/p>\n<ul>\n<li>Pr\u00e9sentation de la <a href=\"https:\/\/www.youtube.com\/watch?v=1B8fBmLIsh8&amp;feature=emb_title\"><strong>Plateforme Pix <\/strong><\/a>en vid\u00e9o<\/li>\n<li>Pr\u00e9sentation de la <a href=\"https:\/\/www.dailymotion.com\/video\/x78gwjv\"><strong>Certification Pix <\/strong><\/a>en vid\u00e9o<\/li>\n<\/ul>\n<h3><span style=\"color: #3366ff;\">Textes officiels<\/span><\/h3>\n<ul>\n<li>BO n\u00b03 du 20 janvier 2022 sur <strong><a href=\"https:\/\/www.education.gouv.fr\/bo\/22\/Hebdo3\/MENE2129631N.htm\">les modalit\u00e9s de formation, d&rsquo;\u00e9valuation et de certification des comp\u00e9tences num\u00e9riques<\/a><\/strong><\/li>\n<li>Page Eduscol sur&nbsp;<a href=\"https:\/\/eduscol.education.fr\/pid38816\/certification-des-competences-numeriques.html\"><strong>le cadre de r\u00e9f\u00e9rence des comp\u00e9tences num\u00e9riques <\/strong><\/a>entr\u00e9 en vigueur \u00e0 la rentr\u00e9e 2019.<\/li>\n<\/ul>\n<h3><span style=\"color: #3366ff;\">Mise en \u0153uvre<\/span><\/h3>\n<ul>\n<li><a href=\"https:\/\/www.pedagogie.ac-nice.fr\/dane\/pix\"><strong>Exemples de fiches d&rsquo;activit\u00e9s num\u00e9riques<\/strong><\/a> en relation avec les comp\u00e9tences de la certification PIX,&nbsp; sur le site de la DANE de Nice. La page est en cours de d\u00e9ploiement et va s&rsquo;enrichir r\u00e9guli\u00e8rement<strong>.<\/strong>\n<ul>\n<li>2de Bac Pro :<a href=\"https:\/\/www.pedagogie.ac-nice.fr\/dane\/pix\/1-informations-et-donnees-1-1-mener-une-recherche-francais\"> <strong>S\u00e9lectionner un article de presse en ligne et en v\u00e9rifier sa v\u00e9racit\u00e9<\/strong><\/a><\/li>\n<li>CAP : <a href=\"https:\/\/www.pedagogie.ac-nice.fr\/dane\/pix\/3-creation-de-contenu-3-1-developper-des-documents-textuels-hist_geo\"><strong>Cr\u00e9ation d&rsquo;affiches autour des symboles et valeurs de la R\u00e9publique pour r\u00e9aliser une exposition<\/strong><\/a> au CDI.<\/li>\n<\/ul>\n<\/li>\n<\/ul>\n","protected":false},"excerpt":{"rendered":"<p>Pr\u00e9sentation Pix est un service public pour \u00e9valuer, d\u00e9velopper et certifier les comp\u00e9tences num\u00e9riques \u00e0 destination de tous, coll\u00e9giens, lyc\u00e9ens, \u00e9tudiants, professionnels et plus g\u00e9n\u00e9ralement \u00e0 tous les citoyens. Pr\u00e9sentation de la Plateforme Pix en vid\u00e9o Pr\u00e9sentation de la Certification Pix en vid\u00e9o Textes officiels BO n\u00b03 du 20 janvier 2022 sur les modalit\u00e9s de &hellip; <\/p>\n<p><a class=\"more-link btn\" href=\"https:\/\/www.pedagogie.ac-nice.fr\/plplh\/sinformer\/pix\/\">Lire la suite<\/a><\/p>\n","protected":false},"author":195,"featured_media":0,"parent":1758,"menu_order":0,"comment_status":"closed","ping_status":"closed","template":"","meta":{"ngg_post_thumbnail":0,"footnotes":""},"class_list":["post-3580","page","type-page","status-publish","hentry","nodate","item-wrap"],"rttpg_featured_image_url":null,"rttpg_author":{"display_name":"David Lamoureux","author_link":"https:\/\/www.pedagogie.ac-nice.fr\/plplh\/author\/dlamoureux\/"},"rttpg_comment":0,"rttpg_category":null,"rttpg_excerpt":"Pr\u00e9sentation Pix est un service public pour \u00e9valuer, d\u00e9velopper et certifier les comp\u00e9tences num\u00e9riques \u00e0 destination de tous, coll\u00e9giens, lyc\u00e9ens, \u00e9tudiants, professionnels et plus g\u00e9n\u00e9ralement \u00e0 tous les citoyens. Pr\u00e9sentation de la Plateforme Pix en vid\u00e9o Pr\u00e9sentation de la Certification Pix en vid\u00e9o Textes officiels BO n\u00b03 du 20 janvier 2022 sur les modalit\u00e9s de\u2026","post_mailing_queue_ids":[],"_links":{"self":[{"href":"https:\/\/www.pedagogie.ac-nice.fr\/plplh\/wp-json\/wp\/v2\/pages\/3580","targetHints":{"allow":["GET"]}}],"collection":[{"href":"https:\/\/www.pedagogie.ac-nice.fr\/plplh\/wp-json\/wp\/v2\/pages"}],"about":[{"href":"https:\/\/www.pedagogie.ac-nice.fr\/plplh\/wp-json\/wp\/v2\/types\/page"}],"author":[{"embeddable":true,"href":"https:\/\/www.pedagogie.ac-nice.fr\/plplh\/wp-json\/wp\/v2\/users\/195"}],"replies":[{"embeddable":true,"href":"https:\/\/www.pedagogie.ac-nice.fr\/plplh\/wp-json\/wp\/v2\/comments?post=3580"}],"version-history":[{"count":17,"href":"https:\/\/www.pedagogie.ac-nice.fr\/plplh\/wp-json\/wp\/v2\/pages\/3580\/revisions"}],"predecessor-version":[{"id":6366,"href":"https:\/\/www.pedagogie.ac-nice.fr\/plplh\/wp-json\/wp\/v2\/pages\/3580\/revisions\/6366"}],"up":[{"embeddable":true,"href":"https:\/\/www.pedagogie.ac-nice.fr\/plplh\/wp-json\/wp\/v2\/pages\/1758"}],"wp:attachment":[{"href":"https:\/\/www.pedagogie.ac-nice.fr\/plplh\/wp-json\/wp\/v2\/media?parent=3580"}],"curies":[{"name":"wp","href":"https:\/\/api.w.org\/{rel}","templated":true}]}}