{"id":4316,"date":"2020-09-08T09:14:25","date_gmt":"2020-09-08T07:14:25","guid":{"rendered":"https:\/\/www.pedagogie.ac-nice.fr\/plplh\/?page_id=4316"},"modified":"2026-01-15T09:34:35","modified_gmt":"2026-01-15T08:34:35","slug":"ressources-en-cap","status":"publish","type":"page","link":"https:\/\/www.pedagogie.ac-nice.fr\/plplh\/enseigner\/ressources-en-cap\/","title":{"rendered":"CAP &#8211; Ressources p\u00e9dagogiques"},"content":{"rendered":"<h3><span style=\"color: #ff6600;\">FRAN\u00c7AIS<\/span><\/h3>\n<ul>\n<li>La <strong><a href=\"https:\/\/bibliothequenumerique.tv5monde.com\/livres\">biblioth\u00e8que num\u00e9rique de TV5 monde<\/a><\/strong> : 572 livres gratuits de la litt\u00e9rature francophone (correspondances, romans, th\u00e9\u00e2tres, po\u00e9sies\u2026) du XIIIe au XXe si\u00e8cle. Certains sont accompagn\u00e9s d\u2019un livret p\u00e9dagogique.<\/li>\n<li><strong><a href=\"https:\/\/gallica.bnf.fr\/html\/und\/livres\/livres?mode=desktop\">Gallica-Livres<\/a><\/strong> propose plus de <span class=\"no-restricted-libelle\">642 000 documents consultables en ligne.<\/span><\/li>\n<li><strong><a href=\"http:\/\/www.litteratureaudio.com\/\">Litt\u00e9rature Audio<\/a><\/strong> propose plus de 8 000 livres gratuits \u00e0 \u00e9couter et \u00e0 t\u00e9l\u00e9charger.<\/li>\n<li><a href=\"https:\/\/www.pedagogie.ac-nice.fr\/plplh\/ressources-francais-1-livres-numeriques\/\"><strong> Livres num\u00e9riques<\/strong><\/a> : 160 livres en Pdf de l\u2019Antiquit\u00e9 au XIXe si\u00e8cle.<\/li>\n<li><strong><a href=\"https:\/\/poesie.webnet.fr\/lesgrandsclassiques\/\">Po\u00e9sie-Webnet<\/a><\/strong> regroupe plus de 6 000 po\u00e8mes des grands po\u00e8tes de langue fran\u00e7aise, du Moyen-\u00e2ge au XXe si\u00e8cle.<\/li>\n<li>Le portail du minist\u00e8re de la culture <a href=\"https:\/\/histoiredesarts.culture.gouv.fr\/\"><strong>\u00ab\u00a0L&rsquo;Histoire des arts \u00e0 port\u00e9e de clics !\u00a0\u00bb<\/strong><\/a> vous permet d&rsquo;acc\u00e9der&nbsp; gratuitement \u00e0 plus de 5 000 ressources \u00e9ducatives notamment dans les domaines de la litt\u00e9rature et du th\u00e9\u00e2tre.<\/li>\n<\/ul>\n<h4><span style=\"color: #0000ff;\">\u00c9tude de la langue<\/span><\/h4>\n<ul>\n<li>Une r\u00e9flexion sur <a href=\"https:\/\/www.pedagogie.ac-nice.fr\/plplh\/wp-content\/uploads\/sites\/18\/2020\/03\/Pre\u0301sentation-E-Langue.pdf\"><strong>la mise en \u0153uvre de l\u2019\u00e9tude de la langue<\/strong><\/a> en CAP.<\/li>\n<\/ul>\n<div class=\"page\" title=\"Page 1\">\n<div class=\"layoutArea\">\n<div class=\"column\">\n<h4><span style=\"color: #0000ff;\">Objet d&rsquo;\u00e9tude : Se dire, s\u2019affirmer, s\u2019e\u0301manciper<\/span><\/h4>\n<\/div>\n<\/div>\n<\/div>\n<ul>\n<li class=\"title-h1-02\"><span class=\"field field--name-title field--type-string field--label-hidden\">L&rsquo;exposition <strong>\u00ab\u00a0<a href=\"https:\/\/www.mba-lyon.fr\/fr\/fiche-programmation\/exposition-autoportraits\">Autoportraits de Rembrandt au selfie\u00a0\u00bb<\/a><\/strong><\/span><span class=\"slider-home_title_detail\"> du mus\u00e9e des beaux-arts de Lyon et son dossier p\u00e9dagogique (2016)<br \/>\n<\/span><\/li>\n<li>L&rsquo;exposition <strong><a href=\"https:\/\/www.senat.fr\/evenement\/moi\/oeuvres.html\">\u00ab\u00a0Moi ! Autoportraits\u00a0\u00bb<\/a><\/strong> du Mus\u00e9e du Luxembourg-S\u00e9nat&nbsp; (2014)<\/li>\n<li>Le site p\u00e9dagogique d\u00e9di\u00e9 : <strong><a href=\"https:\/\/petitegalerie.louvre.fr\/content\/l%E2%80%99autoportrait-quelle-image-donner-de-soi-m%C3%AAme\">\u00ab\u00a0L\u2019autoportrait : quelle image donner de soi-m\u00eame ?\u00a0\u00bb<\/a><\/strong> de la Petite Galerie du Louvre (dossier p\u00e9dagogique, pr\u00e9sentation des \u0153uvres, visite virtuelle de l&rsquo;exposition <strong>\u00ab\u00a0Figure d&rsquo;artiste\u00a0\u00bb<\/strong>&#8230;)<\/li>\n<li>La vid\u00e9o : <a href=\"https:\/\/www.grandpalais.fr\/fr\/article\/selfie-or-not-selfie\"><strong>\u00ab\u00a0Selfie or not selfie ? :le selfie, autoportrait du XXIe si\u00e8cle ?\u00a0\u00bb<\/strong><\/a> du Grand Palais (2015)<\/li>\n<\/ul>\n<h4><span style=\"color: #0000ff;\">Objet d\u2019\u00e9tude : S\u2019informer, informer, communiquer<\/span><\/h4>\n<ul>\n<li>De nombreuses ressources propos\u00e9es par :\n<ul>\n<li><strong><a href=\"https:\/\/www.clemi.fr\/\">Le CLEMI<\/a><\/strong>, centre pour l&rsquo;\u00e9ducation aux m\u00e9dias et \u00e0 l&rsquo;information<\/li>\n<li><strong><a href=\"https:\/\/habilomedias.ca\/\">HabiloM\u00e9dias<\/a><\/strong>, organisme canadien d&rsquo;<span class=\"aCOpRe\">\u00e9ducation aux m\u00e9dias et litt\u00e9ratie num\u00e9rique<\/span><\/li>\n<\/ul>\n<\/li>\n<li>S\u2019informer, informer : les circuits de l\u2019information : brochure <a href=\"http:\/\/cache.media.eduscol.education.fr\/file\/Formation_continue_enseignants\/85\/9\/Eduquer_aux_medias_2012-13_217859.pdf\"><strong>\u00c9duquer aux m\u00e9dias<\/strong> 2012\/13<\/a> du CLEMI.<\/li>\n<li>Vid\u00e9o d&rsquo;ARTE journal : <strong><a href=\"https:\/\/www.youtube.com\/watch?v=pEeArJISOnk\">l&rsquo;information en 5 questions.<\/a><\/strong><\/li>\n<li>Vid\u00e9o 1 jour, 1 question : <strong><a href=\"https:\/\/www.youtube.com\/watch?v=SMe1wzKsVVA\">C&rsquo;est quoi les m\u00e9dias ?<\/a><\/strong>&nbsp; (2017).<\/li>\n<li><a href=\"https:\/\/eduscol.education.fr\/numerique\/tout-le-numerique\/veille-education-numerique\/mai_2020\/decrypter-la-desinformation\"><strong>D\u00e9crypter la d\u00e9sinformation<\/strong><\/a>, Veille Num\u00e9rique \u00c9ducative (mai 2020).<\/li>\n<li>Journ\u00e9e d\u2019\u00e9tude <a href=\"http:\/\/www.education.gouv.fr\/cid98418\/journee-d-etude-reagir-face-aux-theories-du-complot.html\"><strong>R\u00e9agir face aux th\u00e9ories du complot<\/strong><\/a>, <a href=\"https:\/\/www.pedagogie.ac-nice.fr\/plplh\/wp-content\/uploads\/sites\/18\/2016\/02\/La-charte-des-\u00ab-D\u00e9codeurs-\u00bb-1-1.pdf\">charte des \u00ab D\u00e9codeurs \u00bb<\/a> publi\u00e9e dans le quotidien Le Monde le 10 mars 2014.<\/li>\n<\/ul>\n","protected":false},"excerpt":{"rendered":"<p>FRAN\u00c7AIS La biblioth\u00e8que num\u00e9rique de TV5 monde : 572 livres gratuits de la litt\u00e9rature francophone (correspondances, romans, th\u00e9\u00e2tres, po\u00e9sies\u2026) du XIIIe au XXe si\u00e8cle. Certains sont accompagn\u00e9s d\u2019un livret p\u00e9dagogique. Gallica-Livres propose plus de 642 000 documents consultables en ligne. Litt\u00e9rature Audio propose plus de 8 000 livres gratuits \u00e0 \u00e9couter et \u00e0 t\u00e9l\u00e9charger. Livres &hellip; <\/p>\n<p><a class=\"more-link btn\" href=\"https:\/\/www.pedagogie.ac-nice.fr\/plplh\/enseigner\/ressources-en-cap\/\">Lire la suite<\/a><\/p>\n","protected":false},"author":195,"featured_media":0,"parent":1755,"menu_order":0,"comment_status":"closed","ping_status":"closed","template":"","meta":{"ngg_post_thumbnail":0,"footnotes":""},"class_list":["post-4316","page","type-page","status-publish","hentry","nodate","item-wrap"],"rttpg_featured_image_url":null,"rttpg_author":{"display_name":"David Lamoureux","author_link":"https:\/\/www.pedagogie.ac-nice.fr\/plplh\/author\/dlamoureux\/"},"rttpg_comment":0,"rttpg_category":null,"rttpg_excerpt":"FRAN\u00c7AIS La biblioth\u00e8que num\u00e9rique de TV5 monde : 572 livres gratuits de la litt\u00e9rature francophone (correspondances, romans, th\u00e9\u00e2tres, po\u00e9sies\u2026) du XIIIe au XXe si\u00e8cle. Certains sont accompagn\u00e9s d\u2019un livret p\u00e9dagogique. Gallica-Livres propose plus de 642 000 documents consultables en ligne. Litt\u00e9rature Audio propose plus de 8 000 livres gratuits \u00e0 \u00e9couter et \u00e0 t\u00e9l\u00e9charger. Livres\u2026","post_mailing_queue_ids":[],"_links":{"self":[{"href":"https:\/\/www.pedagogie.ac-nice.fr\/plplh\/wp-json\/wp\/v2\/pages\/4316","targetHints":{"allow":["GET"]}}],"collection":[{"href":"https:\/\/www.pedagogie.ac-nice.fr\/plplh\/wp-json\/wp\/v2\/pages"}],"about":[{"href":"https:\/\/www.pedagogie.ac-nice.fr\/plplh\/wp-json\/wp\/v2\/types\/page"}],"author":[{"embeddable":true,"href":"https:\/\/www.pedagogie.ac-nice.fr\/plplh\/wp-json\/wp\/v2\/users\/195"}],"replies":[{"embeddable":true,"href":"https:\/\/www.pedagogie.ac-nice.fr\/plplh\/wp-json\/wp\/v2\/comments?post=4316"}],"version-history":[{"count":72,"href":"https:\/\/www.pedagogie.ac-nice.fr\/plplh\/wp-json\/wp\/v2\/pages\/4316\/revisions"}],"predecessor-version":[{"id":10767,"href":"https:\/\/www.pedagogie.ac-nice.fr\/plplh\/wp-json\/wp\/v2\/pages\/4316\/revisions\/10767"}],"up":[{"embeddable":true,"href":"https:\/\/www.pedagogie.ac-nice.fr\/plplh\/wp-json\/wp\/v2\/pages\/1755"}],"wp:attachment":[{"href":"https:\/\/www.pedagogie.ac-nice.fr\/plplh\/wp-json\/wp\/v2\/media?parent=4316"}],"curies":[{"name":"wp","href":"https:\/\/api.w.org\/{rel}","templated":true}]}}