{"id":4319,"date":"2020-09-08T09:15:31","date_gmt":"2020-09-08T07:15:31","guid":{"rendered":"https:\/\/www.pedagogie.ac-nice.fr\/plplh\/?page_id=4319"},"modified":"2026-01-15T09:34:13","modified_gmt":"2026-01-15T08:34:13","slug":"ressources-en-2de-bac-pro","status":"publish","type":"page","link":"https:\/\/www.pedagogie.ac-nice.fr\/plplh\/enseigner\/ressources-en-2de-bac-pro\/","title":{"rendered":"2de BAC PRO &#8211; Ressources p\u00e9dagogiques"},"content":{"rendered":"<h3><span style=\"color: #ff6600;\">FRAN\u00c7AIS<\/span><\/h3>\n<ul>\n<li>La <strong><a href=\"https:\/\/bibliothequenumerique.tv5monde.com\/livres\">biblioth\u00e8que num\u00e9rique de TV5 monde<\/a><\/strong> : 572 livres gratuits de la litt\u00e9rature francophone (correspondances, romans, th\u00e9\u00e2tres, po\u00e9sies\u2026) du XIIIe au XXe si\u00e8cle. Certains sont accompagn\u00e9s d\u2019un livret p\u00e9dagogique.<\/li>\n<li><strong><a href=\"https:\/\/gallica.bnf.fr\/html\/und\/livres\/livres?mode=desktop\">Gallica &#8211; Livres<\/a><\/strong> propose plus de <span class=\"no-restricted-libelle\">642 000 documents consultables en ligne.<\/span><\/li>\n<li><strong><a href=\"http:\/\/www.litteratureaudio.com\/\">Litt\u00e9rature Audio<\/a><\/strong> propose plus de 8 000 livres gratuits \u00e0 \u00e9couter et \u00e0 t\u00e9l\u00e9charger.<\/li>\n<li><a href=\"https:\/\/www.pedagogie.ac-nice.fr\/plplh\/ressources-francais-1-livres-numeriques\/\"><strong>Livres num\u00e9riques<\/strong><\/a> : 160 livres en Pdf de l\u2019Antiquit\u00e9 au XIXe si\u00e8cle.<\/li>\n<li><strong><a href=\"https:\/\/poesie.webnet.fr\/lesgrandsclassiques\/\">Po\u00e9sie-Webnet<\/a><\/strong> regroupe plus de 6 000 po\u00e8mes des grands po\u00e8tes de langue fran\u00e7aise, du Moyen-\u00e2ge au XX\u00e8me si\u00e8cle.<\/li>\n<li>Le portail du minist\u00e8re de la culture <a href=\"https:\/\/histoiredesarts.culture.gouv.fr\/\"><strong>\u00ab\u00a0L&rsquo;Histoire des arts \u00e0 port\u00e9e de clics !\u00a0\u00bb<\/strong><\/a> vous permet d&rsquo;acc\u00e9der&nbsp; gratuitement \u00e0 plus de 5 000 ressources \u00e9ducatives notamment dans les domaines de la litt\u00e9rature et du th\u00e9\u00e2tre.<\/li>\n<li><a href=\"https:\/\/fr.wikisource.org\/wiki\/Cat%C3%A9gorie:Litt%C3%A9rature\"><strong>Wikisource<\/strong><\/a> est une biblioth\u00e8que de 296 950 textes francophones libres et gratuits.<\/li>\n<\/ul>\n<h4><span style=\"color: #0000ff;\">\u00c9tude de la langue<\/span><\/h4>\n<ul>\n<li>Une r\u00e9flexion sur <a href=\"https:\/\/www.pedagogie.ac-nice.fr\/plplh\/wp-content\/uploads\/sites\/18\/2020\/03\/Pre\u0301sentation-E-Langue.pdf\"><strong>la mise en \u0153uvre de l\u2019\u00e9tude de la langue<\/strong><\/a> en 2de Bac Pro.<\/li>\n<\/ul>\n<h4><span style=\"color: #0000ff;\">Objet d\u2019\u00e9tude : Devenir soi, les \u00e9critures autobiographiques<\/span><\/h4>\n<ul>\n<li>Dossiers :\n<ul>\n<li>Mus\u00e9e de l&rsquo;immigration : <strong><a href=\"https:\/\/www.pedagogie.ac-nice.fr\/plplh\/wp-content\/uploads\/sites\/18\/2024\/12\/article_catalogue_albums.pdf\" target=\"_blank\" rel=\"noopener\">Quand la bande dessin\u00e9e t\u00e9moigne des migrations : entre autobiographie et reportage<\/a><\/strong><\/li>\n<\/ul>\n<\/li>\n<li>Expositions :\n<ul>\n<li>Mus\u00e9e des Beaux-Arts de Lyon : <strong><a href=\"https:\/\/www.mba-lyon.fr\/fr\/fiche-programmation\/exposition-autoportraits\" target=\"_blank\" rel=\"noopener\">Autoportraits de Rembrandt au selfie <\/a><\/strong>(acc\u00e8s au dossier p\u00e9dagogique)<\/li>\n<li>Mus\u00e9e Bonnard du Cannet : <a href=\"http:\/\/www.museebonnard.fr\/index.php\/fr\/les-expositions\/expositions-passees\/13-les-expositions\/expo-passees\/98-face-a-face-autoportrait\" target=\"_blank\" rel=\"noopener\"><strong>Face \u00e0 face. L&rsquo;autoportrait de C\u00e9zanne \u00e0 Bonnard <\/strong><\/a>(y compris l&rsquo;acc\u00e8s \u00e0 l&rsquo;exposition virtuelle)<\/li>\n<li>Mus\u00e9e d&rsquo;Orsay : <strong><a href=\"https:\/\/www.musee-orsay.fr\/fr\/agenda\/expositions\/autoportraits-de-cezanne-van-gogh\" target=\"_blank\" rel=\"noopener\"><span class=\"field field--name-title field--type-string field--label-hidden\">Autoportraits. De C\u00e9zanne \u00e0 Van Gogh<\/span><\/a><\/strong><\/li>\n<\/ul>\n<\/li>\n<li>Sites :\n<ul>\n<li><strong><a href=\"https:\/\/autobiographie.sitapa.org\/\" target=\"_blank\" rel=\"noopener\">Association pour l&rsquo;autobiographie et le patrimoine autobiographique<\/a><\/strong><\/li>\n<\/ul>\n<\/li>\n<\/ul>\n<h4><span style=\"color: #0000ff;\">Objet d\u2019\u00e9tude : S\u2019informer, informer, communiquer<\/span><\/h4>\n<ul>\n<li>De nombreuses ressources propos\u00e9es par :\n<ul>\n<li><strong><a href=\"https:\/\/www.clemi.fr\/\">Le CLEMI<\/a><\/strong>, centre pour l&rsquo;\u00e9ducation aux m\u00e9dias et \u00e0 l&rsquo;information<\/li>\n<li><strong><a href=\"https:\/\/habilomedias.ca\/\">HabiloM\u00e9dias<\/a><\/strong>, organisme canadien d&rsquo;<span class=\"aCOpRe\">\u00e9ducation aux m\u00e9dias et litt\u00e9ratie num\u00e9rique<\/span><\/li>\n<\/ul>\n<\/li>\n<li><a href=\"https:\/\/eduscol.education.fr\/numerique\/tout-le-numerique\/veille-education-numerique\/mai_2020\/decrypter-la-desinformation\"><strong>D\u00e9crypter la d\u00e9sinformation<\/strong><\/a>, Veille Num\u00e9rique \u00c9ducative (mai 2020)<\/li>\n<li>Dossiers :\n<ul>\n<li>BNF &#8211; Les Essentiels : <a href=\"https:\/\/www.pedagogie.ac-nice.fr\/plplh\/wp-content\/uploads\/sites\/18\/2024\/04\/Expo-AFP.pdf\" target=\"_blank\" rel=\"noopener\"><strong>\u00ab\u00a0L&rsquo;agence France Presse (1944-2004)\u00a0\u00bb<\/strong><\/a><\/li>\n<\/ul>\n<\/li>\n<li>Expositions en ligne :\n<ul>\n<li>BNF \/ AFP : <a href=\"https:\/\/www.pedagogie.ac-nice.fr\/plplh\/wp-content\/uploads\/sites\/18\/2023\/03\/Presse-a-la-Une-Exposition-Presse-BnF.pdf\" target=\"_blank\" rel=\"noopener\"><strong>\u201cLa presse \u00e0 la Une, de la gazette \u00e0 Internet\u201d<\/strong><\/a> (2012)<\/li>\n<li>BNF \/ CLEMI : <strong><a href=\"https:\/\/www.clemi.fr\/fr\/ressources\/exposition-histoires-de-fausses-nouvelles.html\">\u00ab\u00a0Histoire de fausses nouvelles\u00a0\u00bb<\/a><\/strong> (2019)<\/li>\n<li>CLEMI : <strong><a href=\"https:\/\/www.clemi.fr\/fr\/evenements\/operations-speciales\/exposition-fake-news-art-fiction-mensonge.html\">\u00ab Fake news : art, fiction, mensonge \u00bb <\/a><\/strong>et son dossier pluridisciplinaire (2021)<\/li>\n<\/ul>\n<\/li>\n<li>Podcasts :\n<ul>\n<li>France Info : <strong><a href=\"https:\/\/www.francetvinfo.fr\/replay-radio\/expliquez-nous\/expliquez-nous-les-fake-news_6404218.html\" target=\"_blank\" rel=\"noopener\">\u00ab\u00a0Expliquez-nous les fakes news\u00a0\u00bb<\/a><\/strong> (2024)<\/li>\n<\/ul>\n<\/li>\n<\/ul>\n<ul>\n<li>Publications :\n<ul>\n<li>S\u2019informer, informer : les circuits de l\u2019information : brochure <a href=\"http:\/\/cache.media.eduscol.education.fr\/file\/Formation_continue_enseignants\/85\/9\/Eduquer_aux_medias_2012-13_217859.pdf\"><strong>\u00c9duquer aux m\u00e9dias<\/strong> 2012\/13<\/a> du CLEMI<\/li>\n<li><strong><a href=\"https:\/\/www.unesco.org\/fr\/safety-journalists\/basic-texts\" target=\"_blank\" rel=\"noopener\">Textes fondamentaux relatifs \u00e0 la s\u00e9curit\u00e9 des journalistes<\/a><\/strong> de l&rsquo;UNESCO (2023)<\/li>\n<li>Vad\u00e9mecum <strong><a href=\"https:\/\/www.pedagogie.ac-nice.fr\/plplh\/wp-content\/uploads\/sites\/18\/2025\/12\/vademecum-emi.pdf\" target=\"_blank\" rel=\"noopener\">\u00c9ducation \u00e0 l&rsquo;information et aux m\u00e9dias<\/a><\/strong> (2024)<\/li>\n<\/ul>\n<\/li>\n<li>Sites :\n<ul>\n<li>L&rsquo;ONG <strong><a href=\"https:\/\/rsf.org\/fr\" target=\"_blank\" rel=\"noopener\">Reporters sans fronti\u00e8res<\/a><\/strong> et son <a href=\"https:\/\/rsf.org\/fr\/barometre\" target=\"_blank\" rel=\"noopener\">barom\u00e8tre en temps r\u00e9el des exactions<\/a> touchant les journalistes du monde entier.<\/li>\n<\/ul>\n<\/li>\n<li>Vid\u00e9os :\n<ul>\n<li>Le dessous des cartes &#8211; ARTE : <strong><a href=\"https:\/\/www.arte.tv\/fr\/videos\/114573-003-A\/le-dessous-des-cartes\/\" target=\"_blank\" rel=\"noopener\">\u00ab\u00a0<span class=\"css-10vvqx1\">D\u00e9sinformation : une guerre du XXIe si\u00e8cle\u00a0\u00bb <\/span><\/a><\/strong><span class=\"css-10vvqx1\">(2023)<\/span><\/li>\n<li><span class=\"css-10vvqx1\">Le dessous des cartes &#8211; ARTE : \u00ab\u00a0<strong><a href=\"https:\/\/www.arte.tv\/fr\/videos\/114573-020-A\/le-dessous-des-cartes\/\" target=\"_blank\" rel=\"noopener\">Libert\u00e9 de la presse : antidote \u00e0 la tyrannie\u00a0\u00bb<\/a><\/strong> (2024)<\/span><\/li>\n<li>ARTE\/CLEMI : <strong><a href=\"https:\/\/www.youtube.com\/watch?v=pEeArJISOnk\">l&rsquo;information en cinq questions.<\/a><\/strong><\/li>\n<li>1 jour, 1 question : <strong><a href=\"https:\/\/www.youtube.com\/watch?v=SMe1wzKsVVA\">C&rsquo;est quoi les m\u00e9dias ?<\/a><\/strong>&nbsp; (2017)<\/li>\n<\/ul>\n<\/li>\n<li>Journ\u00e9e d\u2019\u00e9tude <a href=\"http:\/\/www.education.gouv.fr\/cid98418\/journee-d-etude-reagir-face-aux-theories-du-complot.html\"><strong>R\u00e9agir face aux th\u00e9ories du complot<\/strong><\/a>, <a href=\"https:\/\/www.pedagogie.ac-nice.fr\/plplh\/wp-content\/uploads\/sites\/18\/2016\/02\/La-charte-des-\u00ab-D\u00e9codeurs-\u00bb-1-1.pdf\">charte des \u00ab D\u00e9codeurs \u00bb<\/a> publi\u00e9e dans le quotidien Le Monde le 10 mars 2014.<\/li>\n<\/ul>\n<h4><span style=\"color: #0000ff;\">Objet d\u2019\u00e9tude : Dire et se faire entendre : la parole, le th\u00e9\u00e2tre, l\u2019\u00e9loquence<\/span><\/h4>\n<ul>\n<li>Dossiers p\u00e9dagogiques :\n<ul>\n<li><strong>\u00ab\u00a0Pi\u00e8ces (d\u00e9)mont\u00e9es\u00a0\u00bb<\/strong> de Canop\u00e9 qui accompagnaient des spectacles de l\u2019actualit\u00e9 du th\u00e9\u00e2tre et des arts du cirque.\n<ul>\n<li><strong><a href=\"https:\/\/www.reseau-canope.fr\/notice\/piece-demontee-2022.html\" target=\"_blank\" rel=\"noopener\">Notices 2022, <\/a><\/strong><strong><a href=\"https:\/\/www.reseau-canope.fr\/notice\/piece-demontee-2021.html\" target=\"_blank\" rel=\"noopener\">notices de 2021<\/a><\/strong><strong>, <a href=\"https:\/\/www.reseau-canope.fr\/notice\/piece-demontee-2020.html\" target=\"_blank\" rel=\"noopener\">notices de 2020<\/a><\/strong>, <a href=\"https:\/\/www.reseau-canope.fr\/notice\/piece-demontee-2019.html\" target=\"_blank\" rel=\"noopener\"><strong>notices de 2019<\/strong><\/a><\/li>\n<li>Pour les ann\u00e9es ant\u00e9rieurs, consultez la partie <a href=\"https:\/\/www.reseau-canope.fr\/notice\/piece-demontee-2014.html\" target=\"_blank\" rel=\"noopener\"><strong>\u00ab\u00a0pr\u00e9sentation\u00a0\u00bb de cette page<\/strong><\/a>.<\/li>\n<\/ul>\n<\/li>\n<\/ul>\n<\/li>\n<li>Podcasts :\n<ul>\n<li><strong><em>Ma Parole <\/em><\/strong>(sur les outils de l&rsquo;\u00e9loquence) &#8211; France Culture\n<ul>\n<li><strong><a href=\"https:\/\/www.radiofrance.fr\/franceculture\/podcasts\/serie-comment-convaincre-avec-bertrand-perier\" target=\"_blank\" rel=\"noopener\">Saison 1 : Comment convaincre<\/a>, <\/strong>avec Bertrand P\u00e9rier (2024 &#8211; 5 \u00e9pisodes de 11 minutes)<\/li>\n<li><a href=\"https:\/\/www.radiofrance.fr\/franceculture\/podcasts\/serie-comment-persuader-avec-marie-dose\" target=\"_blank\" rel=\"noopener\"><strong>Saison 2 : Comment persuader<\/strong><\/a>, avec Marie Dos\u00e9 (2024 &#8211; 5 \u00e9pisodes de 11 minutes)<\/li>\n<li><strong><a href=\"https:\/\/www.radiofrance.fr\/franceculture\/podcasts\/serie-comment-s-indigner-avec-salome-saque\" target=\"_blank\" rel=\"noopener\">Saison 3 : Comment s&rsquo;indigner<\/a><\/strong>, avec Salom\u00e9 Saqu\u00e9 (2024 &#8211; 5 \u00e9pisodes de 11 minutes)<\/li>\n<\/ul>\n<\/li>\n<li>Pour les enseignants :&nbsp;\n<ul>\n<li>France Culture : \u00ab\u00a0<strong><a href=\"https:\/\/www.radiofrance.fr\/franceculture\/podcasts\/serie-les-discours-qui-ont-change-le-monde#concept-about\" target=\"_blank\" rel=\"noopener\">Les discours qui ont chang\u00e9 le monde<\/a><\/strong>\u00a0\u00bb (2024 &#8211; 10 \u00e9pisodes)<\/li>\n<li>France Inter : <strong><a href=\"https:\/\/www.radiofrance.fr\/franceinter\/podcasts\/les-grands-discours\" target=\"_blank\" rel=\"noopener\">\u00ab\u00a0Les Grands Discours\u00a0\u00bb<\/a><\/strong> (9 \u00e9pisodes)<\/li>\n<\/ul>\n<\/li>\n<\/ul>\n<\/li>\n<li>Sites :\n<ul>\n<li><strong><a href=\"https:\/\/comedie-francaise.bibli.fr\/index.php\"><em>LA GRANGE<\/em><\/a><\/strong> : portail documentaire d\u00e9di\u00e9 au patrimoine de la Com\u00e9die-Fran\u00e7aise.<\/li>\n<\/ul>\n<\/li>\n<li>Textes :\n<ul>\n<li><strong><a href=\"https:\/\/www2.assemblee-nationale.fr\/decouvrir-l-assemblee\/histoire\/grands-discours-parlementaires\" target=\"_blank\" rel=\"noopener\">\u00ab\u00a0Grands Discours parlementaires\u00a0\u00bb<\/a><\/strong> &#8211; Assembl\u00e9e nationale<\/li>\n<li><a href=\"https:\/\/encyclopedie.wikiterritorial.cnfpt.fr\/xwiki\/bin\/view\/fiches\/Les%20contenus%20de%20culture%20g%C3%A9n%C3%A9rale\/50%20discours%20c%C3%A9l%C3%A8bres%20de%201900%20%C3%A0%20nos%20jours%20\/\"><strong>\u00ab\u00a050 discours c\u00e9l\u00e8bres de 1900 \u00e0 nos jours\u00a0\u00bb<\/strong><\/a> &#8211; Centre de ressources des collectivit\u00e9s territoriales<\/li>\n<\/ul>\n<\/li>\n<li>Vid\u00e9os :\n<ul>\n<li>&nbsp;<strong><a href=\"https:\/\/www.arte-campus.fr\/serie\/les-grands-discours-tous-les-episodes\" target=\"_blank\" rel=\"noopener\">\u00ab\u00a0Les Grands Discours\u00a0\u00bb <\/a><\/strong><a href=\"https:\/\/www.arte-campus.fr\/serie\/les-grands-discours-tous-les-episodes\" target=\"_blank\" rel=\"noopener\">&#8211; <\/a>ArteTV<\/li>\n<li>&nbsp;<a href=\"https:\/\/www.reseau-canope.fr\/edutheque-theatre-en-acte\/\"><strong>\u00ab\u00a0Th\u00e9\u00e2tre en acte\u00a0\u00bb<\/strong> <\/a>de Canop\u00e9 regroupe des extraites d&rsquo;\u0153uvres classiques et contemporaines, ainsi que des ressources.<\/li>\n<li><strong><a href=\"https:\/\/www.france.tv\/spectacles-et-culture\/\">Sur les planches<\/a><\/strong> pour retrouver les pi\u00e8ces de th\u00e9\u00e2tre diffus\u00e9es par France T\u00e9l\u00e9visions.<\/li>\n<\/ul>\n<\/li>\n<\/ul>\n","protected":false},"excerpt":{"rendered":"<p>FRAN\u00c7AIS La biblioth\u00e8que num\u00e9rique de TV5 monde : 572 livres gratuits de la litt\u00e9rature francophone (correspondances, romans, th\u00e9\u00e2tres, po\u00e9sies\u2026) du XIIIe au XXe si\u00e8cle. Certains sont accompagn\u00e9s d\u2019un livret p\u00e9dagogique. Gallica &#8211; Livres propose plus de 642 000 documents consultables en ligne. Litt\u00e9rature Audio propose plus de 8 000 livres gratuits \u00e0 \u00e9couter et \u00e0 &hellip; <\/p>\n<p><a class=\"more-link btn\" href=\"https:\/\/www.pedagogie.ac-nice.fr\/plplh\/enseigner\/ressources-en-2de-bac-pro\/\">Lire la suite<\/a><\/p>\n","protected":false},"author":195,"featured_media":0,"parent":1755,"menu_order":0,"comment_status":"closed","ping_status":"closed","template":"","meta":{"ngg_post_thumbnail":0,"footnotes":""},"class_list":["post-4319","page","type-page","status-publish","hentry","nodate","item-wrap"],"rttpg_featured_image_url":null,"rttpg_author":{"display_name":"David Lamoureux","author_link":"https:\/\/www.pedagogie.ac-nice.fr\/plplh\/author\/dlamoureux\/"},"rttpg_comment":0,"rttpg_category":null,"rttpg_excerpt":"FRAN\u00c7AIS La biblioth\u00e8que num\u00e9rique de TV5 monde : 572 livres gratuits de la litt\u00e9rature francophone (correspondances, romans, th\u00e9\u00e2tres, po\u00e9sies\u2026) du XIIIe au XXe si\u00e8cle. Certains sont accompagn\u00e9s d\u2019un livret p\u00e9dagogique. Gallica &#8211; Livres propose plus de 642 000 documents consultables en ligne. Litt\u00e9rature Audio propose plus de 8 000 livres gratuits \u00e0 \u00e9couter et \u00e0\u2026","post_mailing_queue_ids":[],"_links":{"self":[{"href":"https:\/\/www.pedagogie.ac-nice.fr\/plplh\/wp-json\/wp\/v2\/pages\/4319","targetHints":{"allow":["GET"]}}],"collection":[{"href":"https:\/\/www.pedagogie.ac-nice.fr\/plplh\/wp-json\/wp\/v2\/pages"}],"about":[{"href":"https:\/\/www.pedagogie.ac-nice.fr\/plplh\/wp-json\/wp\/v2\/types\/page"}],"author":[{"embeddable":true,"href":"https:\/\/www.pedagogie.ac-nice.fr\/plplh\/wp-json\/wp\/v2\/users\/195"}],"replies":[{"embeddable":true,"href":"https:\/\/www.pedagogie.ac-nice.fr\/plplh\/wp-json\/wp\/v2\/comments?post=4319"}],"version-history":[{"count":130,"href":"https:\/\/www.pedagogie.ac-nice.fr\/plplh\/wp-json\/wp\/v2\/pages\/4319\/revisions"}],"predecessor-version":[{"id":10766,"href":"https:\/\/www.pedagogie.ac-nice.fr\/plplh\/wp-json\/wp\/v2\/pages\/4319\/revisions\/10766"}],"up":[{"embeddable":true,"href":"https:\/\/www.pedagogie.ac-nice.fr\/plplh\/wp-json\/wp\/v2\/pages\/1755"}],"wp:attachment":[{"href":"https:\/\/www.pedagogie.ac-nice.fr\/plplh\/wp-json\/wp\/v2\/media?parent=4319"}],"curies":[{"name":"wp","href":"https:\/\/api.w.org\/{rel}","templated":true}]}}