{"id":4400,"date":"2020-09-17T16:55:30","date_gmt":"2020-09-17T14:55:30","guid":{"rendered":"https:\/\/www.pedagogie.ac-nice.fr\/plplh\/?page_id=4400"},"modified":"2025-12-31T17:07:40","modified_gmt":"2025-12-31T16:07:40","slug":"se-former-a-leducation-artistique-et-culturelle","status":"publish","type":"page","link":"https:\/\/www.pedagogie.ac-nice.fr\/plplh\/se-former-a-leducation-artistique-et-culturelle\/","title":{"rendered":"Veille scientifique en \u00e9ducation artistique et culturelle"},"content":{"rendered":"<div>\n<h4><span style=\"color: #ff6600;\"><strong>Actualiser\/Analyser<\/strong><\/span><\/h4>\n<ul>\n<li>Le <a class=\"customize-unpreviewable\" href=\"https:\/\/mooc-culturels.fondationorange.com\/course\/index.php?categoryid=18\" target=\"_blank\" rel=\"noopener\"><strong>catalogue culturel des Moocs <\/strong><\/a>de la <strong>Fondation Orange<\/strong><\/li>\n<li>Les <a class=\"customize-unpreviewable\" href=\"https:\/\/www.louvre.fr\/louvreplus\/conferences\" target=\"_blank\" rel=\"noopener\"><strong>colloques, cycles de conf\u00e9rences<\/strong><\/a> en histoire de l\u2019art du<strong> Mus\u00e9e du Louvre<\/strong><\/li>\n<li>Les <strong><a href=\"https:\/\/www.grandpalais.fr\/fr\/recherche?term=conf%C3%A9rence&amp;type=conference\" target=\"_blank\" rel=\"noopener\">conf\u00e9rences et d\u00e9bats<\/a><\/strong> du <strong>Grand Palais<\/strong><\/li>\n<li>Les <a class=\"customize-unpreviewable\" href=\"https:\/\/www.musee-orsay.fr\/fr\/evenements\/rencontres\/conferences-en-ligne.html\" target=\"_blank\" rel=\"noopener\"><strong>conf\u00e9rences en ligne<\/strong><\/a> du <strong>Mus\u00e9e d\u2019Orsay<\/strong><\/li>\n<\/ul>\n<h4><span style=\"color: #ff6600;\">Lire<\/span><\/h4>\n<ul>\n<li><a href=\"https:\/\/www.pedagogie.ac-nice.fr\/plplh\/wp-content\/uploads\/sites\/18\/2020\/11\/Edubref-octobre-2020.pdf\"><strong>\u00ab\u00a0Enseigner les arts et la culture, pourquoi faire ?\u00a0\u00bb<\/strong><\/a> , <em>Edubref<\/em> de l&rsquo;Institut Fran\u00e7ais de l&rsquo;\u00c9ducation (octobre 2020).<\/li>\n<\/ul>\n<p>&nbsp;<\/p>\n<\/div>\n","protected":false},"excerpt":{"rendered":"<p>Actualiser\/Analyser Le catalogue culturel des Moocs de la Fondation Orange Les colloques, cycles de conf\u00e9rences en histoire de l\u2019art du Mus\u00e9e du Louvre Les conf\u00e9rences et d\u00e9bats du Grand Palais Les conf\u00e9rences en ligne du Mus\u00e9e d\u2019Orsay Lire \u00ab\u00a0Enseigner les arts et la culture, pourquoi faire ?\u00a0\u00bb , Edubref de l&rsquo;Institut Fran\u00e7ais de l&rsquo;\u00c9ducation (octobre &hellip; <\/p>\n<p><a class=\"more-link btn\" href=\"https:\/\/www.pedagogie.ac-nice.fr\/plplh\/se-former-a-leducation-artistique-et-culturelle\/\">Lire la suite<\/a><\/p>\n","protected":false},"author":195,"featured_media":0,"parent":0,"menu_order":0,"comment_status":"closed","ping_status":"closed","template":"","meta":{"ngg_post_thumbnail":0,"footnotes":""},"class_list":["post-4400","page","type-page","status-publish","hentry","nodate","item-wrap"],"rttpg_featured_image_url":null,"rttpg_author":{"display_name":"David Lamoureux","author_link":"https:\/\/www.pedagogie.ac-nice.fr\/plplh\/author\/dlamoureux\/"},"rttpg_comment":0,"rttpg_category":null,"rttpg_excerpt":"Actualiser\/Analyser Le catalogue culturel des Moocs de la Fondation Orange Les colloques, cycles de conf\u00e9rences en histoire de l\u2019art du Mus\u00e9e du Louvre Les conf\u00e9rences et d\u00e9bats du Grand Palais Les conf\u00e9rences en ligne du Mus\u00e9e d\u2019Orsay Lire \u00ab\u00a0Enseigner les arts et la culture, pourquoi faire ?\u00a0\u00bb , Edubref de l&rsquo;Institut Fran\u00e7ais de l&rsquo;\u00c9ducation (octobre\u2026","post_mailing_queue_ids":[],"_links":{"self":[{"href":"https:\/\/www.pedagogie.ac-nice.fr\/plplh\/wp-json\/wp\/v2\/pages\/4400","targetHints":{"allow":["GET"]}}],"collection":[{"href":"https:\/\/www.pedagogie.ac-nice.fr\/plplh\/wp-json\/wp\/v2\/pages"}],"about":[{"href":"https:\/\/www.pedagogie.ac-nice.fr\/plplh\/wp-json\/wp\/v2\/types\/page"}],"author":[{"embeddable":true,"href":"https:\/\/www.pedagogie.ac-nice.fr\/plplh\/wp-json\/wp\/v2\/users\/195"}],"replies":[{"embeddable":true,"href":"https:\/\/www.pedagogie.ac-nice.fr\/plplh\/wp-json\/wp\/v2\/comments?post=4400"}],"version-history":[{"count":7,"href":"https:\/\/www.pedagogie.ac-nice.fr\/plplh\/wp-json\/wp\/v2\/pages\/4400\/revisions"}],"predecessor-version":[{"id":10722,"href":"https:\/\/www.pedagogie.ac-nice.fr\/plplh\/wp-json\/wp\/v2\/pages\/4400\/revisions\/10722"}],"wp:attachment":[{"href":"https:\/\/www.pedagogie.ac-nice.fr\/plplh\/wp-json\/wp\/v2\/media?parent=4400"}],"curies":[{"name":"wp","href":"https:\/\/api.w.org\/{rel}","templated":true}]}}