{"id":4402,"date":"2020-09-17T16:59:09","date_gmt":"2020-09-17T14:59:09","guid":{"rendered":"https:\/\/www.pedagogie.ac-nice.fr\/plplh\/?page_id=4402"},"modified":"2025-12-31T17:13:10","modified_gmt":"2025-12-31T16:13:10","slug":"se-former-a-leducation-numerique","status":"publish","type":"page","link":"https:\/\/www.pedagogie.ac-nice.fr\/plplh\/se-former-a-leducation-numerique\/","title":{"rendered":"Veille scientifique en \u00e9ducation au num\u00e9rique"},"content":{"rendered":"<h4><span style=\"color: #ff6600;\">Actualiser\/Analyser<\/span><\/h4>\n<ul>\n<li>Calendrier des formations \u00e0 distance <strong><a href=\"https:\/\/www.canotech.fr\/thematiques\/2\/enseigner-avec-le-numerique\" target=\"_blank\" rel=\"noopener\">Canotech de Canop\u00e9<\/a> : <\/strong>d\u00e9couverte de ressources, d\u2019outils ou de services en lien avec les usages et pratiques p\u00e9dagogiques.<\/li>\n<li>Lettres \u00c9dunum\n<ul>\n<li><a href=\"https:\/\/www.pedagogie.ac-nice.fr\/plplh\/wp-content\/uploads\/sites\/18\/2021\/01\/EDUNUM_HG-n\u00b048.pdf\"><strong>\u00c9duNum Histoire-G\u00e9ographie n\u00b048<\/strong><\/a> sur l\u2019enseignement hybride (janvier 2021).<\/li>\n<li><a href=\"https:\/\/www.pedagogie.ac-nice.fr\/plplh\/wp-content\/uploads\/sites\/18\/2021\/04\/EDUNUM_lettres_n19.pdf\"><strong>\u00c9duNum Lettres n\u00b019<\/strong><\/a> sur les pratiques p\u00e9dagogiques avec le num\u00e9rique (janvier 2021).<\/li>\n<li><strong><a href=\"https:\/\/eduscol.education.fr\/document\/61966\/download\" target=\"_blank\" rel=\"noopener\">\u00c9dunum Lettres n\u00b024<\/a><\/strong> sur les IA,&nbsp; les pr\u00e9cautions \u00e0 prendre et pr\u00e9sentation des sc\u00e9narios p\u00e9dagogiques en Lettres &nbsp;(2024).<\/li>\n<\/ul>\n<\/li>\n<li>Les <strong><a href=\"https:\/\/padlet.com\/sitelhgnice\/UsagesduPadlet\">usages du Padlet en Lettres-Histoire-G\u00e9ographie<\/a><\/strong>, un padlet reprenant les axes du webinaire disciplinaire.<\/li>\n<\/ul>\n<h4><span style=\"color: #ff6600;\"><strong>Lire<\/strong><\/span><\/h4>\n<ul>\n<li>Lettres <em>Edubref<\/em> de l&rsquo;IFE\n<ul>\n<li>\u00ab\u00a0<strong><a href=\"https:\/\/www.pedagogie.ac-nice.fr\/plplh\/wp-content\/uploads\/sites\/18\/2023\/04\/Edubref-janvier-2022.pdf\">Nume\u0301rique en e\u0301ducation : aller au-dela\u0300 des mythes\u00a0\u00bb<\/a><\/strong> de Prisca Fenoglio, janvier 2022.<\/li>\n<\/ul>\n<\/li>\n<\/ul>\n","protected":false},"excerpt":{"rendered":"<p>Actualiser\/Analyser Calendrier des formations \u00e0 distance Canotech de Canop\u00e9 : d\u00e9couverte de ressources, d\u2019outils ou de services en lien avec les usages et pratiques p\u00e9dagogiques. Lettres \u00c9dunum \u00c9duNum Histoire-G\u00e9ographie n\u00b048 sur l\u2019enseignement hybride (janvier 2021). \u00c9duNum Lettres n\u00b019 sur les pratiques p\u00e9dagogiques avec le num\u00e9rique (janvier 2021). \u00c9dunum Lettres n\u00b024 sur les IA,&nbsp; les pr\u00e9cautions &hellip; <\/p>\n<p><a class=\"more-link btn\" href=\"https:\/\/www.pedagogie.ac-nice.fr\/plplh\/se-former-a-leducation-numerique\/\">Lire la suite<\/a><\/p>\n","protected":false},"author":195,"featured_media":0,"parent":0,"menu_order":0,"comment_status":"closed","ping_status":"closed","template":"","meta":{"ngg_post_thumbnail":0,"footnotes":""},"class_list":["post-4402","page","type-page","status-publish","hentry","nodate","item-wrap"],"rttpg_featured_image_url":null,"rttpg_author":{"display_name":"David Lamoureux","author_link":"https:\/\/www.pedagogie.ac-nice.fr\/plplh\/author\/dlamoureux\/"},"rttpg_comment":0,"rttpg_category":null,"rttpg_excerpt":"Actualiser\/Analyser Calendrier des formations \u00e0 distance Canotech de Canop\u00e9 : d\u00e9couverte de ressources, d\u2019outils ou de services en lien avec les usages et pratiques p\u00e9dagogiques. Lettres \u00c9dunum \u00c9duNum Histoire-G\u00e9ographie n\u00b048 sur l\u2019enseignement hybride (janvier 2021). \u00c9duNum Lettres n\u00b019 sur les pratiques p\u00e9dagogiques avec le num\u00e9rique (janvier 2021). \u00c9dunum Lettres n\u00b024 sur les IA,&nbsp; les pr\u00e9cautions\u2026","post_mailing_queue_ids":[],"_links":{"self":[{"href":"https:\/\/www.pedagogie.ac-nice.fr\/plplh\/wp-json\/wp\/v2\/pages\/4402","targetHints":{"allow":["GET"]}}],"collection":[{"href":"https:\/\/www.pedagogie.ac-nice.fr\/plplh\/wp-json\/wp\/v2\/pages"}],"about":[{"href":"https:\/\/www.pedagogie.ac-nice.fr\/plplh\/wp-json\/wp\/v2\/types\/page"}],"author":[{"embeddable":true,"href":"https:\/\/www.pedagogie.ac-nice.fr\/plplh\/wp-json\/wp\/v2\/users\/195"}],"replies":[{"embeddable":true,"href":"https:\/\/www.pedagogie.ac-nice.fr\/plplh\/wp-json\/wp\/v2\/comments?post=4402"}],"version-history":[{"count":16,"href":"https:\/\/www.pedagogie.ac-nice.fr\/plplh\/wp-json\/wp\/v2\/pages\/4402\/revisions"}],"predecessor-version":[{"id":10727,"href":"https:\/\/www.pedagogie.ac-nice.fr\/plplh\/wp-json\/wp\/v2\/pages\/4402\/revisions\/10727"}],"wp:attachment":[{"href":"https:\/\/www.pedagogie.ac-nice.fr\/plplh\/wp-json\/wp\/v2\/media?parent=4402"}],"curies":[{"name":"wp","href":"https:\/\/api.w.org\/{rel}","templated":true}]}}