{"id":4406,"date":"2020-09-17T16:59:56","date_gmt":"2020-09-17T14:59:56","guid":{"rendered":"https:\/\/www.pedagogie.ac-nice.fr\/plplh\/?page_id=4406"},"modified":"2025-12-31T17:10:16","modified_gmt":"2025-12-31T16:10:16","slug":"se-former-a-leducation-des-eleves-a-besoins-particuliers","status":"publish","type":"page","link":"https:\/\/www.pedagogie.ac-nice.fr\/plplh\/se-former-a-leducation-des-eleves-a-besoins-particuliers\/","title":{"rendered":"Se former \u00e0 l&rsquo;\u00e9ducation des \u00e9l\u00e8ves \u00e0 besoins \u00e9ducatifs particuliers"},"content":{"rendered":"<h4><span style=\"color: #ff6600;\">\u00c9<\/span><span style=\"color: #ff6600;\">cole inclusive<\/span><\/h4>\n<ul>\n<li>Page Eduscol <a href=\"https:\/\/eduscol.education.fr\/pid38952\/s-informer-et-se-former-a-la-scolarisation-des-eleves-a-besoins-educatifs-particuliers.html\" target=\"_blank\" rel=\"noopener\"><strong>S&rsquo;informer et se former \u00e0 la scolarisation des \u00e9l\u00e8ves \u00e0 besoins \u00e9ducatifs particuliers<\/strong><\/a><\/li>\n<li>Vad\u00e9m\u00e9cum<a href=\"https:\/\/www.pedagogie.ac-nice.fr\/plplh\/wp-content\/uploads\/sites\/18\/2020\/10\/vm-scolariser_les_eleves_a_besoins_educatifs_particuliers-1er_oct2019.pdf\" target=\"_blank\" rel=\"noopener\"><strong> Scolariser les \u00e9l\u00e8ves \u00e0 besoins \u00e9ducatifs particuliers <\/strong><\/a>(septembre 2019)<\/li>\n<li>Dossiers de veille de l&rsquo;IF\u00c9 :\n<ul>\n<li><a href=\"https:\/\/www.pedagogie.ac-nice.fr\/plplh\/wp-content\/uploads\/sites\/18\/2021\/04\/Dossier-IFE-127-janvier-2019.pdf\" target=\"_blank\" rel=\"noopener\">\u00ab\u00a0<strong>Apprendre (dans) l&rsquo;\u00e9cole inclusive\u00a0\u00bb<\/strong><\/a> de Catherine Reverdy, n\u00b0 127, janvier 2019.&nbsp;<\/li>\n<li><strong><a href=\"https:\/\/veille-et-analyses.ens-lyon.fr\/DA\/detailsDossier.php?parent=accueil&amp;dossier=146&amp;lang=fr\" target=\"_blank\" rel=\"noopener\">\u00ab\u00a0L&rsquo;\u00e9ducation inclusive et num\u00e9rique : quelles convergences ?\u00a0\u00bb<\/a><\/strong>, <em>\u00c9durevue<\/em>, n\u00b0146, janvier 2024.<\/li>\n<\/ul>\n<\/li>\n<\/ul>\n<h4><span style=\"color: #ff6600;\">Lutte contre l\u2019illettrisme<\/span><\/h4>\n<div id=\"content-main\" class=\"clearfix content-main col-md-8\">\n<div id=\"post-744\" class=\"clearfix post post-744 page type-page status-publish hentry nodate item-wrap\">\n<div class=\"entry clearfix\">\n<div class=\"entry-content clearfix\">\n<p>Cette page propose un ensemble de ressources et de propositions d\u2019actions dans la lutte contre l\u2019illettrisme, issues des acad\u00e9mies de Nice, Dijon, Montpellier et Nantes.<\/p>\n<ul>\n<li><a class=\"customize-unpreviewable\" href=\"http:\/\/www.anlci.gouv.fr\">Agence nationale de lutte contre l\u2019illettrisme<\/a><\/li>\n<li><a class=\"customize-unpreviewable\" href=\"http:\/\/www2.ac-nice.fr\/cid71832\/la-prevention-de-l-illettrisme-dans-l-academie-de-nice.html\">Pr\u00e9vention de l\u2019illettrisme dans l\u2019Acad\u00e9mie de Nice<\/a><\/li>\n<li><a class=\"customize-unpreviewable\" href=\"https:\/\/www.pedagogie.ac-nice.fr\/plplh\/wp-content\/uploads\/sites\/18\/2015\/11\/sommaire-lutter-illettrisme-1.pdf\">Sommaire lutter contre l\u2019illettrisme<\/a>\n<ul>\n<li><a class=\"customize-unpreviewable\" href=\"https:\/\/www.pedagogie.ac-nice.fr\/plplh\/wp-content\/uploads\/sites\/18\/2015\/11\/Fiche-1-JDC-1.pdf\">Fiche 1 : JDC<\/a><\/li>\n<li><a class=\"customize-unpreviewable\" href=\"https:\/\/www.pedagogie.ac-nice.fr\/plplh\/wp-content\/uploads\/sites\/18\/2015\/11\/fiche-2-illettrisme-1.pdf\">Fiche 2 : Illettrisme<\/a><\/li>\n<li><a class=\"customize-unpreviewable\" href=\"https:\/\/www.pedagogie.ac-nice.fr\/plplh\/wp-content\/uploads\/sites\/18\/2015\/11\/Fiche-3-signalements-JDC-1.pdf\">Fiche 3 : Signalements des difficult\u00e9s<\/a><\/li>\n<li><a class=\"customize-unpreviewable\" href=\"https:\/\/www.pedagogie.ac-nice.fr\/plplh\/wp-content\/uploads\/sites\/18\/2015\/11\/fiche-4-JDC-\u00e9tablissement-scolaire-1.pdf\">Fiche 4 : JDC \u2013 \u00e9tablissement scolaire<\/a><\/li>\n<li><a class=\"customize-unpreviewable\" href=\"https:\/\/www.pedagogie.ac-nice.fr\/plplh\/wp-content\/uploads\/sites\/18\/2015\/11\/Fiche-5-Agir-en-\u00e9tablissement-scolaire-1.pdf\">Fiche 5 : Agir en \u00e9tablissement scolaire<\/a><\/li>\n<li><a class=\"customize-unpreviewable\" href=\"https:\/\/www.pedagogie.ac-nice.fr\/plplh\/wp-content\/uploads\/sites\/18\/2015\/11\/Fiche-6-Agir-aupr\u00e8s-des-\u00e9l\u00e8ves-1.pdf\">Fiche 6 : Agir aupr\u00e8s des \u00e9l\u00e8ves<\/a><\/li>\n<li><a class=\"customize-unpreviewable\" href=\"https:\/\/www.pedagogie.ac-nice.fr\/plplh\/wp-content\/uploads\/sites\/18\/2015\/11\/Fiche-7-Outils-1.pdf\">Fiche 7 : Outils<\/a><\/li>\n<li><a class=\"customize-unpreviewable\" href=\"https:\/\/www.pedagogie.ac-nice.fr\/plplh\/wp-content\/uploads\/sites\/18\/2015\/11\/Fiche-8-Ressources-1.pdf\">Fiche 8 : Ressources<\/a><\/li>\n<\/ul>\n<\/li>\n<li><a class=\"customize-unpreviewable\" href=\"https:\/\/www.pedagogie.ac-nice.fr\/plplh\/wp-content\/uploads\/sites\/18\/2015\/11\/Nantes-Lire_et_comprendre_toutes_les_disciplines-1.pdf\">Nantes : lire et comprendre toutes les disciplines<\/a><\/li>\n<li><a class=\"customize-unpreviewable\" href=\"https:\/\/www.pedagogie.ac-nice.fr\/plplh\/wp-content\/uploads\/sites\/18\/2015\/11\/Kit-acad\u00e9mique-illettrisme-Dijon-2014-1.pdf\">Dijon : kit acad\u00e9mique illettrisme &#8211; 2014<\/a><\/li>\n<\/ul>\n<\/div>\n<\/div>\n<\/div>\n<\/div>\n","protected":false},"excerpt":{"rendered":"<p>\u00c9cole inclusive Page Eduscol S&rsquo;informer et se former \u00e0 la scolarisation des \u00e9l\u00e8ves \u00e0 besoins \u00e9ducatifs particuliers Vad\u00e9m\u00e9cum Scolariser les \u00e9l\u00e8ves \u00e0 besoins \u00e9ducatifs particuliers (septembre 2019) Dossiers de veille de l&rsquo;IF\u00c9 : \u00ab\u00a0Apprendre (dans) l&rsquo;\u00e9cole inclusive\u00a0\u00bb de Catherine Reverdy, n\u00b0 127, janvier 2019.&nbsp; \u00ab\u00a0L&rsquo;\u00e9ducation inclusive et num\u00e9rique : quelles convergences ?\u00a0\u00bb, \u00c9durevue, n\u00b0146, janvier &hellip; <\/p>\n<p><a class=\"more-link btn\" href=\"https:\/\/www.pedagogie.ac-nice.fr\/plplh\/se-former-a-leducation-des-eleves-a-besoins-particuliers\/\">Lire la suite<\/a><\/p>\n","protected":false},"author":195,"featured_media":0,"parent":0,"menu_order":0,"comment_status":"closed","ping_status":"closed","template":"","meta":{"ngg_post_thumbnail":0,"footnotes":""},"class_list":["post-4406","page","type-page","status-publish","hentry","nodate","item-wrap"],"rttpg_featured_image_url":null,"rttpg_author":{"display_name":"David Lamoureux","author_link":"https:\/\/www.pedagogie.ac-nice.fr\/plplh\/author\/dlamoureux\/"},"rttpg_comment":0,"rttpg_category":null,"rttpg_excerpt":"\u00c9cole inclusive Page Eduscol S&rsquo;informer et se former \u00e0 la scolarisation des \u00e9l\u00e8ves \u00e0 besoins \u00e9ducatifs particuliers Vad\u00e9m\u00e9cum Scolariser les \u00e9l\u00e8ves \u00e0 besoins \u00e9ducatifs particuliers (septembre 2019) Dossiers de veille de l&rsquo;IF\u00c9 : \u00ab\u00a0Apprendre (dans) l&rsquo;\u00e9cole inclusive\u00a0\u00bb de Catherine Reverdy, n\u00b0 127, janvier 2019.&nbsp; \u00ab\u00a0L&rsquo;\u00e9ducation inclusive et num\u00e9rique : quelles convergences ?\u00a0\u00bb, \u00c9durevue, n\u00b0146, janvier\u2026","post_mailing_queue_ids":[],"_links":{"self":[{"href":"https:\/\/www.pedagogie.ac-nice.fr\/plplh\/wp-json\/wp\/v2\/pages\/4406","targetHints":{"allow":["GET"]}}],"collection":[{"href":"https:\/\/www.pedagogie.ac-nice.fr\/plplh\/wp-json\/wp\/v2\/pages"}],"about":[{"href":"https:\/\/www.pedagogie.ac-nice.fr\/plplh\/wp-json\/wp\/v2\/types\/page"}],"author":[{"embeddable":true,"href":"https:\/\/www.pedagogie.ac-nice.fr\/plplh\/wp-json\/wp\/v2\/users\/195"}],"replies":[{"embeddable":true,"href":"https:\/\/www.pedagogie.ac-nice.fr\/plplh\/wp-json\/wp\/v2\/comments?post=4406"}],"version-history":[{"count":16,"href":"https:\/\/www.pedagogie.ac-nice.fr\/plplh\/wp-json\/wp\/v2\/pages\/4406\/revisions"}],"predecessor-version":[{"id":4431,"href":"https:\/\/www.pedagogie.ac-nice.fr\/plplh\/wp-json\/wp\/v2\/pages\/4406\/revisions\/4431"}],"wp:attachment":[{"href":"https:\/\/www.pedagogie.ac-nice.fr\/plplh\/wp-json\/wp\/v2\/media?parent=4406"}],"curies":[{"name":"wp","href":"https:\/\/api.w.org\/{rel}","templated":true}]}}