{"id":4413,"date":"2020-09-17T17:09:09","date_gmt":"2020-09-17T15:09:09","guid":{"rendered":"https:\/\/www.pedagogie.ac-nice.fr\/plplh\/?page_id=4413"},"modified":"2024-12-10T19:01:45","modified_gmt":"2024-12-10T18:01:45","slug":"se-former-en","status":"publish","type":"page","link":"https:\/\/www.pedagogie.ac-nice.fr\/plplh\/se-former-en\/","title":{"rendered":"SE FORMER EN"},"content":{"rendered":"<p><img loading=\"lazy\" decoding=\"async\" class=\"wp-image-4469 alignright\" src=\"https:\/\/www.pedagogie.ac-nice.fr\/plplh\/wp-content\/uploads\/sites\/18\/2020\/09\/EAD.jpg\" alt=\"\" width=\"268\" height=\"151\" srcset=\"https:\/\/www.pedagogie.ac-nice.fr\/plplh\/wp-content\/uploads\/sites\/18\/2020\/09\/EAD.jpg 315w, https:\/\/www.pedagogie.ac-nice.fr\/plplh\/wp-content\/uploads\/sites\/18\/2020\/09\/EAD-300x169.jpg 300w\" sizes=\"auto, (max-width: 268px) 100vw, 268px\" \/><\/p>\n<ul>\n<li>\n<h3><span style=\"color: #ff6600;\"><a style=\"color: #ff6600;\" href=\"https:\/\/www.pedagogie.ac-nice.fr\/plplh\/se-former-en-francais\/\">EN FRAN\u00c7AIS<\/a><\/span><\/h3>\n<\/li>\n<li>\n<h3><span style=\"color: #ff6600;\"><a style=\"color: #ff6600;\" href=\"https:\/\/www.pedagogie.ac-nice.fr\/plplh\/se-former-en-histoire-geographie-emc\/\">EN HISTOIRE-G\u00c9OGRAPHIE-EMC<\/a><\/span><\/h3>\n<\/li>\n<li>\n<h3><span style=\"color: #ff6600;\"><a style=\"color: #ff6600;\" href=\"http:\/\/www.ac-nice.fr\/plplh\/comptes-rendus-2014-2015\/https:\/\/www.pedagogie.ac-nice.fr\/plplh\/se-former-a-distance\/\">\u00c0 <\/a><a style=\"color: #ff6600;\" href=\"https:\/\/www.pedagogie.ac-nice.fr\/plplh\/se-former-a-leducation-numerique\/\">L\u2019\u00c9DUCATION NUM\u00c9RIQUE<\/a><\/span><\/h3>\n<\/li>\n<li>\n<h3><span style=\"color: #ff6600;\"><a style=\"color: #ff6600;\" href=\"http:\/\/www.ac-nice.fr\/plplh\/comptes-rendus-2014-2015\/https:\/\/www.pedagogie.ac-nice.fr\/plplh\/se-former-a-distance\/\">\u00c0 <\/a><a style=\"color: #ff6600;\" href=\"https:\/\/www.pedagogie.ac-nice.fr\/plplh\/se-former-a-leducation-artistique-et-culturelle\/\">L&rsquo;\u00c9DUCATION ARTISTIQUE ET CULTURELLE<\/a><\/span><\/h3>\n<\/li>\n<li>\n<h3><span style=\"color: #ff6600;\"><a style=\"color: #ff6600;\" href=\"http:\/\/www.ac-nice.fr\/plplh\/comptes-rendus-2014-2015\/https:\/\/www.pedagogie.ac-nice.fr\/plplh\/se-former-a-distance\/\">\u00c0<\/a><a style=\"color: #ff6600;\" href=\"https:\/\/www.pedagogie.ac-nice.fr\/plplh\/se-former-a-leducation-des-eleves-a-besoins-particuliers\/\"> L\u2019\u00c9DUCATION DES \u00c9L\u00c8VES \u00c0 BESOINS PARTICULIERS<\/a><\/span><\/h3>\n<\/li>\n<\/ul>\n<h3>&nbsp;<\/h3>\n","protected":false},"excerpt":{"rendered":"<p>EN FRAN\u00c7AIS EN HISTOIRE-G\u00c9OGRAPHIE-EMC \u00c0 L\u2019\u00c9DUCATION NUM\u00c9RIQUE \u00c0 L&rsquo;\u00c9DUCATION ARTISTIQUE ET CULTURELLE \u00c0 L\u2019\u00c9DUCATION DES \u00c9L\u00c8VES \u00c0 BESOINS PARTICULIERS &nbsp;<\/p>\n","protected":false},"author":195,"featured_media":0,"parent":0,"menu_order":0,"comment_status":"closed","ping_status":"closed","template":"","meta":{"ngg_post_thumbnail":0,"footnotes":""},"class_list":["post-4413","page","type-page","status-publish","hentry","nodate","item-wrap"],"rttpg_featured_image_url":null,"rttpg_author":{"display_name":"David Lamoureux","author_link":"https:\/\/www.pedagogie.ac-nice.fr\/plplh\/author\/dlamoureux\/"},"rttpg_comment":0,"rttpg_category":null,"rttpg_excerpt":"EN FRAN\u00c7AIS EN HISTOIRE-G\u00c9OGRAPHIE-EMC \u00c0 L\u2019\u00c9DUCATION NUM\u00c9RIQUE \u00c0 L&rsquo;\u00c9DUCATION ARTISTIQUE ET CULTURELLE \u00c0 L\u2019\u00c9DUCATION DES \u00c9L\u00c8VES \u00c0 BESOINS PARTICULIERS &nbsp;","post_mailing_queue_ids":[],"_links":{"self":[{"href":"https:\/\/www.pedagogie.ac-nice.fr\/plplh\/wp-json\/wp\/v2\/pages\/4413","targetHints":{"allow":["GET"]}}],"collection":[{"href":"https:\/\/www.pedagogie.ac-nice.fr\/plplh\/wp-json\/wp\/v2\/pages"}],"about":[{"href":"https:\/\/www.pedagogie.ac-nice.fr\/plplh\/wp-json\/wp\/v2\/types\/page"}],"author":[{"embeddable":true,"href":"https:\/\/www.pedagogie.ac-nice.fr\/plplh\/wp-json\/wp\/v2\/users\/195"}],"replies":[{"embeddable":true,"href":"https:\/\/www.pedagogie.ac-nice.fr\/plplh\/wp-json\/wp\/v2\/comments?post=4413"}],"version-history":[{"count":8,"href":"https:\/\/www.pedagogie.ac-nice.fr\/plplh\/wp-json\/wp\/v2\/pages\/4413\/revisions"}],"predecessor-version":[{"id":9436,"href":"https:\/\/www.pedagogie.ac-nice.fr\/plplh\/wp-json\/wp\/v2\/pages\/4413\/revisions\/9436"}],"wp:attachment":[{"href":"https:\/\/www.pedagogie.ac-nice.fr\/plplh\/wp-json\/wp\/v2\/media?parent=4413"}],"curies":[{"name":"wp","href":"https:\/\/api.w.org\/{rel}","templated":true}]}}