{"id":4657,"date":"2020-11-28T18:49:06","date_gmt":"2020-11-28T17:49:06","guid":{"rendered":"https:\/\/www.pedagogie.ac-nice.fr\/plplh\/?page_id=4657"},"modified":"2026-03-05T10:31:59","modified_gmt":"2026-03-05T09:31:59","slug":"valeurs-de-la-republique","status":"publish","type":"page","link":"https:\/\/www.pedagogie.ac-nice.fr\/plplh\/valeurs-de-la-republique\/","title":{"rendered":"VALEURS DE LA R\u00c9PUBLIQUE"},"content":{"rendered":"<p style=\"text-align: left;\"><strong>Cette page pr\u00e9sente les ressources destin\u00e9es \u00e0 s\u2019approprier, enseigner, d\u00e9fendre et faire vivre, <\/strong><strong>les valeurs qui fondent notre pacte r\u00e9publicain.<\/strong><\/p>\n<h4><span style=\"color: #0000ff;\"><strong>1. S&rsquo;INFORMER<\/strong><\/span><\/h4>\n<h4><span style=\"color: #ff0000;\">Sites et documents institutionnels<\/span><\/h4>\n<p><strong><span style=\"color: #ff6600;\">La la\u00efcit\u00e9<\/span><\/strong><\/p>\n<ul>\n<li><a href=\"https:\/\/www.pedagogie.ac-nice.fr\/plplh\/wp-content\/uploads\/sites\/18\/2015\/11\/charte_de_la_laicite_commentee_270062-1.pdf\" target=\"_blank\" rel=\"noopener\"><strong>Charte de la la\u00efcit\u00e9<\/strong><\/a> comment\u00e9e et&nbsp; <a href=\"https:\/\/www.pedagogie.ac-nice.fr\/plplh\/wp-content\/uploads\/sites\/18\/2015\/12\/cl\u00e9-de-lectures-charte-laicit\u00e9-1.pdf\" target=\"_blank\" rel=\"noopener\">des cl\u00e9s de lectures <\/a>sur la charte de la la\u00efcit\u00e9.<\/li>\n<li><a href=\"https:\/\/www.gouvernement.fr\/qu-est-ce-que-la-laicite\" target=\"_blank\" rel=\"noopener\"><strong>Comit\u00e9 interminist\u00e9riel de la la\u00efcit\u00e9.<\/strong><\/a><\/li>\n<li>Coffret&nbsp; \u00ab\u00a0<strong>Guide r\u00e9publicain\u00a0\u00bb<\/strong> du Minist\u00e8re de l&rsquo;\u00c9ducation nationale (septembre 2021)\n<ul>\n<li>Recueil <strong><a href=\"https:\/\/www.pedagogie.ac-nice.fr\/plplh\/wp-content\/uploads\/sites\/18\/2022\/02\/2021_idee_republicaine_web_16sept21.pdf\" target=\"_blank\" rel=\"noopener\">\u00ab\u00a0L&rsquo;Id\u00e9e r\u00e9publicaine\u00a0\u00bb<\/a> <\/strong>(anthologie des textes qui fondent les principes r\u00e9publicains)<\/li>\n<li>Recueil <strong><a href=\"https:\/\/www.pedagogie.ac-nice.fr\/plplh\/wp-content\/uploads\/sites\/18\/2022\/02\/la_republique_a_l_ecole_web_16sept2021.pdf\" target=\"_blank\" rel=\"noopener\">\u00ab\u00a0La R\u00e9publique \u00e0 l&rsquo;\u00e9cole\u00a0\u00bb <\/a><\/strong>(points d&rsquo;entr\u00e9e et r\u00e9flexions pour enseigner les principes et les valeurs de la R\u00e9publique dans nos disciplines)<\/li>\n<li><a href=\"https:\/\/www.pedagogie.ac-nice.fr\/plplh\/wp-content\/uploads\/sites\/18\/2024\/03\/2024_vademecum-laicite.pdf\" target=\"_blank\" rel=\"noopener\"><strong>Vad\u00e9m\u00e9cum de la la\u00efcit\u00e9 \u00e0 l&rsquo;\u00e9cole <\/strong><\/a>avec des fiches ressources (mars 2024)<strong><a href=\"https:\/\/www.pedagogie.ac-nice.fr\/plplh\/wp-content\/uploads\/sites\/18\/2019\/06\/Vademecum_laicite_VF2_955894.pdf\">.<\/a><\/strong><\/li>\n<\/ul>\n<\/li>\n<li><a href=\"https:\/\/eduscol.education.fr\/cid129894\/le-formulaire-atteinte-a-la-laicite.html\"><strong>Formulaire en ligne \u00ab\u00a0atteinte \u00e0 la la\u00efcit\u00e9\u00a0\u00bb<\/strong><\/a> r\u00e9serv\u00e9 \u00e0 tous les personnels de l&rsquo;\u00c9ducation nationale.<\/li>\n<li>Page \u00c9duscol : <strong><a href=\"https:\/\/eduscol.education.fr\/1620\/la-laicite-l-ecole-outils-et-ressources\">\u00ab\u00a0La la\u00efcit\u00e9 \u00e0 l&rsquo;\u00e9cole : outils et ressources\u00a0\u00bb<\/a><\/strong><\/li>\n<li><strong><a href=\"https:\/\/www.youtube.com\/watch?v=5joLUCZDZk0\">Vid\u00e9o \u00ab\u00a0La la\u00efcit\u00e9 \u00e0 l&rsquo;\u00e9cole : \u00e7a veut dire quoi ?\u00a0\u00bb<\/a><\/strong> &#8211; Minist\u00e8re de l&rsquo;\u00c9ducation nationale (2015).<\/li>\n<\/ul>\n<p><strong><span style=\"color: #ff6600;\">La libert\u00e9 d&rsquo;expression<\/span><\/strong><\/p>\n<ul>\n<li>Page Eduscol :\n<ul>\n<li><strong><a href=\"https:\/\/eduscol.education.fr\/2395\/hommage-aux-professeurs-samuel-paty-et-dominique-bernard\" target=\"_blank\" rel=\"noopener\">\u00ab\u00a0Hommage aux professeurs Samuel Paty et Dominique Bernard\u00a0\u00bb<\/a><\/strong><\/li>\n<li><strong>\u00ab\u00a0<a href=\"https:\/\/eduscol.education.fr\/2125\/la-liberte-d-expression-un-droit-fondamental?menu_id=2596\" target=\"_blank\" rel=\"noopener\">La libert\u00e9 d&rsquo;expression, un droit fondamental\u00a0\u00bb<\/a><\/strong>.<\/li>\n<\/ul>\n<\/li>\n<li>Sites d&rsquo;association :\n<ul>\n<li><a href=\"https:\/\/www.cartooningforpeace.org\/\" target=\"_blank\" rel=\"noopener\"><strong>Cartooning for Peace<\/strong><\/a><\/li>\n<li><strong><a href=\"https:\/\/dessinezcreezliberte.com\/\" target=\"_blank\" rel=\"noopener\">Dessinez, Cr\u00e9ez, Libert\u00e9<\/a><\/strong><\/li>\n<li><strong><a href=\"https:\/\/rsf.org\/fr\" target=\"_blank\" rel=\"noopener\">Reporters sans fronti\u00e8res<\/a><\/strong><\/li>\n<\/ul>\n<\/li>\n<\/ul>\n<p><strong><span style=\"color: #ff6600;\">L&rsquo;\u00c9galit\u00e9 Filles-Gar\u00e7ons<br \/>\n<\/span><\/strong><\/p>\n<ul>\n<li>Page Eduscol : <strong>\u00ab\u00a0<a href=\"https:\/\/eduscol.education.fr\/1641\/des-ressources-pour-agir-en-faveur-de-l-egalite-filles-garcons-l-echelle-de-l-etablissement\" target=\"_blank\" rel=\"noopener\">Des ressources pour agir en faveur de l\u2019\u00e9galit\u00e9 filles-gar\u00e7ons \u00e0 l\u2019\u00e9chelle de l\u2019\u00e9tablissement\u00a0\u00bb<\/a><\/strong><\/li>\n<li><strong><a href=\"http:\/\/www.laboratoiredelegalite.org\/\" target=\"_blank\" rel=\"noopener\">Laboratoire de l&rsquo;\u00e9galit\u00e9 professionnelle hommes-femmes<\/a><\/strong>.<\/li>\n<\/ul>\n<p><strong><span style=\"color: #ff6600;\">La lutte contre les discriminations<\/span><\/strong><\/p>\n<ul>\n<li class=\"page__title\">Pages Eduscol\n<ul>\n<li class=\"page__title\"><strong><a href=\"https:\/\/eduscol.education.fr\/1692\/agir-contre-le-racisme-l-antisemitisme-et-les-discriminations-liees-l-origine\" target=\"_blank\" rel=\"noopener\">\u00ab\u00a0Agir contre le racisme, l\u2019antis\u00e9mitisme et les discriminations li\u00e9es \u00e0 l\u2019origine\u00a0\u00bb<\/a><\/strong><\/li>\n<li class=\"page__title\">&nbsp;<strong><a href=\"https:\/\/eduscol.education.fr\/1590\/prevenir-les-lgbtphobies-en-milieu-scolaire\" target=\"_blank\" rel=\"noopener\">\u00ab\u00a0Pr\u00e9venir les LGBTphobies en milieu scolaire\u00a0\u00bb<\/a><\/strong><\/li>\n<\/ul>\n<\/li>\n<li>Vademecum\n<ul>\n<li><a href=\"https:\/\/www.pedagogie.ac-nice.fr\/plplh\/wp-content\/uploads\/sites\/18\/2026\/03\/Vademecum-Agir-contre-le-racisme-lantisemitisme-et-les-discriminations-liees-a-lorigine-2026.pdf\" target=\"_blank\" rel=\"noopener\"><strong>Agir contre le racisme et l\u2019antis\u00e9mitisme <\/strong><\/a>(2026)<\/li>\n<li><strong><a href=\"https:\/\/www.pedagogie.ac-nice.fr\/plplh\/wp-content\/uploads\/sites\/18\/2020\/10\/Vademecum_campagne-prevention-homophobie-transphobie_1067053.pdf\">La pr\u00e9vention de l\u2019homophobie et de la transphobie dans les coll\u00e8ges et les lyc\u00e9es<\/a><\/strong> (2019)<\/li>\n<\/ul>\n<\/li>\n<\/ul>\n<h4><span style=\"color: #ff0000;\">Prix et concours<\/span><\/h4>\n<div class=\"page\" title=\"Page 4\">\n<div class=\"layoutArea\">\n<div class=\"column\">\n<ul>\n<li><a href=\"https:\/\/www.education.gouv.fr\/cid60738\/le-prix-de-l-education-citoyenne.html\"><strong>Prix acad\u00e9mique de \u201cl\u2019\u00c9ducation citoyenne\u201d<\/strong><\/a><\/li>\n<li><a href=\"https:\/\/www.pedagogie.ac-nice.fr\/plplh\/rappel-inscrivez-vous-au-prix-tous-unis-dans-la-laicite\/\"><strong>Prix acad\u00e9mique \u201cTous unis dans la la\u00efcit\u00e9\u201d<\/strong><\/a><\/li>\n<li><a href=\"https:\/\/www.gouvernement.fr\/colloques-journees-et-prix-de-la-laicite\"><span class=\"contenu_titre_non_image\"><strong>Prix de la la\u00efcit\u00e9 de la R\u00e9publique fran\u00e7aise<\/strong><\/span><\/a><\/li>\n<li><strong><a href=\"https:\/\/eduscol.education.fr\/cid72752\/prix-mobilisons-nous-contre-harcelement.html#lien4\">Prix \u201cNon au harc\u00e8lement\u201d<\/a><\/strong><\/li>\n<\/ul>\n<\/div>\n<\/div>\n<\/div>\n<ul>\n<li><a href=\"https:\/\/www.education.gouv.fr\/le-concours-national-de-la-resistance-et-de-la-deportation-4295\"><strong>\u00ab\u00a0Concours national de la R\u00e9sistance et de la D\u00e9portation\u00a0\u00bb<\/strong><\/a><\/li>\n<li><strong><a href=\"https:\/\/www.conseil-constitutionnel.fr\/evenements\/concours-decouvrons-notre-constitution\">Concours \u00ab\u00a0D\u00e9couvrons nos institutions\u00a0\u00bb<\/a><\/strong><\/li>\n<li><a href=\"https:\/\/www.laflammedelegalite.org\/index.php\"><strong>Concours \u00ab\u00a0la Flamme de l\u2019\u00e9galit\u00e9<\/strong><\/a>\u00ab\u00a0<\/li>\n<li><a href=\"https:\/\/www.eveil.asso.fr\/prix-eveil\/prix-eveil-citoyennete.php\"><strong>Concours vid\u00e9o \u00ab\u00a0Prix \u00c9VEIL \u00e0 la citoyennet\u00e9\u00a0\u00bb<\/strong><\/a> <strong><br \/>\n<\/strong><\/li>\n<li><a href=\"https:\/\/www.clemi.fr\/fr\/zero-cliche.html\"><strong>Concours \u201cZ\u00e9ro Clich\u00e9 pour l\u2019\u00e9galit\u00e9 filles-gar\u00e7ons\u201d<\/strong><\/a><\/li>\n<\/ul>\n<p>Pour tous les d\u00e9tails, vous pouvez consulter la page du site disciplinaire : <strong><a href=\"https:\/\/www.pedagogie.ac-nice.fr\/plplh\/sinformer\/vos-projets\/\" target=\"_blank\" rel=\"noopener\">Projets et concours<\/a><\/strong><\/p>\n<h4><span style=\"color: #0000ff;\">2. ENSEIGNER<\/span><\/h4>\n<ul>\n<li>Eduscol :\n<ul>\n<li><a href=\"https:\/\/www.pedagogie.ac-nice.fr\/plplh\/wp-content\/uploads\/sites\/18\/2020\/10\/Ress_emc_glossaire_464025.pdf\"><strong>Glossaire <\/strong><\/a>(2015)<\/li>\n<li>Lettres \u00c9duNum Histoire-G\u00e9ographie n\u00b056 :&nbsp; <a href=\"https:\/\/www.pedagogie.ac-nice.fr\/plplh\/wp-content\/uploads\/sites\/18\/2025\/11\/lettre_edunum_hg56_novembre2025.pdf\" target=\"_blank\" rel=\"noopener\"><strong>\u00ab Les valeurs de la R\u00e9publique \u00bb<\/strong><\/a><\/li>\n<li><a href=\"https:\/\/eduscol.education.fr\/1761\/programmes-et-ressources-en-enseignement-moral-et-civique-voie-professionnelle\"><strong>Ressources num\u00e9riques mobilisables pour l\u2019Enseignement Moral et Civique<\/strong><\/a>.<\/li>\n<\/ul>\n<\/li>\n<li>Ensemble de ressources de Canop\u00e9 <a href=\"https:\/\/www.reseau-canope.fr\/les-valeurs-de-la-republique\/les-valeurs-et-notions.html\"><strong>autour des valeurs de la R\u00e9publique<\/strong><\/a> par un double \u00e9clairage : philosophique et historique.<\/li>\n<li>Nous proposons <strong><a href=\"https:\/\/www.pedagogie.ac-nice.fr\/plplh\/wp-content\/uploads\/sites\/18\/2023\/10\/Hommage-a-Samuel-Paty-et-Dominique-Bernard.pdf\" target=\"_blank\" rel=\"noopener\">ce diaporama de G\u00e9raldine Hochet<\/a><\/strong>, PLP Lettres-Histoire au LP Vauban \u00e0 Nice pour accompagner les \u00e9l\u00e8ves <strong>en m\u00e9moire des victimes des attentats commis contre l\u2019\u00c9cole.<\/strong><\/li>\n<li>Revue Interlignes n\u00b053 : <strong><a href=\"https:\/\/www.pedagogie.ac-nice.fr\/plplh\/wp-content\/uploads\/sites\/18\/2023\/10\/Interligne-n\u00b053.pdf\" target=\"_blank\" rel=\"noopener\">\u00ab\u00a0Aborder les sujets sensibles avec les \u00e9l\u00e8ves au LP. Comment faire ?\u00a0\u00bb<\/a><\/strong> (juin 2023)<\/li>\n<\/ul>\n<h4><strong><span style=\"color: #ff0000;\">La la\u00efcit\u00e9<\/span> <\/strong><\/h4>\n<ul>\n<li>Dossiers :\n<ul>\n<li>Lumni : <a href=\"https:\/\/www.lumni.fr\/dossier\/la-laicite\" target=\"_blank\" rel=\"noopener\"><strong>Comprendre la la\u00efcit\u00e9<\/strong><\/a><\/li>\n<li>TV5 monde : <strong><a href=\"https:\/\/enseigner.tv5monde.com\/articles-dossiers\/dossiers\/liberte-egalite-laicite\" target=\"_blank\" rel=\"noopener\">Libert\u00e9, \u00e9galit\u00e9, la\u00efcit\u00e9<\/a><\/strong><\/li>\n<\/ul>\n<\/li>\n<li>Vid\u00e9os :&nbsp;\n<ul>\n<li>1 jour, 1 question : <strong><a href=\"https:\/\/youtu.be\/TFdOCfU859w\" target=\"_blank\" rel=\"noopener\">C&rsquo;est quoi la la\u00efcit\u00e9&nbsp;?<\/a><\/strong><\/li>\n<li>D\u00e9cod\u2019Actu : <strong><a href=\"https:\/\/www.youtube.com\/watch?v=cBTcitW6ubk\" target=\"_blank\" rel=\"noopener\">La la\u00efcit\u00e9 un concept \u00e0 g\u00e9om\u00e9trie variable ?<\/a><\/strong> &#8211; France TV (2017)<\/li>\n<li>D\u00e9sintox : <strong><a href=\"https:\/\/www.arte.tv\/embeds\/fr\/100444-003-A\" target=\"_blank\" rel=\"noopener\">La la\u00efcit\u00e9 et la constitution en France<\/a><\/strong> &#8211; Arte TV (2020)<\/li>\n<\/ul>\n<\/li>\n<li>BNF :\n<ul>\n<li>Dossier : <strong><a href=\"https:\/\/essentiels.bnf.fr\/fr\/enseignants\/bb5ca00c-76b2-47e4-acdb-1c4b2253d6c9-laicite-en-questions-10-affiches-pour-comprendre\" target=\"_blank\" rel=\"noopener\">La la\u00efcit\u00e9 en questions<span class=\"nbsp\">&nbsp;<\/span>: 10 affiches pour comprendre<\/a><\/strong><\/li>\n<li>Les essentielles : <strong><a href=\"https:\/\/essentiels.bnf.fr\/fr\/societe\/concevoir-les-societes\/f35e776d-45ce-49c1-bd5f-484568fb922c-laicite\" target=\"_blank\" rel=\"noopener\">Dossier sur la La\u00efcit\u00e9<\/a><\/strong><\/li>\n<\/ul>\n<\/li>\n<li>Fiches Eduscol :\n<ul>\n<li><a href=\"https:\/\/www.pedagogie.ac-nice.fr\/plplh\/wp-content\/uploads\/sites\/18\/2020\/10\/Ress_emc_interets_enjeux_laicite_464681.pdf\" target=\"_blank\" rel=\"noopener\"> \u00ab\u00a0<strong>Int\u00e9r\u00eats et enjeux de la la\u00efcit\u00e9 dans notre soci\u00e9t\u00e9\u00a0\u00bb<\/strong>.&nbsp; <\/a>Document concernant les anciens programmes mais exploitable dans le cadre des nouveaux programmes <strong>avec une adaptation p\u00e9dagogique<\/strong>.<\/li>\n<li><a href=\"https:\/\/www.pedagogie.ac-nice.fr\/plplh\/wp-content\/uploads\/sites\/18\/2020\/10\/Ress_emc_laicite_expression-croyance_465154-1.pdf\" target=\"_blank\" rel=\"noopener\">\u00ab\u00a0<strong>La la\u00efcit\u00e9 et l&rsquo;expression des croyances religieuses\u00a0\u00bb. <\/strong><\/a>Document concernant les anciens programmes mais exploitable dans le cadre des nouveaux programmes <strong>avec une adaptation p\u00e9dagogique<\/strong>.<\/li>\n<\/ul>\n<\/li>\n<li>Mettre en \u0153uvre en classe<a href=\"https:\/\/www.pedagogie.ac-nice.fr\/plplh\/wp-content\/uploads\/sites\/18\/2020\/10\/Laicite_Outils_Lycee_507071.pdf\" target=\"_blank\" rel=\"noopener\"><strong> la Journ\u00e9e de la la\u00efcit\u00e9<\/strong>.&nbsp; <\/a>Document concernant les anciens programmes mais exploitable dans le cadre des nouveaux programmes <strong>avec une adaptation p\u00e9dagogique<\/strong>.<\/li>\n<\/ul>\n<h4><span style=\"color: #ff0000;\">La libert\u00e9, les libert\u00e9s<\/span><\/h4>\n<ul>\n<li>Dossier de TV5 monde : <strong><a href=\"https:\/\/enseigner.tv5monde.com\/articles-dossiers\/dossiers\/liberte-egalite-laicite\" target=\"_blank\" rel=\"noopener\">\u00ab\u00a0Libert\u00e9, \u00e9galit\u00e9, la\u00efcit\u00e9\u00a0\u00bb<\/a><\/strong>.<\/li>\n<li>Plaquette <a href=\"https:\/\/www.maif.fr\/files\/pdf\/particuliers\/services-au-quotidien\/solutions-educatives\/okapi-cahier.pdf\" target=\"_blank\" rel=\"noopener\"><strong>La libert\u00e9 d&rsquo;expression en 10 questions<\/strong><\/a>, la MAIF-Okapi.<\/li>\n<li>Vid\u00e9os :&nbsp;\n<ul>\n<li>France TV &#8211; Journaliste ? Pas si simple ! : <strong><a href=\"https:\/\/www.lumni.fr\/video\/la-liberte-de-la-presse#containerType=serie&amp;containerSlug=journaliste-pas-si-simple\" target=\"_blank\" rel=\"noopener\">Menaces sur la libert\u00e9 de la presse<\/a><\/strong> (2017)<\/li>\n<li>Le Monde : <a href=\"https:\/\/youtu.be\/lUkSqEvjnP0\" target=\"_blank\" rel=\"noopener\"><strong>\u00ab\u00a0Dessine-moi l&rsquo;\u00e9co : Le pr\u00e9sident a-t-il r\u00e9ellement tous les pouvoirs ?\u00a0\u00bb<\/strong><\/a> (2017)<\/li>\n<li>Lumni : <strong><a href=\"https:\/\/www.lumni.fr\/video\/mediatropismes-libere-d-expression\" target=\"_blank\" rel=\"noopener\">M\u00e9diatropismes &#8211; La libert\u00e9 d&rsquo;expression et les r\u00e9seaux sociaux<\/a><\/strong> (2020)<\/li>\n<li>1 jour, 1 question\n<ul>\n<li><strong><a href=\"https:\/\/www.youtube.com\/watch?v=Gc0lRoF9GLg\" target=\"_blank\" rel=\"noopener\">C&rsquo;est quoi la libert\u00e9 d&rsquo;expression ?<\/a><\/strong><\/li>\n<li><strong><a href=\"https:\/\/www.youtube.com\/watch?v=xYRU1H3R4N8\" target=\"_blank\" rel=\"noopener\">C&rsquo;est quoi une caricature ?<\/a><\/strong><\/li>\n<li><strong><a href=\"https:\/\/www.youtube.com\/watch?v=o1-fqRyBgqo\">Est-ce que la libert\u00e9 de la presse est respect\u00e9e partout dans le monde ?&nbsp;<\/a><\/strong><\/li>\n<\/ul>\n<\/li>\n<\/ul>\n<\/li>\n<li><strong><a href=\"https:\/\/www.cartooningforpeace.org\/cartoonotheque\/\" target=\"_blank\" rel=\"noopener\">Des caricatures gratuites<\/a><\/strong> de la cartoonoth\u00e8que de l&rsquo;association <strong>Cartooning for peace<\/strong>.<\/li>\n<li>Ressources propos\u00e9es par <a href=\"https:\/\/dessinezcreezliberte.com\" target=\"_blank\" rel=\"noopener\"><strong>l&rsquo;association \u00ab\u00a0Dessinez, Cr\u00e9ez, Libert\u00e9 (DCL)<\/strong>.<\/a><\/li>\n<\/ul>\n<h4><span style=\"color: #ff0000;\">La fraternit\u00e9<\/span><\/h4>\n<ul>\n<li>Vid\u00e9os :&nbsp;\n<ul>\n<li>Conseil d\u00e9partemental de la R\u00e9union : <strong><a href=\"https:\/\/youtu.be\/AXvthwXmbWA\" target=\"_blank\" rel=\"noopener\">\u00ab\u00a0C Kw\u00e9 ? Le savoir vivre ensemble\u00a0\u00bb <\/a><\/strong>(2015)<\/li>\n<li>1 jour, 1 question\n<ul>\n<li><a href=\"https:\/\/www.youtube.com\/watch?v=p39Ujb2fz9s\" target=\"_blank\" rel=\"noopener\"><strong>C\u2019est quoi la fraternit\u00e9 ?<\/strong><\/a><\/li>\n<li><a href=\"https:\/\/www.youtube.com\/watch?v=pLDZ7dD2sLc\" target=\"_blank\" rel=\"noopener\"><strong>C&rsquo;est quoi vivre ensemble ?<\/strong><\/a><\/li>\n<\/ul>\n<\/li>\n<\/ul>\n<\/li>\n<\/ul>\n<h4><span style=\"color: #ff0000;\">L&rsquo;\u00e9galit\u00e9 filles-gar\u00e7ons<\/span><\/h4>\n<ul>\n<li>Dossier de TV5 monde : <strong><a href=\"https:\/\/enseigner.tv5monde.com\/articles-dossiers\/dossiers\/liberte-egalite-laicite\" target=\"_blank\" rel=\"noopener\">\u00ab\u00a0Libert\u00e9, \u00e9galit\u00e9, la\u00efcit\u00e9\u00a0\u00bb<\/a><\/strong>.<\/li>\n<li>Ensemble de ressources de Canop\u00e9 <strong><a href=\"https:\/\/www.reseau-canope.fr\/outils-egalite-filles-garcons.html\" target=\"_blank\" rel=\"noopener\">autour de l&rsquo;\u00e9galit\u00e9 filles-gar\u00e7ons<\/a><\/strong>.<\/li>\n<li>\n<ul>\n<li><strong><a href=\"http:\/\/www.genrimages.org\/index.php\/\" target=\"_blank\" rel=\"noopener\">Genrimages&nbsp;<\/a><\/strong>croise \u00e9ducation \u00e0 l&rsquo;image et \u00e9ducation \u00e0 l&rsquo;\u00e9galit\u00e9.<\/li>\n<li><strong><a href=\"https:\/\/www.stop-cybersexisme.com\/\" target=\"_blank\" rel=\"noopener\">Stop-cybersexisme<\/a><\/strong> du centre Hubertine Auclert<\/li>\n<\/ul>\n<\/li>\n<li>Vid\u00e9o du Conseil d\u00e9partemental de la R\u00e9union :<strong><a href=\"https:\/\/youtu.be\/oNSi7dvUMyU\" target=\"_blank\" rel=\"noopener\">\u00ab\u00a0C Kw\u00e9 ? La parit\u00e9 hommes\/femmes\u00a0\u00bb<\/a><\/strong> (2015).<\/li>\n<\/ul>\n<h4><span style=\"color: #ff0000;\">La lutte contre les discriminations<\/span><\/h4>\n<ul>\n<li>DILCRAH : <strong><a href=\"https:\/\/www.dilcrah.fr\/ressources\/\" target=\"_blank\" rel=\"noopener\">\u00ab\u00a0Ressources pour lutter contre le racisme, l\u2019antis\u00e9mitisme et la haine anti-LGBT\u00a0\u00bb<\/a><\/strong><\/li>\n<li>Mus\u00e9e de l&rsquo;histoire de l&rsquo;immigration <strong>: <a href=\"https:\/\/www.histoire-immigration.fr\/exposition-permanente\/le-musee-d-une-histoire-commune\" target=\"_blank\" rel=\"noopener\">visite virtuelle de l&rsquo;exposition permanente<\/a><\/strong><\/li>\n<li class=\"page__title\">Page Eduscol : <strong><a href=\"https:\/\/eduscol.education.fr\/1593\/des-ressources-pour-agir-en-classe-autour-de-la-lutte-contre-les-lgbtphobies\" target=\"_blank\" rel=\"noopener\">\u00ab\u00a0Ressources pour agir en classe autour de la lutte contre les LGBTphobies\u00a0\u00bb<\/a><\/strong><\/li>\n<\/ul>\n<h4><span style=\"color: #0000ff;\"><strong>3. SE FORMER<\/strong><\/span><\/h4>\n<h4><span style=\"color: #ff0000;\">Le point scientifique<\/span><\/h4>\n<h4><span style=\"color: #ff6600;\"><strong>Lire<\/strong><\/span><\/h4>\n<ul>\n<li>Brochure Canop\u00e9 : <strong><a href=\"https:\/\/www.pedagogie.ac-nice.fr\/plplh\/wp-content\/uploads\/sites\/18\/2020\/12\/OEFG_Egalite_mixite_orientation_professionnelle_scolaire.pdf\" target=\"_blank\" rel=\"noopener\">L\u2019e\u0301galite\u0301 entre filles et garc\u0327ons et la mixite\u0301 dans l\u2019orientation scolaire et professionnelle<\/a><\/strong><\/li>\n<li><a href=\"https:\/\/www.reseau-canope.fr\/les-valeurs-de-la-republique\/enseignement-laique-des-faits-religieux.html\" target=\"_blank\" rel=\"noopener\"><strong>L&rsquo;Enseignement la\u00efque des faits religieux <\/strong><\/a>par Isabelle Saint Martin : Directrice de l&rsquo;IESR sur Canop\u00e9.<\/li>\n<li>G\u00e9oconfluence : <strong><a href=\"http:\/\/geoconfluences.ens-lyon.fr\/actualites\/veille\/revues-de-presse\/liberte-d-expression?fbclid=IwAR0i34gY00b7bte7kLzGR5O7Dhzwtgct9B-0BQQcWxJRQQpFt5DwEH-q3n0\" target=\"_blank\" rel=\"noopener\">La libert\u00e9 d\u2019expression et la question du blasph\u00e8me en France<\/a><\/strong><\/li>\n<li><a href=\"https:\/\/www.pedagogie.ac-nice.fr\/plplh\/wp-content\/uploads\/sites\/18\/2020\/12\/BNF._Bauberot_Histoire_enseignement_laique._9_decembre_2015._564983.pdf\" target=\"_blank\" rel=\"noopener\"><strong>Histoire de la lai\u0308cite\u0301 et histoire de l\u2019enseignement lai\u0308que<\/strong><\/a> par Jean Baub\u00e9rot : Groupe Socie\u0301te\u0301s, Religions, Lai\u0308cite\u0301s CNRS-EPHE (2015)<\/li>\n<li>Lumni : <strong><a href=\"https:\/\/enseignants.lumni.fr\/parcours\/1009\/parler-de-la-liberte-d-expression-en-classe.html\" target=\"_blank\" rel=\"noopener\">Parler de la libert\u00e9 d\u2019expression en classe<\/a><\/strong><\/li>\n<li><a href=\"https:\/\/revue.alarmer.org\/?home\"><em><strong>La RevueAlarmer<\/strong><\/em> <\/a>met \u00e0 disposition des connaissances, des savoirs scientifiques et des analyses de textes fondamentaux sur les racismes et l\u2019antis\u00e9mitisme.<\/li>\n<\/ul>\n<h4><span style=\"color: #ff6600;\"><strong>Entendre<\/strong><\/span><\/h4>\n<ul>\n<li>Podcasts :\n<ul>\n<li>Canop\u00e9 &#8211; Extra-classe\n<ul>\n<li><a href=\"https:\/\/extraclasse.reseau-canope.fr\/parlons-pratiques-8-transmettre-les-valeurs-de-la-republique-un-defi-pour-l-ecole-aujourd-hui\" target=\"_blank\" rel=\"noopener\"><strong>\u00ab\u00a0Parlons pratiques ! Transmettre les valeurs de la R\u00e9publique, un d\u00e9fi pour l&rsquo;\u00e9cole d&rsquo;aujourd&rsquo;hui\u00a0\u00bb<\/strong><\/a> (2021)<\/li>\n<li><strong><a href=\"https:\/\/extraclasse.reseau-canope.fr\/valeurs-de-la-republique-pedagogie-et-caricature-l-equation-impossible\" target=\"_blank\" rel=\"noopener\">\u00ab\u00a0Valeurs de la R\u00e9publique : P\u00e9dagogie et caricature, l&rsquo;\u00e9quation impossible ?\u00a0\u00bb<\/a><\/strong> (2020)<\/li>\n<\/ul>\n<\/li>\n<\/ul>\n<\/li>\n<\/ul>\n<ul>\n<li style=\"list-style-type: none;\">\n<ul>\n<li>Canop\u00e9 &#8211; Valeurs de R\u00e9publique\n<ul>\n<li><strong><a href=\"https:\/\/valeurs-de-la-republique.reseau-canope.fr\/tous-les-themes\/decouvrir\/notice\/lenseignement-et-le-principe-de-laicite\" target=\"_blank\" rel=\"noopener\">L&rsquo;enseignement et le principe de la\u00efcit\u00e9<\/a><\/strong> (2022)<\/li>\n<li><strong><a href=\"https:\/\/valeurs-de-la-republique.reseau-canope.fr\/tous-les-themes\/approfondir\/notice\/la-fraternite-a-lecole-un-apprentissage-du-vivre-ensemble-entretien-avec-aziz-jellab\" target=\"_blank\" rel=\"noopener\">La fraternit\u00e9 \u00e0 l&rsquo;\u00e9cole, un apprentissage du vivre-ensemble<\/a><\/strong> (2022)<\/li>\n<li><strong><a href=\"https:\/\/valeurs-de-la-republique.reseau-canope.fr\/tous-les-themes\/decouvrir\/notice\/laicite-un-principe-en-tension\" target=\"_blank\" rel=\"noopener\">La\u00efcit\u00e9, un principe en tension<\/a><\/strong> (2022)<\/li>\n<li><a href=\"https:\/\/valeurs-de-la-republique.reseau-canope.fr\/tous-les-themes\/approfondir\/notice\/lutter-contre-les-discriminations-raciales-en-france-lapproche-par-lhistoire\" target=\"_blank\" rel=\"noopener\"><strong>Lutter contre les discriminations raciales en France, l&rsquo;approche par l&rsquo;histoire<\/strong><\/a> (2024)<\/li>\n<\/ul>\n<\/li>\n<\/ul>\n<\/li>\n<\/ul>\n<ul>\n<li style=\"list-style-type: none;\">&nbsp;<\/li>\n<\/ul>\n","protected":false},"excerpt":{"rendered":"<p>Cette page pr\u00e9sente les ressources destin\u00e9es \u00e0 s\u2019approprier, enseigner, d\u00e9fendre et faire vivre, les valeurs qui fondent notre pacte r\u00e9publicain. 1. S&rsquo;INFORMER Sites et documents institutionnels La la\u00efcit\u00e9 Charte de la la\u00efcit\u00e9 comment\u00e9e et&nbsp; des cl\u00e9s de lectures sur la charte de la la\u00efcit\u00e9. Comit\u00e9 interminist\u00e9riel de la la\u00efcit\u00e9. Coffret&nbsp; \u00ab\u00a0Guide r\u00e9publicain\u00a0\u00bb du Minist\u00e8re de &hellip; <\/p>\n<p><a class=\"more-link btn\" href=\"https:\/\/www.pedagogie.ac-nice.fr\/plplh\/valeurs-de-la-republique\/\">Lire la suite<\/a><\/p>\n","protected":false},"author":195,"featured_media":0,"parent":0,"menu_order":0,"comment_status":"closed","ping_status":"closed","template":"","meta":{"ngg_post_thumbnail":0,"footnotes":""},"class_list":["post-4657","page","type-page","status-publish","hentry","nodate","item-wrap"],"rttpg_featured_image_url":null,"rttpg_author":{"display_name":"David Lamoureux","author_link":"https:\/\/www.pedagogie.ac-nice.fr\/plplh\/author\/dlamoureux\/"},"rttpg_comment":0,"rttpg_category":null,"rttpg_excerpt":"Cette page pr\u00e9sente les ressources destin\u00e9es \u00e0 s\u2019approprier, enseigner, d\u00e9fendre et faire vivre, les valeurs qui fondent notre pacte r\u00e9publicain. 1. S&rsquo;INFORMER Sites et documents institutionnels La la\u00efcit\u00e9 Charte de la la\u00efcit\u00e9 comment\u00e9e et&nbsp; des cl\u00e9s de lectures sur la charte de la la\u00efcit\u00e9. Comit\u00e9 interminist\u00e9riel de la la\u00efcit\u00e9. Coffret&nbsp; \u00ab\u00a0Guide r\u00e9publicain\u00a0\u00bb du Minist\u00e8re de\u2026","post_mailing_queue_ids":[],"_links":{"self":[{"href":"https:\/\/www.pedagogie.ac-nice.fr\/plplh\/wp-json\/wp\/v2\/pages\/4657","targetHints":{"allow":["GET"]}}],"collection":[{"href":"https:\/\/www.pedagogie.ac-nice.fr\/plplh\/wp-json\/wp\/v2\/pages"}],"about":[{"href":"https:\/\/www.pedagogie.ac-nice.fr\/plplh\/wp-json\/wp\/v2\/types\/page"}],"author":[{"embeddable":true,"href":"https:\/\/www.pedagogie.ac-nice.fr\/plplh\/wp-json\/wp\/v2\/users\/195"}],"replies":[{"embeddable":true,"href":"https:\/\/www.pedagogie.ac-nice.fr\/plplh\/wp-json\/wp\/v2\/comments?post=4657"}],"version-history":[{"count":96,"href":"https:\/\/www.pedagogie.ac-nice.fr\/plplh\/wp-json\/wp\/v2\/pages\/4657\/revisions"}],"predecessor-version":[{"id":10901,"href":"https:\/\/www.pedagogie.ac-nice.fr\/plplh\/wp-json\/wp\/v2\/pages\/4657\/revisions\/10901"}],"wp:attachment":[{"href":"https:\/\/www.pedagogie.ac-nice.fr\/plplh\/wp-json\/wp\/v2\/media?parent=4657"}],"curies":[{"name":"wp","href":"https:\/\/api.w.org\/{rel}","templated":true}]}}