{"id":57,"date":"2014-03-07T09:31:56","date_gmt":"2014-03-07T08:31:56","guid":{"rendered":"http:\/\/www.ac-nice.fr\/plplh\/?page_id=57"},"modified":"2023-09-30T17:30:08","modified_gmt":"2023-09-30T15:30:08","slug":"textes-officiels","status":"publish","type":"page","link":"https:\/\/www.pedagogie.ac-nice.fr\/plplh\/sinformer\/page-d-exemple-2\/textes-officiels\/","title":{"rendered":"Textes officiels"},"content":{"rendered":"<ul>\n<li><a href=\"https:\/\/www.pedagogie.ac-nice.fr\/plplh\/tvp\/\" target=\"_blank\" rel=\"noopener\"><span style=\"font-size: 18pt;\"><strong>Transformation de la Voie Professionnelle<\/strong><\/span><\/a><\/li>\n<li><span style=\"font-size: 18pt;\"><strong><a href=\"https:\/\/www.pedagogie.ac-nice.fr\/plplh\/3e-prepa-metiers\/\" target=\"_blank\" rel=\"noopener\">3\u00e8me Pr\u00e9pa-m\u00e9tiers<\/a><\/strong><\/span><\/li>\n<li><span style=\"font-size: 18pt;\"><strong><a href=\"https:\/\/www.pedagogie.ac-nice.fr\/plplh\/cap-3\/\" target=\"_blank\" rel=\"noopener\">CAP<\/a><\/strong><\/span><\/li>\n<li><span style=\"font-size: 18pt;\"><strong><a href=\"https:\/\/www.pedagogie.ac-nice.fr\/plplh\/bac-pro-2\/\" target=\"_blank\" rel=\"noopener\">Seconde Bac Professionnelle<\/a><\/strong><\/span><\/li>\n<li><span style=\"font-size: 18pt;\"><strong><a href=\"https:\/\/www.pedagogie.ac-nice.fr\/plplh\/1ere-bac-pro\/\" target=\"_blank\" rel=\"noopener\">Premi\u00e8re Bac Professionnelle (rentr\u00e9e 2020)<\/a><\/strong><\/span><\/li>\n<li><span style=\"font-size: 18pt;\"><strong><a href=\"https:\/\/www.pedagogie.ac-nice.fr\/plplh\/tle-bac-pro\/\" target=\"_blank\" rel=\"noopener\">Terminale Bac Professionnelle (rentr\u00e9e 2021)<\/a><\/strong><\/span><\/li>\n<li><span style=\"font-size: 18pt;\"><strong><a href=\"https:\/\/www.pedagogie.ac-nice.fr\/plplh\/brevet-professionnel-2\/\" target=\"_blank\" rel=\"noopener\">Brevet Professionnel<\/a><\/strong><\/span><\/li>\n<li><a href=\"https:\/\/www.pedagogie.ac-nice.fr\/plplh\/bts-2\/\" target=\"_blank\" rel=\"noopener\"><span style=\"font-size: 18pt;\"><strong>Brevet de Technicien Sup\u00e9rieur<\/strong><\/span><\/a><\/li>\n<\/ul>\n","protected":false},"excerpt":{"rendered":"<p>Transformation de la Voie Professionnelle 3\u00e8me Pr\u00e9pa-m\u00e9tiers CAP Seconde Bac Professionnelle Premi\u00e8re Bac Professionnelle (rentr\u00e9e 2020) Terminale Bac Professionnelle (rentr\u00e9e 2021) Brevet Professionnel Brevet de Technicien Sup\u00e9rieur<\/p>\n","protected":false},"author":125,"featured_media":0,"parent":7,"menu_order":2,"comment_status":"closed","ping_status":"closed","template":"","meta":{"ngg_post_thumbnail":0,"footnotes":""},"class_list":["post-57","page","type-page","status-publish","hentry","nodate","item-wrap"],"rttpg_featured_image_url":null,"rttpg_author":{"display_name":"St\u00e9phane Cipriani","author_link":"https:\/\/www.pedagogie.ac-nice.fr\/plplh\/author\/fferrare\/"},"rttpg_comment":0,"rttpg_category":null,"rttpg_excerpt":"Transformation de la Voie Professionnelle 3\u00e8me Pr\u00e9pa-m\u00e9tiers CAP Seconde Bac Professionnelle Premi\u00e8re Bac Professionnelle (rentr\u00e9e 2020) Terminale Bac Professionnelle (rentr\u00e9e 2021) Brevet Professionnel Brevet de Technicien Sup\u00e9rieur","post_mailing_queue_ids":[],"_links":{"self":[{"href":"https:\/\/www.pedagogie.ac-nice.fr\/plplh\/wp-json\/wp\/v2\/pages\/57","targetHints":{"allow":["GET"]}}],"collection":[{"href":"https:\/\/www.pedagogie.ac-nice.fr\/plplh\/wp-json\/wp\/v2\/pages"}],"about":[{"href":"https:\/\/www.pedagogie.ac-nice.fr\/plplh\/wp-json\/wp\/v2\/types\/page"}],"author":[{"embeddable":true,"href":"https:\/\/www.pedagogie.ac-nice.fr\/plplh\/wp-json\/wp\/v2\/users\/125"}],"replies":[{"embeddable":true,"href":"https:\/\/www.pedagogie.ac-nice.fr\/plplh\/wp-json\/wp\/v2\/comments?post=57"}],"version-history":[{"count":104,"href":"https:\/\/www.pedagogie.ac-nice.fr\/plplh\/wp-json\/wp\/v2\/pages\/57\/revisions"}],"predecessor-version":[{"id":8064,"href":"https:\/\/www.pedagogie.ac-nice.fr\/plplh\/wp-json\/wp\/v2\/pages\/57\/revisions\/8064"}],"up":[{"embeddable":true,"href":"https:\/\/www.pedagogie.ac-nice.fr\/plplh\/wp-json\/wp\/v2\/pages\/7"}],"wp:attachment":[{"href":"https:\/\/www.pedagogie.ac-nice.fr\/plplh\/wp-json\/wp\/v2\/media?parent=57"}],"curies":[{"name":"wp","href":"https:\/\/api.w.org\/{rel}","templated":true}]}}