{"id":72,"date":"2014-03-07T09:56:32","date_gmt":"2014-03-07T08:56:32","guid":{"rendered":"http:\/\/www.ac-nice.fr\/plplh\/?page_id=72"},"modified":"2020-07-06T16:48:00","modified_gmt":"2020-07-06T14:48:00","slug":"liens","status":"publish","type":"page","link":"https:\/\/www.pedagogie.ac-nice.fr\/plplh\/se-former\/liens\/","title":{"rendered":"Liens"},"content":{"rendered":"<h2>\u00c9ducation au D\u00e9veloppement Durable<\/h2>\n<ul>\n<li><a href=\"http:\/\/www.eduscol.education.fr\/cid55682\/la-foret-une-communaute-vivante.html\">Ressources de g\u00e9ographie pour les enseignants<\/a><\/li>\n<li><a href=\"http:\/\/www1.ac-nice.fr\/eedd\/\">Page de l\u2019acad\u00e9mie de Nice<\/a> consacr\u00e9e \u00e0 ce sujet.<\/li>\n<li><a href=\"http:\/\/www.eduscol.education.fr\/cid55682\/la-foret-une-communaute-vivante.html\">Op\u00e9ration \u00ab Posters \u00e9cole \u00bb 2011 la for\u00eat : une communaut\u00e9 vivante\u00a0<\/a>.<\/li>\n<li><a href=\"http:\/\/www1.ac-nice.fr\/eedd\/\">Education au D\u00e9veloppement Durable Page de l\u2019acad\u00e9mie de Nice<\/a> consacr\u00e9e \u00e0 ce sujet.<\/li>\n<li><a href=\"http:\/\/www.lecoleagit.fr\/\">L\u2019\u00e9cole agit pour le d\u00e9veloppement durable<\/a> : th\u00e8mes et projets li\u00e9s au DD dans le syst\u00e8me scolaire.<a href=\"http:\/\/www1.ac-nice.fr\/eedd\/\">P<\/a><\/li>\n<\/ul>\n<h2>Ressources de g\u00e9ographie pour les enseignants<\/h2>\n<ul>\n<li><a href=\"http:\/\/www.ac-nice.fr\/histgeo\/\">Site des certifi\u00e9s<\/a><\/li>\n<li><a href=\"http:\/\/eduscol.education.fr\/histoire-geographie\/\">\u00a0Eduscol Histoire g\u00e9ographie et \u00e9ducation civique\u00a0<\/a><\/li>\n<li><a href=\"http:\/\/geoconfluences.ens-lyon.fr\/\">G\u00e9oconfluences<\/a><\/li>\n<li><a href=\"http:\/\/fresques.ina.fr\/jalons\/accueil\">Jalons pour l\u2019histoire du temps pr\u00e9sent (INA)<\/a><\/li>\n<li><a href=\"http:\/\/www.edugeo.fr\/\">Edugeo<\/a><\/li>\n<li><a href=\"http:\/\/www.cndp.fr\/fig-st-die\/accueil.html\">Fesival international de g\u00e9ographie de Saint Di\u00e9<\/a><\/li>\n<li><a href=\"http:\/\/www.datar.gouv.fr\/\">Site de la DATAR<\/a><\/li>\n<li><a href=\"http:\/\/eductice.ens-lyon.fr\/EducTice\/recherche\/projets?\/geomatique\/veille\">Eductice<\/a><\/li>\n<li><a href=\"http:\/\/www2.cndp.fr\/accueil.htm\">CNDP<\/a><\/li>\n<li><a href=\"http:\/\/www.cndp.fr\/ecolenumerique\/\">L\u2019\u00e9cole num\u00e9rique<\/a><\/li>\n<li><a href=\"http:\/\/www.lesite.tv\/\">lesite.tv<\/a><\/li>\n<li><a href=\"http:\/\/education.francetv.fr\/\">France TV \u00e9ducation<\/a><\/li>\n<li><a href=\"http:\/\/classes.bnf.fr\/index.php\">Site p\u00e9dagogique de la BNF<\/a><\/li>\n<li><a href=\"http:\/\/www.cvce.eu\/\">CVCE (centre de recherche et de documentation interdisciplinaire sur le processus de la construction europ\u00e9enne).<\/a><\/li>\n<li><a href=\"http:\/\/www.touteleurope.eu\/l-union-europeenne\/histoire-de-l-ue\/les-dates-cles.html\">toute l\u2019Europe.eu<\/a><\/li>\n<li><a href=\"http:\/\/www.wga.hu\/\">Web gallery of Art<\/a><\/li>\n<li><a href=\"http:\/\/www.grandpalais.fr\/magazine\">Le Grand Palais<\/a><\/li>\n<li><a href=\"http:\/\/www.bips-edu.fr\/\">BIPS : banque d\u2019images p\u00e9dagogiques<\/a><\/li>\n<li><a href=\"http:\/\/www.clionautes.org\/\">Les clionautes<\/a><\/li>\n<li><a href=\"http:\/\/www.rdv-histoire.com\/\">Les rendez vous de l\u2019histoire\u00a0<\/a><\/li>\n<li><a href=\"http:\/\/www.reseau-canope.fr\/d-day\/\">Site Canop\u00e9 sur le d\u00e9barquement<\/a><\/li>\n<li><a href=\"http:\/\/www.ac-nice.fr\/plplh\/?page_id=68\">Centenaire de la Grande Guerre<\/a><\/li>\n<\/ul>\n","protected":false},"excerpt":{"rendered":"<p>\u00c9ducation au D\u00e9veloppement Durable Ressources de g\u00e9ographie pour les enseignants Page de l\u2019acad\u00e9mie de Nice consacr\u00e9e \u00e0 ce sujet. Op\u00e9ration \u00ab Posters \u00e9cole \u00bb 2011 la for\u00eat : une communaut\u00e9 vivante\u00a0. Education au D\u00e9veloppement Durable Page de l\u2019acad\u00e9mie de Nice consacr\u00e9e \u00e0 ce sujet. L\u2019\u00e9cole agit pour le d\u00e9veloppement durable : th\u00e8mes et projets li\u00e9s &hellip; <\/p>\n<p><a class=\"more-link btn\" href=\"https:\/\/www.pedagogie.ac-nice.fr\/plplh\/se-former\/liens\/\">Lire la suite<\/a><\/p>\n","protected":false},"author":125,"featured_media":0,"parent":1761,"menu_order":1,"comment_status":"closed","ping_status":"closed","template":"","meta":{"ngg_post_thumbnail":0,"footnotes":""},"class_list":["post-72","page","type-page","status-publish","hentry","nodate","item-wrap"],"rttpg_featured_image_url":null,"rttpg_author":{"display_name":"St\u00e9phane Cipriani","author_link":"https:\/\/www.pedagogie.ac-nice.fr\/plplh\/author\/fferrare\/"},"rttpg_comment":0,"rttpg_category":null,"rttpg_excerpt":"\u00c9ducation au D\u00e9veloppement Durable Ressources de g\u00e9ographie pour les enseignants Page de l\u2019acad\u00e9mie de Nice consacr\u00e9e \u00e0 ce sujet. Op\u00e9ration \u00ab Posters \u00e9cole \u00bb 2011 la for\u00eat : une communaut\u00e9 vivante\u00a0. Education au D\u00e9veloppement Durable Page de l\u2019acad\u00e9mie de Nice consacr\u00e9e \u00e0 ce sujet. L\u2019\u00e9cole agit pour le d\u00e9veloppement durable : th\u00e8mes et projets li\u00e9s\u2026","post_mailing_queue_ids":[],"_links":{"self":[{"href":"https:\/\/www.pedagogie.ac-nice.fr\/plplh\/wp-json\/wp\/v2\/pages\/72","targetHints":{"allow":["GET"]}}],"collection":[{"href":"https:\/\/www.pedagogie.ac-nice.fr\/plplh\/wp-json\/wp\/v2\/pages"}],"about":[{"href":"https:\/\/www.pedagogie.ac-nice.fr\/plplh\/wp-json\/wp\/v2\/types\/page"}],"author":[{"embeddable":true,"href":"https:\/\/www.pedagogie.ac-nice.fr\/plplh\/wp-json\/wp\/v2\/users\/125"}],"replies":[{"embeddable":true,"href":"https:\/\/www.pedagogie.ac-nice.fr\/plplh\/wp-json\/wp\/v2\/comments?post=72"}],"version-history":[{"count":2,"href":"https:\/\/www.pedagogie.ac-nice.fr\/plplh\/wp-json\/wp\/v2\/pages\/72\/revisions"}],"predecessor-version":[{"id":4126,"href":"https:\/\/www.pedagogie.ac-nice.fr\/plplh\/wp-json\/wp\/v2\/pages\/72\/revisions\/4126"}],"up":[{"embeddable":true,"href":"https:\/\/www.pedagogie.ac-nice.fr\/plplh\/wp-json\/wp\/v2\/pages\/1761"}],"wp:attachment":[{"href":"https:\/\/www.pedagogie.ac-nice.fr\/plplh\/wp-json\/wp\/v2\/media?parent=72"}],"curies":[{"name":"wp","href":"https:\/\/api.w.org\/{rel}","templated":true}]}}