{"id":728,"date":"2015-10-06T12:48:22","date_gmt":"2015-10-06T11:48:22","guid":{"rendered":"http:\/\/www.ac-nice.fr\/plplh\/?page_id=728"},"modified":"2025-09-18T15:21:45","modified_gmt":"2025-09-18T13:21:45","slug":"le-mot-de-linspection","status":"publish","type":"page","link":"https:\/\/www.pedagogie.ac-nice.fr\/plplh\/le-mot-de-linspection\/","title":{"rendered":"Le mot de l&rsquo;inspection"},"content":{"rendered":"<p><span style=\"font-size: 14pt; color: #ff6600;\"><strong>LES LETTRES DES INSPECTEURS<br \/>\n<\/strong><\/span><\/p>\n<ul>\n<li>La <strong><a href=\"https:\/\/www.pedagogie.ac-nice.fr\/plplh\/wp-content\/uploads\/sites\/18\/2025\/09\/Lettre-de-rentree-LHG-2025.pdf\" target=\"_blank\" rel=\"noopener\">lettre de rentr\u00e9e 2025-2026<\/a><\/strong> de St\u00e9phane Cipriani et Christ\u00e8le Henriot, IEN Lettres-Histoire-G\u00e9ographie.<\/li>\n<\/ul>\n<p><span style=\"color: #ff6600;\"><strong><span style=\"font-size: 14pt;\">LE RENDEZ-VOUS DE CARRI\u00c8RE<\/span><\/strong><\/span><\/p>\n<h4><span style=\"color: #0000ff;\"><strong>Aide \u00e0 la pr\u00e9paration de votre rendez-vous de carri\u00e8re<\/strong><\/span><\/h4>\n<h4><em><img loading=\"lazy\" decoding=\"async\" class=\" wp-image-5873 alignright\" src=\"https:\/\/www.pedagogie.ac-nice.fr\/plplh\/wp-content\/uploads\/sites\/18\/2021\/08\/RDV-carrie\u0300re.png\" alt=\"\" width=\"222\" height=\"148\"><\/em><\/h4>\n<ul>\n<li><a href=\"https:\/\/www.pedagogie.ac-nice.fr\/plplh\/wp-content\/uploads\/sites\/18\/2021\/08\/document-aide-rdv-carriere-2020-71973.pdf\"><strong>Document de r\u00e9f\u00e9rence de l&rsquo;entretien <\/strong><\/a>(annexe 4 -juillet 2020)<a href=\"https:\/\/www.pedagogie.ac-nice.fr\/plplh\/wp-content\/uploads\/sites\/18\/2021\/08\/document-aide-rdv-carriere-2020-71973.pdf\"><strong>.<\/strong><\/a><\/li>\n<\/ul>\n<p><em>Pr\u00e9cision des inspecteur<\/em>s : <strong>Nous vous invitons \u00e0 compl\u00e9ter ce document et \u00e0 nous l&rsquo;adresser quelques jours avant notre venue<\/strong>. Vous pourrez \u00e9galement nous communiquer tout autre support didactique et p\u00e9dagogique, et document pr\u00e9sentant les actions ou projets que vous souhaitez porter \u00e0 notre connaissance.<\/p>\n<h4><span style=\"color: #0000ff;\"><strong>Textes de r\u00e9f\u00e9rence<\/strong><\/span><\/h4>\n<ul>\n<li>Pr\u00e9sentation des <strong><a href=\"http:\/\/www.education.gouv.fr\/cid118572\/rendez-vous-de-carriere-mode-d-emploi.html\">modalit\u00e9s du rendez-vous de carri\u00e8re <\/a><\/strong>sur le site minist\u00e9riel.<\/li>\n<li><a href=\"https:\/\/www.legifrance.gouv.fr\/affichTexte.do?cidTexte=JORFTEXT000034632395&amp;dateTexte=20190823\"><strong>Arr\u00eat\u00e9 du 21 juin 2019<\/strong><\/a> modifiant l\u2019arr\u00eat\u00e9 du 5 mai 2017 relatif \u00e0 la mise en \u0153uvre du rendez-vous de carri\u00e8re.<\/li>\n<li><strong><a href=\"https:\/\/www.pedagogie.ac-nice.fr\/plplh\/wp-content\/uploads\/sites\/18\/2021\/08\/guide-du-rendez-vous-de-carri-re-des-personnels-enseignants-d-ducation-et-psychologues-de-l-ducation-nationale-48144_0.pdf\">Guide du rendez-vous de carri\u00e8re (juillet 2020)<\/a>.<\/strong>\n<ul>\n<li><a href=\"https:\/\/www.pedagogie.ac-nice.fr\/plplh\/wp-content\/uploads\/sites\/18\/2021\/08\/calendrier-du-rendez-vous-de-carri-re-70411-1.pdf\"><strong>Calendrier de la campagne du rendez-vous de carri\u00e8re <\/strong><\/a>(annexe 2 &#8211; juillet 2020)<strong>.<\/strong><\/li>\n<li><a href=\"https:\/\/www.pedagogie.ac-nice.fr\/plplh\/wp-content\/uploads\/sites\/18\/2021\/08\/notice-rendez-vous-de-carri-re-70415-2.pdf\"><strong>Notice d&rsquo;\u00e9valuation du rendez-vous de carri\u00e8re <\/strong><\/a>(annexe 5 &#8211; juillet 2020)<strong>.<\/strong><\/li>\n<li><strong><a href=\"https:\/\/www.education.gouv.fr\/bo\/13\/Hebdo30\/MENE1315928A.htm?cid_bo=73066\">R\u00e9f\u00e9rentiel des comp\u00e9tences professionnelles des m\u00e9tiers du professorat et de l\u2019\u00e9ducation<\/a><\/strong> (BO n\u00b030 du 25 juillet 2013)<\/li>\n<\/ul>\n<\/li>\n<\/ul>\n","protected":false},"excerpt":{"rendered":"<p>LES LETTRES DES INSPECTEURS La lettre de rentr\u00e9e 2025-2026 de St\u00e9phane Cipriani et Christ\u00e8le Henriot, IEN Lettres-Histoire-G\u00e9ographie. LE RENDEZ-VOUS DE CARRI\u00c8RE Aide \u00e0 la pr\u00e9paration de votre rendez-vous de carri\u00e8re Document de r\u00e9f\u00e9rence de l&rsquo;entretien (annexe 4 -juillet 2020). Pr\u00e9cision des inspecteurs : Nous vous invitons \u00e0 compl\u00e9ter ce document et \u00e0 nous l&rsquo;adresser quelques &hellip; <\/p>\n<p><a class=\"more-link btn\" href=\"https:\/\/www.pedagogie.ac-nice.fr\/plplh\/le-mot-de-linspection\/\">Lire la suite<\/a><\/p>\n","protected":false},"author":125,"featured_media":0,"parent":0,"menu_order":6,"comment_status":"closed","ping_status":"closed","template":"","meta":{"ngg_post_thumbnail":0,"footnotes":""},"class_list":["post-728","page","type-page","status-publish","hentry","nodate","item-wrap"],"rttpg_featured_image_url":null,"rttpg_author":{"display_name":"St\u00e9phane Cipriani","author_link":"https:\/\/www.pedagogie.ac-nice.fr\/plplh\/author\/fferrare\/"},"rttpg_comment":0,"rttpg_category":null,"rttpg_excerpt":"LES LETTRES DES INSPECTEURS La lettre de rentr\u00e9e 2025-2026 de St\u00e9phane Cipriani et Christ\u00e8le Henriot, IEN Lettres-Histoire-G\u00e9ographie. LE RENDEZ-VOUS DE CARRI\u00c8RE Aide \u00e0 la pr\u00e9paration de votre rendez-vous de carri\u00e8re Document de r\u00e9f\u00e9rence de l&rsquo;entretien (annexe 4 -juillet 2020). Pr\u00e9cision des inspecteurs : Nous vous invitons \u00e0 compl\u00e9ter ce document et \u00e0 nous l&rsquo;adresser quelques\u2026","post_mailing_queue_ids":[],"_links":{"self":[{"href":"https:\/\/www.pedagogie.ac-nice.fr\/plplh\/wp-json\/wp\/v2\/pages\/728","targetHints":{"allow":["GET"]}}],"collection":[{"href":"https:\/\/www.pedagogie.ac-nice.fr\/plplh\/wp-json\/wp\/v2\/pages"}],"about":[{"href":"https:\/\/www.pedagogie.ac-nice.fr\/plplh\/wp-json\/wp\/v2\/types\/page"}],"author":[{"embeddable":true,"href":"https:\/\/www.pedagogie.ac-nice.fr\/plplh\/wp-json\/wp\/v2\/users\/125"}],"replies":[{"embeddable":true,"href":"https:\/\/www.pedagogie.ac-nice.fr\/plplh\/wp-json\/wp\/v2\/comments?post=728"}],"version-history":[{"count":48,"href":"https:\/\/www.pedagogie.ac-nice.fr\/plplh\/wp-json\/wp\/v2\/pages\/728\/revisions"}],"predecessor-version":[{"id":10143,"href":"https:\/\/www.pedagogie.ac-nice.fr\/plplh\/wp-json\/wp\/v2\/pages\/728\/revisions\/10143"}],"wp:attachment":[{"href":"https:\/\/www.pedagogie.ac-nice.fr\/plplh\/wp-json\/wp\/v2\/media?parent=728"}],"curies":[{"name":"wp","href":"https:\/\/api.w.org\/{rel}","templated":true}]}}