{"id":7820,"date":"2023-08-22T17:31:51","date_gmt":"2023-08-22T15:31:51","guid":{"rendered":"https:\/\/www.pedagogie.ac-nice.fr\/plplh\/?page_id=7820"},"modified":"2024-11-15T19:14:41","modified_gmt":"2024-11-15T18:14:41","slug":"bac-pro-2","status":"publish","type":"page","link":"https:\/\/www.pedagogie.ac-nice.fr\/plplh\/bac-pro-2\/","title":{"rendered":"2de BAC PRO"},"content":{"rendered":"<h4><span style=\"color: #ff6600;\"><strong>Grille horaire<\/strong><\/span><\/h4>\n<ul>\n<li>Consultez la <strong>grille horaire de r\u00e9f\u00e9rence<\/strong> pour la <a href=\"https:\/\/www.pedagogie.ac-nice.fr\/plplh\/wp-content\/uploads\/sites\/18\/2024\/03\/Grille-horaire-Bac-Pro-2024.pdf\" target=\"_blank\" rel=\"noopener\"><strong>Seconde Bac Pro<\/strong><\/a><\/li>\n<\/ul>\n<h4><span style=\"color: #ff6600;\"><strong>Programmes<\/strong><\/span><\/h4>\n<ul>\n<li>Consultez le programme de <a href=\"https:\/\/www.pedagogie.ac-nice.fr\/plplh\/wp-content\/uploads\/sites\/18\/2019\/04\/fran%C3%A7ais-2nde.pdf\"><strong>Fran\u00e7ais<\/strong><\/a> de Seconde Bac Pro.<\/li>\n<li>Consultez le programme d\u2019<strong><a href=\"https:\/\/www.pedagogie.ac-nice.fr\/plplh\/wp-content\/uploads\/sites\/18\/2019\/04\/2nde-HG.pdf\">Histoire-G\u00e9ographie<\/a><\/strong> de Seconde Bac Pro.<\/li>\n<li>Consultez le programme d\u2019<strong><a href=\"https:\/\/www.pedagogie.ac-nice.fr\/plplh\/wp-content\/uploads\/sites\/18\/2019\/04\/2nde-EMC.pdf\">EMC<\/a><\/strong> de Seconde Bac Pro.<\/li>\n<\/ul>\n","protected":false},"excerpt":{"rendered":"<p>Grille horaire Consultez la grille horaire de r\u00e9f\u00e9rence pour la Seconde Bac Pro Programmes Consultez le programme de Fran\u00e7ais de Seconde Bac Pro. Consultez le programme d\u2019Histoire-G\u00e9ographie de Seconde Bac Pro. Consultez le programme d\u2019EMC de Seconde Bac Pro.<\/p>\n","protected":false},"author":195,"featured_media":0,"parent":0,"menu_order":0,"comment_status":"closed","ping_status":"closed","template":"","meta":{"ngg_post_thumbnail":0,"footnotes":""},"class_list":["post-7820","page","type-page","status-publish","hentry","nodate","item-wrap"],"rttpg_featured_image_url":null,"rttpg_author":{"display_name":"David Lamoureux","author_link":"https:\/\/www.pedagogie.ac-nice.fr\/plplh\/author\/dlamoureux\/"},"rttpg_comment":0,"rttpg_category":null,"rttpg_excerpt":"Grille horaire Consultez la grille horaire de r\u00e9f\u00e9rence pour la Seconde Bac Pro Programmes Consultez le programme de Fran\u00e7ais de Seconde Bac Pro. Consultez le programme d\u2019Histoire-G\u00e9ographie de Seconde Bac Pro. Consultez le programme d\u2019EMC de Seconde Bac Pro.","post_mailing_queue_ids":[],"_links":{"self":[{"href":"https:\/\/www.pedagogie.ac-nice.fr\/plplh\/wp-json\/wp\/v2\/pages\/7820","targetHints":{"allow":["GET"]}}],"collection":[{"href":"https:\/\/www.pedagogie.ac-nice.fr\/plplh\/wp-json\/wp\/v2\/pages"}],"about":[{"href":"https:\/\/www.pedagogie.ac-nice.fr\/plplh\/wp-json\/wp\/v2\/types\/page"}],"author":[{"embeddable":true,"href":"https:\/\/www.pedagogie.ac-nice.fr\/plplh\/wp-json\/wp\/v2\/users\/195"}],"replies":[{"embeddable":true,"href":"https:\/\/www.pedagogie.ac-nice.fr\/plplh\/wp-json\/wp\/v2\/comments?post=7820"}],"version-history":[{"count":10,"href":"https:\/\/www.pedagogie.ac-nice.fr\/plplh\/wp-json\/wp\/v2\/pages\/7820\/revisions"}],"predecessor-version":[{"id":9350,"href":"https:\/\/www.pedagogie.ac-nice.fr\/plplh\/wp-json\/wp\/v2\/pages\/7820\/revisions\/9350"}],"wp:attachment":[{"href":"https:\/\/www.pedagogie.ac-nice.fr\/plplh\/wp-json\/wp\/v2\/media?parent=7820"}],"curies":[{"name":"wp","href":"https:\/\/api.w.org\/{rel}","templated":true}]}}