{"id":7822,"date":"2023-08-22T17:32:27","date_gmt":"2023-08-22T15:32:27","guid":{"rendered":"https:\/\/www.pedagogie.ac-nice.fr\/plplh\/?page_id=7822"},"modified":"2023-09-06T16:45:34","modified_gmt":"2023-09-06T14:45:34","slug":"brevet-professionnel-2","status":"publish","type":"page","link":"https:\/\/www.pedagogie.ac-nice.fr\/plplh\/brevet-professionnel-2\/","title":{"rendered":"Brevet Professionnel"},"content":{"rendered":"<h4><span style=\"color: #ff6600;\"><strong>EXPRESSION ET CONNAISSANCE DU MONDE<\/strong><\/span><\/h4>\n<ul>\n<li><a href=\"http:\/\/www.education.gouv.fr\/pid285\/bulletin_officiel.html?cid_bo=100573\" target=\"_blank\" rel=\"noopener\"><strong>D\u00e9finition des \u00e9preuves et r\u00e8glements d\u2019examen<\/strong><\/a> (BO n\u00b014 du 8 avril 2016).\n<ul>\n<li>Se rendre \u00e0 l\u2019annexe IV : \u00ab\u00a0\u00c9preuve d\u2019expression et connaissance du monde\u00a0\u00bb<\/li>\n<\/ul>\n<\/li>\n<\/ul>\n","protected":false},"excerpt":{"rendered":"<p>EXPRESSION ET CONNAISSANCE DU MONDE D\u00e9finition des \u00e9preuves et r\u00e8glements d\u2019examen (BO n\u00b014 du 8 avril 2016). Se rendre \u00e0 l\u2019annexe IV : \u00ab\u00a0\u00c9preuve d\u2019expression et connaissance du monde\u00a0\u00bb<\/p>\n","protected":false},"author":195,"featured_media":0,"parent":0,"menu_order":0,"comment_status":"closed","ping_status":"closed","template":"","meta":{"ngg_post_thumbnail":0,"footnotes":""},"class_list":["post-7822","page","type-page","status-publish","hentry","nodate","item-wrap"],"rttpg_featured_image_url":null,"rttpg_author":{"display_name":"David Lamoureux","author_link":"https:\/\/www.pedagogie.ac-nice.fr\/plplh\/author\/dlamoureux\/"},"rttpg_comment":0,"rttpg_category":null,"rttpg_excerpt":"EXPRESSION ET CONNAISSANCE DU MONDE D\u00e9finition des \u00e9preuves et r\u00e8glements d\u2019examen (BO n\u00b014 du 8 avril 2016). Se rendre \u00e0 l\u2019annexe IV : \u00ab\u00a0\u00c9preuve d\u2019expression et connaissance du monde\u00a0\u00bb","post_mailing_queue_ids":[],"_links":{"self":[{"href":"https:\/\/www.pedagogie.ac-nice.fr\/plplh\/wp-json\/wp\/v2\/pages\/7822","targetHints":{"allow":["GET"]}}],"collection":[{"href":"https:\/\/www.pedagogie.ac-nice.fr\/plplh\/wp-json\/wp\/v2\/pages"}],"about":[{"href":"https:\/\/www.pedagogie.ac-nice.fr\/plplh\/wp-json\/wp\/v2\/types\/page"}],"author":[{"embeddable":true,"href":"https:\/\/www.pedagogie.ac-nice.fr\/plplh\/wp-json\/wp\/v2\/users\/195"}],"replies":[{"embeddable":true,"href":"https:\/\/www.pedagogie.ac-nice.fr\/plplh\/wp-json\/wp\/v2\/comments?post=7822"}],"version-history":[{"count":6,"href":"https:\/\/www.pedagogie.ac-nice.fr\/plplh\/wp-json\/wp\/v2\/pages\/7822\/revisions"}],"predecessor-version":[{"id":7930,"href":"https:\/\/www.pedagogie.ac-nice.fr\/plplh\/wp-json\/wp\/v2\/pages\/7822\/revisions\/7930"}],"wp:attachment":[{"href":"https:\/\/www.pedagogie.ac-nice.fr\/plplh\/wp-json\/wp\/v2\/media?parent=7822"}],"curies":[{"name":"wp","href":"https:\/\/api.w.org\/{rel}","templated":true}]}}