{"id":7824,"date":"2023-08-22T17:33:32","date_gmt":"2023-08-22T15:33:32","guid":{"rendered":"https:\/\/www.pedagogie.ac-nice.fr\/plplh\/?page_id=7824"},"modified":"2025-07-30T16:30:12","modified_gmt":"2025-07-30T14:30:12","slug":"1ere-bac-pro","status":"publish","type":"page","link":"https:\/\/www.pedagogie.ac-nice.fr\/plplh\/1ere-bac-pro\/","title":{"rendered":"1\u00e8re BAC PRO"},"content":{"rendered":"<h4><strong><span style=\"font-size: 14pt; color: #ff6600;\">Grille horaire<\/span><\/strong><\/h4>\n<ul>\n<li>Consultez les <strong>grilles horaires de r\u00e9f\u00e9rence<\/strong> pour la <a href=\"https:\/\/www.pedagogie.ac-nice.fr\/plplh\/wp-content\/uploads\/sites\/18\/2024\/03\/Grille-horaire-Bac-Pro-2024.pdf\" target=\"_blank\" rel=\"noopener\"><strong>Premi\u00e8re Bac Pro <\/strong><\/a><span style=\"color: #ff0000;\">applicable \u00e0 partir de la <strong>rentr\u00e9e septembre 2024.<\/strong><\/span><\/li>\n<li>Consultez la <strong>grilles horaire de r\u00e9f\u00e9rence<\/strong> pour la <a href=\"https:\/\/www.pedagogie.ac-nice.fr\/plplh\/wp-content\/uploads\/sites\/18\/2019\/08\/volume-horaire-de-re\u0301fe\u0301rence-en-2nde-bac-pro.pdf\"><strong>Premi\u00e8re Bac Pro<\/strong><\/a>.<\/li>\n<\/ul>\n<h4><span style=\"color: #ff6600;\">Programmes<\/span><\/h4>\n<ul>\n<li>Consultez le programme de <a href=\"https:\/\/www.pedagogie.ac-nice.fr\/plplh\/wp-content\/uploads\/sites\/18\/2020\/07\/Franc\u0327ais-1erBacPro.pdf\"><strong>Franc\u0327ais<\/strong> <\/a>de Premi\u00e8re Bac Pro.<\/li>\n<li>Consultez le programme d\u2019<a href=\"https:\/\/www.pedagogie.ac-nice.fr\/plplh\/wp-content\/uploads\/sites\/18\/2020\/07\/HG-1erBacPro.pdf\"><strong>Histoire-g\u00e9ographie <\/strong><\/a>de Premi\u00e8re Bac Pro.<\/li>\n<li>Consultez le programme d\u2019<strong><a href=\"https:\/\/www.pedagogie.ac-nice.fr\/plplh\/wp-content\/uploads\/sites\/18\/2020\/07\/EMC-1erBacPro.pdf\">EMC<\/a><\/strong> de Premi\u00e8re Bac Pro.<\/li>\n<\/ul>\n<p>&nbsp;<\/p>\n<h4><span style=\"color: #ff6600;\"><strong>D\u00e9finition de l\u2019\u00e9preuve d\u2019examen : attestation de r\u00e9ussite interm\u00e9diaire<br \/>\n<\/strong><\/span><\/h4>\n<ul>\n<li>Consultez&nbsp;<strong><a href=\"https:\/\/www.pedagogie.ac-nice.fr\/plplh\/wp-content\/uploads\/sites\/18\/2021\/01\/JO-7012021-attestation-interme\u0301diaire-BCP.pdf\"> les conditions de de\u0301livrance de l\u2019attestation de re\u0301ussite interme\u0301diaire en baccalaure\u0301at professionnel et a\u0300 son mode\u0300le<\/a><\/strong> (arr\u00eat\u00e9 du16 d\u00e9cembre 2020).\n<ul>\n<li><strong><a href=\"https:\/\/www.education.gouv.fr\/bo\/2024\/Hebdo32\/MENE2421719N\" target=\"_blank\" rel=\"noopener\">BO&nbsp; n\u00b032 du 29 ao\u00fbt 2024<\/a><\/strong> portant le remplacement du mot \u00ab chef-d\u2019\u0153uvre \u00bb par le mot \u00ab projet \u00bb<\/li>\n<\/ul>\n<\/li>\n<li>Consultez le <a href=\"https:\/\/www.pedagogie.ac-nice.fr\/plplh\/wp-content\/uploads\/sites\/18\/2020\/10\/BO-N\u00b028-du-10-juillet-2020.pdf\"><strong>BO n\u00b028 du 10 juillet 2020<\/strong><\/a> pourtant sur la <strong>modification du livret scolaire<\/strong> en Terminale Bac Pro.<\/li>\n<li><a href=\"https:\/\/www.pedagogie.ac-nice.fr\/plplh\/wp-content\/uploads\/sites\/18\/2020\/10\/Livret-scolaire-BCP-R2020.pdf\"><strong>Le nouveau livret scolaire<\/strong><\/a> pour l\u2019examen du Bac Professionnel (arr\u00eat\u00e9 du 17 juin 2020).<\/li>\n<li><a href=\"https:\/\/www.pedagogie.ac-nice.fr\/plplh\/wp-content\/uploads\/sites\/18\/2020\/10\/Livret-scolaire-1Bpro-LHG.pdf\"><strong>La page 8 du livret scolaire<\/strong><\/a> consacr\u00e9e \u00e0 l\u2019\u00e9valuation <strong>du Fran\u00e7ais et de l\u2019Histoire-G\u00e9ographie-EMC<\/strong> en Premi\u00e8re Bac Pro.<\/li>\n<\/ul>\n","protected":false},"excerpt":{"rendered":"<p>Grille horaire Consultez les grilles horaires de r\u00e9f\u00e9rence pour la Premi\u00e8re Bac Pro applicable \u00e0 partir de la rentr\u00e9e septembre 2024. Consultez la grilles horaire de r\u00e9f\u00e9rence pour la Premi\u00e8re Bac Pro. Programmes Consultez le programme de Franc\u0327ais de Premi\u00e8re Bac Pro. Consultez le programme d\u2019Histoire-g\u00e9ographie de Premi\u00e8re Bac Pro. Consultez le programme d\u2019EMC de &hellip; <\/p>\n<p><a class=\"more-link btn\" href=\"https:\/\/www.pedagogie.ac-nice.fr\/plplh\/1ere-bac-pro\/\">Lire la suite<\/a><\/p>\n","protected":false},"author":195,"featured_media":0,"parent":0,"menu_order":0,"comment_status":"closed","ping_status":"closed","template":"","meta":{"ngg_post_thumbnail":0,"footnotes":""},"class_list":["post-7824","page","type-page","status-publish","hentry","nodate","item-wrap"],"rttpg_featured_image_url":null,"rttpg_author":{"display_name":"David Lamoureux","author_link":"https:\/\/www.pedagogie.ac-nice.fr\/plplh\/author\/dlamoureux\/"},"rttpg_comment":0,"rttpg_category":null,"rttpg_excerpt":"Grille horaire Consultez les grilles horaires de r\u00e9f\u00e9rence pour la Premi\u00e8re Bac Pro applicable \u00e0 partir de la rentr\u00e9e septembre 2024. Consultez la grilles horaire de r\u00e9f\u00e9rence pour la Premi\u00e8re Bac Pro. Programmes Consultez le programme de Franc\u0327ais de Premi\u00e8re Bac Pro. Consultez le programme d\u2019Histoire-g\u00e9ographie de Premi\u00e8re Bac Pro. Consultez le programme d\u2019EMC de\u2026","post_mailing_queue_ids":[],"_links":{"self":[{"href":"https:\/\/www.pedagogie.ac-nice.fr\/plplh\/wp-json\/wp\/v2\/pages\/7824","targetHints":{"allow":["GET"]}}],"collection":[{"href":"https:\/\/www.pedagogie.ac-nice.fr\/plplh\/wp-json\/wp\/v2\/pages"}],"about":[{"href":"https:\/\/www.pedagogie.ac-nice.fr\/plplh\/wp-json\/wp\/v2\/types\/page"}],"author":[{"embeddable":true,"href":"https:\/\/www.pedagogie.ac-nice.fr\/plplh\/wp-json\/wp\/v2\/users\/195"}],"replies":[{"embeddable":true,"href":"https:\/\/www.pedagogie.ac-nice.fr\/plplh\/wp-json\/wp\/v2\/comments?post=7824"}],"version-history":[{"count":7,"href":"https:\/\/www.pedagogie.ac-nice.fr\/plplh\/wp-json\/wp\/v2\/pages\/7824\/revisions"}],"predecessor-version":[{"id":10099,"href":"https:\/\/www.pedagogie.ac-nice.fr\/plplh\/wp-json\/wp\/v2\/pages\/7824\/revisions\/10099"}],"wp:attachment":[{"href":"https:\/\/www.pedagogie.ac-nice.fr\/plplh\/wp-json\/wp\/v2\/media?parent=7824"}],"curies":[{"name":"wp","href":"https:\/\/api.w.org\/{rel}","templated":true}]}}