{"id":7826,"date":"2023-08-22T17:33:47","date_gmt":"2023-08-22T15:33:47","guid":{"rendered":"https:\/\/www.pedagogie.ac-nice.fr\/plplh\/?page_id=7826"},"modified":"2025-06-27T14:47:55","modified_gmt":"2025-06-27T12:47:55","slug":"tle-bac-pro","status":"publish","type":"page","link":"https:\/\/www.pedagogie.ac-nice.fr\/plplh\/tle-bac-pro\/","title":{"rendered":"Tle BAC PRO"},"content":{"rendered":"<h4><span style=\"color: #ff6600;\">Grille horaire<\/span><\/h4>\n<ul>\n<li>Consultez la <strong>grilles horaire de r\u00e9f\u00e9rence<\/strong> pour la <a href=\"https:\/\/www.pedagogie.ac-nice.fr\/plplh\/wp-content\/uploads\/sites\/18\/2024\/03\/Grille-horaire-Bac-Pro-2024.pdf\" target=\"_blank\" rel=\"noopener\"><strong>Terminale Bac Pro <\/strong><\/a><span style=\"color: #ff0000;\">applicable \u00e0 partir de la <strong>rentr\u00e9e septembre 2024.<\/strong><\/span><\/li>\n<\/ul>\n<h4><span style=\"color: #ff6600;\">Programmes<\/span><\/h4>\n<ul>\n<li>Le programme de <a href=\"https:\/\/www.pedagogie.ac-nice.fr\/plplh\/wp-content\/uploads\/sites\/18\/2020\/07\/Franc\u0327ais-TleBac-Pro.pdf\"><strong>Franc\u0327ais <\/strong><\/a>de Terminale Bac Pro.<\/li>\n<li><strong><span style=\"color: #ff0000;\">APPLICATION RENTR\u00c9E 2024 : <\/span><\/strong>Le <strong><a href=\"https:\/\/www.education.gouv.fr\/bo\/2024\/Hebdo8\/MENE2402853N\" target=\"_blank\" rel=\"noopener\">BO n\u00b08 du 22 f\u00e9vrier 2024<\/a><\/strong> sur l<strong>e programme limitatif de fran\u00e7ais<\/strong> de la classe Terminale Bac Pro pour les ann\u00e9es scolaires<strong> 2024-2025,<\/strong><strong> 2025-2026, et 2026-2027<\/strong>.<\/li>\n<li>Le programme d\u2019<a href=\"https:\/\/www.pedagogie.ac-nice.fr\/plplh\/wp-content\/uploads\/sites\/18\/2020\/07\/HG-TleBacPro.pdf\"><strong>Histoire-G\u00e9ographie <\/strong><\/a>de Terminale Bac Pro<\/li>\n<li>Le programme d\u2019<a href=\"https:\/\/www.pedagogie.ac-nice.fr\/plplh\/wp-content\/uploads\/sites\/18\/2020\/07\/EMC-TleBacPro.pdf\"><strong>EMC <\/strong><\/a>de Terminale Bac Pro.<\/li>\n<li>Le <strong><a href=\"https:\/\/www.education.gouv.fr\/bo\/21\/Hebdo15\/MENE2109013N.htm\">BO n\u00b015 du 15 avril 2021<\/a><\/strong> sur \u201cles am\u00e9nagements de la classe de terminale du baccalaur\u00e9at professionnel : <strong>co-intervention, atelier de philosophie et modules de poursuite d\u2019\u00e9tudes et de pr\u00e9paration \u00e0 l\u2019insertion professionnelle<\/strong>\u201c<\/li>\n<li>Le document de synth\u00e8se pour <a href=\"https:\/\/www.pedagogie.ac-nice.fr\/plplh\/wp-content\/uploads\/sites\/18\/2021\/04\/info-Accompagnement-renforce\u0301.pdf\"><strong>le dispositif accompagnement renforc\u00e9e en Terminale Bac Pro <\/strong><\/a>( novembre 2020)<\/li>\n<li>Le <a href=\"https:\/\/www.education.gouv.fr\/bo\/2024\/Hebdo11\/MENE2404141N\" target=\"_blank\" rel=\"noopener\"><strong>BO n\u00b011 du 4 mars 2024 <\/strong><\/a>sur \u00ab\u00a0<strong>le parcours de pr\u00e9paration \u00e0 l\u2019insertion professionnelle et \u00e0 la poursuite d\u2019\u00e9tudes sup\u00e9rieures <\/strong>en classe de terminale de baccalaur\u00e9at professionnel\u00a0\u00bb<\/li>\n<li>Pages Eduscol\n<ul>\n<li><strong><a href=\"https:\/\/eduscol.education.fr\/658\/l-accompagnement-personnalise-au-lycee-professionnel\">L\u2019accompagnement personnalis\u00e9 et le soutien au parcours<\/a><\/strong><\/li>\n<li><strong><a href=\"https:\/\/eduscol.education.fr\/3215\/le-parcours-differencie-en-terminale-professionnelle\" target=\"_blank\" rel=\"noopener\">Le parcours diff\u00e9renci\u00e9 en terminale bac pro<\/a><\/strong><\/li>\n<\/ul>\n<\/li>\n<\/ul>\n<h4><span style=\"color: #ff6600;\"><strong>D\u00e9finition de l\u2019\u00e9preuve d\u2019examen<\/strong><\/span><\/h4>\n<ul>\n<li>&nbsp;<a href=\"https:\/\/www.legifrance.gouv.fr\/affichTexte.do?cidTexte=JORFTEXT000042080678&amp;dateTexte=&amp;categorieLien=id\"><strong>Arr\u00eat\u00e9 du 17 juin 2020 <\/strong><\/a>de\u0301finissant les modalite\u0301s d\u2019<strong>\u00e9valuation des \u00e9preuves ou sous-\u00e9preuves d\u2019enseignement g\u00e9n\u00e9ral<\/strong> pour le Bac Pro.\n<ul>\n<li><a href=\"https:\/\/www.pedagogie.ac-nice.fr\/plplh\/wp-content\/uploads\/sites\/18\/2020\/10\/BPro-AnnexesI.pdf\"><strong>Annexe I<\/strong><\/a> : modalit\u00e9s d\u2019\u00e9valuation pour la sous-\u00e9preuve de <strong>Fran\u00e7ais<\/strong><\/li>\n<li><strong><a href=\"https:\/\/www.pedagogie.ac-nice.fr\/plplh\/wp-content\/uploads\/sites\/18\/2020\/10\/BPro-Annexe-II.pdf\">Annexe<\/a><a href=\"https:\/\/www.pedagogie.ac-nice.fr\/plplh\/wp-content\/uploads\/sites\/18\/2020\/10\/BPro-Annexe-II.pdf\"> II<\/a><\/strong> : modalit\u00e9s d\u2019\u00e9valuation pour la sous-\u00e9preuve d\u2019<strong>Histoire-G\u00e9ographie-EMC<\/strong><\/li>\n<\/ul>\n<\/li>\n<li>Consultez le <a href=\"https:\/\/www.pedagogie.ac-nice.fr\/plplh\/wp-content\/uploads\/sites\/18\/2020\/10\/BO-N\u00b028-du-10-juillet-2020.pdf\"><strong>BO N\u00b028 du 10 juillet 2020<\/strong><\/a> pourtant sur la <strong>modification du livret scolaire<\/strong> en Terminale Bac Pro.<\/li>\n<li><a href=\"https:\/\/www.pedagogie.ac-nice.fr\/plplh\/wp-content\/uploads\/sites\/18\/2020\/10\/Livret-scolaire-BCP-R2020.pdf\"><strong>Nouveau livret scolaire<\/strong><\/a> pour l\u2019examen du Bac Professionnel (arr\u00eat\u00e9 du 17 juin 2020)<\/li>\n<li><strong><a href=\"https:\/\/www.pedagogie.ac-nice.fr\/plplh\/wp-content\/uploads\/sites\/18\/2020\/10\/Livret-scolaire-TBPro-LHG.pdf\">La page 17 du livret-scolaire <\/a><\/strong>consacr\u00e9e \u00e0 l\u2019\u00e9valuation <strong>du Fran\u00e7ais et de l\u2019Histoire-G\u00e9ographie-EMC<\/strong> en Terminale Bac Pro.<\/li>\n<\/ul>\n<h4><span style=\"color: #ff6600;\">Modalit\u00e9s de l&rsquo;\u00e9preuve orale de contr\u00f4le en bac pro<\/span><\/h4>\n<p>Le BO n\u00b04 du 27 janvier 2022 pr\u00e9cise <strong><a href=\"https:\/\/www.education.gouv.fr\/bo\/22\/Hebdo4\/MENE2139306N.htm\">les modalit\u00e9s pour l&rsquo;\u00e9preuve de contr\u00f4le du bac pro<\/a><\/strong> \u00e0 partir de la session de juin 2022.<\/p>\n<ul>\n<li><strong><a href=\"https:\/\/www.pedagogie.ac-nice.fr\/plplh\/wp-content\/uploads\/sites\/18\/2024\/06\/CADRAGE-EOC-2025.pdf\" target=\"_blank\" rel=\"noopener\">Lettre de cadrage des inspecteurs Lettres-Histoire-G\u00e9ographie <\/a>pour la session 2025<\/strong><\/li>\n<li><strong><a href=\"https:\/\/www.pedagogie.ac-nice.fr\/plplh\/wp-content\/uploads\/sites\/18\/2024\/06\/ORAL-DE-CONTROLE-25.pdf\" target=\"_blank\" rel=\"noopener\">Infographie acad\u00e9mique sur l&rsquo;\u00e9preuve orale de contr\u00f4le<\/a><\/strong><\/li>\n<li><a href=\"https:\/\/www.pedagogie.ac-nice.fr\/plplh\/wp-content\/uploads\/sites\/18\/2022\/01\/ORALDECONTROLE-GrilleFR-Annexe4-2022.pdf\" target=\"_blank\" rel=\"noopener\"><strong>Grille nationale d&rsquo;\u00e9valuation de la sous-\u00e9preuve de contr\u00f4le de fran\u00e7ais<\/strong><\/a> (Annexe 4)<\/li>\n<li><a href=\"https:\/\/www.pedagogie.ac-nice.fr\/plplh\/wp-content\/uploads\/sites\/18\/2022\/02\/grille-evaluation-HG-EMC-annexe5-2022.pdf\"><strong>Grille nationale d&rsquo;\u00e9valuation de la sous-\u00e9preuve de contr\u00f4le de l&rsquo;histoire-g\u00e9ographie<\/strong><\/a> (Annexe 5)<\/li>\n<\/ul>\n","protected":false},"excerpt":{"rendered":"<p>Grille horaire Consultez la grilles horaire de r\u00e9f\u00e9rence pour la Terminale Bac Pro applicable \u00e0 partir de la rentr\u00e9e septembre 2024. Programmes Le programme de Franc\u0327ais de Terminale Bac Pro. APPLICATION RENTR\u00c9E 2024 : Le BO n\u00b08 du 22 f\u00e9vrier 2024 sur le programme limitatif de fran\u00e7ais de la classe Terminale Bac Pro pour les &hellip; <\/p>\n<p><a class=\"more-link btn\" href=\"https:\/\/www.pedagogie.ac-nice.fr\/plplh\/tle-bac-pro\/\">Lire la suite<\/a><\/p>\n","protected":false},"author":195,"featured_media":0,"parent":0,"menu_order":0,"comment_status":"closed","ping_status":"closed","template":"","meta":{"ngg_post_thumbnail":0,"footnotes":""},"class_list":["post-7826","page","type-page","status-publish","hentry","nodate","item-wrap"],"rttpg_featured_image_url":null,"rttpg_author":{"display_name":"David Lamoureux","author_link":"https:\/\/www.pedagogie.ac-nice.fr\/plplh\/author\/dlamoureux\/"},"rttpg_comment":0,"rttpg_category":null,"rttpg_excerpt":"Grille horaire Consultez la grilles horaire de r\u00e9f\u00e9rence pour la Terminale Bac Pro applicable \u00e0 partir de la rentr\u00e9e septembre 2024. Programmes Le programme de Franc\u0327ais de Terminale Bac Pro. APPLICATION RENTR\u00c9E 2024 : Le BO n\u00b08 du 22 f\u00e9vrier 2024 sur le programme limitatif de fran\u00e7ais de la classe Terminale Bac Pro pour les\u2026","post_mailing_queue_ids":[],"_links":{"self":[{"href":"https:\/\/www.pedagogie.ac-nice.fr\/plplh\/wp-json\/wp\/v2\/pages\/7826","targetHints":{"allow":["GET"]}}],"collection":[{"href":"https:\/\/www.pedagogie.ac-nice.fr\/plplh\/wp-json\/wp\/v2\/pages"}],"about":[{"href":"https:\/\/www.pedagogie.ac-nice.fr\/plplh\/wp-json\/wp\/v2\/types\/page"}],"author":[{"embeddable":true,"href":"https:\/\/www.pedagogie.ac-nice.fr\/plplh\/wp-json\/wp\/v2\/users\/195"}],"replies":[{"embeddable":true,"href":"https:\/\/www.pedagogie.ac-nice.fr\/plplh\/wp-json\/wp\/v2\/comments?post=7826"}],"version-history":[{"count":17,"href":"https:\/\/www.pedagogie.ac-nice.fr\/plplh\/wp-json\/wp\/v2\/pages\/7826\/revisions"}],"predecessor-version":[{"id":10066,"href":"https:\/\/www.pedagogie.ac-nice.fr\/plplh\/wp-json\/wp\/v2\/pages\/7826\/revisions\/10066"}],"wp:attachment":[{"href":"https:\/\/www.pedagogie.ac-nice.fr\/plplh\/wp-json\/wp\/v2\/media?parent=7826"}],"curies":[{"name":"wp","href":"https:\/\/api.w.org\/{rel}","templated":true}]}}