{"id":7833,"date":"2023-08-22T17:36:59","date_gmt":"2023-08-22T15:36:59","guid":{"rendered":"https:\/\/www.pedagogie.ac-nice.fr\/plplh\/?page_id=7833"},"modified":"2024-11-15T19:16:20","modified_gmt":"2024-11-15T18:16:20","slug":"cap-3","status":"publish","type":"page","link":"https:\/\/www.pedagogie.ac-nice.fr\/plplh\/cap-3\/","title":{"rendered":"CAP"},"content":{"rendered":"<h4><span style=\"color: #ff6600;\">Grilles horaires et programmes<\/span><\/h4>\n<ul>\n<li>Consultez les <strong>grilles horaires de r\u00e9f\u00e9rence<\/strong> pour le <strong><a href=\"https:\/\/www.pedagogie.ac-nice.fr\/plplh\/wp-content\/uploads\/sites\/18\/2019\/08\/volume-horaire-de-re\u0301fe\u0301rence-CAP.pdf\"> CAP<\/a><\/strong>.<\/li>\n<li>Consultez le programme de <a href=\"https:\/\/www.pedagogie.ac-nice.fr\/plplh\/wp-content\/uploads\/sites\/18\/2019\/04\/fran%C3%A7ais-CAP.pdf\"><strong>Franc\u0327ais <\/strong><\/a>de CAP.<\/li>\n<li>Consultez le programme d\u2019<a href=\"https:\/\/www.pedagogie.ac-nice.fr\/plplh\/wp-content\/uploads\/sites\/18\/2019\/04\/CAP-HG.pdf\"><strong>Histoire-G\u00e9ographie <\/strong><\/a>de CAP.<\/li>\n<li>Consultez le programme d\u2019<a href=\"https:\/\/www.pedagogie.ac-nice.fr\/plplh\/wp-content\/uploads\/sites\/18\/2019\/04\/CAP-EMC.pdf\"><strong>EMC <\/strong><\/a>de CAP.<\/li>\n<\/ul>\n<h4><span style=\"color: #ff6600;\"><strong>D\u00e9finition de l\u2019\u00e9preuve d\u2019examen<br \/>\n<\/strong><\/span><\/h4>\n<ul>\n<li>Consultez l\u2019<a href=\"https:\/\/www.pedagogie.ac-nice.fr\/plplh\/wp-content\/uploads\/sites\/18\/2019\/09\/BO-CAP-e\u0301preuves-FR-HG-EMC.pdf\"><strong>annexe 1 du BO n\u00b035 du 26 septembre 2019 <\/strong><\/a>d\u00e9finissant l\u2019\u00e9preuve de fran\u00e7ais, histoire-g\u00e9ographie-EMC en CAP <strong>(\u00e0 partir de la session 2021<\/strong>).<\/li>\n<li>Consultez les grilles nationales d\u2019\u00e9valuation du CCF en <a href=\"https:\/\/www.pedagogie.ac-nice.fr\/plplh\/wp-content\/uploads\/sites\/18\/2020\/07\/CAP-Grillee\u0301valuation-CCF-Franc\u0327ais.pdf\"><strong>Franc\u0327ais (annexe IA) <\/strong><\/a>et en <a href=\"https:\/\/www.pedagogie.ac-nice.fr\/plplh\/wp-content\/uploads\/sites\/18\/2020\/07\/CAP-Grillee\u0301valuation-CCF-HistGe\u0301oEMC.pdf\"><strong>Histoire-G\u00e9ographie-EMC (Annexe IB)<\/strong>&nbsp; <\/a>parues au <strong><a href=\"https:\/\/www.education.gouv.fr\/bo\/20\/Hebdo26\/MENE2014838N.htm\">BO n\u00b026 du 25 juin 2020<\/a><\/strong>.<\/li>\n<\/ul>\n<p><span style=\"color: #ff6600;\"><strong>\u00c9preuve de fran\u00e7ais en CCF<\/strong><\/span><\/p>\n<ul>\n<li>Une <strong><a href=\"https:\/\/www.pedagogie.ac-nice.fr\/plplh\/wp-content\/uploads\/sites\/18\/2020\/11\/NOTE-DE-CADRAGE-CAP-franc\u0327ais-en-CCF.pdf\">note de cadrage de l\u2019Inspection G\u00e9n\u00e9rale de Lettres<\/a><\/strong><\/li>\n<li>La grille nationale d\u2019\u00e9valuation en <a href=\"https:\/\/www.pedagogie.ac-nice.fr\/plplh\/wp-content\/uploads\/sites\/18\/2020\/07\/CAP-Grillee\u0301valuation-CCF-Franc\u0327ais.pdf\"><strong>franc\u0327ais (annexe IA) <\/strong><\/a><\/li>\n<li>Une infographie de synth\u00e8se sur <a href=\"https:\/\/www.pedagogie.ac-nice.fr\/plplh\/wp-content\/uploads\/sites\/18\/2020\/11\/CCF-CAP-Franc\u0327ais-ELongue.pdf\"><strong>la nouvelle \u00e9preuve d\u2019\u00e9criture longue en CCF<\/strong><\/a><\/li>\n<li>Une infographie de synth\u00e8se sur <strong><a href=\"https:\/\/www.pedagogie.ac-nice.fr\/plplh\/wp-content\/uploads\/sites\/18\/2020\/11\/CCF-CAP-Franc\u0327ais-oral.pdf\">la nouvelle \u00e9preuve orale \u201c<em>Dire, lire, \u00e9crire le m\u00e9tier<\/em>\u201d en CCF<\/a><\/strong><\/li>\n<\/ul>\n<p><span style=\"color: #ff6600;\"><strong>\u00c9preuve d\u2019histoire-g\u00e9ographie-EMC en CCF<\/strong><\/span><\/p>\n<ul>\n<li>Une <a href=\"https:\/\/www.pedagogie.ac-nice.fr\/plplh\/wp-content\/uploads\/sites\/18\/2020\/12\/Note-relative-aux-e\u0301preuves-dhistoire-ge\u0301ographie-EMC-du-CAP-CCF-et-e\u0301preuve-ponctuelle.pdf\"><strong>note de cadrage de l\u2019Inspection G\u00e9n\u00e9rale d\u2019Histoire-G\u00e9ographie<\/strong><\/a><\/li>\n<li>La grille nationale d\u2019\u00e9valuation en <a href=\"https:\/\/www.pedagogie.ac-nice.fr\/plplh\/wp-content\/uploads\/sites\/18\/2020\/07\/CAP-Grillee%CC%81valuation-CCF-HistGe%CC%81oEMC.pdf\"><strong>histoire-g\u00e9ographie-EMC (Annexe IB)<\/strong>&nbsp;<\/a><\/li>\n<li>Une infographie de synth\u00e8se sur<strong><a href=\"https:\/\/www.pedagogie.ac-nice.fr\/plplh\/wp-content\/uploads\/sites\/18\/2020\/12\/EPREUVE-CCF-CAP-HGEMC-1.pdf\"> la nouvelle \u00e9preuve orale d\u2019histoire-g\u00e9ographie-EMC en CCF<\/a><\/strong><\/li>\n<\/ul>\n<p><span style=\"color: #ff6600;\"><strong>\u00c9preuves orales ponctuelles en fran\u00e7ais et d\u2019histoire-g\u00e9ographie-EMC (centres de formation, candidats libres)<\/strong><\/span><\/p>\n<ul>\n<li>Une <a href=\"https:\/\/www.pedagogie.ac-nice.fr\/plplh\/wp-content\/uploads\/sites\/18\/2020\/12\/Note-relative-aux-e\u0301preuves-dhistoire-ge\u0301ographie-EMC-du-CAP-CCF-et-e\u0301preuve-ponctuelle.pdf\"><strong>note de cadrage de l\u2019Inspection G\u00e9n\u00e9rale d\u2019Histoire-G\u00e9ographie<\/strong><\/a> (page 4 \u00e0 7)<\/li>\n<li>La grille d\u2019\u00e9valuation de l\u2019\u00e9preuve <strong><a href=\"https:\/\/www.pedagogie.ac-nice.fr\/plplh\/wp-content\/uploads\/sites\/18\/2021\/01\/1A-GRILLE-EVALUATION-ORAL-FR-CAP-PONCTUEL.pdf\">ponctuelle orale en fran\u00e7ais (Annexe IA)<\/a><\/strong><\/li>\n<li>La grille d\u2019\u00e9valuation de l\u2019\u00e9preuve <a href=\"https:\/\/www.pedagogie.ac-nice.fr\/plplh\/wp-content\/uploads\/sites\/18\/2021\/01\/1B-GRILLE-EVALUATION-CAP-ORAL-HG-EMC-PONCTUEL-.pdf\"><strong>ponctuelle orale en histoire-g\u00e9ographie-EMC (Annexe IB)<\/strong><\/a><\/li>\n<li>Une infographie sur <a href=\"https:\/\/www.pedagogie.ac-nice.fr\/plplh\/wp-content\/uploads\/sites\/18\/2022\/04\/CAP-e\u0301preuve-orale-ponctuelle-franc\u0327ais.pdf\"><strong>l\u2019\u00e9preuve orale ponctuelle <em>\u201cDire, lire, \u00e9crire le m\u00e9tier\u201d<\/em><\/strong><\/a><\/li>\n<li>Une infographie sur <a href=\"https:\/\/www.pedagogie.ac-nice.fr\/plplh\/wp-content\/uploads\/sites\/18\/2022\/04\/CAP-e\u0301preuve-orale-ponctuelle-HG-EMC.pdf\"><strong>l\u2019\u00e9preuve orale ponctuelle d\u2019histoire-g\u00e9ographie-EMC<\/strong><\/a><\/li>\n<\/ul>\n","protected":false},"excerpt":{"rendered":"<p>Grilles horaires et programmes Consultez les grilles horaires de r\u00e9f\u00e9rence pour le CAP. Consultez le programme de Franc\u0327ais de CAP. Consultez le programme d\u2019Histoire-G\u00e9ographie de CAP. Consultez le programme d\u2019EMC de CAP. D\u00e9finition de l\u2019\u00e9preuve d\u2019examen Consultez l\u2019annexe 1 du BO n\u00b035 du 26 septembre 2019 d\u00e9finissant l\u2019\u00e9preuve de fran\u00e7ais, histoire-g\u00e9ographie-EMC en CAP (\u00e0 partir &hellip; <\/p>\n<p><a class=\"more-link btn\" href=\"https:\/\/www.pedagogie.ac-nice.fr\/plplh\/cap-3\/\">Lire la suite<\/a><\/p>\n","protected":false},"author":195,"featured_media":0,"parent":0,"menu_order":0,"comment_status":"closed","ping_status":"closed","template":"","meta":{"ngg_post_thumbnail":0,"footnotes":""},"class_list":["post-7833","page","type-page","status-publish","hentry","nodate","item-wrap"],"rttpg_featured_image_url":null,"rttpg_author":{"display_name":"David Lamoureux","author_link":"https:\/\/www.pedagogie.ac-nice.fr\/plplh\/author\/dlamoureux\/"},"rttpg_comment":0,"rttpg_category":null,"rttpg_excerpt":"Grilles horaires et programmes Consultez les grilles horaires de r\u00e9f\u00e9rence pour le CAP. Consultez le programme de Franc\u0327ais de CAP. Consultez le programme d\u2019Histoire-G\u00e9ographie de CAP. Consultez le programme d\u2019EMC de CAP. D\u00e9finition de l\u2019\u00e9preuve d\u2019examen Consultez l\u2019annexe 1 du BO n\u00b035 du 26 septembre 2019 d\u00e9finissant l\u2019\u00e9preuve de fran\u00e7ais, histoire-g\u00e9ographie-EMC en CAP (\u00e0 partir\u2026","post_mailing_queue_ids":[],"_links":{"self":[{"href":"https:\/\/www.pedagogie.ac-nice.fr\/plplh\/wp-json\/wp\/v2\/pages\/7833","targetHints":{"allow":["GET"]}}],"collection":[{"href":"https:\/\/www.pedagogie.ac-nice.fr\/plplh\/wp-json\/wp\/v2\/pages"}],"about":[{"href":"https:\/\/www.pedagogie.ac-nice.fr\/plplh\/wp-json\/wp\/v2\/types\/page"}],"author":[{"embeddable":true,"href":"https:\/\/www.pedagogie.ac-nice.fr\/plplh\/wp-json\/wp\/v2\/users\/195"}],"replies":[{"embeddable":true,"href":"https:\/\/www.pedagogie.ac-nice.fr\/plplh\/wp-json\/wp\/v2\/comments?post=7833"}],"version-history":[{"count":4,"href":"https:\/\/www.pedagogie.ac-nice.fr\/plplh\/wp-json\/wp\/v2\/pages\/7833\/revisions"}],"predecessor-version":[{"id":9347,"href":"https:\/\/www.pedagogie.ac-nice.fr\/plplh\/wp-json\/wp\/v2\/pages\/7833\/revisions\/9347"}],"wp:attachment":[{"href":"https:\/\/www.pedagogie.ac-nice.fr\/plplh\/wp-json\/wp\/v2\/media?parent=7833"}],"curies":[{"name":"wp","href":"https:\/\/api.w.org\/{rel}","templated":true}]}}