{"id":8066,"date":"2023-09-30T17:33:48","date_gmt":"2023-09-30T15:33:48","guid":{"rendered":"https:\/\/www.pedagogie.ac-nice.fr\/plplh\/?page_id=8066"},"modified":"2025-10-20T14:13:18","modified_gmt":"2025-10-20T12:13:18","slug":"bts-3","status":"publish","type":"page","link":"https:\/\/www.pedagogie.ac-nice.fr\/plplh\/bts-3\/","title":{"rendered":"Brevet de Technicien Sup\u00e9rieur"},"content":{"rendered":"<h3>CULTURE G\u00c9N\u00c9RALE ET EXPRESSION<\/h3>\n<h4><span style=\"color: #ff6600;\">Session 2025 &#8211; \u00c9volutions de l&rsquo;\u00e9preuve<\/span><\/h4>\n<ul>\n<li>Th\u00e8me <strong>\u00ab\u00a0\u00c0 table ! : formes et enjeux du repas\u00a0\u00bb<\/strong> <strong>&#8211; <\/strong>Le <a href=\"https:\/\/www.pedagogie.ac-nice.fr\/plplh\/wp-content\/uploads\/sites\/18\/2025\/10\/25CULTGEN-sujet_v1-0.pdf\" target=\"_blank\" rel=\"noopener\"><strong>sujet de m\u00e9tropole<\/strong><\/a> et son <a href=\"https:\/\/www.pedagogie.ac-nice.fr\/plplh\/wp-content\/uploads\/sites\/18\/2025\/10\/C-25CULTGEN-corrige_v1.pdf\" target=\"_blank\" rel=\"noopener\"><strong>corrig\u00e9<\/strong><\/a>, mai 2025.<\/li>\n<\/ul>\n<pre>Doc.1 : Jules Vall\u00e8s, <em>L\u2019Enfant<\/em>, 1878.\r\nDoc.2 : Pascal Lardellier, <em>Risques, rites et plaisirs alimentaires<\/em>, 2013\r\nDoc.3 : Photographie extraite de l\u2019article \u00ab Pourquoi est-il important de se r\u00e9unir autour\r\nde repas r\u00e9guliers ? \u00bb, 2020.<\/pre>\n<ul>\n<li>Th\u00e8me <strong>\u00ab\u00a0Dans ma maison\u00a0\u00bb<\/strong><strong> &#8211; <\/strong>Le <strong><a href=\"https:\/\/www.pedagogie.ac-nice.fr\/plplh\/wp-content\/uploads\/sites\/18\/2023\/09\/BTS-CGE-DANS-MA-MAISON-sujet0_fin.pdf\" target=\"_blank\" rel=\"noopener\">sujet z\u00e9ro<\/a><\/strong> qui prend en compte l&rsquo;\u00e9volution des modalit\u00e9s de l&rsquo;\u00e9preuve \u00e0 partir de la session de mai 2025.<\/li>\n<\/ul>\n<pre>Doc.1 : Sylvain TESSON, <em>Dans les for\u00eats de Sib\u00e9rie<\/em>, \u00c9ditions Gallimard, 2011.\r\nDoc.2 : Sophie BERTHIER, \u00ab La folie du tout petit \u00bb, T\u00e9l\u00e9rama n\u00b03730, juillet 2021.\r\nDoc.3 : Photographie du village de Hobbiton, en Nouvelle-Z\u00e9lande.<\/pre>\n<h4><strong><span style=\"color: #ff6600;\">Session 2023<\/span><\/strong><\/h4>\n<p>Th\u00e8me \u00ab\u00a0<strong>Le voyage\u00a0\u00bb<\/strong> &#8211; Le <strong><a href=\"https:\/\/www.pedagogie.ac-nice.fr\/plplh\/wp-content\/uploads\/sites\/18\/2023\/09\/Sujet-Polynesie-Voyage.pdf\" target=\"_blank\" rel=\"noopener\">sujet de Polyn\u00e9sie fran\u00e7aise<\/a><\/strong> et son <a href=\"https:\/\/www.pedagogie.ac-nice.fr\/plplh\/wp-content\/uploads\/sites\/18\/2023\/09\/Sujet-Polynesie-Voyage-corrige.pdf\" target=\"_blank\" rel=\"noopener\">corrig\u00e9<\/a>, mai 2023.<\/p>\n<pre>Doc.1 : Fabrice Rousselot, \u00ab Les vacances spatiales seront-elles bient\u00f4t \u00e0 la port\u00e9e de tous ? \u00bb, <em>The Conversation<\/em>, 22 juillet 2021.\r\nDoc.2 : Nicolas Gastineau, \u00ab Le \u201ctourisme spatial\u201d est-il vraiment du tourisme ? \u00bb, <em>Philosophie Magazine<\/em>, 17 septembre 2021.\r\nDoc.3 : Jules Verne, <em>De la Terre \u00e0 la Lune<\/em>, 1865.\r\nDoc.4 : Photogrammes tir\u00e9s du Voyage dans la Lune, de Georges M\u00e9li\u00e8s, 1902<\/pre>\n<ul>\n<li>Th\u00e8me <strong>\u00ab\u00a0Dans ma maison\u00a0\u00bb&nbsp; &#8211; <\/strong>Le <a href=\"https:\/\/www.pedagogie.ac-nice.fr\/plplh\/wp-content\/uploads\/sites\/18\/2023\/09\/BTS-2023-Sujet-Maison-Refuge.pdf\" target=\"_blank\" rel=\"noopener\"><strong>sujet de m\u00e9tropole<\/strong><\/a> et son <a href=\"https:\/\/www.pedagogie.ac-nice.fr\/plplh\/wp-content\/uploads\/sites\/18\/2023\/09\/BTS-2023-Sujet-Maison-Refuge-Corrige.pdf\" target=\"_blank\" rel=\"noopener\"><strong>corrig\u00e9<\/strong><\/a>, mai 2023.<\/li>\n<\/ul>\n<pre>Doc.1 : Ivan GONTCHAROV, <em>Oblomov<\/em>, 1859, traduit du russe par Arthur Adamov.\r\nDoc.2 : Ga\u00ebtane LAMARCHE-VADEL, \u00ab Entre les pierres du mur \u00bb, revue Autrement, 1990.\r\nDoc.3 : Mona CHOLLET, <em>Chez soi, une odyss\u00e9e de l\u2019espace domestique<\/em>, 2015.\r\nDoc.4 : Etienne CHATILIEZ, Tanguy, affiche du film, 2001.<\/pre>\n","protected":false},"excerpt":{"rendered":"<p>CULTURE G\u00c9N\u00c9RALE ET EXPRESSION Session 2025 &#8211; \u00c9volutions de l&rsquo;\u00e9preuve Th\u00e8me \u00ab\u00a0\u00c0 table ! : formes et enjeux du repas\u00a0\u00bb &#8211; Le sujet de m\u00e9tropole et son corrig\u00e9, mai 2025. Doc.1 : Jules Vall\u00e8s, L\u2019Enfant, 1878. Doc.2 : Pascal Lardellier, Risques, rites et plaisirs alimentaires, 2013 Doc.3 : Photographie extraite de l\u2019article \u00ab Pourquoi est-il &hellip; <\/p>\n<p><a class=\"more-link btn\" href=\"https:\/\/www.pedagogie.ac-nice.fr\/plplh\/bts-3\/\">Lire la suite<\/a><\/p>\n","protected":false},"author":195,"featured_media":0,"parent":0,"menu_order":0,"comment_status":"closed","ping_status":"closed","template":"","meta":{"ngg_post_thumbnail":0,"footnotes":""},"class_list":["post-8066","page","type-page","status-publish","hentry","nodate","item-wrap"],"rttpg_featured_image_url":null,"rttpg_author":{"display_name":"David Lamoureux","author_link":"https:\/\/www.pedagogie.ac-nice.fr\/plplh\/author\/dlamoureux\/"},"rttpg_comment":0,"rttpg_category":null,"rttpg_excerpt":"CULTURE G\u00c9N\u00c9RALE ET EXPRESSION Session 2025 &#8211; \u00c9volutions de l&rsquo;\u00e9preuve Th\u00e8me \u00ab\u00a0\u00c0 table ! : formes et enjeux du repas\u00a0\u00bb &#8211; Le sujet de m\u00e9tropole et son corrig\u00e9, mai 2025. Doc.1 : Jules Vall\u00e8s, L\u2019Enfant, 1878. Doc.2 : Pascal Lardellier, Risques, rites et plaisirs alimentaires, 2013 Doc.3 : Photographie extraite de l\u2019article \u00ab Pourquoi est-il\u2026","post_mailing_queue_ids":[],"_links":{"self":[{"href":"https:\/\/www.pedagogie.ac-nice.fr\/plplh\/wp-json\/wp\/v2\/pages\/8066","targetHints":{"allow":["GET"]}}],"collection":[{"href":"https:\/\/www.pedagogie.ac-nice.fr\/plplh\/wp-json\/wp\/v2\/pages"}],"about":[{"href":"https:\/\/www.pedagogie.ac-nice.fr\/plplh\/wp-json\/wp\/v2\/types\/page"}],"author":[{"embeddable":true,"href":"https:\/\/www.pedagogie.ac-nice.fr\/plplh\/wp-json\/wp\/v2\/users\/195"}],"replies":[{"embeddable":true,"href":"https:\/\/www.pedagogie.ac-nice.fr\/plplh\/wp-json\/wp\/v2\/comments?post=8066"}],"version-history":[{"count":10,"href":"https:\/\/www.pedagogie.ac-nice.fr\/plplh\/wp-json\/wp\/v2\/pages\/8066\/revisions"}],"predecessor-version":[{"id":10352,"href":"https:\/\/www.pedagogie.ac-nice.fr\/plplh\/wp-json\/wp\/v2\/pages\/8066\/revisions\/10352"}],"wp:attachment":[{"href":"https:\/\/www.pedagogie.ac-nice.fr\/plplh\/wp-json\/wp\/v2\/media?parent=8066"}],"curies":[{"name":"wp","href":"https:\/\/api.w.org\/{rel}","templated":true}]}}