{"id":854,"date":"2015-12-22T14:39:23","date_gmt":"2015-12-22T13:39:23","guid":{"rendered":"http:\/\/www.ac-nice.fr\/plplh\/?page_id=854"},"modified":"2023-10-05T15:20:40","modified_gmt":"2023-10-05T13:20:40","slug":"ressources-numeriques","status":"publish","type":"page","link":"https:\/\/www.pedagogie.ac-nice.fr\/plplh\/ressources-numeriques\/","title":{"rendered":"Ressources num\u00e9riques"},"content":{"rendered":"<div style=\"width: 100%;\">\n<ul>\n<li>Abonnez-vous \u00e0 la liste de diffusion de la <a href=\"https:\/\/eduscol.education.fr\/numerique\/tout-le-numerique\/veille-education-numerique\"><strong>veille sur l&rsquo;\u00e9ducation num\u00e9rique d&rsquo;Eduscol<\/strong><\/a>.<\/li>\n<li>Les <a href=\"https:\/\/www.pedagogie.ac-nice.fr\/plplh\/wp-content\/uploads\/sites\/18\/2021\/05\/2021_Fiche1_covid_prof_Nice.pdf\"><strong>bonnes pratiques num\u00e9riques de l&rsquo;enseignement \u00e0 distance<\/strong><\/a> pour l&rsquo;enseignement secondaire<\/li>\n<\/ul>\n<h4><span style=\"color: #ff6600;\">&nbsp;Applications et outils<\/span><\/h4>\n<ul>\n<li>Des <a href=\"https:\/\/www.pedagogie.ac-nice.fr\/plplh\/wp-content\/uploads\/sites\/18\/2020\/04\/VademecumOutils-PC-MAJ042020.pdf\"><strong>applications \u00e0 utiliser en ligne<\/strong> <\/a>\u00e0 partir d\u2019un navigateur Internet pour enseigner et pour faire travailler vos \u00e9l\u00e8ves \u00e0 distance.<\/li>\n<li>Des <a href=\"https:\/\/www.pedagogie.ac-nice.fr\/plplh\/wp-content\/uploads\/sites\/18\/2021\/10\/Applications-tablette-MAJ-septembre2021.pdf\"><strong>applications pour la tablette<\/strong><\/a> pour enseigner et pour faire travailler vos \u00e9l\u00e8ves \u00e0 distance.<\/li>\n<li><a href=\"https:\/\/play.google.com\/store\/apps\/details?id=com.forecomm.histoiremagazine&amp;hl=fr&amp;gl=US\"><strong>L\u2019application du magazine <em>L\u2019Histoire<\/em><\/strong><\/a> permet \u00e0&nbsp; vos \u00e9l\u00e8ves peuvent t\u00e9l\u00e9charger gratuitement <strong>les num\u00e9ros de <em>L\u2019Histoire Juniors <\/em><\/strong>r\u00e9alis\u00e9s avec le concours de Laurence De Cock, professeure d\u2019histoire-g\u00e9ographie et chercheuse en sciences de l\u2019\u00e9ducation.<\/li>\n<li>Des <strong><a href=\"https:\/\/continuite-pedago.canoprof.fr\/eleve\/Fiches_Pratiques_ressources_outils_enseignants\">fiches ressources CANOProf<\/a><\/strong> sur des outils num\u00e9riques avec des exemples d\u2019utilisation.<\/li>\n<li>La plateforme&nbsp;<a href=\"https:\/\/www.quiziniere.com\/\"><strong>La Quizin\u00e8re<\/strong><\/a> du r\u00e9seau Canop\u00e9 permet de cr\u00e9er des quizz et des exercices en ligne avec simplicit\u00e9. Vous pourrez les diffuser et surtout en faire une correction individualis\u00e9e. Plus d\u2019explications avec <a href=\"https:\/\/www.quiziniere.com\/tutoriels\">ces tutoriels<\/a>.<\/li>\n<li>Une<a href=\"https:\/\/view.genial.ly\/5e863025260c290e3993b180\/presentation-trousse-a-outils-numeriques\"><strong> trousse \u00e0 outils num\u00e9riques<\/strong><\/a> par J. Lassalle, charg\u00e9e de mission DANE et M. W. Di Pilla, IEN STI .<\/li>\n<\/ul>\n<h4><span style=\"color: #ff6600;\">Ressources<\/span><\/h4>\n<\/div>\n<ul>\n<li>Un <a href=\"https:\/\/www.reseau-canope.fr\/savoirscdi\/cdi-outil-pedagogique\/conduire-des-projets\/travailler-en-partenariat\/expositions-et-musees-virtuels\/annuaire-des-expositions-et-musees-en-ligne-texte.html\"><strong>annuaire des expositions et de mus\u00e9es en ligne<\/strong><\/a> class\u00e9s selon la classification th\u00e9matique&nbsp; Dewey via Canop\u00e9.<\/li>\n<li>Les <a href=\"https:\/\/bibliotheques-specialisees.paris.fr\"><strong>collections num\u00e9ris\u00e9es des biblioth\u00e8ques patrimoniales de la ville de la Paris<\/strong>.<\/a><\/li>\n<li><strong><a href=\"https:\/\/www.parismuseescollections.paris.fr\/fr\">Les collections de Paris-Mus\u00e9es, <\/a><\/strong>les quatorze mus\u00e9es de la ville de Paris dont le mus\u00e9e Carnavalet \u2013 Histoire de Paris, le Mus\u00e9e de la Lib\u00e9ration de Paris \u2013 Mus\u00e9e du g\u00e9n\u00e9ral Leclerc \u2013 Mus\u00e9e Jean Moulin&nbsp; ou le Mus\u00e9e d\u2019Art Moderne.<\/li>\n<li>La cr\u00e9ation des expositions virtuelles ou un mus\u00e9e en ligne avec vos \u00e9l\u00e8ves avec l&rsquo;application <a href=\"https:\/\/www.artsteps.com\/\"><strong>Artsteps<\/strong><\/a> (en anglais) ou <a href=\"https:\/\/izi.travel\/fr\"><strong>Izitrave<\/strong>l<\/a> (en fran\u00e7ais). Izitravel propose aussi des audioguides et visites guid\u00e9es de nombreuses villes et structures culturelles en France et dans le monde entier.<\/li>\n<li><strong><a href=\"https:\/\/www.si.edu\/openaccess\">Le site du <\/a><a href=\"https:\/\/www.si.edu\/openaccess\">Smithsonian <\/a><\/strong>(\u00c9tats-Unis) regroupe 19 mus\u00e9es, 9 centres de recherche, des biblioth\u00e8ques, des archives et le zoo national du Smithsonian. Il propose gratuitement l\u2019acc\u00e8s \u00e0 environ 3 millions de reproductions, objets num\u00e9riques en 2D et 3D. Il vous permet par exemple de renouveler vos documents iconographiques sur la R\u00e9volution am\u00e9ricaine. Le moteur de recherche est en anglais,&nbsp; mais vous pouvez facilement traduire vos mots-cl\u00e9s avec <a href=\"https:\/\/translate.google.fr\/?hl=fr\">Google Traduction<\/a>.<\/li>\n<li>Des<a href=\"https:\/\/www.culture.gouv.fr\/Thematiques\/Musees\/Les-musees-en-France\/Les-collections-des-musees-de-France\/Decouvrir-les-collections\/Expositions-virtuelles-de-musees-France-et-international\"><strong> visites virtuelles possibles de mus\u00e9es en France et \u00e0 l&rsquo;international<\/strong>&nbsp;<\/a> sur une page du minist\u00e8re de la Culture. Ils sont regroup\u00e9s en plusieurs th\u00e9matiques : Arts asiatiques, Art contemporain, Arts d\u00e9coratifs, Arts graphiques, Arts premiers, C\u00e9ramique, Collections polyvalentes, Ethnologie, Histoire, Histoire naturelle, Litt\u00e9rature, Mode et textile, Musique, Peinture, Photographie, Sciences et techniques, Sculpture.<\/li>\n<\/ul>\n<p><img loading=\"lazy\" decoding=\"async\" class=\"wp-image-3149 alignright\" src=\"https:\/\/www.pedagogie.ac-nice.fr\/plplh\/wp-content\/uploads\/sites\/18\/2019\/06\/Eduthe\u0300que-300x125.jpg\" alt=\"\" width=\"446\" height=\"186\" srcset=\"https:\/\/www.pedagogie.ac-nice.fr\/plplh\/wp-content\/uploads\/sites\/18\/2019\/06\/Eduthe\u0300que-300x125.jpg 300w, https:\/\/www.pedagogie.ac-nice.fr\/plplh\/wp-content\/uploads\/sites\/18\/2019\/06\/Eduthe\u0300que-768x320.jpg 768w, https:\/\/www.pedagogie.ac-nice.fr\/plplh\/wp-content\/uploads\/sites\/18\/2019\/06\/Eduthe\u0300que-1024x427.jpg 1024w, https:\/\/www.pedagogie.ac-nice.fr\/plplh\/wp-content\/uploads\/sites\/18\/2019\/06\/Eduthe\u0300que.jpg 1320w\" sizes=\"auto, (max-width: 446px) 100vw, 446px\" \/><\/p>\n<ul>\n<li>Le portail <strong><a href=\"https:\/\/enseignants.lumni.fr\/partenaires\">LUMNI<\/a><\/strong>&nbsp; regroupe les anciennes ressources Eduth\u00e8que. Vous pouvez vous inscrire sur cette plateforme en cr\u00e9ant votre compte \u00e0 partir de votre adresse acad\u00e9mique. Ci-contre la liste des partenaires du site.<\/li>\n<\/ul>\n<h4><span style=\"color: #ff6600;\"><strong>Utiliser&nbsp; la tablette num\u00e9rique l&rsquo;e-C<\/strong><\/span><\/h4>\n<div>\n<ul>\n<li>Le <a href=\"https:\/\/www.pedagogie.ac-nice.fr\/plplh\/wp-content\/uploads\/sites\/18\/2020\/02\/LENOVO_M_FR_TAB-M10-16GB-BLACK-copie.pdf\">mode d&#8217;emploi de la tablette LENOVO M10.&nbsp; <\/a>Vous trouverez une explication simple des principales fonctions : capture d&rsquo;\u00e9cran, gestion des param\u00e8tres, navigation Internet&#8230;<\/li>\n<li><a href=\"https:\/\/www.pedagogie.ac-nice.fr\/plplh\/wp-content\/uploads\/sites\/18\/2020\/11\/MAJ-App.Tablettes.pdf\">Mettre \u00e0 jour les applications de la tablette<\/a>.<\/li>\n<\/ul>\n<p>&nbsp;<\/p>\n<p>Les vid\u00e9os de la DANE de Nice pour commencer \u00e0 utiliser les tablettes :<\/p>\n<ul>\n<li><a href=\"https:\/\/www.dailymotion.com\/video\/x7cfk5o\">D\u00e9ballage et mise en route de la tablette<\/a><\/li>\n<li><a href=\"https:\/\/www.dailymotion.com\/video\/x7cfkeu\">Connexion Wi-Fi et t\u00e9l\u00e9chargement des applications<\/a><\/li>\n<li><a href=\"https:\/\/www.dailymotion.com\/video\/x7lljmn?playlist=x6f9zu\">Messagerie \u00e9lectronique<\/a><\/li>\n<li><a href=\"https:\/\/www.dailymotion.com\/video\/x7kxj9d?playlist=x6f9zu\">Cr\u00e9er son compte Google<\/a><\/li>\n<li><a href=\"https:\/\/www.dailymotion.com\/video\/x7imx9x?playlist=x6f9zu\">Cr\u00e9ation et param\u00e9trage d&rsquo;un compte GMail, RGPD<\/a><\/li>\n<li><a href=\"https:\/\/www.dailymotion.com\/video\/x7imw5t?playlist=x6f9zu\">Utilisation d&rsquo;une suite bureautique<\/a><\/li>\n<li><a href=\"https:\/\/www.dailymotion.com\/video\/x7jx258?playlist=x6f9zu\">Capture d&rsquo;\u00e9cran &#8211; Galerie <\/a><\/li>\n<\/ul>\n<p>&nbsp;<\/p>\n<\/div>\n<p>D\u00e9ploiement des tablettes num\u00e9riques. Retrouvez le <strong><a href=\"https:\/\/www.atrium-sud.fr\/web\/manuels-numeriques-411137\/les-equipements\">tutoriel d&rsquo;Atrium pour les manuels num\u00e9rique et la tablette<\/a><\/strong> de l&rsquo;e-C de la R\u00e9gion Sud-PACA.<\/p>\n","protected":false},"excerpt":{"rendered":"<p>Abonnez-vous \u00e0 la liste de diffusion de la veille sur l&rsquo;\u00e9ducation num\u00e9rique d&rsquo;Eduscol. Les bonnes pratiques num\u00e9riques de l&rsquo;enseignement \u00e0 distance pour l&rsquo;enseignement secondaire &nbsp;Applications et outils Des applications \u00e0 utiliser en ligne \u00e0 partir d\u2019un navigateur Internet pour enseigner et pour faire travailler vos \u00e9l\u00e8ves \u00e0 distance. Des applications pour la tablette pour enseigner &hellip; <\/p>\n<p><a class=\"more-link btn\" href=\"https:\/\/www.pedagogie.ac-nice.fr\/plplh\/ressources-numeriques\/\">Lire la suite<\/a><\/p>\n","protected":false},"author":125,"featured_media":0,"parent":0,"menu_order":0,"comment_status":"closed","ping_status":"closed","template":"","meta":{"ngg_post_thumbnail":0,"footnotes":""},"class_list":["post-854","page","type-page","status-publish","hentry","nodate","item-wrap"],"rttpg_featured_image_url":null,"rttpg_author":{"display_name":"St\u00e9phane Cipriani","author_link":"https:\/\/www.pedagogie.ac-nice.fr\/plplh\/author\/fferrare\/"},"rttpg_comment":0,"rttpg_category":null,"rttpg_excerpt":"Abonnez-vous \u00e0 la liste de diffusion de la veille sur l&rsquo;\u00e9ducation num\u00e9rique d&rsquo;Eduscol. Les bonnes pratiques num\u00e9riques de l&rsquo;enseignement \u00e0 distance pour l&rsquo;enseignement secondaire &nbsp;Applications et outils Des applications \u00e0 utiliser en ligne \u00e0 partir d\u2019un navigateur Internet pour enseigner et pour faire travailler vos \u00e9l\u00e8ves \u00e0 distance. Des applications pour la tablette pour enseigner\u2026","post_mailing_queue_ids":[],"_links":{"self":[{"href":"https:\/\/www.pedagogie.ac-nice.fr\/plplh\/wp-json\/wp\/v2\/pages\/854","targetHints":{"allow":["GET"]}}],"collection":[{"href":"https:\/\/www.pedagogie.ac-nice.fr\/plplh\/wp-json\/wp\/v2\/pages"}],"about":[{"href":"https:\/\/www.pedagogie.ac-nice.fr\/plplh\/wp-json\/wp\/v2\/types\/page"}],"author":[{"embeddable":true,"href":"https:\/\/www.pedagogie.ac-nice.fr\/plplh\/wp-json\/wp\/v2\/users\/125"}],"replies":[{"embeddable":true,"href":"https:\/\/www.pedagogie.ac-nice.fr\/plplh\/wp-json\/wp\/v2\/comments?post=854"}],"version-history":[{"count":28,"href":"https:\/\/www.pedagogie.ac-nice.fr\/plplh\/wp-json\/wp\/v2\/pages\/854\/revisions"}],"predecessor-version":[{"id":8126,"href":"https:\/\/www.pedagogie.ac-nice.fr\/plplh\/wp-json\/wp\/v2\/pages\/854\/revisions\/8126"}],"wp:attachment":[{"href":"https:\/\/www.pedagogie.ac-nice.fr\/plplh\/wp-json\/wp\/v2\/media?parent=854"}],"curies":[{"name":"wp","href":"https:\/\/api.w.org\/{rel}","templated":true}]}}