{"id":8820,"date":"2024-06-15T16:55:09","date_gmt":"2024-06-15T14:55:09","guid":{"rendered":"https:\/\/www.pedagogie.ac-nice.fr\/plplh\/?page_id=8820"},"modified":"2025-12-24T15:47:34","modified_gmt":"2025-12-24T14:47:34","slug":"certificat-de-formation-generale-cfg","status":"publish","type":"page","link":"https:\/\/www.pedagogie.ac-nice.fr\/plplh\/certificat-de-formation-generale-cfg\/","title":{"rendered":"Certificat de Formation G\u00e9n\u00e9rale (CFG)"},"content":{"rendered":"<p>Consultez toutes les informations utiles sur <a href=\"https:\/\/eduscol.education.fr\/756\/certificat-de-formation-generale-cfg\" target=\"_blank\" rel=\"noopener\"><strong>cette page Eduscol<\/strong><\/a>. Chacun pourra trouver dans ces sujets des supports et pistes de travail utiles.<\/p>\n<h3><span style=\"color: #0000ff;\">Ma\u00eetrise de la langue fran\u00e7aise<br \/>\n<\/span><\/h3>\n<p><span style=\"color: #ff6600;\"><strong>Session 2025<\/strong><\/span><\/p>\n<ul>\n<li>Le <strong><a href=\"https:\/\/www.pedagogie.ac-nice.fr\/plplh\/wp-content\/uploads\/sites\/18\/2025\/10\/CFG-2025-SUJET.pdf\" target=\"_blank\" rel=\"noopener\">sujet de fran\u00e7ais<\/a><\/strong> et <a href=\"https:\/\/www.pedagogie.ac-nice.fr\/plplh\/wp-content\/uploads\/sites\/18\/2025\/10\/CFG-2025-CORRIGE.pdf\" target=\"_blank\" rel=\"noopener\">son corrig\u00e9<\/a>, juin 2025.<\/li>\n<\/ul>\n<pre>Texte : Jean-Fran\u00e7ois Beauchemin, <em>Trois ans sur un banc<\/em>, 2022.<\/pre>\n<p><span style=\"color: #ff6600;\"><strong>Session 2024<\/strong><\/span><\/p>\n<ul>\n<li>Le <strong><a href=\"https:\/\/www.pedagogie.ac-nice.fr\/plplh\/wp-content\/uploads\/sites\/18\/2024\/06\/2406CFGFRA-1.pdf\" target=\"_blank\" rel=\"noopener\">sujet de fran\u00e7ais<\/a><\/strong> et <a href=\"https:\/\/www.pedagogie.ac-nice.fr\/plplh\/wp-content\/uploads\/sites\/18\/2024\/06\/2406CFGFRA-1C.pdf\" target=\"_blank\" rel=\"noopener\">son corrig\u00e9<\/a>, juin 2024.<\/li>\n<\/ul>\n<pre>Texte : Serena Giuliano, <em>Ciao Bella<\/em>, 2021.<\/pre>\n","protected":false},"excerpt":{"rendered":"<p>Consultez toutes les informations utiles sur cette page Eduscol. Chacun pourra trouver dans ces sujets des supports et pistes de travail utiles. Ma\u00eetrise de la langue fran\u00e7aise Session 2025 Le sujet de fran\u00e7ais et son corrig\u00e9, juin 2025. Texte : Jean-Fran\u00e7ois Beauchemin, Trois ans sur un banc, 2022. Session 2024 Le sujet de fran\u00e7ais et &hellip; <\/p>\n<p><a class=\"more-link btn\" href=\"https:\/\/www.pedagogie.ac-nice.fr\/plplh\/certificat-de-formation-generale-cfg\/\">Lire la suite<\/a><\/p>\n","protected":false},"author":195,"featured_media":0,"parent":0,"menu_order":0,"comment_status":"closed","ping_status":"closed","template":"","meta":{"ngg_post_thumbnail":0,"footnotes":""},"class_list":["post-8820","page","type-page","status-publish","hentry","nodate","item-wrap"],"rttpg_featured_image_url":null,"rttpg_author":{"display_name":"David Lamoureux","author_link":"https:\/\/www.pedagogie.ac-nice.fr\/plplh\/author\/dlamoureux\/"},"rttpg_comment":0,"rttpg_category":null,"rttpg_excerpt":"Consultez toutes les informations utiles sur cette page Eduscol. Chacun pourra trouver dans ces sujets des supports et pistes de travail utiles. Ma\u00eetrise de la langue fran\u00e7aise Session 2025 Le sujet de fran\u00e7ais et son corrig\u00e9, juin 2025. Texte : Jean-Fran\u00e7ois Beauchemin, Trois ans sur un banc, 2022. Session 2024 Le sujet de fran\u00e7ais et\u2026","post_mailing_queue_ids":[],"_links":{"self":[{"href":"https:\/\/www.pedagogie.ac-nice.fr\/plplh\/wp-json\/wp\/v2\/pages\/8820","targetHints":{"allow":["GET"]}}],"collection":[{"href":"https:\/\/www.pedagogie.ac-nice.fr\/plplh\/wp-json\/wp\/v2\/pages"}],"about":[{"href":"https:\/\/www.pedagogie.ac-nice.fr\/plplh\/wp-json\/wp\/v2\/types\/page"}],"author":[{"embeddable":true,"href":"https:\/\/www.pedagogie.ac-nice.fr\/plplh\/wp-json\/wp\/v2\/users\/195"}],"replies":[{"embeddable":true,"href":"https:\/\/www.pedagogie.ac-nice.fr\/plplh\/wp-json\/wp\/v2\/comments?post=8820"}],"version-history":[{"count":8,"href":"https:\/\/www.pedagogie.ac-nice.fr\/plplh\/wp-json\/wp\/v2\/pages\/8820\/revisions"}],"predecessor-version":[{"id":10592,"href":"https:\/\/www.pedagogie.ac-nice.fr\/plplh\/wp-json\/wp\/v2\/pages\/8820\/revisions\/10592"}],"wp:attachment":[{"href":"https:\/\/www.pedagogie.ac-nice.fr\/plplh\/wp-json\/wp\/v2\/media?parent=8820"}],"curies":[{"name":"wp","href":"https:\/\/api.w.org\/{rel}","templated":true}]}}