{"id":9113,"date":"2024-09-28T17:04:48","date_gmt":"2024-09-28T15:04:48","guid":{"rendered":"https:\/\/www.pedagogie.ac-nice.fr\/plplh\/?page_id=9113"},"modified":"2025-09-25T18:33:53","modified_gmt":"2025-09-25T16:33:53","slug":"emc-en-3e-prepa-metiers","status":"publish","type":"page","link":"https:\/\/www.pedagogie.ac-nice.fr\/plplh\/emc-en-3e-prepa-metiers\/","title":{"rendered":"EMC en 3e Pr\u00e9pa-M\u00e9tiers"},"content":{"rendered":"<ul>\n<li>\n<h4><strong>PROGRAMME <\/strong><strong>D\u2019<a href=\"https:\/\/www.pedagogie.ac-nice.fr\/plplh\/wp-content\/uploads\/sites\/18\/2024\/09\/ensel714_annexe3_1312891.pdf\" target=\"_blank\" rel=\"noopener\">ENSEIGNEMENT MORAL ET CIVIQUE<\/a><\/strong> du <span style=\"color: #ff6600;\"><strong>Cycle 4<\/strong><\/span> (BO n\u00b031 du 30 juillet 2020)<strong><br \/>\n<\/strong><\/h4>\n<ul>\n<li><strong>&nbsp;EMC<\/strong> \u2013 finalit\u00e9s (pp. 71-73)<\/li>\n<li>Th\u00e9matiques transversales (pp. 74-77)\n<ul>\n<li><a href=\"https:\/\/www.pedagogie.ac-nice.fr\/plplh\/wp-content\/uploads\/sites\/18\/2023\/09\/ra21_college_emc_egalite-diversite-discrimination.pdf\" target=\"_blank\" rel=\"noopener\">L\u2019\u00e9galit\u00e9, la diversit\u00e9 et les discriminations&nbsp;<\/a><\/li>\n<li><a href=\"https:\/\/www.pedagogie.ac-nice.fr\/plplh\/wp-content\/uploads\/sites\/18\/2023\/09\/ra21_college_emc_liberte-expression.pdf\" target=\"_blank\" rel=\"noopener\">La libert\u00e9 d\u2019expression<\/a><\/li>\n<li><a href=\"https:\/\/www.pedagogie.ac-nice.fr\/plplh\/wp-content\/uploads\/sites\/18\/2023\/09\/ra21_college_emc_representation-vie-collective-politique.pdf\" target=\"_blank\" rel=\"noopener\">Repr\u00e9sentation : Vie collective et politique<\/a><\/li>\n<\/ul>\n<\/li>\n<li><a href=\"https:\/\/www.pedagogie.ac-nice.fr\/plplh\/wp-content\/uploads\/sites\/18\/2023\/09\/27-EMC-C4-reperes-eduscol_1114757.pdf\" target=\"_blank\" rel=\"noopener\"><strong>Rep\u00e8res annuels de progression pour le cycle 4 \u2013 EMC<\/strong><\/a> (2020)<\/li>\n<li><a href=\"https:\/\/www.pedagogie.ac-nice.fr\/plplh\/wp-content\/uploads\/sites\/18\/2016\/10\/BO-3e-pep-1.pdf\" target=\"_blank\" rel=\"noopener\"><strong>R\u00c9F\u00c9RENTIEL D\u2019ENSEIGNEMENT <\/strong><strong>D\u2019HISTOIRE-G\u00c9OGRAPHIE-EMC <\/strong><\/a><strong>EN 3e PEP<\/strong><\/li>\n<li>Vad\u00e9m\u00e9cum <strong><a href=\"https:\/\/www.pedagogie.ac-nice.fr\/plplh\/wp-content\/uploads\/sites\/18\/2025\/09\/vdm_eduquer_citoyennete_2024.pdf\" target=\"_blank\" rel=\"noopener\">\u00ab\u00a0\u00c9duquer \u00e0 la citoyennet\u00e9 au cycle 4\u00a0\u00bb <\/a><\/strong>(2024)<\/li>\n<\/ul>\n<\/li>\n<li>\n<h4>PROGRAMME D\u2019ENSEIGNEMENT MORAL ET CIVIQUE de <span style=\"color: #000000;\"><span style=\"color: #ff6600;\">Troisi\u00e8me<\/span> \u2013 <span style=\"color: #ff0000;\">\u00c0 partir de la<\/span><\/span><span style=\"color: #ff0000;\"> rentr\u00e9e 2026<\/span><\/h4>\n<ul>\n<li><strong><a href=\"https:\/\/www.pedagogie.ac-nice.fr\/plplh\/wp-content\/uploads\/sites\/18\/2024\/06\/Programmes-EMC-3e.pdf\" target=\"_blank\" rel=\"noopener\">Th\u00e8me : Faire vivre la d\u00e9mocratie<\/a><\/strong><\/li>\n<li>Consultez la <strong><a href=\"https:\/\/www.pedagogie.ac-nice.fr\/plplh\/wp-content\/uploads\/sites\/18\/2024\/06\/tableau-de-synthese-themes-EMC-09-2024.pdf\" target=\"_blank\" rel=\"noopener\">pr\u00e9sentation synth\u00e9tique de ces nouveaux&nbsp; programmes en lyc\u00e9e professionnel<\/a><\/strong>.<\/li>\n<\/ul>\n<\/li>\n<\/ul>\n","protected":false},"excerpt":{"rendered":"<p>PROGRAMME D\u2019ENSEIGNEMENT MORAL ET CIVIQUE du Cycle 4 (BO n\u00b031 du 30 juillet 2020) &nbsp;EMC \u2013 finalit\u00e9s (pp. 71-73) Th\u00e9matiques transversales (pp. 74-77) L\u2019\u00e9galit\u00e9, la diversit\u00e9 et les discriminations&nbsp; La libert\u00e9 d\u2019expression Repr\u00e9sentation : Vie collective et politique Rep\u00e8res annuels de progression pour le cycle 4 \u2013 EMC (2020) R\u00c9F\u00c9RENTIEL D\u2019ENSEIGNEMENT D\u2019HISTOIRE-G\u00c9OGRAPHIE-EMC EN 3e PEP &hellip; <\/p>\n<p><a class=\"more-link btn\" href=\"https:\/\/www.pedagogie.ac-nice.fr\/plplh\/emc-en-3e-prepa-metiers\/\">Lire la suite<\/a><\/p>\n","protected":false},"author":195,"featured_media":0,"parent":0,"menu_order":0,"comment_status":"closed","ping_status":"closed","template":"","meta":{"ngg_post_thumbnail":0,"footnotes":""},"class_list":["post-9113","page","type-page","status-publish","hentry","nodate","item-wrap"],"rttpg_featured_image_url":null,"rttpg_author":{"display_name":"David Lamoureux","author_link":"https:\/\/www.pedagogie.ac-nice.fr\/plplh\/author\/dlamoureux\/"},"rttpg_comment":0,"rttpg_category":null,"rttpg_excerpt":"PROGRAMME D\u2019ENSEIGNEMENT MORAL ET CIVIQUE du Cycle 4 (BO n\u00b031 du 30 juillet 2020) &nbsp;EMC \u2013 finalit\u00e9s (pp. 71-73) Th\u00e9matiques transversales (pp. 74-77) L\u2019\u00e9galit\u00e9, la diversit\u00e9 et les discriminations&nbsp; La libert\u00e9 d\u2019expression Repr\u00e9sentation : Vie collective et politique Rep\u00e8res annuels de progression pour le cycle 4 \u2013 EMC (2020) R\u00c9F\u00c9RENTIEL D\u2019ENSEIGNEMENT D\u2019HISTOIRE-G\u00c9OGRAPHIE-EMC EN 3e PEP\u2026","post_mailing_queue_ids":[],"_links":{"self":[{"href":"https:\/\/www.pedagogie.ac-nice.fr\/plplh\/wp-json\/wp\/v2\/pages\/9113","targetHints":{"allow":["GET"]}}],"collection":[{"href":"https:\/\/www.pedagogie.ac-nice.fr\/plplh\/wp-json\/wp\/v2\/pages"}],"about":[{"href":"https:\/\/www.pedagogie.ac-nice.fr\/plplh\/wp-json\/wp\/v2\/types\/page"}],"author":[{"embeddable":true,"href":"https:\/\/www.pedagogie.ac-nice.fr\/plplh\/wp-json\/wp\/v2\/users\/195"}],"replies":[{"embeddable":true,"href":"https:\/\/www.pedagogie.ac-nice.fr\/plplh\/wp-json\/wp\/v2\/comments?post=9113"}],"version-history":[{"count":8,"href":"https:\/\/www.pedagogie.ac-nice.fr\/plplh\/wp-json\/wp\/v2\/pages\/9113\/revisions"}],"predecessor-version":[{"id":10212,"href":"https:\/\/www.pedagogie.ac-nice.fr\/plplh\/wp-json\/wp\/v2\/pages\/9113\/revisions\/10212"}],"wp:attachment":[{"href":"https:\/\/www.pedagogie.ac-nice.fr\/plplh\/wp-json\/wp\/v2\/media?parent=9113"}],"curies":[{"name":"wp","href":"https:\/\/api.w.org\/{rel}","templated":true}]}}