{"id":9117,"date":"2024-09-28T17:05:22","date_gmt":"2024-09-28T15:05:22","guid":{"rendered":"https:\/\/www.pedagogie.ac-nice.fr\/plplh\/?page_id=9117"},"modified":"2024-09-28T17:44:26","modified_gmt":"2024-09-28T15:44:26","slug":"emc-en-cap","status":"publish","type":"page","link":"https:\/\/www.pedagogie.ac-nice.fr\/plplh\/emc-en-cap\/","title":{"rendered":"EMC en CAP"},"content":{"rendered":"<ul>\n<li>\n<h4>PROGRAMME D\u2019<strong>ENSEIGNEMENT MORAL ET CIVIQUE de <\/strong><span style=\"color: #ff6600;\">1\u00e8re ann\u00e9e de CAP<\/span> \u2013 <span style=\"color: #ff0000;\">\u00c0 partir de la rentr\u00e9e 2024<\/span><\/h4>\n<ul>\n<li><a href=\"https:\/\/www.pedagogie.ac-nice.fr\/plplh\/wp-content\/uploads\/sites\/18\/2024\/06\/Programmes-EMC-CAP.pdf\" target=\"_blank\" rel=\"noopener\"><strong>Th\u00e8mes : Droits, libert\u00e9s et responsabilit\u00e9 et Coh\u00e9sion et diversit\u00e9 dans une soci\u00e9t\u00e9 d\u00e9mocratique<\/strong><\/a><\/li>\n<li>Consultez la <strong><a href=\"https:\/\/www.pedagogie.ac-nice.fr\/plplh\/wp-content\/uploads\/sites\/18\/2024\/06\/tableau-de-synthese-themes-EMC-09-2024.pdf\" target=\"_blank\" rel=\"noopener\">pr\u00e9sentation synth\u00e9tique de ces nouveaux&nbsp; programmes en lyc\u00e9e professionnel<\/a><\/strong>.<\/li>\n<\/ul>\n<\/li>\n<\/ul>\n<ul>\n<li>\n<h4>EMC \u2013 2de ann\u00e9e de CAP- En vigueur jusqu\u2019\u00e0 la rentr\u00e9e 2025<\/h4>\n<ul>\n<li><strong><a href=\"https:\/\/www.pedagogie.ac-nice.fr\/plplh\/wp-content\/uploads\/sites\/18\/2019\/04\/CAP-EMC.pdf\">PROGRAMMES D\u2019EMC&nbsp;<\/a><\/strong><\/li>\n<\/ul>\n<\/li>\n<li>Retrouvez les documents d\u2019accompagnement pour une mise en \u0153uvre par comp\u00e9tences sur la page <a href=\"https:\/\/www.pedagogie.ac-nice.fr\/plplh\/enseigner\/par-competences\/\"><strong>ENSEIGNER &gt; PAR COMP\u00c9TENCES <\/strong><\/a><\/li>\n<li>Documents d\u2019accompagnement en <strong>EMC<\/strong>\n<ul>\n<li>Premier objet d\u2019\u00e9tude : <strong>Devenir citoyen, de l\u2019E\u0301cole a\u0300 la socie\u0301te\u0301<\/strong>\n<ul>\n<li>Th\u00e8me 1 : \u00catre citoyen<\/li>\n<li><strong><a href=\"https:\/\/www.pedagogie.ac-nice.fr\/plplh\/wp-content\/uploads\/sites\/18\/2023\/03\/ra22_lycee_p_cap_emc_defense_securite.pdf\"><span id=\"page1545R_mcid0\" class=\"markedContent\"><span dir=\"ltr\" role=\"presentation\">Th\u00e8me 2 : la protection des libert\u00e9s, d\u00e9fense <\/span><\/span><span id=\"page1545R_mcid1\" class=\"markedContent\"><\/span><span id=\"page1545R_mcid2\" class=\"markedContent\"><span dir=\"ltr\" role=\"presentation\">et s\u00e9curit\u00e9<\/span><\/span><\/a><\/strong><\/li>\n<\/ul>\n<\/li>\n<\/ul>\n<\/li>\n<\/ul>\n<div class=\"page\" title=\"Page 6\">\n<div class=\"section\">\n<div class=\"layoutArea\">\n<div class=\"column\">\n<ul>\n<li style=\"list-style-type: none;\">\n<ul>\n<li>Second objet d\u2019e\u0301tude : <strong>Liberte\u0301 et de\u0301mocratie<\/strong>\n<ul>\n<li><strong><a href=\"https:\/\/www.pedagogie.ac-nice.fr\/plplh\/wp-content\/uploads\/sites\/18\/2020\/09\/RA20_Lycee_P_CAP2_EMC_THEME_1_Liberte_nos_libertes_ma_liberte_1256319.pdf\">Th\u00e8me 1 : La libert\u00e9, nos libert\u00e9s, ma libert\u00e9<\/a><\/strong><\/li>\n<li><a href=\"https:\/\/www.pedagogie.ac-nice.fr\/plplh\/wp-content\/uploads\/sites\/18\/2020\/09\/RA20_Lycee_P_CAP2_EMC_THEME_2_LAICITE_1256320.pdf\"><strong>Th\u00e8me 2 : La la\u00efcit\u00e9<\/strong><\/a><\/li>\n<\/ul>\n<\/li>\n<\/ul>\n<\/li>\n<\/ul>\n<\/div>\n<\/div>\n<\/div>\n<\/div>\n","protected":false},"excerpt":{"rendered":"<p>PROGRAMME D\u2019ENSEIGNEMENT MORAL ET CIVIQUE de 1\u00e8re ann\u00e9e de CAP \u2013 \u00c0 partir de la rentr\u00e9e 2024 Th\u00e8mes : Droits, libert\u00e9s et responsabilit\u00e9 et Coh\u00e9sion et diversit\u00e9 dans une soci\u00e9t\u00e9 d\u00e9mocratique Consultez la pr\u00e9sentation synth\u00e9tique de ces nouveaux&nbsp; programmes en lyc\u00e9e professionnel. EMC \u2013 2de ann\u00e9e de CAP- En vigueur jusqu\u2019\u00e0 la rentr\u00e9e 2025 PROGRAMMES &hellip; <\/p>\n<p><a class=\"more-link btn\" href=\"https:\/\/www.pedagogie.ac-nice.fr\/plplh\/emc-en-cap\/\">Lire la suite<\/a><\/p>\n","protected":false},"author":195,"featured_media":0,"parent":0,"menu_order":0,"comment_status":"closed","ping_status":"closed","template":"","meta":{"ngg_post_thumbnail":0,"footnotes":""},"class_list":["post-9117","page","type-page","status-publish","hentry","nodate","item-wrap"],"rttpg_featured_image_url":null,"rttpg_author":{"display_name":"David Lamoureux","author_link":"https:\/\/www.pedagogie.ac-nice.fr\/plplh\/author\/dlamoureux\/"},"rttpg_comment":0,"rttpg_category":null,"rttpg_excerpt":"PROGRAMME D\u2019ENSEIGNEMENT MORAL ET CIVIQUE de 1\u00e8re ann\u00e9e de CAP \u2013 \u00c0 partir de la rentr\u00e9e 2024 Th\u00e8mes : Droits, libert\u00e9s et responsabilit\u00e9 et Coh\u00e9sion et diversit\u00e9 dans une soci\u00e9t\u00e9 d\u00e9mocratique Consultez la pr\u00e9sentation synth\u00e9tique de ces nouveaux&nbsp; programmes en lyc\u00e9e professionnel. EMC \u2013 2de ann\u00e9e de CAP- En vigueur jusqu\u2019\u00e0 la rentr\u00e9e 2025 PROGRAMMES\u2026","post_mailing_queue_ids":[],"_links":{"self":[{"href":"https:\/\/www.pedagogie.ac-nice.fr\/plplh\/wp-json\/wp\/v2\/pages\/9117","targetHints":{"allow":["GET"]}}],"collection":[{"href":"https:\/\/www.pedagogie.ac-nice.fr\/plplh\/wp-json\/wp\/v2\/pages"}],"about":[{"href":"https:\/\/www.pedagogie.ac-nice.fr\/plplh\/wp-json\/wp\/v2\/types\/page"}],"author":[{"embeddable":true,"href":"https:\/\/www.pedagogie.ac-nice.fr\/plplh\/wp-json\/wp\/v2\/users\/195"}],"replies":[{"embeddable":true,"href":"https:\/\/www.pedagogie.ac-nice.fr\/plplh\/wp-json\/wp\/v2\/comments?post=9117"}],"version-history":[{"count":5,"href":"https:\/\/www.pedagogie.ac-nice.fr\/plplh\/wp-json\/wp\/v2\/pages\/9117\/revisions"}],"predecessor-version":[{"id":9146,"href":"https:\/\/www.pedagogie.ac-nice.fr\/plplh\/wp-json\/wp\/v2\/pages\/9117\/revisions\/9146"}],"wp:attachment":[{"href":"https:\/\/www.pedagogie.ac-nice.fr\/plplh\/wp-json\/wp\/v2\/media?parent=9117"}],"curies":[{"name":"wp","href":"https:\/\/api.w.org\/{rel}","templated":true}]}}