{"id":9119,"date":"2024-09-28T17:05:58","date_gmt":"2024-09-28T15:05:58","guid":{"rendered":"https:\/\/www.pedagogie.ac-nice.fr\/plplh\/?page_id=9119"},"modified":"2025-12-24T16:38:18","modified_gmt":"2025-12-24T15:38:18","slug":"emc-en-2de-bac-pro","status":"publish","type":"page","link":"https:\/\/www.pedagogie.ac-nice.fr\/plplh\/emc-en-2de-bac-pro\/","title":{"rendered":"EMC en 2de BAC PRO"},"content":{"rendered":"<div class=\"entry-content clearfix\">\n<h4><span style=\"color: #ff6600;\"><strong>1. Grille horaire<\/strong><\/span><\/h4>\n<ul>\n<li>Consultez la <strong>grille horaire de r\u00e9f\u00e9rence<\/strong> pour la <a href=\"https:\/\/www.pedagogie.ac-nice.fr\/plplh\/wp-content\/uploads\/sites\/18\/2024\/03\/Grille-horaire-Bac-Pro-2024.pdf\" target=\"_blank\" rel=\"noopener\"><strong>Seconde Bac Pro<\/strong><\/a><\/li>\n<\/ul>\n<h4><span style=\"color: #ff6600;\"><strong>2. Programme<\/strong><\/span><\/h4>\n<ul>\n<li><span style=\"color: #000000;\">Programme d&rsquo;enseignement moral et civique de Seconde Bac pro<\/span><\/li>\n<\/ul>\n<\/div>\n<ul>\n<li style=\"list-style-type: none;\">\n<ul>\n<li><strong><a href=\"https:\/\/www.pedagogie.ac-nice.fr\/plplh\/wp-content\/uploads\/sites\/18\/2024\/06\/Programmes-EMC-2BAC.pdf\" target=\"_blank\" rel=\"noopener\">Th\u00e8me : Droits, libert\u00e9s et responsabilit\u00e9<\/a><\/strong><\/li>\n<\/ul>\n<\/li>\n<li><a href=\"https:\/\/www.pedagogie.ac-nice.fr\/plplh\/wp-content\/uploads\/sites\/18\/2025\/06\/2025_livretaccompagnement_emc_lyceepro_2de.pdf\" target=\"_blank\" rel=\"noopener\"><strong>Livret d\u2019accompagnement pour la classe de seconde professionnelle&nbsp;: Droits, libert\u00e9s et responsabilit\u00e9<\/strong><\/a><\/li>\n<li>Consultez la <strong><a href=\"https:\/\/www.pedagogie.ac-nice.fr\/plplh\/wp-content\/uploads\/sites\/18\/2024\/06\/tableau-de-synthese-themes-EMC-09-2024.pdf\" target=\"_blank\" rel=\"noopener\">pr\u00e9sentation synth\u00e9tique des nouveaux&nbsp; programmes en lyc\u00e9e professionnel<\/a><\/strong><\/li>\n<\/ul>\n","protected":false},"excerpt":{"rendered":"<p>1. Grille horaire Consultez la grille horaire de r\u00e9f\u00e9rence pour la Seconde Bac Pro 2. Programme Programme d&rsquo;enseignement moral et civique de Seconde Bac pro Th\u00e8me : Droits, libert\u00e9s et responsabilit\u00e9 Livret d\u2019accompagnement pour la classe de seconde professionnelle&nbsp;: Droits, libert\u00e9s et responsabilit\u00e9 Consultez la pr\u00e9sentation synth\u00e9tique des nouveaux&nbsp; programmes en lyc\u00e9e professionnel<\/p>\n","protected":false},"author":195,"featured_media":0,"parent":0,"menu_order":0,"comment_status":"closed","ping_status":"closed","template":"","meta":{"ngg_post_thumbnail":0,"footnotes":""},"class_list":["post-9119","page","type-page","status-publish","hentry","nodate","item-wrap"],"rttpg_featured_image_url":null,"rttpg_author":{"display_name":"David Lamoureux","author_link":"https:\/\/www.pedagogie.ac-nice.fr\/plplh\/author\/dlamoureux\/"},"rttpg_comment":0,"rttpg_category":null,"rttpg_excerpt":"1. Grille horaire Consultez la grille horaire de r\u00e9f\u00e9rence pour la Seconde Bac Pro 2. Programme Programme d&rsquo;enseignement moral et civique de Seconde Bac pro Th\u00e8me : Droits, libert\u00e9s et responsabilit\u00e9 Livret d\u2019accompagnement pour la classe de seconde professionnelle&nbsp;: Droits, libert\u00e9s et responsabilit\u00e9 Consultez la pr\u00e9sentation synth\u00e9tique des nouveaux&nbsp; programmes en lyc\u00e9e professionnel","post_mailing_queue_ids":[],"_links":{"self":[{"href":"https:\/\/www.pedagogie.ac-nice.fr\/plplh\/wp-json\/wp\/v2\/pages\/9119","targetHints":{"allow":["GET"]}}],"collection":[{"href":"https:\/\/www.pedagogie.ac-nice.fr\/plplh\/wp-json\/wp\/v2\/pages"}],"about":[{"href":"https:\/\/www.pedagogie.ac-nice.fr\/plplh\/wp-json\/wp\/v2\/types\/page"}],"author":[{"embeddable":true,"href":"https:\/\/www.pedagogie.ac-nice.fr\/plplh\/wp-json\/wp\/v2\/users\/195"}],"replies":[{"embeddable":true,"href":"https:\/\/www.pedagogie.ac-nice.fr\/plplh\/wp-json\/wp\/v2\/comments?post=9119"}],"version-history":[{"count":10,"href":"https:\/\/www.pedagogie.ac-nice.fr\/plplh\/wp-json\/wp\/v2\/pages\/9119\/revisions"}],"predecessor-version":[{"id":10616,"href":"https:\/\/www.pedagogie.ac-nice.fr\/plplh\/wp-json\/wp\/v2\/pages\/9119\/revisions\/10616"}],"wp:attachment":[{"href":"https:\/\/www.pedagogie.ac-nice.fr\/plplh\/wp-json\/wp\/v2\/media?parent=9119"}],"curies":[{"name":"wp","href":"https:\/\/api.w.org\/{rel}","templated":true}]}}