{"id":9122,"date":"2024-09-28T17:06:21","date_gmt":"2024-09-28T15:06:21","guid":{"rendered":"https:\/\/www.pedagogie.ac-nice.fr\/plplh\/?page_id=9122"},"modified":"2025-12-24T17:13:09","modified_gmt":"2025-12-24T16:13:09","slug":"emc-en-1re-bac-pro","status":"publish","type":"page","link":"https:\/\/www.pedagogie.ac-nice.fr\/plplh\/emc-en-1re-bac-pro\/","title":{"rendered":"EMC en 1re BAC PRO"},"content":{"rendered":"<h4><span style=\"color: #ff6600;\"><strong>1. Grille horaire<\/strong><\/span><\/h4>\n<ul>\n<li style=\"list-style-type: none;\">\n<ul>\n<li>Consultez la <strong>grille horaire de r\u00e9f\u00e9rence<\/strong> pour la <a href=\"https:\/\/www.pedagogie.ac-nice.fr\/plplh\/wp-content\/uploads\/sites\/18\/2024\/03\/Grille-horaire-Bac-Pro-2024.pdf\" target=\"_blank\" rel=\"noopener\"><strong>Premi\u00e8re Bac Pro.<\/strong><\/a><\/li>\n<\/ul>\n<\/li>\n<\/ul>\n<h4><span style=\"color: #ff6600;\">2. Programme<\/span><\/h4>\n<ul>\n<li><strong>Programme d&rsquo;enseignement moral et civique&nbsp;de&nbsp; Premi\u00e8re Bac Pro&nbsp;<\/strong>\n<ul>\n<li><a href=\"https:\/\/www.pedagogie.ac-nice.fr\/plplh\/wp-content\/uploads\/sites\/18\/2024\/06\/Programmes-EMC-1BAC.pdf\" target=\"_blank\" rel=\"noopener\"><strong>Th\u00e8me : Coh\u00e9sion et diversit\u00e9 dans une soci\u00e9t\u00e9 d\u00e9mocratique<\/strong><\/a><\/li>\n<li>Consultez la <strong><a href=\"https:\/\/www.pedagogie.ac-nice.fr\/plplh\/wp-content\/uploads\/sites\/18\/2024\/06\/tableau-de-synthese-themes-EMC-09-2024.pdf\" target=\"_blank\" rel=\"noopener\">pr\u00e9sentation synth\u00e9tique de ces nouveaux&nbsp; programmes en lyc\u00e9e professionnel<\/a><\/strong>.<strong><br \/>\n<\/strong><\/li>\n<\/ul>\n<\/li>\n<li>Documents de <strong>mise en \u0153uvre en classe <\/strong>:\n<ul>\n<li><a href=\"https:\/\/www.pedagogie.ac-nice.fr\/plplh\/wp-content\/uploads\/sites\/18\/2020\/09\/RA20_Lycee_P_CAP21T_EMC_Construire_des_competences_1256317.pdf\"><strong>Construire progressivement des comp\u00e9tences en EMC<\/strong><\/a><\/li>\n<li><strong><a href=\"https:\/\/www.pedagogie.ac-nice.fr\/plplh\/wp-content\/uploads\/sites\/18\/2020\/09\/RA20_Lycee_P_CAP21T_EMC_Debat_1258579.pdf\">Pratiquer le d\u00e9bat en EMC<\/a><\/strong><\/li>\n<li><strong><a href=\"https:\/\/www.pedagogie.ac-nice.fr\/plplh\/wp-content\/uploads\/sites\/18\/2020\/09\/RA20_Lycee_P_CAP21T_EMC_Trace_Ecrite_1258569.pdf\">Des traces \u00e9crites \u00e0 la trace \u00e9crite en EMC&nbsp;: un processus au service du projet<\/a><\/strong><\/li>\n<li><strong><a href=\"https:\/\/www.pedagogie.ac-nice.fr\/plplh\/wp-content\/uploads\/sites\/18\/2020\/09\/RA20_Lycee_P_CAP21T_EMC_Film_documentaire_1256318.pdf\">Mettre en \u0153uvre le programme d&rsquo;EMC avec le film documentaire<\/a><\/strong><\/li>\n<\/ul>\n<\/li>\n<\/ul>\n<h4><span style=\"color: #ff6600;\"><strong>3. D\u00e9finition de l\u2019\u00e9preuve d\u2019examen : attestation de r\u00e9ussite interm\u00e9diaire<\/strong><\/span><\/h4>\n<ul>\n<li>Consultez&nbsp;<strong><a href=\"https:\/\/www.pedagogie.ac-nice.fr\/plplh\/wp-content\/uploads\/sites\/18\/2021\/01\/JO-7012021-attestation-interme\u0301diaire-BCP.pdf\"> les conditions de de\u0301livrance de l\u2019attestation de re\u0301ussite interme\u0301diaire en baccalaure\u0301at professionnel et a\u0300 son mode\u0300le<\/a><\/strong> (arr\u00eat\u00e9 du16 d\u00e9cembre 2020).\n<ul>\n<li><strong><a href=\"https:\/\/www.education.gouv.fr\/bo\/2024\/Hebdo32\/MENE2421719N\" target=\"_blank\" rel=\"noopener\">BO&nbsp; n\u00b032 du 29 ao\u00fbt 2024<\/a><\/strong> portant le remplacement du mot \u00ab chef-d\u2019\u0153uvre \u00bb par le mot \u00ab projet \u00bb<\/li>\n<\/ul>\n<\/li>\n<li>Consultez le <a href=\"https:\/\/www.pedagogie.ac-nice.fr\/plplh\/wp-content\/uploads\/sites\/18\/2020\/10\/BO-N\u00b028-du-10-juillet-2020.pdf\"><strong>BO n\u00b028 du 10 juillet 2020<\/strong><\/a> pourtant sur la <strong>modification du livret scolaire<\/strong> en Terminale Bac Pro.<\/li>\n<li><a href=\"https:\/\/www.pedagogie.ac-nice.fr\/plplh\/wp-content\/uploads\/sites\/18\/2020\/10\/Livret-scolaire-BCP-R2020.pdf\"><strong>Le nouveau livret scolaire<\/strong><\/a> pour l\u2019examen du Bac Professionnel (arr\u00eat\u00e9 du 17 juin 2020).<\/li>\n<li><a href=\"https:\/\/www.pedagogie.ac-nice.fr\/plplh\/wp-content\/uploads\/sites\/18\/2020\/10\/Livret-scolaire-1Bpro-LHG.pdf\"><strong>La page 8 du livret scolaire<\/strong><\/a> consacr\u00e9e \u00e0 l\u2019\u00e9valuation <strong>du Fran\u00e7ais et de l\u2019Histoire-G\u00e9ographie-EMC<\/strong> en Premi\u00e8re Bac Pro.<\/li>\n<\/ul>\n","protected":false},"excerpt":{"rendered":"<p>1. Grille horaire Consultez la grille horaire de r\u00e9f\u00e9rence pour la Premi\u00e8re Bac Pro. 2. Programme Programme d&rsquo;enseignement moral et civique&nbsp;de&nbsp; Premi\u00e8re Bac Pro&nbsp; Th\u00e8me : Coh\u00e9sion et diversit\u00e9 dans une soci\u00e9t\u00e9 d\u00e9mocratique Consultez la pr\u00e9sentation synth\u00e9tique de ces nouveaux&nbsp; programmes en lyc\u00e9e professionnel. Documents de mise en \u0153uvre en classe : Construire progressivement des &hellip; <\/p>\n<p><a class=\"more-link btn\" href=\"https:\/\/www.pedagogie.ac-nice.fr\/plplh\/emc-en-1re-bac-pro\/\">Lire la suite<\/a><\/p>\n","protected":false},"author":195,"featured_media":0,"parent":0,"menu_order":0,"comment_status":"closed","ping_status":"closed","template":"","meta":{"ngg_post_thumbnail":0,"footnotes":""},"class_list":["post-9122","page","type-page","status-publish","hentry","nodate","item-wrap"],"rttpg_featured_image_url":null,"rttpg_author":{"display_name":"David Lamoureux","author_link":"https:\/\/www.pedagogie.ac-nice.fr\/plplh\/author\/dlamoureux\/"},"rttpg_comment":0,"rttpg_category":null,"rttpg_excerpt":"1. Grille horaire Consultez la grille horaire de r\u00e9f\u00e9rence pour la Premi\u00e8re Bac Pro. 2. Programme Programme d&rsquo;enseignement moral et civique&nbsp;de&nbsp; Premi\u00e8re Bac Pro&nbsp; Th\u00e8me : Coh\u00e9sion et diversit\u00e9 dans une soci\u00e9t\u00e9 d\u00e9mocratique Consultez la pr\u00e9sentation synth\u00e9tique de ces nouveaux&nbsp; programmes en lyc\u00e9e professionnel. Documents de mise en \u0153uvre en classe : Construire progressivement des\u2026","post_mailing_queue_ids":[],"_links":{"self":[{"href":"https:\/\/www.pedagogie.ac-nice.fr\/plplh\/wp-json\/wp\/v2\/pages\/9122","targetHints":{"allow":["GET"]}}],"collection":[{"href":"https:\/\/www.pedagogie.ac-nice.fr\/plplh\/wp-json\/wp\/v2\/pages"}],"about":[{"href":"https:\/\/www.pedagogie.ac-nice.fr\/plplh\/wp-json\/wp\/v2\/types\/page"}],"author":[{"embeddable":true,"href":"https:\/\/www.pedagogie.ac-nice.fr\/plplh\/wp-json\/wp\/v2\/users\/195"}],"replies":[{"embeddable":true,"href":"https:\/\/www.pedagogie.ac-nice.fr\/plplh\/wp-json\/wp\/v2\/comments?post=9122"}],"version-history":[{"count":11,"href":"https:\/\/www.pedagogie.ac-nice.fr\/plplh\/wp-json\/wp\/v2\/pages\/9122\/revisions"}],"predecessor-version":[{"id":10635,"href":"https:\/\/www.pedagogie.ac-nice.fr\/plplh\/wp-json\/wp\/v2\/pages\/9122\/revisions\/10635"}],"wp:attachment":[{"href":"https:\/\/www.pedagogie.ac-nice.fr\/plplh\/wp-json\/wp\/v2\/media?parent=9122"}],"curies":[{"name":"wp","href":"https:\/\/api.w.org\/{rel}","templated":true}]}}